{"id":5787,"date":"2026-02-28T10:21:55","date_gmt":"2026-02-28T02:21:55","guid":{"rendered":"https:\/\/minghanggroup.com\/?post_type=product&#038;p=5787"},"modified":"2026-02-28T11:34:40","modified_gmt":"2026-02-28T03:34:40","slug":"clear-tincture-bottles-for-essential-oils-bulk","status":"publish","type":"product","link":"https:\/\/minghanggroup.com\/es\/producto\/clear-tincture-bottles-for-essential-oils-bulk\/","title":{"rendered":"Botellas de tintura transparentes de 20 ml, 30 ml y 50 ml para aceites esenciales a granel"},"content":{"rendered":"<p>Estos frascos de tintura son tinturas con una forma delgada, corta y cil\u00edndrica con vidrio ultra transparente de fondo grueso, tapas cuentagotas de metal dorado o plateado y tapas cuentagotas de silicona blanca para permitir una dosificaci\u00f3n f\u00e1cil y un cierre herm\u00e9tico.<\/p>\n<h2>Caracter\u00edsticas del producto<\/h2>\n<ul>\n<li><strong>Dise\u00f1o de botella de lujo:<\/strong> El dise\u00f1o de la botella est\u00e1 hecho de vidrio de alta transparencia y fondo grueso con un tap\u00f3n gotero met\u00e1lico para crear un gran atractivo visual al producto.<\/li>\n<li><strong>Opciones de gorras elegantes:<\/strong> El tap\u00f3n pulsador dorado, el tap\u00f3n de rosca dorado o el tap\u00f3n cuentagotas plateado tienen un aire de estilo de alta gama.<\/li>\n<li><strong>Gotero de silicona de precisi\u00f3n:<\/strong> El gotero de silicona suministrado es de color blanco para garantizar la precisi\u00f3n requerida en la dosis.<\/li>\n<\/ul>\n<h2 style=\"text-align: left;\">Especificaciones clave<\/h2>\n<table class=\"aligncenter\" style=\"border-collapse: collapse; width: 419.27pt;\" border=\"0\" width=\"559\" cellspacing=\"0\" cellpadding=\"0\">\n<tbody>\n<tr style=\"height: 13.50pt;\">\n<td style=\"height: 13.50pt; width: 115.50pt;\" width=\"154\" height=\"18\">Especificaci\u00f3n<\/td>\n<td style=\"width: 303.75pt;\" width=\"405\">Detalles<\/td>\n<\/tr>\n<tr style=\"height: 13.50pt;\">\n<td style=\"height: 13.50pt;\" height=\"18\">Capacidad<\/td>\n<td>20 ml, 30 ml, 50 ml<\/td>\n<\/tr>\n<tr style=\"height: 13.50pt;\">\n<td style=\"height: 13.50pt;\" height=\"18\">Dimensiones<\/td>\n<td>3,8 \u00d7 9,8 cm a 3,8 \u00d7 12,1 cm (di\u00e1metro \u00d7 altura)<\/td>\n<\/tr>\n<tr style=\"height: 13.50pt;\">\n<td style=\"height: 13.50pt;\" height=\"18\">Material<\/td>\n<td>Vidrio transparente de fondo grueso, silicona, tapas de metal<\/td>\n<\/tr>\n<tr style=\"height: 13.50pt;\">\n<td style=\"height: 13.50pt;\" height=\"18\">Forma de la botella<\/td>\n<td>Cilindro con base gruesa y conjunto gotero<\/td>\n<\/tr>\n<tr style=\"height: 13.50pt;\">\n<td style=\"height: 13.50pt;\" height=\"18\">Alcance de personalizaci\u00f3n<\/td>\n<td>Tapas, color, acabado, punta del gotero<\/td>\n<\/tr>\n<tr style=\"height: 13.50pt;\">\n<td style=\"height: 13.50pt;\" height=\"18\">Artesan\u00eda<\/td>\n<td>Conformado de vidrio de precisi\u00f3n para paredes gruesas<\/td>\n<\/tr>\n<tr style=\"height: 13.50pt;\">\n<td style=\"height: 13.50pt;\" height=\"18\">Prop\u00f3sito del producto<\/td>\n<td>Frascos goteros para tintura, frascos para aceites de CBD<\/td>\n<\/tr>\n<tr style=\"height: 13.50pt;\">\n<td style=\"height: 13.50pt;\" height=\"18\">Industrias adecuadas<\/td>\n<td>Marcas de suplementos herbales, empresas de CBD<\/td>\n<\/tr>\n<\/tbody>\n<\/table>\n<h2>Historia de \u00e9xito: Una l\u00ednea de productos premium de una empresa de CBD de Colorado<\/h2>\n<p>Nuestras botellas de tintura de 30 ml con tapas de rosca doradas y una tabla de dosificaci\u00f3n personalizada fueron adquiridas por una empresa de CBD de Colorado. El frasco de vidrio denso previene eficazmente la fotodegradaci\u00f3n, lo que aumenta la potencia del suero en un 25 %. El gotero preciso permite administrar la dosis exacta de 1 ml en cada aplicaci\u00f3n. La empresa, adem\u00e1s, encarg\u00f3 1,2 millones de botellas del producto para su cadena minorista nacional debido al gran \u00e9xito del producto.<\/p>\n<h2>Personalizaci\u00f3n de frascos goteros de tintura<\/h2>\n<ul>\n<li>Colores personalizados de tapa y gotero: Tanto la tapa como la perilla de silicona se pueden pedir en un color que coincida con una marca en particular en t\u00e9rminos de muestra de color.<\/li>\n<li>Estampado de tapa personalizado: seleccione cualquier logotipo o monograma para estampar en relieve la parte superior de la tapa del gotero para tener una marca personalizada.<\/li>\n<li>Bloqueo de seguridad para ni\u00f1os: incorpora un control para presionar para girar o apretar para girar en la tapa del gotero.<\/li>\n<\/ul>","protected":false},"excerpt":{"rendered":"<p>Descubra frascos de tintura premium con bulbos de silicona blanca y acabados met\u00e1licos. Estos frascos cuentagotas est\u00e1n listos para su marca inmediata.<\/p>","protected":false},"featured_media":5791,"template":"","meta":{"postBodyCss":"","postBodyMargin":[],"postBodyPadding":[],"postBodyBackground":{"backgroundType":"classic","gradient":""}},"product_brand":[],"product_cat":[15,87,16],"product_tag":[],"class_list":{"0":"post-5787","1":"product","2":"type-product","3":"status-publish","4":"has-post-thumbnail","6":"product_cat-glass-containers","7":"product_cat-dropper-bottles","8":"product_cat-glass-bottles","10":"first","11":"instock","12":"shipping-taxable","13":"product-type-simple"},"jetpack_sharing_enabled":true,"_links":{"self":[{"href":"https:\/\/minghanggroup.com\/es\/wp-json\/wp\/v2\/product\/5787","targetHints":{"allow":["GET"]}}],"collection":[{"href":"https:\/\/minghanggroup.com\/es\/wp-json\/wp\/v2\/product"}],"about":[{"href":"https:\/\/minghanggroup.com\/es\/wp-json\/wp\/v2\/types\/product"}],"wp:featuredmedia":[{"embeddable":true,"href":"https:\/\/minghanggroup.com\/es\/wp-json\/wp\/v2\/media\/5791"}],"wp:attachment":[{"href":"https:\/\/minghanggroup.com\/es\/wp-json\/wp\/v2\/media?parent=5787"}],"wp:term":[{"taxonomy":"product_brand","embeddable":true,"href":"https:\/\/minghanggroup.com\/es\/wp-json\/wp\/v2\/product_brand?post=5787"},{"taxonomy":"product_cat","embeddable":true,"href":"https:\/\/minghanggroup.com\/es\/wp-json\/wp\/v2\/product_cat?post=5787"},{"taxonomy":"product_tag","embeddable":true,"href":"https:\/\/minghanggroup.com\/es\/wp-json\/wp\/v2\/product_tag?post=5787"}],"curies":[{"name":"wp","href":"https:\/\/api.w.org\/{rel}","templated":true}]}}