{"id":5782,"date":"2026-02-28T09:04:02","date_gmt":"2026-02-28T01:04:02","guid":{"rendered":"https:\/\/minghanggroup.com\/?post_type=product&#038;p=5782"},"modified":"2026-02-28T16:39:44","modified_gmt":"2026-02-28T08:39:44","slug":"clear-glass-bottles-with-dropper-wholesale","status":"publish","type":"product","link":"https:\/\/minghanggroup.com\/es\/producto\/clear-glass-bottles-with-dropper-wholesale\/","title":{"rendered":"Botellas de vidrio transparente con gotero de 5 ml a 100 ml al por mayor"},"content":{"rendered":"<p>Los frascos de vidrio con gotero son de alta calidad, con un cuerpo de cristal transparente y l\u00edneas suaves y elegantes. Est\u00e1n disponibles en diferentes tama\u00f1os y con modernos tapones gotero en dorado, plateado, negro y veteado de madera para envasar aceites esenciales y sueros.<\/p>\n<h2>Caracter\u00edsticas del producto<\/h2>\n<ul>\n<li><strong>Sistema cuentagotas de precisi\u00f3n:<\/strong> El gotero y la pera incorporados est\u00e1n hechos de tal manera que pueden liberar un l\u00edquido de manera moderada.<\/li>\n<li><strong>Opciones de tapa:<\/strong> Seleccione entre una amplia variedad de opciones de tapas (doradas, plateadas, negras, veta de madera) para adaptarse al estilo de su marca.<\/li>\n<li><strong>Tama\u00f1os de gorra ajustables:<\/strong> Siete tama\u00f1os entre 5 ml y 100 ml que se pueden ajustar para satisfacer diversas necesidades, incluidos tama\u00f1os de muestra hasta productos de gran tama\u00f1o.<\/li>\n<\/ul>\n<h2 style=\"text-align: left;\">Especificaciones clave<\/h2>\n<table class=\"aligncenter\" style=\"border-collapse: collapse; width: 419.27pt;\" border=\"0\" width=\"559\" cellspacing=\"0\" cellpadding=\"0\">\n<tbody>\n<tr style=\"height: 13.50pt;\">\n<td style=\"height: 13.50pt; width: 115.50pt;\" width=\"154\" height=\"18\">Especificaci\u00f3n<\/td>\n<td style=\"width: 303.75pt;\" width=\"405\">Detalles<\/td>\n<\/tr>\n<tr style=\"height: 13.50pt;\">\n<td style=\"height: 13.50pt;\" height=\"18\">Capacidad<\/td>\n<td>5 ml, 10 ml, 15 ml, 20 ml, 30 ml, 50 ml, 100 ml<\/td>\n<\/tr>\n<tr style=\"height: 13.50pt;\">\n<td style=\"height: 13.50pt;\" height=\"18\">Dimensiones<\/td>\n<td>2,2\u00d77,3 cm a 4,5\u00d713,5 cm (di\u00e1metro \u00d7 altura)<\/td>\n<\/tr>\n<tr style=\"height: 13.50pt;\">\n<td style=\"height: 13.50pt;\" height=\"18\">Material<\/td>\n<td>Vidrio transparente, bulbo de silicona<\/td>\n<\/tr>\n<tr style=\"height: 13.50pt;\">\n<td style=\"height: 13.50pt;\" height=\"18\">Forma de la botella<\/td>\n<td>Cilindro con conjunto gotero<\/td>\n<\/tr>\n<tr style=\"height: 13.50pt;\">\n<td style=\"height: 13.50pt;\" height=\"18\">Alcance de personalizaci\u00f3n<\/td>\n<td>Color, tapas, acabado, tipo de punta del gotero<\/td>\n<\/tr>\n<tr style=\"height: 13.50pt;\">\n<td style=\"height: 13.50pt;\" height=\"18\">Artesan\u00eda<\/td>\n<td>Soplado de vidrio de precisi\u00f3n, montaje de gotero de vidrio<\/td>\n<\/tr>\n<tr style=\"height: 13.50pt;\">\n<td style=\"height: 13.50pt;\" height=\"18\">Prop\u00f3sito del producto<\/td>\n<td>Frascos goteros al por mayor, frascos de aceites esenciales<\/td>\n<\/tr>\n<tr style=\"height: 13.50pt;\">\n<td style=\"height: 13.50pt;\" height=\"18\">Industrias adecuadas<\/td>\n<td>Marcas de cosm\u00e9ticos, empresas de cuidado de la piel<\/td>\n<\/tr>\n<\/tbody>\n<\/table>\n<h2>Historia de \u00e9xito: La marca coreana de sueros anuncia productos para el cuidado de la piel<\/h2>\n<p>Una marca coreana de cuidado de la piel muy popular ha optado por vender nuestros goteros de vidrio de 30 ml con gotas, con tapas doradas impresas y etiquetas serigrafiadas lisas. El frasco del s\u00e9rum es de vidrio transl\u00facido, lo que demuestra su pureza y aumenta la confianza del consumidor. El preciso gotero permite dispensar gotas de 0,5 ml en una sola aplicaci\u00f3n, lo que aumenta la vida \u00fatil del producto en un 20 %. La excelente acogida en el mercado ha llevado a la marca a encargar 2 millones de frascos adicionales para satisfacer la creciente demanda en los mercados internacionales de comercio electr\u00f3nico y minorista.<\/p>\n<h2>Personalizaci\u00f3n de frascos cuentagotas al por mayor<\/h2>\n<ul>\n<li>Colores de botellas de vidrio: Est\u00e1 disponible en color transparente, \u00e1mbar o azul cobalto, esto se puede utilizar para ofrecer protecci\u00f3n UV o marca.<\/li>\n<li>Acabados esmerilados\/mate: para lograr un toque suave y lujoso, coloque un acabado esmerilado en las botellas de vidrio.<\/li>\n<li>Goteros de graduaci\u00f3n: Para medir con precisi\u00f3n, agregue graduaciones a los goteros (por ejemplo, 0,5 ml, 1 ml).<\/li>\n<\/ul>","protected":false},"excerpt":{"rendered":"<p>Frascos cuentagotas al por mayor en stock, con tama\u00f1os graduados. Frascos de vidrio de alta transparencia con goteros para aceites y tinturas. Solicite muestras gratuitas.<\/p>","protected":false},"featured_media":5784,"template":"","meta":{"postBodyCss":"","postBodyMargin":[],"postBodyPadding":[],"postBodyBackground":{"backgroundType":"classic","gradient":""}},"product_brand":[],"product_cat":[15,87,16],"product_tag":[],"class_list":{"0":"post-5782","1":"product","2":"type-product","3":"status-publish","4":"has-post-thumbnail","6":"product_cat-glass-containers","7":"product_cat-dropper-bottles","8":"product_cat-glass-bottles","10":"first","11":"instock","12":"shipping-taxable","13":"product-type-simple"},"jetpack_sharing_enabled":true,"_links":{"self":[{"href":"https:\/\/minghanggroup.com\/es\/wp-json\/wp\/v2\/product\/5782","targetHints":{"allow":["GET"]}}],"collection":[{"href":"https:\/\/minghanggroup.com\/es\/wp-json\/wp\/v2\/product"}],"about":[{"href":"https:\/\/minghanggroup.com\/es\/wp-json\/wp\/v2\/types\/product"}],"wp:featuredmedia":[{"embeddable":true,"href":"https:\/\/minghanggroup.com\/es\/wp-json\/wp\/v2\/media\/5784"}],"wp:attachment":[{"href":"https:\/\/minghanggroup.com\/es\/wp-json\/wp\/v2\/media?parent=5782"}],"wp:term":[{"taxonomy":"product_brand","embeddable":true,"href":"https:\/\/minghanggroup.com\/es\/wp-json\/wp\/v2\/product_brand?post=5782"},{"taxonomy":"product_cat","embeddable":true,"href":"https:\/\/minghanggroup.com\/es\/wp-json\/wp\/v2\/product_cat?post=5782"},{"taxonomy":"product_tag","embeddable":true,"href":"https:\/\/minghanggroup.com\/es\/wp-json\/wp\/v2\/product_tag?post=5782"}],"curies":[{"name":"wp","href":"https:\/\/api.w.org\/{rel}","templated":true}]}}