{"id":5777,"date":"2026-02-27T16:38:54","date_gmt":"2026-02-27T08:38:54","guid":{"rendered":"https:\/\/minghanggroup.com\/?post_type=product&#038;p=5777"},"modified":"2026-02-27T16:47:14","modified_gmt":"2026-02-27T08:47:14","slug":"amber-dropper-bottles-for-essential-oils-bulk","status":"publish","type":"product","link":"https:\/\/minghanggroup.com\/es\/producto\/amber-dropper-bottles-for-essential-oils-bulk\/","title":{"rendered":"Frascos cuentagotas \u00e1mbar de 5 ml a 100 ml para aceites esenciales a granel"},"content":{"rendered":"<p>Nuestros frascos cuentagotas \u00e1mbar solucionan eso ahora. Los frascos cuentagotas para aceites esenciales con vidrio \u00e1mbar con protecci\u00f3n UV mantienen la pureza de tus aceites esenciales. Frascos de vidrio de borosilicato de primera calidad: \u00e1mbar para protecci\u00f3n UV y transparente para mayor visibilidad. Envase ideal para tu marca de aceite esencial. \u00bfTama\u00f1o del frasco? Desde 5 ml (perfecto para muestras de 28 ml) hasta 100 ml. \u00bfGotero? Dise\u00f1o de vidrio de precisi\u00f3n. Tu aceite esencial se mantiene fresco.<\/p>\n<h2>Caracter\u00edsticas del producto<\/h2>\n<ul>\n<li><strong>Poder de protecci\u00f3n UV:<\/strong> El vidrio \u00e1mbar bloquea la luz ultravioleta, lo cual es fundamental para la estabilidad de los aceites esenciales. No se decolora ni se degrada.<\/li>\n<li><strong>Dispensaci\u00f3n de precisi\u00f3n:<\/strong> Un frasco de vidrio con gotero garantiza una dosificaci\u00f3n precisa. No m\u00e1s desperdicio de tintura ni aceite esencial.<\/li>\n<li><strong>Flexibilidad de tama\u00f1o:<\/strong> 5 ml para rollos, en envases, 100 ml para suministro a granel. La gama de tama\u00f1os satisface todas las necesidades de aceites esenciales.<\/li>\n<\/ul>\n<h2>Especificaciones clave<\/h2>\n<table style=\"border-collapse: collapse; width: 80%; margin-left: auto; margin-right: auto;\" border=\"0\" width=\"288\" cellspacing=\"0\" cellpadding=\"0\">\n<tbody>\n<tr style=\"height: 13.50pt;\">\n<td style=\"height: 13.5pt; width: 54pt; text-align: center;\" width=\"72\" height=\"18\">Capacidad (ml)<\/td>\n<td style=\"width: 54pt; text-align: center;\" width=\"72\">Dimensiones (cm)<\/td>\n<td style=\"width: 54pt; text-align: center;\" width=\"72\">Color<\/td>\n<td style=\"width: 54pt; text-align: center;\" width=\"72\">Accesorios<\/td>\n<\/tr>\n<tr style=\"height: 13.50pt;\">\n<td style=\"height: 13.5pt; text-align: center;\" align=\"right\" height=\"18\">5<\/td>\n<td style=\"text-align: center;\">2,2 \u00d7 5,0<\/td>\n<td class=\"et2\" style=\"text-align: center;\" rowspan=\"7\">\u00c1mbar o personalizado<\/td>\n<td class=\"et2\" style=\"text-align: center;\" rowspan=\"7\">Anillos antirrobo, anillos galvanizados, puntas cuentagotas multicolores<\/td>\n<\/tr>\n<tr style=\"height: 13.50pt;\">\n<td style=\"height: 13.5pt; text-align: center;\" align=\"right\" height=\"18\">10<\/td>\n<td style=\"text-align: center;\">2,5 \u00d7 5,8<\/td>\n<\/tr>\n<tr style=\"height: 13.50pt;\">\n<td style=\"height: 13.5pt; text-align: center;\" align=\"right\" height=\"18\">15<\/td>\n<td style=\"text-align: center;\">2,9 \u00d7 6,5<\/td>\n<\/tr>\n<tr style=\"height: 13.50pt;\">\n<td style=\"height: 13.5pt; text-align: center;\" align=\"right\" height=\"18\">20<\/td>\n<td style=\"text-align: center;\">2,9 \u00d7 7,1<\/td>\n<\/tr>\n<tr style=\"height: 13.50pt;\">\n<td style=\"height: 13.5pt; text-align: center;\" align=\"right\" height=\"18\">30<\/td>\n<td style=\"text-align: center;\">3,3 \u00d7 7,8<\/td>\n<\/tr>\n<tr style=\"height: 13.50pt;\">\n<td style=\"height: 13.5pt; text-align: center;\" align=\"right\" height=\"18\">50<\/td>\n<td style=\"text-align: center;\">3,7 \u00d7 9,2<\/td>\n<\/tr>\n<tr style=\"height: 13.50pt;\">\n<td style=\"height: 13.5pt; text-align: center;\" align=\"right\" height=\"18\">100<\/td>\n<td style=\"text-align: center;\">4,5 \u00d7 11,2<\/td>\n<\/tr>\n<\/tbody>\n<\/table>\n<h2>Caso de \u00e9xito<\/h2>\n<p>Nuestros frascos cuentagotas de vidrio \u00e1mbar fueron seleccionados por una empresa canadiense de cuidado facial natural para relanzar su marca de aceites faciales de alta gama. Tambi\u00e9n se incluyeron aspectos visualmente diferenciadores, como un anillo de cuello de aluminio con sello dorado, un tap\u00f3n acanalado negro mate (para un mejor agarre), un gotero de vidrio calibrado con graduaci\u00f3n de 0,25 ml para un control de dosis m\u00e1s preciso y un panel de etiqueta esmerilado para mejorar la adhesi\u00f3n de la serigraf\u00eda.<\/p>\n<p>Tras la introducci\u00f3n del nuevo envase, el cliente afirm\u00f3 que las ventas aumentaron un 32 % durante los dos primeros trimestres, gracias a la mayor consistencia de los productos y a la mayor visibilidad en los lineales. La marca ha realizado seis pedidos repetidos al por mayor en 10 meses, lo que representa un incremento interanual del 65 % en el volumen de compras.<\/p>\n<h2>Sugerencias de personalizaci\u00f3n<\/h2>\n<ol>\n<li><strong>Actualizaci\u00f3n del gotero:<\/strong> Incluye tapas galvanizadas para un env\u00edo a prueba de fugas. Diferentes colores para los cabezales de los goteros.<\/li>\n<li><strong>Ahorros al por mayor:<\/strong> Compre frascos goteros color \u00e1mbar al por mayor y disfrute de muestras gratis y precios escalonados.<\/li>\n<li><strong>Protecci\u00f3n UV:<\/strong> El vidrio \u00e1mbar con aceite es un excelente filtro UV natural para aceites esenciales; sus aceites esenciales no se desvanecer\u00e1n m\u00e1s.<\/li>\n<\/ol>","protected":false},"excerpt":{"rendered":"<p>Frascos \u00e1mbar con gotero para aceites esenciales. Frascos con gotero para aceites esenciales con protecci\u00f3n UV para granel. Colores personalizados. Env\u00edo directo de f\u00e1brica. Muestras gratis.<\/p>","protected":false},"featured_media":5781,"template":"","meta":{"postBodyCss":"","postBodyMargin":[],"postBodyPadding":[],"postBodyBackground":{"backgroundType":"classic","gradient":""}},"product_brand":[],"product_cat":[15,87,16],"product_tag":[],"class_list":{"0":"post-5777","1":"product","2":"type-product","3":"status-publish","4":"has-post-thumbnail","6":"product_cat-glass-containers","7":"product_cat-dropper-bottles","8":"product_cat-glass-bottles","10":"first","11":"instock","12":"shipping-taxable","13":"product-type-simple"},"jetpack_sharing_enabled":true,"_links":{"self":[{"href":"https:\/\/minghanggroup.com\/es\/wp-json\/wp\/v2\/product\/5777","targetHints":{"allow":["GET"]}}],"collection":[{"href":"https:\/\/minghanggroup.com\/es\/wp-json\/wp\/v2\/product"}],"about":[{"href":"https:\/\/minghanggroup.com\/es\/wp-json\/wp\/v2\/types\/product"}],"wp:featuredmedia":[{"embeddable":true,"href":"https:\/\/minghanggroup.com\/es\/wp-json\/wp\/v2\/media\/5781"}],"wp:attachment":[{"href":"https:\/\/minghanggroup.com\/es\/wp-json\/wp\/v2\/media?parent=5777"}],"wp:term":[{"taxonomy":"product_brand","embeddable":true,"href":"https:\/\/minghanggroup.com\/es\/wp-json\/wp\/v2\/product_brand?post=5777"},{"taxonomy":"product_cat","embeddable":true,"href":"https:\/\/minghanggroup.com\/es\/wp-json\/wp\/v2\/product_cat?post=5777"},{"taxonomy":"product_tag","embeddable":true,"href":"https:\/\/minghanggroup.com\/es\/wp-json\/wp\/v2\/product_tag?post=5777"}],"curies":[{"name":"wp","href":"https:\/\/api.w.org\/{rel}","templated":true}]}}