{"id":5767,"date":"2026-02-27T15:09:42","date_gmt":"2026-02-27T07:09:42","guid":{"rendered":"https:\/\/minghanggroup.com\/?post_type=product&#038;p=5767"},"modified":"2026-04-14T10:26:24","modified_gmt":"2026-04-14T02:26:24","slug":"boston-small-syrup-bottles-with-vintage-design-bulk","status":"publish","type":"product","link":"https:\/\/minghanggroup.com\/es\/producto\/boston-small-syrup-bottles-with-vintage-design-bulk\/","title":{"rendered":"Botellas peque\u00f1as de jarabe Boston de 15 ml a 250 ml con dise\u00f1o vintage a granel"},"content":{"rendered":"<p>Fabricamos peque\u00f1os frascos para jarabe con un dise\u00f1o vintage que se adaptan perfectamente a sus necesidades de envasado farmac\u00e9utico. Estos frascos vintage para jarabe tienen una boca peque\u00f1a (20-24 mm), ideal para medicamentos l\u00edquidos, jarabes o extractos. Olv\u00eddese de los molestos derrames o goteos. Le encantar\u00e1 c\u00f3mo el vidrio \u00e1mbar no solo protege el medicamento, sino que tambi\u00e9n aporta un aspecto cl\u00e1sico a su l\u00ednea de suministros farmac\u00e9uticos.<\/p>\n<h2>Caracter\u00edsticas del producto<\/h2>\n<ul>\n<li><strong>Forma redonda cl\u00e1sica de Boston:<\/strong> Cuerpo cil\u00edndrico atemporal con hombros redondeados, un estilo profesional y de embalaje f\u00e1cilmente reconocible.<\/li>\n<li><strong>Vidrio protector UV \u00e1mbar:<\/strong> Disminuye en gran medida la exposici\u00f3n a la luz, manteniendo as\u00ed la integridad de los l\u00edquidos sensibles a la luz.<\/li>\n<li><strong>M\u00faltiples opciones de capacidad:<\/strong> Ofrecemos varias opciones de tama\u00f1o para satisfacer las necesidades de diferentes cantidades de jarabe, extracto o soluci\u00f3n.<\/li>\n<\/ul>\n<h2>Especificaciones clave<\/h2>\n<table style=\"border-collapse: collapse; width: 80%; margin-left: auto; margin-right: auto;\" border=\"0\" width=\"360\" cellspacing=\"0\" cellpadding=\"0\">\n<tbody>\n<tr style=\"height: 13.50pt;\">\n<td style=\"height: 13.5pt; width: 54pt; text-align: center;\" width=\"72\" height=\"18\">Capacidad (ml)<\/td>\n<td style=\"width: 54pt; text-align: center;\" width=\"72\">Tama\u00f1o (cm)<\/td>\n<td style=\"width: 54pt; text-align: center;\" width=\"72\">Di\u00e1metro del cuello (mm)<\/td>\n<td style=\"width: 54pt; text-align: center;\" width=\"72\">Color<\/td>\n<td style=\"width: 54pt; text-align: center;\" width=\"72\">Caracter\u00edstica<\/td>\n<\/tr>\n<tr style=\"height: 13.50pt;\">\n<td style=\"height: 13.5pt; text-align: center;\" align=\"right\" height=\"18\">15<\/td>\n<td style=\"text-align: center;\">2,7 \u00d7 6,75<\/td>\n<td style=\"text-align: center;\" align=\"right\">28<\/td>\n<td class=\"et2\" style=\"text-align: center;\" rowspan=\"5\">\u00c1mbar<\/td>\n<td class=\"et2\" style=\"text-align: center;\" rowspan=\"5\">Dise\u00f1o de boca estrecha<\/td>\n<\/tr>\n<tr style=\"height: 13.50pt;\">\n<td style=\"height: 13.5pt; text-align: center;\" align=\"right\" height=\"18\">30<\/td>\n<td style=\"text-align: center;\">3,3 \u00d7 7,88<\/td>\n<td style=\"text-align: center;\" align=\"right\">20<\/td>\n<\/tr>\n<tr style=\"height: 13.50pt;\">\n<td style=\"height: 13.5pt; text-align: center;\" align=\"right\" height=\"18\">60<\/td>\n<td style=\"text-align: center;\">4,08 \u00d7 9,39<\/td>\n<td style=\"text-align: center;\" align=\"right\">20<\/td>\n<\/tr>\n<tr style=\"height: 13.50pt;\">\n<td style=\"height: 13.5pt; text-align: center;\" align=\"right\" height=\"18\">120<\/td>\n<td style=\"text-align: center;\">4,84 \u00d7 11,53<\/td>\n<td style=\"text-align: center;\" align=\"right\">22<\/td>\n<\/tr>\n<tr style=\"height: 13.50pt;\">\n<td style=\"height: 13.5pt; text-align: center;\" align=\"right\" height=\"18\">250<\/td>\n<td style=\"text-align: center;\">6,2 \u00d7 14,0<\/td>\n<td style=\"text-align: center;\" align=\"right\">24<\/td>\n<\/tr>\n<\/tbody>\n<\/table>\n<h2>Caso de \u00e9xito<\/h2>\n<p>Nuestras botellas redondas de jarabe Boston de 60 ml de color \u00e1mbar fueron seleccionadas por una marca familiar de jarabe de hierbas. Solicitaron un vidrio \u00e1mbar m\u00e1s grueso para una mejor protecci\u00f3n contra los rayos UV y marcas de volumen en relieve en la base para una medici\u00f3n correcta. Tambi\u00e9n serigrafiaron su logotipo minimalista en las botellas de vidrio para reforzar su marca e imprimieron el n\u00famero de lote en lugar de usar etiquetas de papel.<\/p>\n<p>Tras el cambio en el uso de botellas personalizadas, la marca registr\u00f3 una disminuci\u00f3n del 38 % en las quejas por fugas en los env\u00edos y un crecimiento del 32 % en las compras repetidas al por mayor en las tiendas de suplementos. Adem\u00e1s, continuaron realizando pedidos al por mayor en varios ciclos de producci\u00f3n consecutivos.<\/p>\n<h2>Su consejo personalizado<\/h2>\n<ol>\n<li><strong>Serigraf\u00eda, Serigraf\u00eda y Estampaci\u00f3n en Caliente:<\/strong> Impresi\u00f3n directa, estampaci\u00f3n en caliente met\u00e1lica o acabado en tinta mate para dar una apariencia de alta gama al estante.<\/li>\n<li><strong>Acabado de superficie mate o esmerilado:<\/strong> Tenga la idea de exponer una superficie esmerilada que sea m\u00e1s f\u00e1cil de sostener y luzca lujosa y exclusiva.<\/li>\n<li><strong>Conjuntos de embalaje personalizados:<\/strong> Proporcione sus productos junto con tapas, goteros y embalajes exteriores a juego en el mismo tono de color para tener una imagen de marca completa.<\/li>\n<\/ol>","protected":false},"excerpt":{"rendered":"<p>Botellas peque\u00f1as y resistentes para jarabe de vidrio \u00e1mbar con un dise\u00f1o atemporal. Botellas vintage para jarabe, disponibles directamente de f\u00e1brica, con suministro a granel, muestras gratuitas y tama\u00f1os personalizados.<\/p>","protected":false},"featured_media":5775,"template":"","meta":{"postBodyCss":"","postBodyMargin":[],"postBodyPadding":[],"postBodyBackground":{"backgroundType":"classic","gradient":""}},"product_brand":[],"product_cat":[15,86,16],"product_tag":[88,102,112],"class_list":{"0":"post-5767","1":"product","2":"type-product","3":"status-publish","4":"has-post-thumbnail","6":"product_cat-glass-containers","7":"product_cat-glass-medicine-bottles","8":"product_cat-glass-bottles","9":"product_tag-medicine-syrup-bottles","10":"product_tag-pharmaceutical-syrup-bottles","11":"product_tag-soap-dispensers","13":"first","14":"instock","15":"shipping-taxable","16":"product-type-simple"},"jetpack_sharing_enabled":true,"_links":{"self":[{"href":"https:\/\/minghanggroup.com\/es\/wp-json\/wp\/v2\/product\/5767","targetHints":{"allow":["GET"]}}],"collection":[{"href":"https:\/\/minghanggroup.com\/es\/wp-json\/wp\/v2\/product"}],"about":[{"href":"https:\/\/minghanggroup.com\/es\/wp-json\/wp\/v2\/types\/product"}],"wp:featuredmedia":[{"embeddable":true,"href":"https:\/\/minghanggroup.com\/es\/wp-json\/wp\/v2\/media\/5775"}],"wp:attachment":[{"href":"https:\/\/minghanggroup.com\/es\/wp-json\/wp\/v2\/media?parent=5767"}],"wp:term":[{"taxonomy":"product_brand","embeddable":true,"href":"https:\/\/minghanggroup.com\/es\/wp-json\/wp\/v2\/product_brand?post=5767"},{"taxonomy":"product_cat","embeddable":true,"href":"https:\/\/minghanggroup.com\/es\/wp-json\/wp\/v2\/product_cat?post=5767"},{"taxonomy":"product_tag","embeddable":true,"href":"https:\/\/minghanggroup.com\/es\/wp-json\/wp\/v2\/product_tag?post=5767"}],"curies":[{"name":"wp","href":"https:\/\/api.w.org\/{rel}","templated":true}]}}