{"id":5764,"date":"2026-02-27T11:51:14","date_gmt":"2026-02-27T03:51:14","guid":{"rendered":"https:\/\/minghanggroup.com\/?post_type=product&#038;p=5764"},"modified":"2026-04-14T10:25:02","modified_gmt":"2026-04-14T02:25:02","slug":"cobalt-blue-glass-empty-syrup-bottles-wholesale","status":"publish","type":"product","link":"https:\/\/minghanggroup.com\/es\/producto\/cobalt-blue-glass-empty-syrup-bottles-wholesale\/","title":{"rendered":"Botellas de jarabe vac\u00edas de vidrio azul cobalto de 15 ml a 500 ml al por mayor"},"content":{"rendered":"<p>Este tipo de botellas de jarabe vac\u00edas tiene un elegante cuerpo de vidrio azul cobalto y una forma cil\u00edndrica tradicional con hombros redondeados y suaves y un cuello estrecho roscado convencional que se adapta a los proveedores farmac\u00e9uticos y fabricantes de jarabe.<\/p>\n<h2>Caracter\u00edsticas del producto<\/h2>\n<ul>\n<li><strong>Excelente protecci\u00f3n UV:<\/strong> El vidrio azul cobalto tiene un efecto de bloqueo positivo en diversas longitudes de onda de luz que son da\u00f1inas para el ojo humano.<\/li>\n<li><strong>Dise\u00f1o cil\u00edndrico estable:<\/strong> La forma cil\u00edndrica del dise\u00f1o es corta y ancha lo que lo hace muy estable y brinda al usuario un agarre c\u00f3modo y seguro.<\/li>\n<li><strong>Capacidades Graduadas:<\/strong> Seis marcas de volumen precisas (de 15 ml a 500 ml) son perfectas para el tama\u00f1o del producto.<\/li>\n<\/ul>\n<h2 style=\"text-align: left;\">Especificaciones clave<\/h2>\n<table class=\"aligncenter\" style=\"border-collapse: collapse; width: 444.77pt;\" border=\"0\" width=\"593\" cellspacing=\"0\" cellpadding=\"0\">\n<tbody>\n<tr style=\"height: 13.50pt;\">\n<td style=\"height: 13.50pt; width: 115.50pt;\" width=\"154\" height=\"18\">Especificaci\u00f3n<\/td>\n<td style=\"width: 329.25pt;\" width=\"439\">Detalles<\/td>\n<\/tr>\n<tr style=\"height: 13.50pt;\">\n<td style=\"height: 13.50pt;\" height=\"18\">Capacidad<\/td>\n<td>15 ml, 30 ml, 60 ml, 120 ml, 250 ml, 500 ml<\/td>\n<\/tr>\n<tr style=\"height: 13.50pt;\">\n<td style=\"height: 13.50pt;\" height=\"18\">Dimensiones<\/td>\n<td>2,5\u00d76,83 cm a 7,46\u00d716,87 cm (di\u00e1metro \u00d7 altura)<\/td>\n<\/tr>\n<tr style=\"height: 13.50pt;\">\n<td style=\"height: 13.50pt;\" height=\"18\">Material<\/td>\n<td>Azul cobalto, vidrio de grado farmac\u00e9utico<\/td>\n<\/tr>\n<tr style=\"height: 13.50pt;\">\n<td style=\"height: 13.50pt;\" height=\"18\">Forma de la botella<\/td>\n<td>Cilindro corto y ancho con hombros redondeados<\/td>\n<\/tr>\n<tr style=\"height: 13.50pt;\">\n<td style=\"height: 13.50pt;\" height=\"18\">Alcance de personalizaci\u00f3n<\/td>\n<td>Tama\u00f1o, color, tapas, acabado<\/td>\n<\/tr>\n<tr style=\"height: 13.50pt;\">\n<td style=\"height: 13.50pt;\" height=\"18\">Artesan\u00eda<\/td>\n<td>Soplado de vidrio de precisi\u00f3n<\/td>\n<\/tr>\n<tr style=\"height: 13.50pt;\">\n<td style=\"height: 13.50pt;\" height=\"18\">Prop\u00f3sito del producto<\/td>\n<td>Botellas de vidrio para jarabe al por mayor, Botellas de vidrio para jarabe<\/td>\n<\/tr>\n<tr style=\"height: 13.50pt;\">\n<td style=\"height: 13.50pt;\" height=\"18\">Industrias adecuadas<\/td>\n<td>Fabricantes farmac\u00e9uticos, fabricantes de suplementos<\/td>\n<\/tr>\n<\/tbody>\n<\/table>\n<h2>Historia de \u00e9xito<\/h2>\n<p>Nuestras botellas vac\u00edas de jarabe azul cobalto de 30 ml fueron seleccionadas por una importante empresa de suplementos nutricionales de California, y se serigrafiaron el cuerpo esmerilado y la etiqueta dorada. Los resultados fueron impresionantes: la botella de vidrio azul cobalto ofrece m\u00e1s del 99 % de protecci\u00f3n contra la luz UV\/visible, lo que prolonga directamente la vida \u00fatil del producto en un 40 %. Este elegante envase increment\u00f3 el precio de venta al p\u00fablico de la botella en un 20 % en comparaci\u00f3n con la botella transparente utilizada anteriormente. Las tasas de conversi\u00f3n en l\u00ednea del nuevo producto aumentaron un 15 %. Gracias a estos resultados de alto rendimiento, realizaron otro pedido de 750\u00a0000 botellas.<\/p>\n<h2>Personalizaci\u00f3n de botellas de jarabe de vidrio al por mayor<\/h2>\n<ul>\n<li><strong>Acabado esmerilado o mate:<\/strong> Un acabado totalmente esmerilado brinda una apariencia suave, lujosa y a prueba de manipulaciones.<\/li>\n<li><strong>Cuello espec\u00edfico para gotero:<\/strong> Se trata de una rosca de cuello dise\u00f1ada con un di\u00e1metro interior para encajar con precisi\u00f3n en componentes goteros de vidrio de especial alta precisi\u00f3n.<\/li>\n<li><strong>Acabados especiales de tapa:<\/strong> Se ofrecen acabados de tapa que combinan con el cristal azul, incluidos plata mate, dorado o blanco.<\/li>\n<\/ul>","protected":false},"excerpt":{"rendered":"<p>Botellas de jarabe vac\u00edas personalizadas en azul cobalto. Nuestras botellas de jarabe de vidrio al por mayor admiten diversos cierres para medicamentos y farmacias. Soporte OEM profesional.<\/p>","protected":false},"featured_media":5769,"template":"","meta":{"postBodyCss":"","postBodyMargin":[],"postBodyPadding":[],"postBodyBackground":{"backgroundType":"classic","gradient":""}},"product_brand":[],"product_cat":[15,86,16],"product_tag":[88,102,112],"class_list":{"0":"post-5764","1":"product","2":"type-product","3":"status-publish","4":"has-post-thumbnail","6":"product_cat-glass-containers","7":"product_cat-glass-medicine-bottles","8":"product_cat-glass-bottles","9":"product_tag-medicine-syrup-bottles","10":"product_tag-pharmaceutical-syrup-bottles","11":"product_tag-soap-dispensers","13":"first","14":"instock","15":"shipping-taxable","16":"product-type-simple"},"jetpack_sharing_enabled":true,"_links":{"self":[{"href":"https:\/\/minghanggroup.com\/es\/wp-json\/wp\/v2\/product\/5764","targetHints":{"allow":["GET"]}}],"collection":[{"href":"https:\/\/minghanggroup.com\/es\/wp-json\/wp\/v2\/product"}],"about":[{"href":"https:\/\/minghanggroup.com\/es\/wp-json\/wp\/v2\/types\/product"}],"wp:featuredmedia":[{"embeddable":true,"href":"https:\/\/minghanggroup.com\/es\/wp-json\/wp\/v2\/media\/5769"}],"wp:attachment":[{"href":"https:\/\/minghanggroup.com\/es\/wp-json\/wp\/v2\/media?parent=5764"}],"wp:term":[{"taxonomy":"product_brand","embeddable":true,"href":"https:\/\/minghanggroup.com\/es\/wp-json\/wp\/v2\/product_brand?post=5764"},{"taxonomy":"product_cat","embeddable":true,"href":"https:\/\/minghanggroup.com\/es\/wp-json\/wp\/v2\/product_cat?post=5764"},{"taxonomy":"product_tag","embeddable":true,"href":"https:\/\/minghanggroup.com\/es\/wp-json\/wp\/v2\/product_tag?post=5764"}],"curies":[{"name":"wp","href":"https:\/\/api.w.org\/{rel}","templated":true}]}}