{"id":5758,"date":"2026-02-27T11:16:23","date_gmt":"2026-02-27T03:16:23","guid":{"rendered":"https:\/\/minghanggroup.com\/?post_type=product&#038;p=5758"},"modified":"2026-04-14T10:25:26","modified_gmt":"2026-04-14T02:25:26","slug":"pharmaceutical-glass-bottles-with-screw-neck-bulk","status":"publish","type":"product","link":"https:\/\/minghanggroup.com\/es\/producto\/pharmaceutical-glass-bottles-with-screw-neck-bulk\/","title":{"rendered":"Botellas de vidrio farmac\u00e9uticas de 15 ml a 1000 ml con cuello de rosca a granel"},"content":{"rendered":"<p>Estas botellas de vidrio farmac\u00e9utico son de color \u00e1mbar o transparente, con un cuerpo cil\u00edndrico convencional, hombros redondeados y un cuello delgado con roscas precisas. Est\u00e1n disponibles en siete tama\u00f1os para satisfacer todas las necesidades de los profesionales.<\/p>\n<h2>Caracter\u00edsticas del producto<\/h2>\n<ul>\n<li><strong>Elecci\u00f3n del material:<\/strong> Puede estar disponible en vidrio transparente o vidrio \u00e1mbar que permite un f\u00e1cil acceso al contenido de un producto o un alto nivel de protecci\u00f3n UV.<\/li>\n<li><strong>Cuerpo cil\u00edndrico estable:<\/strong> El cuerpo es corto y redondeado, lo que lo hace muy estable durante la instalaci\u00f3n y la sujeci\u00f3n.<\/li>\n<li><strong>Asiento seguro:<\/strong> El cuello roscado est\u00e1ndar tiene una amplia capacidad para aceptar diferentes tapas, lo que constituye un sello muy seguro y a prueba de fugas.<\/li>\n<\/ul>\n<h2 style=\"text-align: left;\">Especificaciones clave<\/h2>\n<table class=\"aligncenter\" style=\"border-collapse: collapse; width: 447.77pt;\" border=\"0\" width=\"597\" cellspacing=\"0\" cellpadding=\"0\">\n<tbody>\n<tr style=\"height: 13.50pt;\">\n<td style=\"height: 13.50pt; width: 115.50pt;\" width=\"154\" height=\"18\">Especificaci\u00f3n<\/td>\n<td style=\"width: 332.25pt;\" width=\"443\">Detalles<\/td>\n<\/tr>\n<tr style=\"height: 13.50pt;\">\n<td style=\"height: 13.50pt;\" height=\"18\">Capacidad<\/td>\n<td>15 ml, 30 ml, 60 ml, 120 ml, 250 ml, 500 ml, 1000 ml<\/td>\n<\/tr>\n<tr style=\"height: 13.50pt;\">\n<td style=\"height: 13.50pt;\" height=\"18\">Dimensiones<\/td>\n<td>2,5\u00d76,83 cm a 9,45\u00d720,57 cm (di\u00e1metro \u00d7 altura)<\/td>\n<\/tr>\n<tr style=\"height: 13.50pt;\">\n<td style=\"height: 13.50pt;\" height=\"18\">Material<\/td>\n<td>Vidrio transparente o \u00e1mbar de calidad farmac\u00e9utica<\/td>\n<\/tr>\n<tr style=\"height: 13.50pt;\">\n<td style=\"height: 13.50pt;\" height=\"18\">Forma de la botella<\/td>\n<td>Cilindro corto y ancho con cuello estrecho y roscado<\/td>\n<\/tr>\n<tr style=\"height: 13.50pt;\">\n<td style=\"height: 13.50pt;\" height=\"18\">Alcance de personalizaci\u00f3n<\/td>\n<td>Color, Acabado, Tapas, Tama\u00f1o<\/td>\n<\/tr>\n<tr style=\"height: 13.50pt;\">\n<td style=\"height: 13.50pt;\" height=\"18\">Artesan\u00eda<\/td>\n<td>Soplado de vidrio de precisi\u00f3n para una construcci\u00f3n estable y resistente<\/td>\n<\/tr>\n<tr style=\"height: 13.50pt;\">\n<td style=\"height: 13.50pt;\" height=\"18\">Prop\u00f3sito del producto<\/td>\n<td>Jarabe en botella de vidrio, botellas de l\u00edquido oral<\/td>\n<\/tr>\n<tr style=\"height: 13.50pt;\">\n<td style=\"height: 13.50pt;\" height=\"18\">Industrias adecuadas<\/td>\n<td>Fabricantes de productos farmac\u00e9uticos, farmacias de preparaci\u00f3n de compuestos<\/td>\n<\/tr>\n<\/tbody>\n<\/table>\n<h2>Historia de \u00e9xito: Una l\u00ednea de productos especializados de una farmacia<\/h2>\n<p>Una de las grandes farmacias del este de Estados Unidos desarroll\u00f3 una marca de tintura de hierbas. Seleccionaron nuestro jarabe en botella de vidrio \u00e1mbar de 60 ml, cuyo cuerpo esmerilado y etiquetaron a medida con serigraf\u00eda. La botella de vidrio \u00e1mbar ayuda a contrarrestar la luz, prolongando as\u00ed la duraci\u00f3n de la tintura a la mitad. La capacidad de 60 ml es suficiente para un mes. El \u00e9xito de la l\u00ednea de productos ofrecida por la farmacia les llev\u00f3 a pedir 1,5 millones de botellas adicionales para asegurar el suministro a sus 20 tiendas durante 18 meses.<\/p>\n<h2>Personalizaci\u00f3n de botellas de vidrio farmac\u00e9uticas<\/h2>\n<ul>\n<li>Colores de vidrio personalizados: Tambi\u00e9n podemos ofrecer a nuestros clientes colores de vidrio personalizados azul cobalto, verde u otros resistentes a los rayos UV sobre vidrio transparente\/\u00e1mbar.<\/li>\n<li>Tapas de prescripci\u00f3n: las tapas de prescripci\u00f3n incorporadas proporcionan una dispensaci\u00f3n precisa (por ejemplo, 5 ml) despu\u00e9s de cada pulsaci\u00f3n.<\/li>\n<li>Dise\u00f1o de cuello ancho: Hay modelos con cuellos anchos para que se puedan sujetar f\u00e1cilmente para transportar productos concentrados o rellenarlos.<\/li>\n<li>Anillo de cuello a prueba de manipulaciones: el anillo retr\u00e1ctil perforado o un anillo d\u00e9bil de pl\u00e1stico se coloca debajo de la tapa para brindar seguridad adicional.<\/li>\n<\/ul>","protected":false},"excerpt":{"rendered":"<p>Frascos farmac\u00e9uticos de vidrio en \u00e1mbar y transparente. Estos frascos de vidrio para jarabe cuentan con un cuello estrecho roscado para un sellado herm\u00e9tico y seguro. \u00a1Env\u00edo r\u00e1pido!<\/p>","protected":false},"featured_media":5763,"template":"","meta":{"postBodyCss":"","postBodyMargin":[],"postBodyPadding":[],"postBodyBackground":{"backgroundType":"classic","gradient":""}},"product_brand":[],"product_cat":[15,86,16],"product_tag":[88,102,112],"class_list":{"0":"post-5758","1":"product","2":"type-product","3":"status-publish","4":"has-post-thumbnail","6":"product_cat-glass-containers","7":"product_cat-glass-medicine-bottles","8":"product_cat-glass-bottles","9":"product_tag-medicine-syrup-bottles","10":"product_tag-pharmaceutical-syrup-bottles","11":"product_tag-soap-dispensers","13":"first","14":"instock","15":"shipping-taxable","16":"product-type-simple"},"jetpack_sharing_enabled":true,"_links":{"self":[{"href":"https:\/\/minghanggroup.com\/es\/wp-json\/wp\/v2\/product\/5758","targetHints":{"allow":["GET"]}}],"collection":[{"href":"https:\/\/minghanggroup.com\/es\/wp-json\/wp\/v2\/product"}],"about":[{"href":"https:\/\/minghanggroup.com\/es\/wp-json\/wp\/v2\/types\/product"}],"wp:featuredmedia":[{"embeddable":true,"href":"https:\/\/minghanggroup.com\/es\/wp-json\/wp\/v2\/media\/5763"}],"wp:attachment":[{"href":"https:\/\/minghanggroup.com\/es\/wp-json\/wp\/v2\/media?parent=5758"}],"wp:term":[{"taxonomy":"product_brand","embeddable":true,"href":"https:\/\/minghanggroup.com\/es\/wp-json\/wp\/v2\/product_brand?post=5758"},{"taxonomy":"product_cat","embeddable":true,"href":"https:\/\/minghanggroup.com\/es\/wp-json\/wp\/v2\/product_cat?post=5758"},{"taxonomy":"product_tag","embeddable":true,"href":"https:\/\/minghanggroup.com\/es\/wp-json\/wp\/v2\/product_tag?post=5758"}],"curies":[{"name":"wp","href":"https:\/\/api.w.org\/{rel}","templated":true}]}}