{"id":5749,"date":"2026-02-27T10:42:39","date_gmt":"2026-02-27T02:42:39","guid":{"rendered":"https:\/\/minghanggroup.com\/?post_type=product&#038;p=5749"},"modified":"2026-03-02T13:22:37","modified_gmt":"2026-03-02T05:22:37","slug":"wide-mouth-glass-pharmaceutical-bottles-bulk","status":"publish","type":"product","link":"https:\/\/minghanggroup.com\/es\/producto\/wide-mouth-glass-pharmaceutical-bottles-bulk\/","title":{"rendered":"Botellas farmac\u00e9uticas de vidrio de boca ancha de 60 ml a 500 ml a granel"},"content":{"rendered":"<p>Fabricamos frascos farmac\u00e9uticos de vidrio dise\u00f1ados espec\u00edficamente para sus necesidades de pastillas y medicamentos. Estos frascos cuentan con una boca ancha (hasta 50 mm) que facilita la carga de c\u00e1psulas, pastillas o medicamentos, sin necesidad de manipular las aberturas. Perfectos para frascos de medicamentos, envases de vitaminas o sistemas organizadores, est\u00e1n dise\u00f1ados para farmacias, proveedores mayoristas y fabricantes que exigen fiabilidad.<\/p>\n<h2>Caracter\u00edsticas del producto<\/h2>\n<ul>\n<li><strong>Boca ancha, acceso:<\/strong> Cargue f\u00e1cilmente c\u00e1psulas o pastillas sin derramarlas, en solo unos segundos.<\/li>\n<li><strong>Color protector UV:<\/strong> Nuestras botellas de vidrio \u00e1mbar y azul son una excelente soluci\u00f3n para proteger los medicamentos de la degradaci\u00f3n de la luz.<\/li>\n<li><strong>Tapa de rosca segura:<\/strong> Mantenga sus medicamentos frescos con un tap\u00f3n de rosca a prueba de fugas.<\/li>\n<\/ul>\n<h2>Especificaciones clave<\/h2>\n<table style=\"border-collapse: collapse; width: 80%; margin-left: auto; margin-right: auto;\" border=\"0\" width=\"360\" cellspacing=\"0\" cellpadding=\"0\">\n<tbody>\n<tr style=\"height: 13.50pt;\">\n<td style=\"height: 13.5pt; width: 54pt; text-align: center;\" width=\"72\" height=\"18\">Capacidad (ml)<\/td>\n<td style=\"width: 54pt; text-align: center;\" width=\"72\">Tama\u00f1o (cm)<\/td>\n<td style=\"width: 54pt; text-align: center;\" width=\"72\">Di\u00e1metro interior\/exterior (mm)<\/td>\n<td style=\"width: 54pt; text-align: center;\" width=\"72\">Bandera<\/td>\n<td style=\"width: 54pt; text-align: center;\" width=\"72\">Caracter\u00edstica<\/td>\n<\/tr>\n<tr style=\"height: 13.50pt;\">\n<td style=\"height: 13.5pt; text-align: center;\" align=\"right\" height=\"18\">60<\/td>\n<td style=\"text-align: center;\">4,45 \u00d7 7,55<\/td>\n<td class=\"et2\" style=\"text-align: center;\" rowspan=\"2\">28 \/ 34<\/td>\n<td class=\"et2\" style=\"text-align: center;\" rowspan=\"10\">\u00c1mbar, Azul<\/td>\n<td class=\"et2\" style=\"text-align: center;\" rowspan=\"10\">Boca ancha, adecuada para c\u00e1psulas o comprimidos.<\/td>\n<\/tr>\n<tr style=\"height: 13.50pt;\">\n<td style=\"height: 13.5pt; text-align: center;\" align=\"right\" height=\"18\">75<\/td>\n<td style=\"text-align: center;\">4,53 \u00d7 8,25<\/td>\n<\/tr>\n<tr style=\"height: 13.50pt;\">\n<td style=\"height: 13.5pt; text-align: center;\" align=\"right\" height=\"18\">100<\/td>\n<td style=\"text-align: center;\">5,0 \u00d7 8,75<\/td>\n<td class=\"et2\" style=\"text-align: center;\" rowspan=\"3\">34 \/ 40<\/td>\n<\/tr>\n<tr style=\"height: 13.50pt;\">\n<td style=\"height: 13.5pt; text-align: center;\" align=\"right\" height=\"18\">120<\/td>\n<td style=\"text-align: center;\">5,28 \u00d7 9,5<\/td>\n<\/tr>\n<tr style=\"height: 13.50pt;\">\n<td style=\"height: 13.5pt; text-align: center;\" align=\"right\" height=\"18\">150<\/td>\n<td style=\"text-align: center;\">5,6 \u00d7 10,0<\/td>\n<\/tr>\n<tr style=\"height: 13.50pt;\">\n<td style=\"height: 13.5pt; text-align: center;\" align=\"right\" height=\"18\">200<\/td>\n<td style=\"text-align: center;\">6,14 \u00d7 10,95<\/td>\n<td class=\"et2\" style=\"text-align: center;\" rowspan=\"2\">Exterior: 42<\/td>\n<\/tr>\n<tr style=\"height: 13.50pt;\">\n<td style=\"height: 13.5pt; text-align: center;\" align=\"right\" height=\"18\">250<\/td>\n<td style=\"text-align: center;\">6,53 \u00d7 11,75<\/td>\n<\/tr>\n<tr style=\"height: 13.50pt;\">\n<td style=\"height: 13.5pt; text-align: center;\" align=\"right\" height=\"18\">300<\/td>\n<td style=\"text-align: center;\">6,82 \u00d7 12,65<\/td>\n<td class=\"et2\" style=\"text-align: center;\" rowspan=\"2\">42 \/ 50<\/td>\n<\/tr>\n<tr style=\"height: 13.50pt;\">\n<td style=\"height: 13.5pt; text-align: center;\" align=\"right\" height=\"18\">400<\/td>\n<td style=\"text-align: center;\">7,47 \u00d7 13,65<\/td>\n<\/tr>\n<tr style=\"height: 13.50pt;\">\n<td style=\"height: 13.5pt; text-align: center;\" align=\"right\" height=\"18\">500<\/td>\n<td style=\"text-align: center;\">8,0 \u00d7 14,7<\/td>\n<td style=\"text-align: center;\">Exterior: 50<\/td>\n<\/tr>\n<\/tbody>\n<\/table>\n<h2>Caso de \u00e9xito<\/h2>\n<p>Una empresa local de suplementos diet\u00e9ticos en Australia decidi\u00f3 usar nuestros frascos farmac\u00e9uticos de vidrio de boca ancha de 120 ml para envasar su l\u00ednea de comprimidos herbales de alta gama. Decidieron usar marcas de volumen en relieve en la base, un sombrero negro mate con su logotipo plateado estampado en caliente y un panel de etiqueta esmerilado para que las etiquetas adhesivas no se vean afectadas por la humedad en los entornos comerciales.<\/p>\n<p>Tras el reenvasado, el cliente afirm\u00f3 que, seis meses despu\u00e9s, las ventas mejoraron un 35 %, al igual que las recompras. Esto lo llev\u00f3 a comprar los frascos de vidrio farmac\u00e9uticos varias veces durante el a\u00f1o siguiente.<\/p>\n<h2>Su consejo de personalizaci\u00f3n<\/h2>\n<ol>\n<li><strong>Marca en relieve o bajo relieve:<\/strong> Considere agregar un logotipo o texto en relieve o bajorrelieve a la botella para que sea una marca permanente del producto. Esto no solo le dar\u00e1 un aspecto lujoso, sino que tambi\u00e9n puede aumentar el reconocimiento de marca.<\/li>\n<li><strong>Marcas de capacidad personalizadas:<\/strong> Considere tener marcadores de capacidad en forma de moldeo o impresi\u00f3n para un f\u00e1cil reconocimiento del volumen, ayudando as\u00ed a los usuarios a familiarizarse m\u00e1s con el producto.<\/li>\n<li><strong>Dise\u00f1o y personalizaci\u00f3n de gorras:<\/strong> Puede elegir entre una amplia gama de colores de tapas, materiales o incluso agregar relieve personalizado o estampado en caliente para los cierres para darle a su marca una identidad \u00fanica.<\/li>\n<\/ol>","protected":false},"excerpt":{"rendered":"<p>Frascos farmac\u00e9uticos de vidrio al por mayor para almacenamiento. Frascos de boca ancha para pastillas en \u00e1mbar\/azul. Etiquetas y tapas personalizadas. Fabricante de confianza.<\/p>","protected":false},"featured_media":5757,"template":"","meta":{"postBodyCss":"","postBodyMargin":[],"postBodyPadding":[],"postBodyBackground":{"backgroundType":"classic","gradient":""}},"product_brand":[],"product_cat":[15,86,16],"product_tag":[89],"class_list":{"0":"post-5749","1":"product","2":"type-product","3":"status-publish","4":"has-post-thumbnail","6":"product_cat-glass-containers","7":"product_cat-glass-medicine-bottles","8":"product_cat-glass-bottles","9":"product_tag-glass-pill-bottles","11":"first","12":"instock","13":"shipping-taxable","14":"product-type-simple"},"jetpack_sharing_enabled":true,"_links":{"self":[{"href":"https:\/\/minghanggroup.com\/es\/wp-json\/wp\/v2\/product\/5749","targetHints":{"allow":["GET"]}}],"collection":[{"href":"https:\/\/minghanggroup.com\/es\/wp-json\/wp\/v2\/product"}],"about":[{"href":"https:\/\/minghanggroup.com\/es\/wp-json\/wp\/v2\/types\/product"}],"wp:featuredmedia":[{"embeddable":true,"href":"https:\/\/minghanggroup.com\/es\/wp-json\/wp\/v2\/media\/5757"}],"wp:attachment":[{"href":"https:\/\/minghanggroup.com\/es\/wp-json\/wp\/v2\/media?parent=5749"}],"wp:term":[{"taxonomy":"product_brand","embeddable":true,"href":"https:\/\/minghanggroup.com\/es\/wp-json\/wp\/v2\/product_brand?post=5749"},{"taxonomy":"product_cat","embeddable":true,"href":"https:\/\/minghanggroup.com\/es\/wp-json\/wp\/v2\/product_cat?post=5749"},{"taxonomy":"product_tag","embeddable":true,"href":"https:\/\/minghanggroup.com\/es\/wp-json\/wp\/v2\/product_tag?post=5749"}],"curies":[{"name":"wp","href":"https:\/\/api.w.org\/{rel}","templated":true}]}}