{"id":5747,"date":"2026-02-27T09:17:59","date_gmt":"2026-02-27T01:17:59","guid":{"rendered":"https:\/\/minghanggroup.com\/?post_type=product&#038;p=5747"},"modified":"2026-03-02T15:48:25","modified_gmt":"2026-03-02T07:48:25","slug":"amber-pharmaceutical-bottles-for-syrup-bulk","status":"publish","type":"product","link":"https:\/\/minghanggroup.com\/es\/producto\/amber-pharmaceutical-bottles-for-syrup-bulk\/","title":{"rendered":"Frascos farmac\u00e9uticos \u00e1mbar de 30 ml a 500 ml para jarabe a granel"},"content":{"rendered":"<p>Estas botellas farmac\u00e9uticas tienen una forma ovalada redondeada y envejecida, con un vidrio \u00e1mbar de color intenso que ofrece una gran protecci\u00f3n contra l\u00edquidos fotosensibles gracias a su protecci\u00f3n UV. El cuello roscado es estrecho y permite un cierre herm\u00e9tico. Est\u00e1n disponibles en varios tama\u00f1os para adaptarse a diversas necesidades.<\/p>\n<h2>Caracter\u00edsticas del producto<\/h2>\n<ul>\n<li><strong>Mayor protecci\u00f3n lum\u00ednica:<\/strong> El vidrio \u00e1mbar es una buena protecci\u00f3n para los ingredientes fotosensibles, ya que conserva la potencia y la estabilidad de los ingredientes.<\/li>\n<li><strong>Cuello roscado seguro:<\/strong> La rosca est\u00e1ndar tiene un sello seguro con la variedad de tapas compatibles.<\/li>\n<li><strong>Multitama\u00f1o:<\/strong> Viene en nueve tama\u00f1os diferentes (30 ml a 500 ml) dependiendo del volumen y la dosis del producto requerido.<\/li>\n<\/ul>\n<h2 style=\"text-align: left;\">Especificaciones clave<\/h2>\n<table class=\"aligncenter\" style=\"border-collapse: collapse; width: 447.77pt;\" border=\"0\" width=\"597\" cellspacing=\"0\" cellpadding=\"0\">\n<tbody>\n<tr style=\"height: 13.50pt;\">\n<td style=\"height: 13.50pt; width: 115.50pt;\" width=\"154\" height=\"18\">Especificaci\u00f3n<\/td>\n<td style=\"width: 332.25pt;\" width=\"443\">Detalles<\/td>\n<\/tr>\n<tr style=\"height: 13.50pt;\">\n<td style=\"height: 13.50pt;\" height=\"18\">Capacidad<\/td>\n<td>30 ml, 60 ml, 100 ml, 125 ml, 150 ml, 200 ml, 250 ml, 300 ml, 500 ml<\/td>\n<\/tr>\n<tr style=\"height: 13.50pt;\">\n<td style=\"height: 13.50pt;\" height=\"18\">Dimensiones<\/td>\n<td>3,5 \u00d7 6,7 cm a 7,68 \u00d7 17,68 cm (di\u00e1metro \u00d7 altura)<\/td>\n<\/tr>\n<tr style=\"height: 13.50pt;\">\n<td style=\"height: 13.50pt;\" height=\"18\">Material<\/td>\n<td>Vidrio \u00e1mbar de grado farmac\u00e9utico<\/td>\n<\/tr>\n<tr style=\"height: 13.50pt;\">\n<td style=\"height: 13.50pt;\" height=\"18\">Forma de la botella<\/td>\n<td>Cilindro liso con cuello estrecho y roscado<\/td>\n<\/tr>\n<tr style=\"height: 13.50pt;\">\n<td style=\"height: 13.50pt;\" height=\"18\">Alcance de personalizaci\u00f3n<\/td>\n<td>Color, forma, tama\u00f1o, tapas<\/td>\n<\/tr>\n<tr style=\"height: 13.50pt;\">\n<td style=\"height: 13.50pt;\" height=\"18\">Artesan\u00eda<\/td>\n<td>Soplado de vidrio de precisi\u00f3n, protecci\u00f3n UV<\/td>\n<\/tr>\n<tr style=\"height: 13.50pt;\">\n<td style=\"height: 13.50pt;\" height=\"18\">Prop\u00f3sito del producto<\/td>\n<td>Frascos farmac\u00e9uticos para jarabes y tinturas herbales<\/td>\n<\/tr>\n<tr style=\"height: 13.50pt;\">\n<td style=\"height: 13.50pt;\" height=\"18\">Industrias adecuadas<\/td>\n<td>Fabricantes farmac\u00e9uticos, empresas nutrac\u00e9uticas<\/td>\n<\/tr>\n<\/tbody>\n<\/table>\n<h2>Historia de \u00e9xito: Nueva l\u00ednea de una empresa de suplementos del Medio Oeste<\/h2>\n<p>Una de las empresas de suplementos del Medio Oeste que ofrece vitamina D l\u00edquida y jarabe de sa\u00faco lanz\u00f3 una nueva l\u00ednea. Eligieron nuestras botellas \u00e1mbar de 125 ml para el jarabe, con una tabla de dosificaci\u00f3n serigrafiada y tapones a prueba de ni\u00f1os. Las botellas de vidrio \u00e1mbar cuentan con una protecci\u00f3n UV del 99,5 %, lo que prolonga la estabilidad del producto un 40 % m\u00e1s. El suministro para 30 d\u00edas es justo lo que se necesita para el volumen de 125 ml. Fue un gran \u00e9xito y la empresa encarg\u00f3 otros 3 millones de botellas para que el producto pudiera satisfacer la demanda de su creciente red minorista durante los pr\u00f3ximos dos a\u00f1os.<\/p>\n<h2>Personalizaci\u00f3n de botellas farmac\u00e9uticas<\/h2>\n<ul>\n<li>Color \u00e1mbar personalizado: el \u00e1mbar se puede convertir en un color desde miel claro hasta marr\u00f3n oscuro.<\/li>\n<li>Sistema de tap\u00f3n: Tapones disponibles: goteros, tapones dosificadores, goteros o bombas pulverizadoras.<\/li>\n<li>Etiquetado t\u00e1ctil: incorpore Braille u otros detalles t\u00e1ctiles visibles en la botella para satisfacer los requisitos de accesibilidad.<\/li>\n<li>Serigraf\u00eda: Se imprimen instrucciones de dosificaci\u00f3n directa, etiquetas o s\u00edmbolos de medicamentos.<\/li>\n<\/ul>","protected":false},"excerpt":{"rendered":"<p>Los frascos \u00e1mbar para jarabe y los frascos farmac\u00e9uticos con tapa de rosca est\u00e1n disponibles en nueve tama\u00f1os y son ideales para envasar medicamentos fotosensibles. Muestras gratuitas.<\/p>","protected":false},"featured_media":5751,"template":"","meta":{"postBodyCss":"","postBodyMargin":[],"postBodyPadding":[],"postBodyBackground":{"backgroundType":"classic","gradient":""}},"product_brand":[],"product_cat":[15,86,16],"product_tag":[88,102],"class_list":{"0":"post-5747","1":"product","2":"type-product","3":"status-publish","4":"has-post-thumbnail","6":"product_cat-glass-containers","7":"product_cat-glass-medicine-bottles","8":"product_cat-glass-bottles","9":"product_tag-medicine-syrup-bottles","10":"product_tag-pharmaceutical-syrup-bottles","12":"first","13":"instock","14":"shipping-taxable","15":"product-type-simple"},"jetpack_sharing_enabled":true,"_links":{"self":[{"href":"https:\/\/minghanggroup.com\/es\/wp-json\/wp\/v2\/product\/5747","targetHints":{"allow":["GET"]}}],"collection":[{"href":"https:\/\/minghanggroup.com\/es\/wp-json\/wp\/v2\/product"}],"about":[{"href":"https:\/\/minghanggroup.com\/es\/wp-json\/wp\/v2\/types\/product"}],"wp:featuredmedia":[{"embeddable":true,"href":"https:\/\/minghanggroup.com\/es\/wp-json\/wp\/v2\/media\/5751"}],"wp:attachment":[{"href":"https:\/\/minghanggroup.com\/es\/wp-json\/wp\/v2\/media?parent=5747"}],"wp:term":[{"taxonomy":"product_brand","embeddable":true,"href":"https:\/\/minghanggroup.com\/es\/wp-json\/wp\/v2\/product_brand?post=5747"},{"taxonomy":"product_cat","embeddable":true,"href":"https:\/\/minghanggroup.com\/es\/wp-json\/wp\/v2\/product_cat?post=5747"},{"taxonomy":"product_tag","embeddable":true,"href":"https:\/\/minghanggroup.com\/es\/wp-json\/wp\/v2\/product_tag?post=5747"}],"curies":[{"name":"wp","href":"https:\/\/api.w.org\/{rel}","templated":true}]}}