{"id":5742,"date":"2026-02-26T16:41:30","date_gmt":"2026-02-26T08:41:30","guid":{"rendered":"https:\/\/minghanggroup.com\/?post_type=product&#038;p=5742"},"modified":"2026-03-02T15:53:39","modified_gmt":"2026-03-02T07:53:39","slug":"glass-wide-mouth-reagent-bottles-wholesale","status":"publish","type":"product","link":"https:\/\/minghanggroup.com\/es\/producto\/glass-wide-mouth-reagent-bottles-wholesale\/","title":{"rendered":"Botellas de reactivo de vidrio de boca ancha de 30 ml a 1000 ml al por mayor"},"content":{"rendered":"<p>No solo almacena polvos, sino que tambi\u00e9n protege su investigaci\u00f3n. Nuestras botellas de reactivos de boca ancha eliminan los derrames de polvo para siempre. Las opciones de botellas de reactivo \u00e1mbar protegen los s\u00f3lidos fotosensibles. Botellas de vidrio de borosilicato, transparentes para mayor visibilidad y \u00e1mbar para protecci\u00f3n UV. Envases farmac\u00e9uticos ideales para su laboratorio. \u00bfTama\u00f1o de la botella? Desde 30 ml (peque\u00f1as dosis) hasta 1000 ml. \u00bfTapa? Tapas de rosca seguras. Su medicamento o reactivo se mantiene puro.<\/p>\n<h2>Caracter\u00edsticas del producto<\/h2>\n<ul>\n<li><strong>Dise\u00f1o de boca ancha:<\/strong> La gran apertura facilita el llenado, la dispensaci\u00f3n y la limpieza, perfecto para reactivos s\u00f3lidos, polvos y gr\u00e1nulos.<\/li>\n<li><strong>Excelente rendimiento de sellado:<\/strong> Los frascos se pueden sellar con tapones de vidrio esmerilado o tapas de seguridad para evitar eficazmente la contaminaci\u00f3n y la entrada de humedad.<\/li>\n<li><strong>M\u00faltiples opciones de capacidad:<\/strong> Disponible en diferentes tama\u00f1os para satisfacer los requisitos de laboratorio, investigaci\u00f3n y almacenamiento industrial.<\/li>\n<\/ul>\n<h2>Especificaciones clave<\/h2>\n<table style=\"border-collapse: collapse; width: 80%; margin-left: auto; margin-right: auto;\" border=\"0\" width=\"360\" cellspacing=\"0\" cellpadding=\"0\">\n<tbody>\n<tr style=\"height: 13.50pt;\">\n<td style=\"height: 13.5pt; width: 54pt; text-align: center;\" width=\"72\" height=\"18\">Capacidad (ml)<\/td>\n<td style=\"width: 54pt; text-align: center;\" width=\"72\">Tama\u00f1o (cm)<\/td>\n<td style=\"width: 54pt; text-align: center;\" width=\"72\">Di\u00e1metros interior\/exterior (mm)<\/td>\n<td style=\"width: 54pt; text-align: center;\" width=\"72\">Color<\/td>\n<td style=\"width: 54pt; text-align: center;\" width=\"72\">Caracter\u00edsticas<\/td>\n<\/tr>\n<tr style=\"height: 13.50pt;\">\n<td style=\"height: 13.5pt; text-align: center;\" align=\"right\" height=\"18\">30<\/td>\n<td style=\"text-align: center;\">3,95 \u00d7 7,6<\/td>\n<td class=\"et2\" style=\"text-align: center;\">30.0 \/ 32<\/td>\n<td class=\"et2\" style=\"text-align: center;\" rowspan=\"6\">Claro\/\u00c1mbar<\/td>\n<td class=\"et2\" style=\"text-align: center;\" rowspan=\"6\">boca ancha<\/td>\n<\/tr>\n<tr style=\"height: 13.50pt;\">\n<td style=\"height: 13.5pt; text-align: center;\" align=\"right\" height=\"18\">60<\/td>\n<td style=\"text-align: center;\">4,47 \u00d7 9,27<\/td>\n<td class=\"et2\" style=\"text-align: center;\">27.0 \/ 35<\/td>\n<\/tr>\n<tr style=\"height: 13.50pt;\">\n<td style=\"height: 13.5pt; text-align: center;\" align=\"right\" height=\"18\">125<\/td>\n<td style=\"text-align: center;\">5,41 \u00d7 11,0<\/td>\n<td class=\"et2\" style=\"text-align: center;\">38.0 \/ 43<\/td>\n<\/tr>\n<tr style=\"height: 13.50pt;\">\n<td style=\"height: 13.5pt; text-align: center;\" align=\"right\" height=\"18\">250<\/td>\n<td style=\"text-align: center;\">6,65 \u00d7 16,63<\/td>\n<td class=\"et2\" style=\"text-align: center;\">42.0 \/ 50<\/td>\n<\/tr>\n<tr style=\"height: 13.50pt;\">\n<td style=\"height: 13.5pt; text-align: center;\" align=\"right\" height=\"18\">500<\/td>\n<td style=\"text-align: center;\">8,22 \u00d7 17,6<\/td>\n<td class=\"et2\" style=\"text-align: center;\">49.0 \/ 58<\/td>\n<\/tr>\n<tr style=\"height: 13.50pt;\">\n<td style=\"height: 13.5pt; text-align: center;\" align=\"right\" height=\"18\">1000<\/td>\n<td style=\"text-align: center;\">10,18 \u00d7 21,17<\/td>\n<td class=\"et2\" style=\"text-align: center;\">58.0 \/ 66<\/td>\n<\/tr>\n<\/tbody>\n<\/table>\n<h2>Caso de \u00e9xito<\/h2>\n<p>Un proveedor alem\u00e1n de suministros para investigaci\u00f3n qu\u00edmica decidi\u00f3 utilizar nuestra serie de frascos de reactivo de boca ancha para reemplazar su l\u00ednea de envasado de laboratorio. Ofrecemos frascos de reactivo de color \u00e1mbar con mayor \u00edndice de bloqueo UV para brindar mayor protecci\u00f3n a los materiales fotosensibles. Adem\u00e1s, grabamos en relieve el cuerpo de los frascos con las marcas de capacidad, incorporamos un panel de etiqueta de cer\u00e1mica blanca para imprimir resistencia a solventes y mejoramos el fondo del frasco para aumentar su peso y aumentar su resistencia durante el transporte a mercados internacionales.<\/p>\n<p>Tras dos trimestres de reenvasado en nuestras botellas de reactivos, el distribuidor report\u00f3 un aumento del 26 % en el volumen de ventas de la l\u00ednea de reactivos envasados. Las quejas de clientes por fugas se redujeron en m\u00e1s de 40, lo que contribuy\u00f3 a aumentar la confianza de los clientes en la marca. Se repitieron cinco pedidos en 12 meses.<\/p>\n<h2>Consejos de personalizaci\u00f3n para ti<\/h2>\n<ol>\n<li><strong>Marcado de capacidad personalizado:<\/strong> Incorpora escalas de medici\u00f3n moldeadas o impresas (ml\/oz) para permitir una medici\u00f3n precisa en el laboratorio y un reconocimiento r\u00e1pido.<\/li>\n<li><strong>Estampado o grabado en bajorrelieve de logotipos:<\/strong> Coloque un logotipo de marca o un c\u00f3digo de lote en el cuerpo o en el fondo de la botella para crear una marca duradera.<\/li>\n<li><strong>Opciones de tratamiento de superficies:<\/strong> Agregue caracter\u00edsticas de manipulaci\u00f3n segura y de laboratorio mediante paneles de etiquetado esmerilado, revestimiento en aerosol mate o textura antideslizante.<\/li>\n<\/ol>","protected":false},"excerpt":{"rendered":"<p>Botella de reactivo de boca ancha premium, transparente o \u00e1mbar, para almacenamiento en laboratorio. Suministro directo de f\u00e1brica con personalizaci\u00f3n al por mayor y env\u00edo r\u00e1pido. Muestra gratuita.<\/p>","protected":false},"featured_media":5746,"template":"","meta":{"postBodyCss":"","postBodyMargin":[],"postBodyPadding":[],"postBodyBackground":{"backgroundType":"classic","gradient":""}},"product_brand":[],"product_cat":[15,86,16],"product_tag":[89,103,90],"class_list":{"0":"post-5742","1":"product","2":"type-product","3":"status-publish","4":"has-post-thumbnail","6":"product_cat-glass-containers","7":"product_cat-glass-medicine-bottles","8":"product_cat-glass-bottles","9":"product_tag-glass-pill-bottles","10":"product_tag-pharmacy-jars","11":"product_tag-reagent-bottles","13":"first","14":"instock","15":"shipping-taxable","16":"product-type-simple"},"jetpack_sharing_enabled":true,"_links":{"self":[{"href":"https:\/\/minghanggroup.com\/es\/wp-json\/wp\/v2\/product\/5742","targetHints":{"allow":["GET"]}}],"collection":[{"href":"https:\/\/minghanggroup.com\/es\/wp-json\/wp\/v2\/product"}],"about":[{"href":"https:\/\/minghanggroup.com\/es\/wp-json\/wp\/v2\/types\/product"}],"wp:featuredmedia":[{"embeddable":true,"href":"https:\/\/minghanggroup.com\/es\/wp-json\/wp\/v2\/media\/5746"}],"wp:attachment":[{"href":"https:\/\/minghanggroup.com\/es\/wp-json\/wp\/v2\/media?parent=5742"}],"wp:term":[{"taxonomy":"product_brand","embeddable":true,"href":"https:\/\/minghanggroup.com\/es\/wp-json\/wp\/v2\/product_brand?post=5742"},{"taxonomy":"product_cat","embeddable":true,"href":"https:\/\/minghanggroup.com\/es\/wp-json\/wp\/v2\/product_cat?post=5742"},{"taxonomy":"product_tag","embeddable":true,"href":"https:\/\/minghanggroup.com\/es\/wp-json\/wp\/v2\/product_tag?post=5742"}],"curies":[{"name":"wp","href":"https:\/\/api.w.org\/{rel}","templated":true}]}}