{"id":5733,"date":"2026-02-26T15:19:13","date_gmt":"2026-02-26T07:19:13","guid":{"rendered":"https:\/\/minghanggroup.com\/?post_type=product&#038;p=5733"},"modified":"2026-03-02T15:53:18","modified_gmt":"2026-03-02T07:53:18","slug":"glass-reagent-bottles-for-laboratory-use-bulk","status":"publish","type":"product","link":"https:\/\/minghanggroup.com\/es\/producto\/glass-reagent-bottles-for-laboratory-use-bulk\/","title":{"rendered":"Frascos de reactivo de vidrio de 30 ml a 1000 ml para uso en laboratorio a granel"},"content":{"rendered":"<p>No solo almacena reactivos, sino que tambi\u00e9n protege sus experimentos. Nuestras botellas de reactivos se fabrican para satisfacer las necesidades de precisi\u00f3n de los laboratorios. El vidrio de borosilicato se utiliza para fabricar botellas de vidrio transparentes (permite ver l\u00edquidos claros), \u00e1mbar (debido a la sensibilidad a la luz del medicamento o reactivo), etc. Los est\u00e1ndares de envasado farmac\u00e9utico se ajustan a la realidad del laboratorio. \u00bfTama\u00f1o de la botella? Entre 30 ml (apta para muestras del tama\u00f1o de una dracma) y 1000 ml. \u00bfTapa? Cierre de rosca. Su reactivo se mantiene purificado desde la mesa de trabajo hasta el estante.<\/p>\n<h2>Caracter\u00edsticas del producto<\/h2>\n<ul>\n<li><strong>Seguridad en cuellos estrechos:<\/strong> Su dise\u00f1o de boca peque\u00f1a y precisa reduce el derrame al verter. Cierre bien los recipientes, evitando as\u00ed las molestas fugas de l\u00edquido.<\/li>\n<li><strong>\u00c1mbar claro y protector:<\/strong> Los frascos de vidrio \u00e1mbar protegen los tintes de los rayos UV. Los transparentes son perfectos para comprobar el color del l\u00edquido. Ambos ayudan a que el medicamento se mantenga estable.<\/li>\n<li><strong>Eficiencia mayorista:<\/strong> Compre botellas de vidrio para reactivos al por mayor. Personalice sus etiquetas, envases terap\u00e9uticos y muestras seg\u00fan su presupuesto. Su cadena de suministro se simplifica.<\/li>\n<\/ul>\n<h2>Especificaciones clave<\/h2>\n<table style=\"border-collapse: collapse; width: 80%; margin-left: auto; margin-right: auto;\" border=\"0\" width=\"360\" cellspacing=\"0\" cellpadding=\"0\">\n<tbody>\n<tr style=\"height: 13.50pt;\">\n<td style=\"height: 13.5pt; width: 54pt; text-align: center;\" width=\"72\" height=\"18\">Capacidad (ml)<\/td>\n<td style=\"width: 54pt; text-align: center;\" width=\"72\">Tama\u00f1o (cm)<\/td>\n<td style=\"width: 54pt; text-align: center;\" width=\"72\">Di\u00e1metros interior\/exterior (mm)<\/td>\n<td style=\"width: 54pt; text-align: center;\" width=\"72\">Color<\/td>\n<td style=\"width: 54pt; text-align: center;\" width=\"72\">Material<\/td>\n<\/tr>\n<tr style=\"height: 13.50pt;\">\n<td style=\"height: 13.5pt; text-align: center;\" align=\"right\" height=\"18\">30<\/td>\n<td style=\"text-align: center;\">3,89 \u00d7 7,81<\/td>\n<td class=\"et2\" style=\"text-align: center;\">16.2 \/ 26<\/td>\n<td class=\"et2\" style=\"text-align: center;\" rowspan=\"6\">Claro \/ \u00c1mbar<\/td>\n<td class=\"et2\" style=\"text-align: center;\" rowspan=\"6\">Vidrio de borosilicato<\/td>\n<\/tr>\n<tr style=\"height: 13.50pt;\">\n<td style=\"height: 13.5pt; text-align: center;\" align=\"right\" height=\"18\">60<\/td>\n<td style=\"text-align: center;\">4,51 \u00d7 8,72<\/td>\n<td class=\"et2\" style=\"text-align: center;\">16.5 \/ 26<\/td>\n<\/tr>\n<tr style=\"height: 13.50pt;\">\n<td style=\"height: 13.5pt; text-align: center;\" align=\"right\" height=\"18\">125<\/td>\n<td style=\"text-align: center;\">5,25 \u00d7 11,50<\/td>\n<td class=\"et2\" style=\"text-align: center;\">18.6 \/ 30<\/td>\n<\/tr>\n<tr style=\"height: 13.50pt;\">\n<td style=\"height: 13.5pt; text-align: center;\" align=\"right\" height=\"18\">250<\/td>\n<td style=\"text-align: center;\">7,00 \u00d7 13,89<\/td>\n<td class=\"et2\" style=\"text-align: center;\">22.4 \/ 35<\/td>\n<\/tr>\n<tr style=\"height: 13.50pt;\">\n<td style=\"height: 13.5pt; text-align: center;\" align=\"right\" height=\"18\">500<\/td>\n<td style=\"text-align: center;\">8,16 \u00d7 16,98<\/td>\n<td class=\"et2\" style=\"text-align: center;\">27.0 \/ 40<\/td>\n<\/tr>\n<tr style=\"height: 13.50pt;\">\n<td style=\"height: 13.5pt; text-align: center;\" align=\"right\" height=\"18\">1000<\/td>\n<td style=\"text-align: center;\">10,38 \u00d7 21,08<\/td>\n<td class=\"et2\" style=\"text-align: center;\">33.2 \/ 48<\/td>\n<\/tr>\n<\/tbody>\n<\/table>\n<h2>Caso de \u00e9xito<\/h2>\n<p>Una empresa farmac\u00e9utica buscaba una soluci\u00f3n de envasado fiable para sus reactivos l\u00edquidos sensibles. Eligieron nuestras botellas de reactivos de vidrio transparente. Optaron por una superficie lisa y transparente para facilitar la visualizaci\u00f3n del contenido y un grabado l\u00e1ser para mostrar claramente el nombre del l\u00edquido en su interior.<\/p>\n<p>La farmac\u00e9utica report\u00f3 una reducci\u00f3n del 30% en roturas y un aumento del 25% en compras repetidas, lo que los llev\u00f3 a seguir realizando pedidos al por mayor en los siguientes trimestres.<\/p>\n<h2>Personalizaci\u00f3n para usted<\/h2>\n<ol>\n<li><strong>Etiquetado serigrafiado:<\/strong> Adhiera al vidrio etiquetas serigrafiadas, n\u00fameros de lote o s\u00edmbolos de peligro para que no se desprendan al despegarlos y puedan leerse f\u00e1cilmente a largo plazo.<\/li>\n<li><strong>Vidrio transparente o \u00e1mbar:<\/strong> Seleccione vidrio transparente o \u00e1mbar para adaptarse a los requisitos de los materiales sensibles a la luz, con lo que se lograr\u00e1 el mejor entorno de almacenamiento.<\/li>\n<li><strong>Marcas de medici\u00f3n graduadas:<\/strong> Agregue marcas de volumen en la botella que est\u00e9n grabadas o impresas para que el contenido se pueda medir con precisi\u00f3n y leer con facilidad.<\/li>\n<\/ol>","protected":false},"excerpt":{"rendered":"<p>Frascos de vidrio para reactivos para el almacenamiento seguro de productos qu\u00edmicos. Fabricados directamente en f\u00e1brica, ofrecemos personalizaci\u00f3n al por mayor, con muestras gratuitas para uso en laboratorio y est\u00e1ndares de la industria.<\/p>","protected":false},"featured_media":5741,"template":"","meta":{"postBodyCss":"","postBodyMargin":[],"postBodyPadding":[],"postBodyBackground":{"backgroundType":"classic","gradient":""}},"product_brand":[],"product_cat":[15,86,16],"product_tag":[103,90],"class_list":{"0":"post-5733","1":"product","2":"type-product","3":"status-publish","4":"has-post-thumbnail","6":"product_cat-glass-containers","7":"product_cat-glass-medicine-bottles","8":"product_cat-glass-bottles","9":"product_tag-pharmacy-jars","10":"product_tag-reagent-bottles","12":"first","13":"instock","14":"shipping-taxable","15":"product-type-simple"},"jetpack_sharing_enabled":true,"_links":{"self":[{"href":"https:\/\/minghanggroup.com\/es\/wp-json\/wp\/v2\/product\/5733","targetHints":{"allow":["GET"]}}],"collection":[{"href":"https:\/\/minghanggroup.com\/es\/wp-json\/wp\/v2\/product"}],"about":[{"href":"https:\/\/minghanggroup.com\/es\/wp-json\/wp\/v2\/types\/product"}],"wp:featuredmedia":[{"embeddable":true,"href":"https:\/\/minghanggroup.com\/es\/wp-json\/wp\/v2\/media\/5741"}],"wp:attachment":[{"href":"https:\/\/minghanggroup.com\/es\/wp-json\/wp\/v2\/media?parent=5733"}],"wp:term":[{"taxonomy":"product_brand","embeddable":true,"href":"https:\/\/minghanggroup.com\/es\/wp-json\/wp\/v2\/product_brand?post=5733"},{"taxonomy":"product_cat","embeddable":true,"href":"https:\/\/minghanggroup.com\/es\/wp-json\/wp\/v2\/product_cat?post=5733"},{"taxonomy":"product_tag","embeddable":true,"href":"https:\/\/minghanggroup.com\/es\/wp-json\/wp\/v2\/product_tag?post=5733"}],"curies":[{"name":"wp","href":"https:\/\/api.w.org\/{rel}","templated":true}]}}