{"id":5722,"date":"2026-02-26T14:08:45","date_gmt":"2026-02-26T06:08:45","guid":{"rendered":"https:\/\/minghanggroup.com\/?post_type=product&#038;p=5722"},"modified":"2026-03-02T15:46:51","modified_gmt":"2026-03-02T07:46:51","slug":"clear-glass-medical-vials-for-pharmaceutical-use-bulk","status":"publish","type":"product","link":"https:\/\/minghanggroup.com\/es\/producto\/clear-glass-medical-vials-for-pharmaceutical-use-bulk\/","title":{"rendered":"Viales m\u00e9dicos de vidrio transparente de 2 ml a 30 ml para uso farmac\u00e9utico a granel"},"content":{"rendered":"<p>Su medicamento se fabrica con precisi\u00f3n en nuestros viales farmac\u00e9uticos. Los viales m\u00e9dicos de vidrio se fabrican con el mejor vidrio de borosilicato, transparente para ver a trav\u00e9s de l\u00edquidos finos y \u00e1mbar para bloquear los rayos UV (cuando sea necesario). Envase farmac\u00e9utico que no le molesta. \u00bfTama\u00f1o del frasco? De 2 ml a 30 ml (dosis de p\u00edldora del tama\u00f1o de una dram). \u00bfTapa? Sellos de aluminio seguros. El medicamento se mantiene seguro entre el laboratorio y el paciente.<\/p>\n<h2>Caracter\u00edsticas del producto<\/h2>\n<ol>\n<li><strong>Claridad cristalina para mayor precisi\u00f3n:<\/strong> Los medicamentos en frascos de vidrio transparente se muestran visualmente. \u00a1Qu\u00e9 maravilla que ya no haya que adivinar! Se acabaron los errores.<\/li>\n<li><strong>Resistencia del borosilicato:<\/strong> El vidrio termorresistente conserva su resistencia y es apto para autoclave. Asegure bien los frascos de medicamentos para evitar grietas y fugas.<\/li>\n<li><strong>Ajuste perfecto para cada dosis:<\/strong> 2 ml para frascos peque\u00f1os de pastillas (dosis peque\u00f1as), 30 ml para vacunas. El rango de tama\u00f1os se adapta a sus necesidades m\u00e9dicas.<\/li>\n<\/ol>\n<h2>Especificaciones clave<\/h2>\n<table style=\"border-collapse: collapse; width: 80%; margin-left: auto; margin-right: auto;\" border=\"0\" width=\"360\" cellspacing=\"0\" cellpadding=\"0\">\n<tbody>\n<tr style=\"height: 13.50pt;\">\n<td style=\"height: 13.5pt; width: 54pt; text-align: center;\" width=\"72\" height=\"18\">Capacidad (ml)<\/td>\n<td style=\"width: 54pt; text-align: center;\" width=\"72\">Dimensiones (cm)<\/td>\n<td style=\"width: 54pt; text-align: center;\" width=\"72\">Di\u00e1metros interiores\/exteriores<\/td>\n<td style=\"width: 54pt; text-align: center;\" width=\"72\">Color<\/td>\n<td style=\"width: 54pt; text-align: center;\" width=\"72\">Material<\/td>\n<\/tr>\n<tr style=\"height: 13.50pt;\">\n<td style=\"height: 13.5pt; text-align: center;\" align=\"right\" height=\"18\">2<\/td>\n<td style=\"text-align: center;\">1,58 \u00d7 3,5<\/td>\n<td class=\"et2\" style=\"text-align: center;\" rowspan=\"9\">12,6 \/ 20 mil\u00edmetros<\/td>\n<td class=\"et2\" style=\"text-align: center;\" rowspan=\"9\">Claro<\/td>\n<td class=\"et2\" style=\"text-align: center;\" rowspan=\"9\">Vidrio de borosilicato<\/td>\n<\/tr>\n<tr style=\"height: 13.50pt;\">\n<td style=\"height: 13.5pt; text-align: center;\" align=\"right\" height=\"18\">7<\/td>\n<td style=\"text-align: center;\">2,20 \u00d7 3,97<\/td>\n<\/tr>\n<tr style=\"height: 13.50pt;\">\n<td style=\"height: 13.5pt; text-align: center;\" align=\"right\" height=\"18\">8<\/td>\n<td style=\"text-align: center;\">2,20 \u00d7 4,50<\/td>\n<\/tr>\n<tr style=\"height: 13.50pt;\">\n<td style=\"height: 13.5pt; text-align: center;\" align=\"right\" height=\"18\">10<\/td>\n<td style=\"text-align: center;\">2,40 \u00d7 4,50<\/td>\n<\/tr>\n<tr style=\"height: 13.50pt;\">\n<td style=\"height: 13.5pt; text-align: center;\" align=\"right\" height=\"18\">12<\/td>\n<td style=\"text-align: center;\">2,40 \u00d7 5,30<\/td>\n<\/tr>\n<tr style=\"height: 13.50pt;\">\n<td style=\"height: 13.5pt; text-align: center;\" align=\"right\" height=\"18\">15<\/td>\n<td style=\"text-align: center;\">2,65 \u00d7 5,20<\/td>\n<\/tr>\n<tr style=\"height: 13.50pt;\">\n<td style=\"height: 13.5pt; text-align: center;\" align=\"right\" height=\"18\">20<\/td>\n<td style=\"text-align: center;\">2,76 \u00d7 5,80<\/td>\n<\/tr>\n<tr style=\"height: 13.50pt;\">\n<td style=\"height: 13.5pt; text-align: center;\" align=\"right\" height=\"18\">25<\/td>\n<td style=\"text-align: center;\">2,95 \u00d7 6,00<\/td>\n<\/tr>\n<tr style=\"height: 13.50pt;\">\n<td style=\"height: 13.5pt; text-align: center;\" align=\"right\" height=\"18\">30<\/td>\n<td style=\"text-align: center;\">3,00 \u00d7 6,50<\/td>\n<\/tr>\n<\/tbody>\n<\/table>\n<h2>Caso de \u00e9xito<\/h2>\n<p>Una empresa farmac\u00e9utica inyectable de r\u00e1pido crecimiento seleccion\u00f3 nuestros viales de vidrio transparente de 7 ml para su nueva l\u00ednea de viales inyectables est\u00e9riles. Estos viales cuentan con cuellos anchos y lisos que facilitan la fijaci\u00f3n segura del tap\u00f3n de goma para un sellado perfecto. Tambi\u00e9n personalizaron las etiquetas del producto, destacando sus caracter\u00edsticas principales. El tap\u00f3n de goma previene eficazmente las fugas.<\/p>\n<p>Despu\u00e9s de adoptar estos viales personalizados, la empresa vio una mejora del 30% en la eficiencia del cumplimiento de pedidos y una reducci\u00f3n significativa en las quejas por roturas u otras razones.<\/p>\n<h2>Consejos de personalizaci\u00f3n para ti<\/h2>\n<ol>\n<li><strong>Volumen y tama\u00f1o configurables:<\/strong> Ofrecer distintos tama\u00f1os de distintos productos farmac\u00e9uticos, como viales peque\u00f1os que contienen medicamentos concentrados o viales grandes que contienen dosis m\u00faltiples.<\/li>\n<li><strong>Etiqueta que ahorra tiempo:<\/strong> Agregue etiquetas de dosificaci\u00f3n f\u00e1ciles de entender para la farmacia. Opciones de tama\u00f1o personalizado para envases farmac\u00e9uticos.<\/li>\n<li><strong>Eficiencia a granel:<\/strong> Viales Compre viales farmac\u00e9uticos al por mayor y reciba descuentos por volumen, muestras gratis y servicio individual.<\/li>\n<\/ol>","protected":false},"excerpt":{"rendered":"<p>Nuestros viales m\u00e9dicos permiten el almacenamiento seguro de l\u00edquidos o polvos. Viales farmac\u00e9uticos a granel disponibles directamente de f\u00e1brica, con muestras gratuitas y opciones personalizadas.<\/p>","protected":false},"featured_media":5730,"template":"","meta":{"postBodyCss":"","postBodyMargin":[],"postBodyPadding":[],"postBodyBackground":{"backgroundType":"classic","gradient":""}},"product_brand":[],"product_cat":[15,86,16],"product_tag":[101],"class_list":{"0":"post-5722","1":"product","2":"type-product","3":"status-publish","4":"has-post-thumbnail","6":"product_cat-glass-containers","7":"product_cat-glass-medicine-bottles","8":"product_cat-glass-bottles","9":"product_tag-sterile-vials","11":"first","12":"instock","13":"shipping-taxable","14":"product-type-simple"},"jetpack_sharing_enabled":true,"_links":{"self":[{"href":"https:\/\/minghanggroup.com\/es\/wp-json\/wp\/v2\/product\/5722","targetHints":{"allow":["GET"]}}],"collection":[{"href":"https:\/\/minghanggroup.com\/es\/wp-json\/wp\/v2\/product"}],"about":[{"href":"https:\/\/minghanggroup.com\/es\/wp-json\/wp\/v2\/types\/product"}],"wp:featuredmedia":[{"embeddable":true,"href":"https:\/\/minghanggroup.com\/es\/wp-json\/wp\/v2\/media\/5730"}],"wp:attachment":[{"href":"https:\/\/minghanggroup.com\/es\/wp-json\/wp\/v2\/media?parent=5722"}],"wp:term":[{"taxonomy":"product_brand","embeddable":true,"href":"https:\/\/minghanggroup.com\/es\/wp-json\/wp\/v2\/product_brand?post=5722"},{"taxonomy":"product_cat","embeddable":true,"href":"https:\/\/minghanggroup.com\/es\/wp-json\/wp\/v2\/product_cat?post=5722"},{"taxonomy":"product_tag","embeddable":true,"href":"https:\/\/minghanggroup.com\/es\/wp-json\/wp\/v2\/product_tag?post=5722"}],"curies":[{"name":"wp","href":"https:\/\/api.w.org\/{rel}","templated":true}]}}