{"id":5720,"date":"2026-02-26T13:18:36","date_gmt":"2026-02-26T05:18:36","guid":{"rendered":"https:\/\/minghanggroup.com\/?post_type=product&#038;p=5720"},"modified":"2026-03-02T15:48:11","modified_gmt":"2026-03-02T07:48:11","slug":"clear-glass-syrup-bottles-for-oral-liquid-bulk","status":"publish","type":"product","link":"https:\/\/minghanggroup.com\/es\/producto\/clear-glass-syrup-bottles-for-oral-liquid-bulk\/","title":{"rendered":"Botellas de vidrio transparente para jarabe de 30 ml a 500 ml para l\u00edquidos orales a granel"},"content":{"rendered":"<p>Estas botellas de vidrio para jarabe tienen forma ovalada y son lisas y redondeadas con un cuello estrecho con rosca para evitar derrames y mantener fresco el contenido del jarabe, medicamentos o cualquier otra preparaci\u00f3n l\u00edquida.<\/p>\n<h2>Caracter\u00edsticas del producto<\/h2>\n<ul>\n<li><strong>Transparencia de grado farmac\u00e9utico:<\/strong> El vidrio transparente de alto grado hace que el producto sea transparente y de alta calidad.<\/li>\n<li><strong>Cuello de vertido preciso:<\/strong> El cuello roscado es estrecho, lo que permite un control de vertido preciso y facilidad de tapado.<\/li>\n<li><strong>Capacidad total:<\/strong> Siete tama\u00f1os diferentes, de 30 ml a 500 ml, para adaptarse a casi todos los requisitos de envasado de l\u00edquidos.<\/li>\n<\/ul>\n<h2 style=\"text-align: left;\">Especificaciones clave<\/h2>\n<table class=\"aligncenter\" style=\"border-collapse: collapse; width: 391.52pt;\" border=\"0\" width=\"522\" cellspacing=\"0\" cellpadding=\"0\">\n<tbody>\n<tr style=\"height: 13.50pt;\">\n<td style=\"height: 13.50pt; width: 115.50pt;\" width=\"154\" height=\"18\">Especificaci\u00f3n<\/td>\n<td style=\"width: 276.00pt;\" width=\"368\">Detalles<\/td>\n<\/tr>\n<tr style=\"height: 13.50pt;\">\n<td style=\"height: 13.50pt;\" height=\"18\">Capacidad<\/td>\n<td>30 ml, 60 ml, 90 ml, 125 ml, 150 ml, 200 ml, 500 ml<\/td>\n<\/tr>\n<tr style=\"height: 13.50pt;\">\n<td style=\"height: 13.50pt;\" height=\"18\">Dimensiones<\/td>\n<td>3,5 \u00d7 6,7 cm a 7,6 \u00d7 17,7 cm (di\u00e1metro \u00d7 altura)<\/td>\n<\/tr>\n<tr style=\"height: 13.50pt;\">\n<td style=\"height: 13.50pt;\" height=\"18\">Material<\/td>\n<td>Vidrio transparente de calidad farmac\u00e9utica<\/td>\n<\/tr>\n<tr style=\"height: 13.50pt;\">\n<td style=\"height: 13.50pt;\" height=\"18\">Forma de la botella<\/td>\n<td>Cilindro liso con cuello estrecho y roscado<\/td>\n<\/tr>\n<tr style=\"height: 13.50pt;\">\n<td style=\"height: 13.50pt;\" height=\"18\">Alcance de personalizaci\u00f3n<\/td>\n<td>Color, tama\u00f1o, serigraf\u00eda, tapas<\/td>\n<\/tr>\n<tr style=\"height: 13.50pt;\">\n<td style=\"height: 13.50pt;\" height=\"18\">Artesan\u00eda<\/td>\n<td>Soplado de vidrio de precisi\u00f3n para uniformidad<\/td>\n<\/tr>\n<tr style=\"height: 13.50pt;\">\n<td style=\"height: 13.50pt;\" height=\"18\">Prop\u00f3sito del producto<\/td>\n<td>Frascos de vidrio para jarabe y l\u00edquidos orales<\/td>\n<\/tr>\n<tr style=\"height: 13.50pt;\">\n<td style=\"height: 13.50pt;\" height=\"18\">Industrias adecuadas<\/td>\n<td>Compa\u00f1\u00edas farmac\u00e9uticas, marcas nutrac\u00e9uticas<\/td>\n<\/tr>\n<\/tbody>\n<\/table>\n<h2>Historia de \u00e9xito<\/h2>\n<p>Una de las empresas nacionales de suplementos herbales lanz\u00f3 una serie de jarabes de sa\u00faco y hierbas. Eligieron nuestras botellas de jarabe de vidrio de 125 ml y personalizaron el cuerpo \u00e1mbar de la botella y las instrucciones de dosificaci\u00f3n que se serigrafiaron. El cuerpo \u00e1mbar es un vidrio transparente de alta calidad que evita la exposici\u00f3n de los ingredientes sensibles a la luz y prolonga su vida \u00fatil un 30 %. Debido a la excelente acogida del mercado, la empresa encarg\u00f3 2,5 millones m\u00e1s para cubrir sus necesidades de venta minorista y en l\u00ednea durante los pr\u00f3ximos dos a\u00f1os.<\/p>\n<h2>Personalizaci\u00f3n de botellas de jarabe de vidrio<\/h2>\n<ul>\n<li>Color del vidrio: Protecci\u00f3n UV: el vidrio est\u00e1 disponible en color transparente, \u00e1mbar, azul cobalto y en colores personalizados; Marca: El vidrio puede estar disponible en cualquier color.<\/li>\n<li>Marcado de capacidad en relieve: Coloque marcas de capacidad en relieve y palpables (por ejemplo, \u201c125 ml\u201d) en el hombro de la botella.<\/li>\n<li>Rosca de cuello de botella personalizada: cambie la forma de la rosca para adaptarse a tapas dispensadoras espec\u00edficas o tapas a prueba de ni\u00f1os.<\/li>\n<\/ul>","protected":false},"excerpt":{"rendered":"<p>Botellas de vidrio resistentes para jarabe con cuello de rosca, disponibles en varios tama\u00f1os para envases de medicamentos, jarabes y cosm\u00e9ticos. Solicite sus muestras gratuitas.<\/p>","protected":false},"featured_media":5737,"template":"","meta":{"postBodyCss":"","postBodyMargin":[],"postBodyPadding":[],"postBodyBackground":{"backgroundType":"classic","gradient":""}},"product_brand":[],"product_cat":[15,86,16],"product_tag":[88,102],"class_list":{"0":"post-5720","1":"product","2":"type-product","3":"status-publish","4":"has-post-thumbnail","6":"product_cat-glass-containers","7":"product_cat-glass-medicine-bottles","8":"product_cat-glass-bottles","9":"product_tag-medicine-syrup-bottles","10":"product_tag-pharmaceutical-syrup-bottles","12":"first","13":"instock","14":"shipping-taxable","15":"product-type-simple"},"jetpack_sharing_enabled":true,"_links":{"self":[{"href":"https:\/\/minghanggroup.com\/es\/wp-json\/wp\/v2\/product\/5720","targetHints":{"allow":["GET"]}}],"collection":[{"href":"https:\/\/minghanggroup.com\/es\/wp-json\/wp\/v2\/product"}],"about":[{"href":"https:\/\/minghanggroup.com\/es\/wp-json\/wp\/v2\/types\/product"}],"wp:featuredmedia":[{"embeddable":true,"href":"https:\/\/minghanggroup.com\/es\/wp-json\/wp\/v2\/media\/5737"}],"wp:attachment":[{"href":"https:\/\/minghanggroup.com\/es\/wp-json\/wp\/v2\/media?parent=5720"}],"wp:term":[{"taxonomy":"product_brand","embeddable":true,"href":"https:\/\/minghanggroup.com\/es\/wp-json\/wp\/v2\/product_brand?post=5720"},{"taxonomy":"product_cat","embeddable":true,"href":"https:\/\/minghanggroup.com\/es\/wp-json\/wp\/v2\/product_cat?post=5720"},{"taxonomy":"product_tag","embeddable":true,"href":"https:\/\/minghanggroup.com\/es\/wp-json\/wp\/v2\/product_tag?post=5720"}],"curies":[{"name":"wp","href":"https:\/\/api.w.org\/{rel}","templated":true}]}}