{"id":5710,"date":"2026-02-26T13:17:31","date_gmt":"2026-02-26T05:17:31","guid":{"rendered":"https:\/\/minghanggroup.com\/?post_type=product&#038;p=5710"},"modified":"2026-03-02T15:45:54","modified_gmt":"2026-03-02T07:45:54","slug":"sterile-glass-medication-vials-for-packaging-bulk","status":"publish","type":"product","link":"https:\/\/minghanggroup.com\/es\/producto\/sterile-glass-medication-vials-for-packaging-bulk\/","title":{"rendered":"Viales de vidrio est\u00e9riles para medicamentos de 7 ml a 100 ml para envasado a granel"},"content":{"rendered":"<p>Nuestros viales para medicamentos est\u00e1n dise\u00f1ados para brindar precisi\u00f3n. Los frascos de vidrio \u00e1mbar y transparente protegen las f\u00f3rmulas sensibles de la luz. El envase de vidrio farmac\u00e9utico que buscaba est\u00e1 aqu\u00ed: soluciones para viales de medicamentos que se adaptan a todas las necesidades de los frascos de prescripci\u00f3n. \u00bfTama\u00f1o del frasco? Tenemos desde 7 ml hasta 100 ml. \u00bfColor? \u00c1mbar para protecci\u00f3n contra la luz, transparente para mayor visibilidad. \u00bfTapa? Sellos de aluminio de seguridad. Sus medicamentos se mantienen seguros desde la f\u00e1brica hasta el paciente.<\/p>\n<h2>Caracter\u00edsticas del producto<\/h2>\n<ul>\n<li><strong>Vidrio \u00e1mbar ligero y protector:<\/strong> Los frascos de vidrio \u00e1mbar bloquean los rayos UV, una de las principales causas del deterioro de los medicamentos. Las opciones transparentes permiten ver el contenido con claridad. Ambas opciones ayudan a mantener los medicamentos seguros y eficaces.<\/li>\n<li><strong>Ajuste preciso para cada dosis:<\/strong> Ya sea un peque\u00f1o frasco de pastillas (7 ml) o un vial para l\u00edquidos con capacidad de 100 ml, nuestra gama de tama\u00f1os se adapta perfectamente a sus necesidades. Se acab\u00f3 el tener que adivinar.<\/li>\n<li><strong>Sello que permanece bloqueado:<\/strong> Dise\u00f1o de tapa est\u00e1ndar con precintos de seguridad. Cierre herm\u00e9ticamente los frascos de medicamentos, evitando derrames y fugas.<\/li>\n<\/ul>\n<h2>Especificaciones clave<\/h2>\n<table style=\"border-collapse: collapse; width: 80%; margin-left: auto; margin-right: auto;\" border=\"0\" width=\"360\" cellspacing=\"0\" cellpadding=\"0\">\n<tbody>\n<tr style=\"height: 13.50pt;\">\n<td style=\"height: 13.5pt; width: 54pt; text-align: center;\" width=\"72\" height=\"18\">Capacidad (ml)<\/td>\n<td style=\"width: 54pt; text-align: center;\" width=\"72\">Dimensiones (cm)<\/td>\n<td style=\"width: 54pt; text-align: center;\" width=\"72\">Di\u00e1metros interiores\/exteriores<\/td>\n<td style=\"width: 54pt; text-align: center;\" width=\"72\">Color<\/td>\n<td style=\"width: 54pt; text-align: center;\" width=\"72\">Material<\/td>\n<\/tr>\n<tr style=\"height: 13.50pt;\">\n<td style=\"height: 13.5pt; text-align: center;\" align=\"right\" height=\"18\">7<\/td>\n<td style=\"text-align: center;\">2,21 \u00d7 4,08<\/td>\n<td class=\"et2\" style=\"text-align: center;\" rowspan=\"8\">12,6 \/ 20 mil\u00edmetros<\/td>\n<td class=\"et2\" style=\"text-align: center;\" rowspan=\"8\">\u00c1mbar\/Transparente<\/td>\n<td class=\"et2\" style=\"text-align: center;\" rowspan=\"8\">Vidrio de sodio y calcio<\/td>\n<\/tr>\n<tr style=\"height: 13.50pt;\">\n<td style=\"height: 13.5pt; text-align: center;\" align=\"right\" height=\"18\">8<\/td>\n<td style=\"text-align: center;\">2,30 \u00d7 4,68<\/td>\n<\/tr>\n<tr style=\"height: 13.50pt;\">\n<td style=\"height: 13.5pt; text-align: center;\" align=\"right\" height=\"18\">10<\/td>\n<td style=\"text-align: center;\">2,54 \u00d7 5,35<\/td>\n<\/tr>\n<tr style=\"height: 13.50pt;\">\n<td style=\"height: 13.5pt; text-align: center;\" align=\"right\" height=\"18\">15<\/td>\n<td style=\"text-align: center;\">2,65 \u00d7 5,88<\/td>\n<\/tr>\n<tr style=\"height: 13.50pt;\">\n<td style=\"height: 13.5pt; text-align: center;\" align=\"right\" height=\"18\">20<\/td>\n<td style=\"text-align: center;\">3,2 \u00d7 5,8<\/td>\n<\/tr>\n<tr style=\"height: 13.50pt;\">\n<td style=\"height: 13.5pt; text-align: center;\" align=\"right\" height=\"18\">30<\/td>\n<td style=\"text-align: center;\">3,60 \u00d7 6,28<\/td>\n<\/tr>\n<tr style=\"height: 13.50pt;\">\n<td style=\"height: 13.5pt; text-align: center;\" align=\"right\" height=\"18\">50<\/td>\n<td style=\"text-align: center;\">4,25 \u00d7 7,3<\/td>\n<\/tr>\n<tr style=\"height: 13.50pt;\">\n<td style=\"height: 13.5pt; text-align: center;\" align=\"right\" height=\"18\">100<\/td>\n<td style=\"text-align: center;\">5,16 \u00d7 9,45<\/td>\n<\/tr>\n<\/tbody>\n<\/table>\n<h2>Caso de \u00e9xito<\/h2>\n<p>Una de las empresas de biotecnolog\u00eda que trabaja con productos pept\u00eddicos inyectables ha decidido utilizar nuestros viales de vidrio para medicamentos en su nueva formulaci\u00f3n liofilizada para exportar al Sudeste Asi\u00e1tico. La empresa tambi\u00e9n opt\u00f3 por un fondo de vial m\u00e1s grueso para mejorar la tolerancia durante el proceso de liofilizaci\u00f3n. El cliente tambi\u00e9n encarg\u00f3 que los n\u00fameros de lote se grabaran con l\u00e1ser en el fondo de los viales.<\/p>\n<p>Desde que cambiamos a viales de vidrio para medicamentos, la empresa ha visto una reducci\u00f3n del 41 por ciento en la tasa de desechos de producci\u00f3n y en los primeros dos trimestres, la cantidad total de env\u00edos anuales ha aumentado un 28 por ciento como resultado de una mejor confiabilidad del empaque y una aprobaci\u00f3n regulatoria acelerada.<\/p>\n<h2>Consejos de personalizaci\u00f3n para ti<\/h2>\n<ol>\n<li><strong>Etiqueta que resalta:<\/strong> Coloque etiquetas farmac\u00e9uticas f\u00e1ciles de usar con instrucciones de dosificaci\u00f3n en el envase. Disponemos de frascos de pastillas de tama\u00f1o personalizado.<\/li>\n<li><strong>Esquema de colores:<\/strong> Use el color \u00e1mbar para los frascos de medicamentos recetados que contienen medicamentos ligeros y sensibles. Use el color transparente para medicamentos l\u00edquidos, donde es importante ver el medicamento.<\/li>\n<li><strong>Ahorros al por mayor:<\/strong> Compre viales de medicamentos al por mayor con precios de mayorista, descuentos escalonados, muestras gratuitas y soporte personalizado. Ideal para el envasado farmac\u00e9utico.<\/li>\n<\/ol>","protected":false},"excerpt":{"rendered":"<p>Viales de vidrio de alta calidad para medicamentos en varios tama\u00f1os. Suministro directo de f\u00e1brica con personalizaci\u00f3n al por mayor y env\u00edo r\u00e1pido para uso farmac\u00e9utico.<\/p>","protected":false},"featured_media":5715,"template":"","meta":{"postBodyCss":"","postBodyMargin":[],"postBodyPadding":[],"postBodyBackground":{"backgroundType":"classic","gradient":""}},"product_brand":[],"product_cat":[15,86,16],"product_tag":[101],"class_list":{"0":"post-5710","1":"product","2":"type-product","3":"status-publish","4":"has-post-thumbnail","6":"product_cat-glass-containers","7":"product_cat-glass-medicine-bottles","8":"product_cat-glass-bottles","9":"product_tag-sterile-vials","11":"first","12":"instock","13":"shipping-taxable","14":"product-type-simple"},"jetpack_sharing_enabled":true,"_links":{"self":[{"href":"https:\/\/minghanggroup.com\/es\/wp-json\/wp\/v2\/product\/5710","targetHints":{"allow":["GET"]}}],"collection":[{"href":"https:\/\/minghanggroup.com\/es\/wp-json\/wp\/v2\/product"}],"about":[{"href":"https:\/\/minghanggroup.com\/es\/wp-json\/wp\/v2\/types\/product"}],"wp:featuredmedia":[{"embeddable":true,"href":"https:\/\/minghanggroup.com\/es\/wp-json\/wp\/v2\/media\/5715"}],"wp:attachment":[{"href":"https:\/\/minghanggroup.com\/es\/wp-json\/wp\/v2\/media?parent=5710"}],"wp:term":[{"taxonomy":"product_brand","embeddable":true,"href":"https:\/\/minghanggroup.com\/es\/wp-json\/wp\/v2\/product_brand?post=5710"},{"taxonomy":"product_cat","embeddable":true,"href":"https:\/\/minghanggroup.com\/es\/wp-json\/wp\/v2\/product_cat?post=5710"},{"taxonomy":"product_tag","embeddable":true,"href":"https:\/\/minghanggroup.com\/es\/wp-json\/wp\/v2\/product_tag?post=5710"}],"curies":[{"name":"wp","href":"https:\/\/api.w.org\/{rel}","templated":true}]}}