{"id":5701,"date":"2026-02-25T16:12:05","date_gmt":"2026-02-25T08:12:05","guid":{"rendered":"https:\/\/minghanggroup.com\/?post_type=product&#038;p=5701"},"modified":"2026-02-25T16:58:18","modified_gmt":"2026-02-25T08:58:18","slug":"amber-fancy-wine-bottles-with-corks-bulk","status":"publish","type":"product","link":"https:\/\/minghanggroup.com\/es\/producto\/amber-fancy-wine-bottles-with-corks-bulk\/","title":{"rendered":"Botellas de vino \u00e1mbar de lujo de 750 ml con corchos a granel"},"content":{"rendered":"<p>Estas elegantes botellas de vino se fabrican con vidrio color \u00e1mbar, muy eficaz para bloquear los rayos UV. Su dise\u00f1o se adapta perfectamente a las botellas de vino de corcho convencionales, por lo que son perfectas para vinos finos y mesas elegantes.<\/p>\n<h2>Caracter\u00edsticas del producto<\/h2>\n<ul>\n<li><strong>Vidrio marr\u00f3n de alta transparencia:<\/strong> Alta transparencia: el vidrio marr\u00f3n de alta transparencia elaborado por expertos incorpora capacidades de bloqueo de luz en una alta transparencia para que el esp\u00edritu no se da\u00f1e por la radiaci\u00f3n UV.<\/li>\n<li><strong>Cuello de sellado est\u00e1ndar:<\/strong> Es la forma de cuello estrecho con un tallo bien definido donde pueden encajar diferentes corchos donde garantiza la hermeticidad y frescura del destilado en su almacenamiento.<\/li>\n<li><strong>Fondo antideslizante engrosado:<\/strong> El fondo engrosado y ranurado a\u00f1ade estabilidad y promueve la separaci\u00f3n de los sedimentos, lo cual es apropiado para contenedores de gran volumen.<\/li>\n<\/ul>\n<h2 style=\"text-align: left;\">Especificaciones clave<\/h2>\n<table class=\"aligncenter\" style=\"border-collapse: collapse; width: 415.52pt;\" border=\"0\" width=\"554\" cellspacing=\"0\" cellpadding=\"0\">\n<tbody>\n<tr style=\"height: 13.50pt;\">\n<td style=\"height: 13.50pt; width: 118.50pt;\" width=\"158\" height=\"18\">Atributo<\/td>\n<td style=\"width: 297.00pt;\" width=\"396\">Detalles<\/td>\n<\/tr>\n<tr style=\"height: 13.50pt;\">\n<td style=\"height: 13.50pt;\" height=\"18\">Capacidad<\/td>\n<td>750 ml<\/td>\n<\/tr>\n<tr style=\"height: 13.50pt;\">\n<td style=\"height: 13.50pt;\" height=\"18\">Material<\/td>\n<td>Vidrio \u00e1mbar profundo (alta protecci\u00f3n UV)<\/td>\n<\/tr>\n<tr style=\"height: 13.50pt;\">\n<td style=\"height: 13.50pt;\" height=\"18\">Forma de la botella<\/td>\n<td>Alto, de paredes rectas y cuello alargado y delgado.<\/td>\n<\/tr>\n<tr style=\"height: 13.50pt;\">\n<td style=\"height: 13.50pt;\" height=\"18\">Gama de personalizaci\u00f3n<\/td>\n<td>Profundidad de color, relieve, acabado del cuello.<\/td>\n<\/tr>\n<tr style=\"height: 13.50pt;\">\n<td style=\"height: 13.50pt;\" height=\"18\">Artesan\u00eda<\/td>\n<td>Vidrio grueso y uniforme; acabado superior liso y recto.<\/td>\n<\/tr>\n<tr style=\"height: 13.50pt;\">\n<td style=\"height: 13.50pt;\" height=\"18\">Uso principal<\/td>\n<td>Botellas de vino de lujo, botellas de vino al por mayor<\/td>\n<\/tr>\n<tr style=\"height: 13.50pt;\">\n<td style=\"height: 13.50pt;\" height=\"18\">Industrias objetivo<\/td>\n<td>Bodegas premium, destiler\u00edas artesanales<\/td>\n<\/tr>\n<\/tbody>\n<\/table>\n<h2>Historia de \u00e9xito: Edici\u00f3n limitada de la destiler\u00eda de whisky escoc\u00e9s<\/h2>\n<p>Una de las destiler\u00edas escocesas m\u00e1s conocidas present\u00f3 un whisky de malta puro en edici\u00f3n limitada. Eligieron nuestra botella de vino \u00e1mbar con corcho y etiqueta personalizada, impresa con l\u00e1mina de oro. Esta botella de vidrio \u00e1mbar de alta calidad reduce el da\u00f1o causado por la luz al vino durante el almacenamiento en un 18 %, y su elegante y alargada forma aument\u00f3 el valor percibido de la botella en un 12 % seg\u00fan la encuesta. La destiler\u00eda qued\u00f3 tan encantada con el producto que, posteriormente, encarg\u00f3 otras 300.000 botellas para embotellar todos sus whiskies de edici\u00f3n limitada en los pr\u00f3ximos cinco a\u00f1os.<\/p>\n<h2>Sugerencias para personalizar botellas de vino de lujo<\/h2>\n<ul>\n<li>Saturaci\u00f3n de color: 0 a 1.0 Cambia la intensidad del color \u00e1mbar de marr\u00f3n claro a marr\u00f3n oscuro, casi opaco.<\/li>\n<li>Cuello: para agregar un aspecto ornamentado a la botella, agregue un anillo debajo del cuello o un elemento elevado debajo del nivel del cuello.<\/li>\n<li>Longitud de corcho personalizada: ingrese la dimensi\u00f3n interna preferida del cuello para que se ajuste perfectamente a la longitud y el tipo de corcho deseados.<\/li>\n<li>Base personalizada: graba un peque\u00f1o logotipo o vintage en el interior de la base como personalizaci\u00f3n secreta.<\/li>\n<\/ul>","protected":false},"excerpt":{"rendered":"<p>Personaliza tu marca de lujo con nuestra botella de vino con corcho. Estas elegantes botellas cuentan con un cuello largo y elegante y una base estable. Soporte OEM profesional.<\/p>","protected":false},"featured_media":5704,"template":"","meta":{"postBodyCss":"","postBodyMargin":[],"postBodyPadding":[],"postBodyBackground":{"backgroundType":"classic","gradient":""}},"product_brand":[],"product_cat":[15,16,84],"product_tag":[],"class_list":{"0":"post-5701","1":"product","2":"type-product","3":"status-publish","4":"has-post-thumbnail","6":"product_cat-glass-containers","7":"product_cat-glass-bottles","8":"product_cat-wine-bottles","10":"first","11":"instock","12":"shipping-taxable","13":"product-type-simple"},"jetpack_sharing_enabled":true,"_links":{"self":[{"href":"https:\/\/minghanggroup.com\/es\/wp-json\/wp\/v2\/product\/5701","targetHints":{"allow":["GET"]}}],"collection":[{"href":"https:\/\/minghanggroup.com\/es\/wp-json\/wp\/v2\/product"}],"about":[{"href":"https:\/\/minghanggroup.com\/es\/wp-json\/wp\/v2\/types\/product"}],"wp:featuredmedia":[{"embeddable":true,"href":"https:\/\/minghanggroup.com\/es\/wp-json\/wp\/v2\/media\/5704"}],"wp:attachment":[{"href":"https:\/\/minghanggroup.com\/es\/wp-json\/wp\/v2\/media?parent=5701"}],"wp:term":[{"taxonomy":"product_brand","embeddable":true,"href":"https:\/\/minghanggroup.com\/es\/wp-json\/wp\/v2\/product_brand?post=5701"},{"taxonomy":"product_cat","embeddable":true,"href":"https:\/\/minghanggroup.com\/es\/wp-json\/wp\/v2\/product_cat?post=5701"},{"taxonomy":"product_tag","embeddable":true,"href":"https:\/\/minghanggroup.com\/es\/wp-json\/wp\/v2\/product_tag?post=5701"}],"curies":[{"name":"wp","href":"https:\/\/api.w.org\/{rel}","templated":true}]}}