{"id":5685,"date":"2026-02-25T15:22:49","date_gmt":"2026-02-25T07:22:49","guid":{"rendered":"https:\/\/minghanggroup.com\/?post_type=product&#038;p=5685"},"modified":"2026-02-25T16:41:04","modified_gmt":"2026-02-25T08:41:04","slug":"blue-wine-bottles-for-brands-wholesale","status":"publish","type":"product","link":"https:\/\/minghanggroup.com\/es\/producto\/blue-wine-bottles-for-brands-wholesale\/","title":{"rendered":"Botellas de vino azul de 375 ml para marcas al por mayor"},"content":{"rendered":"<p>Quiere que su vino destaque, no solo en el estante, sino tambi\u00e9n en las manos de sus clientes. Nuestras botellas de vino azul impresionan al instante con su vibrante acabado cobalto. Combinadas con la cl\u00e1sica botella de 375 ml, esta es su arma secreta para degustar vino espumoso, clarete o vino casero. La forma de la botella de vino burdeos se mantiene fiel a la tradici\u00f3n, mientras que las botellas de vino azul hacen que su marca sea inconfundible. Las botellas de vino vac\u00edas se convierten en recuerdos: sus clientes las conservan mucho despu\u00e9s del \u00faltimo sorbo.<\/p>\n<h2>Caracter\u00edsticas del producto<\/h2>\n<ul>\n<li><strong>Perfil alto y delgado:<\/strong> La forma larga y estrecha hace que el estante luzca m\u00e1s impresionante y hace que la botella luzca alta y moderna.<\/li>\n<li><strong>Varias selecciones de colores de las gafas:<\/strong> Las gafas tienen un tono azul cobalto y \u00e1mbar cl\u00e1sico y dejan a las marcas la elecci\u00f3n entre una moda llamativa y una cobertura de luz convencional.<\/li>\n<li><strong>Superficie de etiquetado uniforme:<\/strong> El cuerpo recto ofrece suficiente espacio para etiquetar, ya sea mediante serigraf\u00eda, relieve o cualquier otro m\u00e9todo de marca.<\/li>\n<\/ul>\n<h2>Especificaciones clave<\/h2>\n<table style=\"border-collapse: collapse; width: 80%; margin-left: auto; margin-right: auto;\" border=\"0\" width=\"144\" cellspacing=\"0\" cellpadding=\"0\">\n<tbody>\n<tr style=\"height: 13.50pt;\">\n<td style=\"height: 13.5pt; width: 54pt; text-align: center;\" width=\"72\" height=\"18\">Caracter\u00edstica<\/td>\n<td style=\"width: 54pt; text-align: center;\" width=\"72\">Detalle<\/td>\n<\/tr>\n<tr style=\"height: 13.50pt;\">\n<td style=\"height: 13.5pt; text-align: center;\" height=\"18\">Capacidad<\/td>\n<td style=\"text-align: center;\">375 ml<\/td>\n<\/tr>\n<tr style=\"height: 13.50pt;\">\n<td style=\"height: 13.5pt; text-align: center;\" height=\"18\">Dimensiones<\/td>\n<td style=\"text-align: center;\">5,5 \u00d7 32,8 cm<\/td>\n<\/tr>\n<tr style=\"height: 13.50pt;\">\n<td style=\"height: 13.5pt; text-align: center;\" height=\"18\">Bandera<\/td>\n<td style=\"text-align: center;\">Azul, \u00c1mbar<\/td>\n<\/tr>\n<tr style=\"height: 13.50pt;\">\n<td style=\"height: 13.5pt; text-align: center;\" height=\"18\">Cuello<\/td>\n<td style=\"text-align: center;\">Est\u00e1ndar de 18 mm (compatible con corchos y tapas de vino)<\/td>\n<\/tr>\n<tr style=\"height: 13.50pt;\">\n<td style=\"height: 13.5pt; text-align: center;\" height=\"18\">Cierre<\/td>\n<td style=\"text-align: center;\">Corchos de vino naturales, tap\u00f3n de alto peso molecular, tap\u00f3n de rosca<\/td>\n<\/tr>\n<tr style=\"height: 13.50pt;\">\n<td style=\"height: 13.5pt; text-align: center;\" height=\"18\">Mejor para<\/td>\n<td style=\"text-align: center;\">Vino espumoso, clarete, borgo\u00f1a, vino casero, botellas de licor<\/td>\n<\/tr>\n<\/tbody>\n<\/table>\n<h2>Caso de \u00e9xito<\/h2>\n<p>Una bodega del sur de Francia eligi\u00f3 nuestras botellas de vino de vidrio azul de 375 ml para lanzarlas al mercado como vino de postre de edici\u00f3n limitada, dentro del segmento de vinos de regalo y de viaje de edici\u00f3n limitada. Para alinearse con el posicionamiento de gama alta, redise\u00f1aron las botellas con un tono cobalto m\u00e1s oscuro para que se vean m\u00e1s atractivas en el estante, una base redondeada en forma de punta alta para una sensaci\u00f3n m\u00e1s lujosa y utilizaron serigraf\u00eda plateada met\u00e1lica sobre cobalto con el emblema de su castillo. El acabado del cuello tambi\u00e9n se dise\u00f1\u00f3 a su gusto con corcho natural, y aplicamos un espray mate esmerilado en la parte inferior del cuerpo para crear un ligero contraste con el hombro brillante.<\/p>\n<p>Una vez que migramos a la nueva l\u00ednea de productos, las ventas aumentaron un 32 % durante la primera temporada, en comparaci\u00f3n con sus anteriores botellas transparentes convencionales. El cliente ya repiti\u00f3 su pedido en menos de cuatro meses, con un incremento del 45 % en el volumen de compra, y continu\u00f3 con el mismo estilo de botella en dos lanzamientos de temporada adicionales.<\/p>\n<h2>Consejos de personalizaci\u00f3n para ti<\/h2>\n<ol>\n<li><strong>Estrategia de color:<\/strong> Botellas de vino azules para marcas modernas; \u00e1mbar para claretes tradicionales. Pruebe el verde champ\u00e1n para botellas de vino bellissima para bodas.<\/li>\n<li><strong>Elecci\u00f3n de cierre:<\/strong> Tapones de rosca para muestras de viaje; corchos de vino para la tradici\u00f3n del acabado con corcho. Estampar la cosecha en los corchos de vino: el destape se convierte en un ritual.<\/li>\n<li><strong>Ventaja a granel:<\/strong> Pide botellas de vino de 375 ml y obt\u00e9n precios diferenciados, muestras gratis y atenci\u00f3n personalizada. Ideal para cualquier ocasi\u00f3n.<\/li>\n<\/ol>","protected":false},"excerpt":{"rendered":"<p>Elegantes botellas de vino azul de 375 ml, ideales para envases premium. Suministro directo de f\u00e1brica con personalizaci\u00f3n al por mayor y env\u00edo r\u00e1pido.<\/p>","protected":false},"featured_media":5700,"template":"","meta":{"postBodyCss":"","postBodyMargin":[],"postBodyPadding":[],"postBodyBackground":{"backgroundType":"classic","gradient":""}},"product_brand":[],"product_cat":[15,16,84],"product_tag":[],"class_list":{"0":"post-5685","1":"product","2":"type-product","3":"status-publish","4":"has-post-thumbnail","6":"product_cat-glass-containers","7":"product_cat-glass-bottles","8":"product_cat-wine-bottles","10":"first","11":"instock","12":"shipping-taxable","13":"product-type-simple"},"jetpack_sharing_enabled":true,"_links":{"self":[{"href":"https:\/\/minghanggroup.com\/es\/wp-json\/wp\/v2\/product\/5685","targetHints":{"allow":["GET"]}}],"collection":[{"href":"https:\/\/minghanggroup.com\/es\/wp-json\/wp\/v2\/product"}],"about":[{"href":"https:\/\/minghanggroup.com\/es\/wp-json\/wp\/v2\/types\/product"}],"wp:featuredmedia":[{"embeddable":true,"href":"https:\/\/minghanggroup.com\/es\/wp-json\/wp\/v2\/media\/5700"}],"wp:attachment":[{"href":"https:\/\/minghanggroup.com\/es\/wp-json\/wp\/v2\/media?parent=5685"}],"wp:term":[{"taxonomy":"product_brand","embeddable":true,"href":"https:\/\/minghanggroup.com\/es\/wp-json\/wp\/v2\/product_brand?post=5685"},{"taxonomy":"product_cat","embeddable":true,"href":"https:\/\/minghanggroup.com\/es\/wp-json\/wp\/v2\/product_cat?post=5685"},{"taxonomy":"product_tag","embeddable":true,"href":"https:\/\/minghanggroup.com\/es\/wp-json\/wp\/v2\/product_tag?post=5685"}],"curies":[{"name":"wp","href":"https:\/\/api.w.org\/{rel}","templated":true}]}}