{"id":5679,"date":"2026-02-25T13:08:00","date_gmt":"2026-02-25T05:08:00","guid":{"rendered":"https:\/\/minghanggroup.com\/?post_type=product&#038;p=5679"},"modified":"2026-02-25T16:13:13","modified_gmt":"2026-02-25T08:13:13","slug":"750ml-bright-green-wine-bottles-in-bulk","status":"publish","type":"product","link":"https:\/\/minghanggroup.com\/es\/producto\/750ml-bright-green-wine-bottles-in-bulk\/","title":{"rendered":"Botellas de vino verde brillante de 750 ml a granel"},"content":{"rendered":"<p>Esta botella de vino verde de 750 ml se elabora con vidrio verde de alta calidad alimentaria. Su cuerpo liso y recto, junto con su cuello largo y elegante, le proporciona la protecci\u00f3n necesaria contra los rayos UV, manteniendo as\u00ed el sabor y la calidad de los vinos blancos, espumosos y de frutas.<\/p>\n<h2>Caracter\u00edsticas del producto<\/h2>\n<ul>\n<li><strong>Verde brillante:<\/strong> El vidrio verde es brillante y transparente, lo que le da un aspecto un poco m\u00e1s natural, adem\u00e1s de que conserva los vinos sensibles a la luz.<\/li>\n<li><strong>M\u00e1stil est\u00e1ndar:<\/strong> El dise\u00f1o de cuello recto es ideal para contener diferentes corchos y tapas de vino.<\/li>\n<li><strong>Dise\u00f1o elegante de fondo c\u00f3ncavo:<\/strong> El dise\u00f1o de fondo c\u00f3ncavo mejora la estabilidad de la botella, ayuda en la recolecci\u00f3n de sedimentos y proporciona a la botella una sensaci\u00f3n premium tradicional.<\/li>\n<\/ul>\n<h2 style=\"text-align: left;\">Especificaciones clave<\/h2>\n<table class=\"aligncenter\" style=\"border-collapse: collapse; width: 506.27pt;\" border=\"0\" width=\"675\" cellspacing=\"0\" cellpadding=\"0\">\n<tbody>\n<tr style=\"height: 13.50pt;\">\n<td style=\"height: 13.50pt; width: 118.50pt;\" width=\"158\" height=\"18\">Atributo<\/td>\n<td style=\"width: 387.75pt;\" width=\"517\">Detalles<\/td>\n<\/tr>\n<tr style=\"height: 13.50pt;\">\n<td style=\"height: 13.50pt;\" height=\"18\">Capacidad<\/td>\n<td>750 ml<\/td>\n<\/tr>\n<tr style=\"height: 13.50pt;\">\n<td style=\"height: 13.50pt;\" height=\"18\">Material<\/td>\n<td>Vidrio verde brillante<\/td>\n<\/tr>\n<tr style=\"height: 13.50pt;\">\n<td style=\"height: 13.50pt;\" height=\"18\">Forma de la botella<\/td>\n<td>Base punteada de lados rectos<\/td>\n<\/tr>\n<tr style=\"height: 13.50pt;\">\n<td style=\"height: 13.50pt;\" height=\"18\">Gama de personalizaci\u00f3n<\/td>\n<td>Intensidad del color, relieve, acabado del cuello<\/td>\n<\/tr>\n<tr style=\"height: 13.50pt;\">\n<td style=\"height: 13.50pt;\" height=\"18\">Artesan\u00eda<\/td>\n<td>Distribuci\u00f3n uniforme del color, molde preciso, parte superior recta est\u00e1ndar<\/td>\n<\/tr>\n<tr style=\"height: 13.50pt;\">\n<td style=\"height: 13.50pt;\" height=\"18\">Uso principal<\/td>\n<td>Botellas de vino verde, botellas de vino a granel<\/td>\n<\/tr>\n<tr style=\"height: 13.50pt;\">\n<td style=\"height: 13.50pt;\" height=\"18\">Industrias objetivo<\/td>\n<td>Bodegas, productores de bebidas artesanales<\/td>\n<\/tr>\n<\/tbody>\n<\/table>\n<h2>Caso de \u00e9xito: Sostenibilidad en una bodega de California<\/h2>\n<p>Nuestra botella de vino verde se utilizar\u00e1 en una nueva l\u00ednea de vino blanco org\u00e1nico en una bodega sostenible de California. Este vidrio con protecci\u00f3n UV les permiti\u00f3 reducir el embalaje secundario y el uso de cart\u00f3n en un 15 %. El llamativo color verde impuls\u00f3 la comercializaci\u00f3n de la botella, lo que impuls\u00f3 las ventas un 40 % durante el primer trimestre. La bodega qued\u00f3 muy satisfecha con el rendimiento de la botella y repiti\u00f3 el mismo proceso con otras tres l\u00edneas de vino, con un pedido de 500\u00a0000 botellas adicionales.<\/p>\n<h2>Dise\u00f1o de botellas de vino a granel<\/h2>\n<ul>\n<li>Dise\u00f1o de fondo adicional: personaliza el fondo de la botella, cuya profundidad se selecciona o incluso se realiza la impresi\u00f3n del molde de la marca en el fondo.<\/li>\n<li>Logotipo o patr\u00f3n en relieve: Logotipos en relieve Se graba en relieve un motivo o patr\u00f3n simple de racimo de uvas directamente en el hombro de la botella.<\/li>\n<li>Ajuste de tama\u00f1o: Ajuste el tama\u00f1o m\u00e1s cl\u00e1sico hasta 500 ml o 1 litro con los mismos colores y forma ic\u00f3nicos.<\/li>\n<\/ul>","protected":false},"excerpt":{"rendered":"<p>Juegos de botellas de vino verde de alta calidad en tama\u00f1o est\u00e1ndar de 750 ml. Ideales para vinos de frutas y bebidas espumosas, estas botellas de vino a granel est\u00e1n listas para muestras gratuitas.<\/p>","protected":false},"featured_media":5696,"template":"","meta":{"postBodyCss":"","postBodyMargin":[],"postBodyPadding":[],"postBodyBackground":{"backgroundType":"classic","gradient":""}},"product_brand":[],"product_cat":[15,16,84],"product_tag":[],"class_list":{"0":"post-5679","1":"product","2":"type-product","3":"status-publish","4":"has-post-thumbnail","6":"product_cat-glass-containers","7":"product_cat-glass-bottles","8":"product_cat-wine-bottles","10":"first","11":"instock","12":"shipping-taxable","13":"product-type-simple"},"jetpack_sharing_enabled":true,"_links":{"self":[{"href":"https:\/\/minghanggroup.com\/es\/wp-json\/wp\/v2\/product\/5679","targetHints":{"allow":["GET"]}}],"collection":[{"href":"https:\/\/minghanggroup.com\/es\/wp-json\/wp\/v2\/product"}],"about":[{"href":"https:\/\/minghanggroup.com\/es\/wp-json\/wp\/v2\/types\/product"}],"wp:featuredmedia":[{"embeddable":true,"href":"https:\/\/minghanggroup.com\/es\/wp-json\/wp\/v2\/media\/5696"}],"wp:attachment":[{"href":"https:\/\/minghanggroup.com\/es\/wp-json\/wp\/v2\/media?parent=5679"}],"wp:term":[{"taxonomy":"product_brand","embeddable":true,"href":"https:\/\/minghanggroup.com\/es\/wp-json\/wp\/v2\/product_brand?post=5679"},{"taxonomy":"product_cat","embeddable":true,"href":"https:\/\/minghanggroup.com\/es\/wp-json\/wp\/v2\/product_cat?post=5679"},{"taxonomy":"product_tag","embeddable":true,"href":"https:\/\/minghanggroup.com\/es\/wp-json\/wp\/v2\/product_tag?post=5679"}],"curies":[{"name":"wp","href":"https:\/\/api.w.org\/{rel}","templated":true}]}}