{"id":5673,"date":"2026-02-11T13:01:50","date_gmt":"2026-02-11T05:01:50","guid":{"rendered":"https:\/\/minghanggroup.com\/?post_type=product&#038;p=5673"},"modified":"2026-02-11T13:01:52","modified_gmt":"2026-02-11T05:01:52","slug":"custom-wine-bottles-empty-for-branding-bulk","status":"publish","type":"product","link":"https:\/\/minghanggroup.com\/es\/producto\/custom-wine-bottles-empty-for-branding-bulk\/","title":{"rendered":"Botellas de vino personalizadas de 500 ml vac\u00edas para marca al por mayor"},"content":{"rendered":"<p>No solo vendes vino, vendes la experiencia. Nuestras botellas de vino vac\u00edas de 500 ml lo reflejan a la perfecci\u00f3n. No es solo una botella, es la embajadora silenciosa de tu marca. Elaborada con la cl\u00e1sica silueta de botella de vino burdeos, realza vinos tintos como el clarete o el borgo\u00f1a con elegancia. Elige vidrio transparente para realzar el color o \u00e1mbar para protecci\u00f3n UV. Comb\u00ednalas con corchos de vino para un acabado encantador. Cuando tus clientes terminen su vino, guardar\u00e1n las botellas vac\u00edas como recuerdos preciados.<\/p>\n<h2>Caracter\u00edsticas del producto<\/h2>\n<ul>\n<li><strong>Narraci\u00f3n dual y a todo color:<\/strong> El vidrio transparente permite ver el color de sus vinos caseros; el \u00e1mbar (que es un primo m\u00e1s elegante del verde burdeos) act\u00faa como un escudo para el vino espumoso contra el da\u00f1o de la luz.<\/li>\n<li><strong>Estabilidad de la base de despeje:<\/strong> Una base de pedernal reforzada garantiza una postura s\u00f3lida, similar a una roca, durante el env\u00edo de las botellas o cuando las botellas de vino vac\u00edas se utilizan como organizadores de escritorio.<\/li>\n<li><strong>Listo para reutilizaci\u00f3n:<\/strong> Es una idea perfecta si buscas convertir una botella de vino vac\u00eda en un frasco de perfume, un candelabro o incluso en recuerdos de boda con botellas de vino bellissima.<\/li>\n<\/ul>\n<h2>Especificaciones clave<\/h2>\n<table style=\"border-collapse: collapse; width: 80%; margin-left: auto; margin-right: auto;\" border=\"0\" width=\"144\" cellspacing=\"0\" cellpadding=\"0\">\n<tbody>\n<tr style=\"height: 13.50pt;\">\n<td style=\"height: 13.5pt; width: 54pt; text-align: center;\" width=\"72\" height=\"18\">Caracter\u00edstica<\/td>\n<td style=\"width: 54pt; text-align: center;\" width=\"72\">Detalle<\/td>\n<\/tr>\n<tr style=\"height: 13.50pt;\">\n<td style=\"height: 13.5pt; text-align: center;\" height=\"18\">Capacidad<\/td>\n<td style=\"text-align: center;\">500 ml<\/td>\n<\/tr>\n<tr style=\"height: 13.50pt;\">\n<td style=\"height: 13.5pt; text-align: center;\" height=\"18\">Dimensiones<\/td>\n<td style=\"text-align: center;\">6,1 \u00d7 33 cm<\/td>\n<\/tr>\n<tr style=\"height: 13.50pt;\">\n<td style=\"height: 13.5pt; text-align: center;\" height=\"18\">Color<\/td>\n<td style=\"text-align: center;\">Vidrio transparente, \u00e1mbar<\/td>\n<\/tr>\n<tr style=\"height: 13.50pt;\">\n<td style=\"height: 13.5pt; text-align: center;\" height=\"18\">Cuello<\/td>\n<td style=\"text-align: center;\">1,8 cent\u00edmetros<\/td>\n<\/tr>\n<tr style=\"height: 13.50pt;\">\n<td style=\"height: 13.5pt; text-align: center;\" height=\"18\">Cierre<\/td>\n<td style=\"text-align: center;\">Corchos de vino naturales, tap\u00f3n de alto peso molecular<\/td>\n<\/tr>\n<tr style=\"height: 13.50pt;\">\n<td style=\"height: 13.5pt; text-align: center;\" height=\"18\">Mejor para<\/td>\n<td style=\"text-align: center;\">Vinos tintos, claretes, borgo\u00f1as, espumosos, botellas de licor<\/td>\n<\/tr>\n<\/tbody>\n<\/table>\n<h2>Caso de \u00e9xito<\/h2>\n<p>Una bodega boutique de Rioja, Espa\u00f1a, decidi\u00f3 utilizar nuestra cl\u00e1sica botella de vino tinto de hombro recto como envase principal de su nueva serie de crianza en barricas de roble. Al principio, el cliente buscaba un estilo tradicional de bodega, as\u00ed que optamos por una base m\u00e1s gruesa (aumentamos la profundidad del fondo c\u00f3ncavo a 28 mm) para darle un toque m\u00e1s lujoso, incorporamos un escudo de la bodega en relieve personalizado en el hombro y utilizamos un vidrio marr\u00f3n oscuro de alta transparencia para una mayor protecci\u00f3n contra la luz. Adem\u00e1s, la botella cuenta con un acabado parcialmente esmerilado para la colocaci\u00f3n de la etiqueta, de modo que esta se adhiera mejor y se arrugara menos.<\/p>\n<p>Seis meses despu\u00e9s de su lanzamiento, las ventas de esta serie en los supermercados premium europeos aumentaron un 37% interanual y el crecimiento de las ventas online fue superior al 52%.<\/p>\n<h2>Sus opciones de personalizaci\u00f3n<\/h2>\n<ol>\n<li><strong>Logotipo en relieve en el hombro o el cuerpo:<\/strong> Coloque el escudo de la bodega, el dise\u00f1o vintage o exclusivo en el hombro para aumentar el reconocimiento de la marca y las caracter\u00edsticas anti-falsificaci\u00f3n.<\/li>\n<li><strong>Vidrio coloreado, degradado o personalizado:<\/strong> Adem\u00e1s del vidrio transparente est\u00e1ndar, verde oscuro y marr\u00f3n, degradado o de baja saturaci\u00f3n, tambi\u00e9n est\u00e1 disponible un vidrio coloreado personalizado para fortalecer visualmente la identidad de la serie.<\/li>\n<li><strong>Acabado parcial o totalmente esmerilado:<\/strong> Produce diferencias t\u00e1ctiles que, en combinaci\u00f3n con la estampaci\u00f3n en oro o las etiquetas UV, dan lugar a un efecto de contraste m\u00e1s fuerte.<\/li>\n<li><strong>Estructura de cuello de botella mejorada:<\/strong> Tiene la flexibilidad de soportar diferentes opciones de sellado como tapones de corcho, tapones de rosca y tapones sint\u00e9ticos para satisfacer las variadas necesidades del mercado.<\/li>\n<\/ol>","protected":false},"excerpt":{"rendered":"<p>Botellas de vino vac\u00edas de alta calidad para proyectos de elaboraci\u00f3n de botellas personalizadas. Suministro directo de f\u00e1brica con personalizaci\u00f3n al por mayor y env\u00edo r\u00e1pido a todo el mundo.<\/p>","protected":false},"featured_media":5674,"template":"","meta":{"postBodyCss":"","postBodyMargin":[],"postBodyPadding":[],"postBodyBackground":{"backgroundType":"classic","gradient":""}},"product_brand":[],"product_cat":[15,16,84],"product_tag":[],"class_list":{"0":"post-5673","1":"product","2":"type-product","3":"status-publish","4":"has-post-thumbnail","6":"product_cat-glass-containers","7":"product_cat-glass-bottles","8":"product_cat-wine-bottles","10":"first","11":"instock","12":"shipping-taxable","13":"product-type-simple"},"jetpack_sharing_enabled":true,"_links":{"self":[{"href":"https:\/\/minghanggroup.com\/es\/wp-json\/wp\/v2\/product\/5673","targetHints":{"allow":["GET"]}}],"collection":[{"href":"https:\/\/minghanggroup.com\/es\/wp-json\/wp\/v2\/product"}],"about":[{"href":"https:\/\/minghanggroup.com\/es\/wp-json\/wp\/v2\/types\/product"}],"wp:featuredmedia":[{"embeddable":true,"href":"https:\/\/minghanggroup.com\/es\/wp-json\/wp\/v2\/media\/5674"}],"wp:attachment":[{"href":"https:\/\/minghanggroup.com\/es\/wp-json\/wp\/v2\/media?parent=5673"}],"wp:term":[{"taxonomy":"product_brand","embeddable":true,"href":"https:\/\/minghanggroup.com\/es\/wp-json\/wp\/v2\/product_brand?post=5673"},{"taxonomy":"product_cat","embeddable":true,"href":"https:\/\/minghanggroup.com\/es\/wp-json\/wp\/v2\/product_cat?post=5673"},{"taxonomy":"product_tag","embeddable":true,"href":"https:\/\/minghanggroup.com\/es\/wp-json\/wp\/v2\/product_tag?post=5673"}],"curies":[{"name":"wp","href":"https:\/\/api.w.org\/{rel}","templated":true}]}}