{"id":5664,"date":"2026-02-17T13:36:13","date_gmt":"2026-02-17T05:36:13","guid":{"rendered":"https:\/\/minghanggroup.com\/?post_type=product&#038;p=5664"},"modified":"2026-02-10T15:26:37","modified_gmt":"2026-02-10T07:26:37","slug":"clear-custom-mini-wine-bottles-for-wineries","status":"publish","type":"product","link":"https:\/\/minghanggroup.com\/es\/producto\/clear-custom-mini-wine-bottles-for-wineries\/","title":{"rendered":"Mini botellas de vino transparentes personalizadas de 250 ml para bodegas"},"content":{"rendered":"<p>Necesitas encanto en un formato peque\u00f1o, y nosotros te lo ofrecemos. Descubre tu nueva arma secreta: minibotellas de vino personalizadas con el tama\u00f1o perfecto de 250 ml. Elaboradas en cristal transparente brillante con el alma de una cl\u00e1sica botella de vino burdeos, esta peque\u00f1a joya realza tu clarete, borgo\u00f1a o vino casero con elegancia. La comodidad del tap\u00f3n de rosca se combina con la forma atemporal de la botella. Pide minibotellas de vino al por mayor para bodas, muestras, regalos o catas.<\/p>\n<h2>Caracter\u00edsticas del producto<\/h2>\n<ul>\n<li><strong>Mini silueta real:<\/strong> Una miniatura literal de la forma de una botella de vino, perfectamente dimensionada: hombros lisos y cuello esbelto. Realmente se siente como algo que ya conoces.<\/li>\n<li><strong>Presentaci\u00f3n de Crystal Clarity:<\/strong> El uso de vidrio flint de alta transparencia realza a la perfecci\u00f3n todos los matices de sus vinos tintos o espumosos. Es m\u00e1s probable que las personas compren un producto que puedan ver con claridad.<\/li>\n<li><strong>Tornillo inteligente, versatilidad de cuello:<\/strong> La boca roscada de 20 mm cierra herm\u00e9ticamente si usas tapones de rosca, o tambi\u00e9n se puede usar con corchos de vino y tapones sint\u00e9ticos. \u00bfTienes una idea de acabado de corcho? Nosotros la hacemos realidad.<\/li>\n<\/ul>\n<h2>Especificaciones clave<\/h2>\n<table style=\"border-collapse: collapse; width: 80%; margin-left: auto; margin-right: auto;\" border=\"0\" width=\"144\" cellspacing=\"0\" cellpadding=\"0\">\n<tbody>\n<tr style=\"height: 13.50pt;\">\n<td style=\"height: 13.5pt; width: 54pt; text-align: center;\" width=\"72\" height=\"18\">Caracter\u00edstica<\/td>\n<td style=\"width: 54pt; text-align: center;\" width=\"72\">Detalle<\/td>\n<\/tr>\n<tr style=\"height: 13.50pt;\">\n<td style=\"height: 13.5pt; text-align: center;\" height=\"18\">Capacidad<\/td>\n<td style=\"text-align: center;\">250 ml<\/td>\n<\/tr>\n<tr style=\"height: 13.50pt;\">\n<td style=\"height: 13.5pt; text-align: center;\" height=\"18\">Dimensiones<\/td>\n<td style=\"text-align: center;\">4,7 \u00d7 21,2 cm<\/td>\n<\/tr>\n<tr style=\"height: 13.50pt;\">\n<td style=\"height: 13.5pt; text-align: center;\" height=\"18\">Color<\/td>\n<td style=\"text-align: center;\">Vidrio de s\u00edlex transparente<\/td>\n<\/tr>\n<tr style=\"height: 13.50pt;\">\n<td style=\"height: 13.5pt; text-align: center;\" height=\"18\">Cuello<\/td>\n<td style=\"text-align: center;\">2 cent\u00edmetros<\/td>\n<\/tr>\n<tr style=\"height: 13.50pt;\">\n<td style=\"height: 13.5pt; text-align: center;\" height=\"18\">Cierres<\/td>\n<td style=\"text-align: center;\">Tap\u00f3n de rosca, corchos de vino naturales, tap\u00f3n sint\u00e9tico<\/td>\n<\/tr>\n<tr style=\"height: 13.50pt;\">\n<td style=\"height: 13.5pt; text-align: center;\" height=\"18\">Perfecto para<\/td>\n<td style=\"text-align: center;\">Muestras de cata, regalos de boda, regalos de vino casero, botellas de licor, mini vino espumoso<\/td>\n<\/tr>\n<\/tbody>\n<\/table>\n<h2>Caso de \u00e9xito<\/h2>\n<p>Una bodega boutique del sur de Europa utiliz\u00f3 nuestras minibotellas de vino personalizadas para sus sets de cata y ofertas de travel retail. Nuestro equipo de dise\u00f1o cre\u00f3 una botella estilizada de vidrio engrosado, acort\u00f3 el cuello para un llenado automatizado m\u00e1s eficiente y adapt\u00f3 los tapones de rosca a sus tapones existentes. Adem\u00e1s, el cliente opt\u00f3 por etiquetas serigrafiadas, un grabado volum\u00e9trico preciso en la base de la botella y una f\u00f3rmula de vidrio transparente para realzar el color del vino.<\/p>\n<p>Despu\u00e9s del lanzamiento del nuevo empaque, las ventas de su set de degustaci\u00f3n aumentaron un 38% en 3 meses debido a un mejor atractivo en las estanter\u00edas y una log\u00edstica m\u00e1s eficiente.<\/p>\n<h2>Sus sugerencias de personalizaci\u00f3n<\/h2>\n<ol>\n<li><strong>Personalizaci\u00f3n del dise\u00f1o base:<\/strong> Admite dise\u00f1os de base de botella c\u00f3ncavos o con peso para mejorar el agarre y permitir que la base de la botella se use como exhibici\u00f3n de informaci\u00f3n sobre la cosecha o el volumen a trav\u00e9s del relieve.<\/li>\n<li><strong>Selecci\u00f3n de f\u00f3rmula de vidrio:<\/strong> Ofrece opciones de f\u00f3rmulas de vidrio altamente transparente, ultra, blanco o ligeramente esmerilado para resaltar las diferencias en el color del vino, lo cual es muy adecuado para los sets de degustaci\u00f3n y cajas de regalo.<\/li>\n<li><strong>T\u00e9cnicas de decoraci\u00f3n:<\/strong> Opte por la serigraf\u00eda, el esmerilado parcial o logotipos elegantemente grabados en relieve para representar una imagen de marca elegante y discreta al mismo tiempo.<\/li>\n<\/ol>","protected":false},"excerpt":{"rendered":"<p>Minibotellas de vino personalizadas al por mayor para marcas y bodegas. Minibotellas de vino al por mayor con suministro directo de f\u00e1brica y personalizaci\u00f3n flexible de lotes.<\/p>","protected":false},"featured_media":5672,"template":"","meta":{"postBodyCss":"","postBodyMargin":[],"postBodyPadding":[],"postBodyBackground":{"backgroundType":"classic","gradient":""}},"product_brand":[],"product_cat":[15,16,84],"product_tag":[],"class_list":{"0":"post-5664","1":"product","2":"type-product","3":"status-publish","4":"has-post-thumbnail","6":"product_cat-glass-containers","7":"product_cat-glass-bottles","8":"product_cat-wine-bottles","10":"first","11":"instock","12":"shipping-taxable","13":"product-type-simple"},"jetpack_sharing_enabled":true,"_links":{"self":[{"href":"https:\/\/minghanggroup.com\/es\/wp-json\/wp\/v2\/product\/5664","targetHints":{"allow":["GET"]}}],"collection":[{"href":"https:\/\/minghanggroup.com\/es\/wp-json\/wp\/v2\/product"}],"about":[{"href":"https:\/\/minghanggroup.com\/es\/wp-json\/wp\/v2\/types\/product"}],"wp:featuredmedia":[{"embeddable":true,"href":"https:\/\/minghanggroup.com\/es\/wp-json\/wp\/v2\/media\/5672"}],"wp:attachment":[{"href":"https:\/\/minghanggroup.com\/es\/wp-json\/wp\/v2\/media?parent=5664"}],"wp:term":[{"taxonomy":"product_brand","embeddable":true,"href":"https:\/\/minghanggroup.com\/es\/wp-json\/wp\/v2\/product_brand?post=5664"},{"taxonomy":"product_cat","embeddable":true,"href":"https:\/\/minghanggroup.com\/es\/wp-json\/wp\/v2\/product_cat?post=5664"},{"taxonomy":"product_tag","embeddable":true,"href":"https:\/\/minghanggroup.com\/es\/wp-json\/wp\/v2\/product_tag?post=5664"}],"curies":[{"name":"wp","href":"https:\/\/api.w.org\/{rel}","templated":true}]}}