{"id":5663,"date":"2026-02-15T12:01:00","date_gmt":"2026-02-15T04:01:00","guid":{"rendered":"https:\/\/minghanggroup.com\/?post_type=product&#038;p=5663"},"modified":"2026-02-10T16:19:04","modified_gmt":"2026-02-10T08:19:04","slug":"clear-empty-good-red-wine-bottles-wholesale","status":"publish","type":"product","link":"https:\/\/minghanggroup.com\/es\/producto\/clear-empty-good-red-wine-bottles-wholesale\/","title":{"rendered":"Botellas de vino tinto vac\u00edas transparentes de 750 ml al por mayor"},"content":{"rendered":"<p>\u00bfNecesitas una botella de vino de calidad y aut\u00e9ntica? Este cl\u00e1sico vino tinto tiene un cuello ancho y c\u00f3nico que se estrecha elegantemente. Disponible en dos colores: transparente y verde claro.<\/p>\n<h2>Caracter\u00edsticas del producto<\/h2>\n<ul>\n<li><strong>Hay dos opciones claras disponibles:<\/strong> Son de vidrio transparente o verde claro, de alta claridad, que muestra perfectamente el color y la claridad del vino.<\/li>\n<li><strong>Fondo c\u00f3ncavo cl\u00e1sico:<\/strong> El patr\u00f3n de fondo c\u00f3ncavo es un rasgo caracter\u00edstico del dise\u00f1o tradicional de las botellas de vino que mejora la estabilidad de la botella.<\/li>\n<li><strong>Port\u00e1til:<\/strong> Se puede utilizar con vinos blancos, rosados \u200b\u200by otras bebidas de color claro.<\/li>\n<\/ul>\n<h2>Especificaciones clave<\/h2>\n<table class=\"aligncenter\" style=\"border-collapse: collapse; width: 447.77pt;\" border=\"0\" width=\"597\" cellspacing=\"0\" cellpadding=\"0\">\n<tbody>\n<tr style=\"height: 13.50pt;\">\n<td style=\"height: 13.50pt; width: 115.50pt;\" width=\"154\" height=\"18\">Atributo<\/td>\n<td style=\"width: 332.25pt;\" width=\"443\">Detalles<\/td>\n<\/tr>\n<tr style=\"height: 13.50pt;\">\n<td style=\"height: 13.50pt;\" height=\"18\">Capacidad<\/td>\n<td>750 ml<\/td>\n<\/tr>\n<tr style=\"height: 13.50pt;\">\n<td style=\"height: 13.50pt;\" height=\"18\">Dimensiones<\/td>\n<td>71\/72 mm \u00d7 323 mm<\/td>\n<\/tr>\n<tr style=\"height: 13.50pt;\">\n<td style=\"height: 13.50pt;\" height=\"18\">Material<\/td>\n<td>Vidrio transparente claro o verde claro<\/td>\n<\/tr>\n<tr style=\"height: 13.50pt;\">\n<td style=\"height: 13.50pt;\" height=\"18\">Forma de la botella<\/td>\n<td>Burdeos cl\u00e1sico (lados rectos, base punteada)<\/td>\n<\/tr>\n<tr style=\"height: 13.50pt;\">\n<td style=\"height: 13.50pt;\" height=\"18\">Gama de personalizaci\u00f3n<\/td>\n<td>Color, tama\u00f1o, tapas<\/td>\n<\/tr>\n<tr style=\"height: 13.50pt;\">\n<td style=\"height: 13.50pt;\" height=\"18\">Artesan\u00eda<\/td>\n<td>Espesor de pared uniforme, acabado liso, punta tradicional<\/td>\n<\/tr>\n<tr style=\"height: 13.50pt;\">\n<td style=\"height: 13.50pt;\" height=\"18\">Uso principal<\/td>\n<td>Botellas de vino para vinos blancos, rosados, vinos de frutas.<\/td>\n<\/tr>\n<tr style=\"height: 13.50pt;\">\n<td style=\"height: 13.50pt;\" height=\"18\">Industrias objetivo<\/td>\n<td>Bodegas, productores de bebidas especiales, distribuidores<\/td>\n<\/tr>\n<\/tbody>\n<\/table>\n<h2>Historia de \u00e9xito<\/h2>\n<p>La bodega de Nueva York seleccion\u00f3 nuestras botellas transparentes de 750 ml para vinos tintos de alta calidad para presentar el color dorado natural de los vinos. La botella de vidrio transparente fue uno de los puntos fuertes de la marca y se mencion\u00f3 en el 60 % de las buenas rese\u00f1as. La capacidad de 750 ml es la combinaci\u00f3n perfecta con su producto est\u00e1ndar. La botella es muy duradera, lo que significa que tiene una tasa de entrega intacta del 99,5 %. La bodega fue todo un \u00e9xito y realiz\u00f3 otro pedido de 1,2 millones de botellas que servir\u00edan para todos sus vinos blancos en las pr\u00f3ximas tres cosechas.<\/p>\n<h2>Botellas de vino vac\u00edas personalizadas al por mayor<\/h2>\n<ul>\n<li>Color y tinte del vidrio: Viene en transparente, ultra transparente (bajo contenido de hierro) o tintes claros personalizados, que incluyen azul o \u00e1mbar.<\/li>\n<li>Compatibilidad de etiquetas: Las superficies de vidrio est\u00e1n optimizadas para adaptarse a ciertos materiales de etiquetas, de modo que se adhieran de manera imperfecta.<\/li>\n<li>Dise\u00f1o de botella: Dise\u00f1os en relieve o firmas: Tienen dise\u00f1os exclusivos en la parte inferior de la botella.<\/li>\n<\/ul>","protected":false},"excerpt":{"rendered":"<p>Botellas de vino tinto de alta calidad al por mayor en dise\u00f1os transparentes de 750 ml. Opciones transparentes y verde p\u00e1lido, ideales para vino blanco, vino de frutas y bebidas RTD. Solicite muestras gratuitas.<\/p>","protected":false},"featured_media":5668,"template":"","meta":{"postBodyCss":"","postBodyMargin":[],"postBodyPadding":[],"postBodyBackground":{"backgroundType":"classic","gradient":""}},"product_brand":[],"product_cat":[15,16,84],"product_tag":[],"class_list":{"0":"post-5663","1":"product","2":"type-product","3":"status-publish","4":"has-post-thumbnail","6":"product_cat-glass-containers","7":"product_cat-glass-bottles","8":"product_cat-wine-bottles","10":"first","11":"instock","12":"shipping-taxable","13":"product-type-simple"},"jetpack_sharing_enabled":true,"_links":{"self":[{"href":"https:\/\/minghanggroup.com\/es\/wp-json\/wp\/v2\/product\/5663","targetHints":{"allow":["GET"]}}],"collection":[{"href":"https:\/\/minghanggroup.com\/es\/wp-json\/wp\/v2\/product"}],"about":[{"href":"https:\/\/minghanggroup.com\/es\/wp-json\/wp\/v2\/types\/product"}],"wp:featuredmedia":[{"embeddable":true,"href":"https:\/\/minghanggroup.com\/es\/wp-json\/wp\/v2\/media\/5668"}],"wp:attachment":[{"href":"https:\/\/minghanggroup.com\/es\/wp-json\/wp\/v2\/media?parent=5663"}],"wp:term":[{"taxonomy":"product_brand","embeddable":true,"href":"https:\/\/minghanggroup.com\/es\/wp-json\/wp\/v2\/product_brand?post=5663"},{"taxonomy":"product_cat","embeddable":true,"href":"https:\/\/minghanggroup.com\/es\/wp-json\/wp\/v2\/product_cat?post=5663"},{"taxonomy":"product_tag","embeddable":true,"href":"https:\/\/minghanggroup.com\/es\/wp-json\/wp\/v2\/product_tag?post=5663"}],"curies":[{"name":"wp","href":"https:\/\/api.w.org\/{rel}","templated":true}]}}