{"id":5658,"date":"2026-02-10T11:25:38","date_gmt":"2026-02-10T03:25:38","guid":{"rendered":"https:\/\/minghanggroup.com\/?post_type=product&#038;p=5658"},"modified":"2026-02-10T11:59:18","modified_gmt":"2026-02-10T03:59:18","slug":"750ml-frosted-empty-red-wine-bottles-wholesale","status":"publish","type":"product","link":"https:\/\/minghanggroup.com\/es\/producto\/750ml-frosted-empty-red-wine-bottles-wholesale\/","title":{"rendered":"Botellas de vino tinto vac\u00edas esmeriladas de 750 ml al por mayor"},"content":{"rendered":"<p>Estas botellas vac\u00edas de vino tinto de 750 ml est\u00e1n hechas de vidrio de alta calidad con la forma tradicional de Borgo\u00f1a, pero con un acabado mate contempor\u00e1neo. Est\u00e1n disponibles en cuatro colores: verde oliva mate, verde oliva oscuro mate, negro mate y blanco mate.<\/p>\n<h2>Caracter\u00edsticas del producto<\/h2>\n<ul>\n<li><strong>Varios colores y materiales:<\/strong> Hay cuatro acabados esmerilados distintos (verde oliva, verde oscuro, negro y blanco) que pueden usarse para representar la personalidad de su empresa.<\/li>\n<li><strong>Textura escarchada:<\/strong> La botella tiene el efecto de estar esmerilada y esta textura puede reducir las huellas dactilares de manera efectiva, lo que le da al producto una mejor textura y apariencia.<\/li>\n<li><strong>Capacidad est\u00e1ndar de 750 ml:<\/strong> La capacidad de 750 ml es ideal para la venta minorista, distribuci\u00f3n y servicio de vino de manera est\u00e1ndar.<\/li>\n<\/ul>\n<h2 style=\"text-align: left;\">Especificaciones clave<\/h2>\n<table class=\"aligncenter\" style=\"border-collapse: collapse; width: 447.77pt;\" border=\"0\" width=\"597\" cellspacing=\"0\" cellpadding=\"0\">\n<tbody>\n<tr style=\"height: 13.50pt;\">\n<td style=\"height: 13.50pt; width: 115.50pt;\" width=\"154\" height=\"18\">Atributo<\/td>\n<td style=\"width: 332.25pt;\" width=\"443\">Detalles<\/td>\n<\/tr>\n<tr style=\"height: 13.50pt;\">\n<td style=\"height: 13.50pt;\" height=\"18\">Capacidad<\/td>\n<td>750 ml<\/td>\n<\/tr>\n<tr style=\"height: 13.50pt;\">\n<td style=\"height: 13.50pt;\" height=\"18\">Material<\/td>\n<td>Vidrio con tratamiento superficial mate<\/td>\n<\/tr>\n<tr style=\"height: 13.50pt;\">\n<td style=\"height: 13.50pt;\" height=\"18\">Forma de la botella<\/td>\n<td>Borgo\u00f1a cl\u00e1sico (cuerpo ancho, cuello fino)<\/td>\n<\/tr>\n<tr style=\"height: 13.50pt;\">\n<td style=\"height: 13.50pt;\" height=\"18\">Gama de personalizaci\u00f3n<\/td>\n<td>Color de acabado, relieve, dise\u00f1o del cuello.<\/td>\n<\/tr>\n<tr style=\"height: 13.50pt;\">\n<td style=\"height: 13.50pt;\" height=\"18\">Artesan\u00eda<\/td>\n<td>Espesor de pared uniforme, acabado mate\/esmerilado uniforme<\/td>\n<\/tr>\n<tr style=\"height: 13.50pt;\">\n<td style=\"height: 13.50pt;\" height=\"18\">Uso principal<\/td>\n<td>Botellas vac\u00edas de vino tinto, vinos blancos, vinos espumosos.<\/td>\n<\/tr>\n<tr style=\"height: 13.50pt;\">\n<td style=\"height: 13.50pt;\" height=\"18\">Industrias objetivo<\/td>\n<td>Bodegas, distribuidores, productores de bebidas especiales<\/td>\n<\/tr>\n<\/tbody>\n<\/table>\n<h2>Caso de \u00e9xito: Revitalizaci\u00f3n de la marca de una bodega en el Pac\u00edfico Noroeste<\/h2>\n<p>Nuestra botella de vino verde oliva mate de 750 ml fue seleccionada por una bodega del Pac\u00edfico Noroeste. El nuevo formato de botella tuvo gran aceptaci\u00f3n entre los clientes y gener\u00f3 un crecimiento del 30 % en las ventas. Su formato de 750 ml se ajustaba perfectamente a sus necesidades habituales de producto y el cliente qued\u00f3 tan impresionado que encarg\u00f3 300\u00a0000 botellas m\u00e1s el trimestre siguiente.<\/p>\n<h2>Botellas de vino de 750 ml Personalizaci\u00f3n al por mayor<\/h2>\n<ul>\n<li>Colores mate personalizados: tenga colores mate exclusivos de la marca, que incluyen burdeos intenso, azul oscuro o gris oscuro.<\/li>\n<li>Dise\u00f1o de cuello: es posible dise\u00f1ar cuellos que se adapten a una longitud de corcho particular o a un sistema de tapa de rosca y a\u00fan as\u00ed tener un acabado mate.<\/li>\n<li>Agarre mejorado: Se agregaron patrones ligeramente texturizados a la superficie mate para tener una mejor sensaci\u00f3n de agarre.<\/li>\n<\/ul>","protected":false},"excerpt":{"rendered":"<p>Botellas de vino tinto vac\u00edas de alta calidad de 750 ml, listas para llenar. Disponibles y listas para env\u00edo en vidrio verde oliva, negro, blanco y esmerilado. Muestras gratuitas.<\/p>","protected":false},"featured_media":5660,"template":"","meta":{"postBodyCss":"","postBodyMargin":[],"postBodyPadding":[],"postBodyBackground":{"backgroundType":"classic","gradient":""}},"product_brand":[],"product_cat":[15,16,84],"product_tag":[],"class_list":{"0":"post-5658","1":"product","2":"type-product","3":"status-publish","4":"has-post-thumbnail","6":"product_cat-glass-containers","7":"product_cat-glass-bottles","8":"product_cat-wine-bottles","10":"first","11":"instock","12":"shipping-taxable","13":"product-type-simple"},"jetpack_sharing_enabled":true,"_links":{"self":[{"href":"https:\/\/minghanggroup.com\/es\/wp-json\/wp\/v2\/product\/5658","targetHints":{"allow":["GET"]}}],"collection":[{"href":"https:\/\/minghanggroup.com\/es\/wp-json\/wp\/v2\/product"}],"about":[{"href":"https:\/\/minghanggroup.com\/es\/wp-json\/wp\/v2\/types\/product"}],"wp:featuredmedia":[{"embeddable":true,"href":"https:\/\/minghanggroup.com\/es\/wp-json\/wp\/v2\/media\/5660"}],"wp:attachment":[{"href":"https:\/\/minghanggroup.com\/es\/wp-json\/wp\/v2\/media?parent=5658"}],"wp:term":[{"taxonomy":"product_brand","embeddable":true,"href":"https:\/\/minghanggroup.com\/es\/wp-json\/wp\/v2\/product_brand?post=5658"},{"taxonomy":"product_cat","embeddable":true,"href":"https:\/\/minghanggroup.com\/es\/wp-json\/wp\/v2\/product_cat?post=5658"},{"taxonomy":"product_tag","embeddable":true,"href":"https:\/\/minghanggroup.com\/es\/wp-json\/wp\/v2\/product_tag?post=5658"}],"curies":[{"name":"wp","href":"https:\/\/api.w.org\/{rel}","templated":true}]}}