{"id":5649,"date":"2026-02-23T13:57:32","date_gmt":"2026-02-23T05:57:32","guid":{"rendered":"https:\/\/minghanggroup.com\/?post_type=product&#038;p=5649"},"modified":"2026-02-10T15:24:17","modified_gmt":"2026-02-10T07:24:17","slug":"good-standard-size-of-wine-bottles-bulk","status":"publish","type":"product","link":"https:\/\/minghanggroup.com\/es\/producto\/good-standard-size-of-wine-bottles-bulk\/","title":{"rendered":"Botellas de vino de 750 ml de buen tama\u00f1o est\u00e1ndar a granel"},"content":{"rendered":"<p>Necesita una botella que le beneficie, no que la perjudique. Descubra su nueva opci\u00f3n: el tama\u00f1o est\u00e1ndar de botella de vino, dise\u00f1ado para la elaboraci\u00f3n de vino en el mundo real. Esta botella de vino burdeos verde oliva de 750 ml protege sus vinos tintos, claretes o borgo\u00f1as de la luz, a la vez que honra la tradici\u00f3n. Es la botella de vino ideal que volver\u00e1 a comprar a\u00f1o tras a\u00f1o: fiable para la elaboraci\u00f3n de vino, elegante en las estanter\u00edas y en la que conf\u00edan marcas de todo el mundo. Comb\u00ednela con corchos de vino naturales para lograr ese aut\u00e9ntico acabado de corcho o con tapones sint\u00e9ticos para una producci\u00f3n impecable.<\/p>\n<h2>Caracter\u00edsticas del producto<\/h2>\n<ul>\n<li><strong>Verde oliva claro y con cerradura:<\/strong> Un tono oliva intenso (un pariente m\u00e1s sofisticado del verde burdeos) bloquear\u00e1 los rayos UV con mayor eficacia que el vidrio transparente o el s\u00edlex. Su vino casero puede envejecer con total seguridad.<\/li>\n<li><strong>Tama\u00f1o est\u00e1ndar universal:<\/strong> Al ser el tama\u00f1o est\u00e1ndar de una botella de vino (750 ml), se adapta perfectamente a las l\u00edneas de llenado, envases y expositores. La log\u00edstica de sus botellas de vino es ahora m\u00e1s sencilla.<\/li>\n<li><strong>Base de despeje estable:<\/strong> Una hendidura reforzada en la parte inferior de la botella garantiza una postura s\u00f3lida como una roca, ya sea durante el env\u00edo, el almacenamiento o incluso cuando las botellas de vino vac\u00edas se convierten en dispensadores de aceite de oliva o en floreros secos.<\/li>\n<\/ul>\n<h2>Especificaciones clave<\/h2>\n<table style=\"border-collapse: collapse; width: 80%; margin-left: auto; margin-right: auto;\" border=\"0\" width=\"144\" cellspacing=\"0\" cellpadding=\"0\">\n<tbody>\n<tr style=\"height: 13.50pt;\">\n<td style=\"height: 13.5pt; width: 54pt; text-align: center;\" width=\"72\" height=\"18\">Caracter\u00edstica<\/td>\n<td style=\"width: 54pt; text-align: center;\" width=\"72\">Detalle<\/td>\n<\/tr>\n<tr style=\"height: 13.50pt;\">\n<td style=\"height: 13.5pt; text-align: center;\" height=\"18\">Capacidad<\/td>\n<td style=\"text-align: center;\">750 ml<\/td>\n<\/tr>\n<tr style=\"height: 13.50pt;\">\n<td style=\"height: 13.5pt; text-align: center;\" height=\"18\">Dimensiones<\/td>\n<td style=\"text-align: center;\">8,8 \u00d7 29,8 cm<\/td>\n<\/tr>\n<tr style=\"height: 13.50pt;\">\n<td style=\"height: 13.5pt; text-align: center;\" height=\"18\">Color<\/td>\n<td style=\"text-align: center;\">Verde oliva<\/td>\n<\/tr>\n<tr style=\"height: 13.50pt;\">\n<td style=\"height: 13.5pt; text-align: center;\" height=\"18\">Cuello<\/td>\n<td style=\"text-align: center;\">Boca plana de 1,8 cm<\/td>\n<\/tr>\n<tr style=\"height: 13.50pt;\">\n<td style=\"height: 13.5pt; text-align: center;\" height=\"18\">Cierre<\/td>\n<td style=\"text-align: center;\">Corchos de vino naturales, tap\u00f3n sint\u00e9tico<\/td>\n<\/tr>\n<\/tbody>\n<\/table>\n<h2>Caso de \u00e9xito<\/h2>\n<p>Una bodega boutique europea de tama\u00f1o mediano decidi\u00f3 optar por nuestra botella est\u00e1ndar de vino de vidrio oscuro de 750 ml como soluci\u00f3n de envasado para su nuevo vino tinto de a\u00f1ada a largo plazo. En consonancia con el posicionamiento de su marca, le dieron a la botella una base m\u00e1s gruesa para mejorar la sensaci\u00f3n t\u00e1ctil y el aspecto premium, a la vez que ajustaron el color de la botella a un tono uniformemente intenso. Adem\u00e1s del sutil logotipo de la bodega grabado en relieve en el hombro de la botella, se a\u00f1adi\u00f3 un tap\u00f3n de corcho natural personalizado y un control preciso de la tolerancia del cuello de la botella.<\/p>\n<p>Tras el lanzamiento del producto, sus ventas totales aumentaron aproximadamente un 32 % durante el primer trimestre, siendo el sector de la restauraci\u00f3n y la hosteler\u00eda los principales impulsores. Seg\u00fan la informaci\u00f3n del mercado, el cliente realiz\u00f3 dos pedidos repetidos en seis meses, lo que multiplic\u00f3 su volumen total por casi 1,8 en comparaci\u00f3n con el pedido inicial y, a partir de entonces, consider\u00f3 este tipo de botella como la soluci\u00f3n de envasado a largo plazo para su vino tinto estrella.<\/p>\n<h2>Tus consejos de personalizaci\u00f3n<\/h2>\n<ol>\n<li><strong>Estampado de logotipos:<\/strong> Estampa tu logo en el hombro, cuando los clientes guardan botellas de vino vac\u00edas, tu historia queda por ver.<\/li>\n<li><strong>Cierre flexible:<\/strong> \u00bfPrefieres corchos de vino naturales si prefieres un estilo tradicional? \u00bfO sint\u00e9ticos para uniformidad? Lo personalizamos.<\/li>\n<li><strong>Estrategia de color:<\/strong> \u00bfTe gusta este verde oliva? Puedes usar el verde champ\u00e1n para sets de regalo o botellas de vino burdeos transparentes para blancos. Dise\u00f1amos botellas para cada historia.<\/li>\n<\/ol>","protected":false},"excerpt":{"rendered":"<p>Botella de vino de excelente calidad, de tama\u00f1o est\u00e1ndar, con vidrio resistente y peso equilibrado. Suministro directo de f\u00e1brica con entrega r\u00e1pida.<\/p>","protected":false},"featured_media":5657,"template":"","meta":{"postBodyCss":"","postBodyMargin":[],"postBodyPadding":[],"postBodyBackground":{"backgroundType":"classic","gradient":""}},"product_brand":[],"product_cat":[15,16,84],"product_tag":[],"class_list":{"0":"post-5649","1":"product","2":"type-product","3":"status-publish","4":"has-post-thumbnail","6":"product_cat-glass-containers","7":"product_cat-glass-bottles","8":"product_cat-wine-bottles","10":"first","11":"instock","12":"shipping-taxable","13":"product-type-simple"},"jetpack_sharing_enabled":true,"_links":{"self":[{"href":"https:\/\/minghanggroup.com\/es\/wp-json\/wp\/v2\/product\/5649","targetHints":{"allow":["GET"]}}],"collection":[{"href":"https:\/\/minghanggroup.com\/es\/wp-json\/wp\/v2\/product"}],"about":[{"href":"https:\/\/minghanggroup.com\/es\/wp-json\/wp\/v2\/types\/product"}],"wp:featuredmedia":[{"embeddable":true,"href":"https:\/\/minghanggroup.com\/es\/wp-json\/wp\/v2\/media\/5657"}],"wp:attachment":[{"href":"https:\/\/minghanggroup.com\/es\/wp-json\/wp\/v2\/media?parent=5649"}],"wp:term":[{"taxonomy":"product_brand","embeddable":true,"href":"https:\/\/minghanggroup.com\/es\/wp-json\/wp\/v2\/product_brand?post=5649"},{"taxonomy":"product_cat","embeddable":true,"href":"https:\/\/minghanggroup.com\/es\/wp-json\/wp\/v2\/product_cat?post=5649"},{"taxonomy":"product_tag","embeddable":true,"href":"https:\/\/minghanggroup.com\/es\/wp-json\/wp\/v2\/product_tag?post=5649"}],"curies":[{"name":"wp","href":"https:\/\/api.w.org\/{rel}","templated":true}]}}