{"id":5648,"date":"2026-02-24T13:19:45","date_gmt":"2026-02-24T05:19:45","guid":{"rendered":"https:\/\/minghanggroup.com\/?post_type=product&#038;p=5648"},"modified":"2026-02-09T14:04:03","modified_gmt":"2026-02-09T06:04:03","slug":"amber-unique-wine-bottles-with-grip-bulk","status":"publish","type":"product","link":"https:\/\/minghanggroup.com\/es\/producto\/amber-unique-wine-bottles-with-grip-bulk\/","title":{"rendered":"Botellas de vino \u00e1mbar \u00fanicas de 750 ml con asa a granel"},"content":{"rendered":"<p>Estas exclusivas botellas de vino presentan un dise\u00f1o excelente, elaboradas con vidrio \u00e1mbar intenso y asas c\u00f3ncavas, dise\u00f1adas ergon\u00f3micamente para adaptarse a la mano. Sus l\u00edneas fluidas y estilizadas combinan arte y funcionalidad.<\/p>\n<h2>Caracter\u00edsticas del producto<\/h2>\n<ul>\n<li><strong>Vidrio \u00e1mbar profundo:<\/strong> El vidrio \u00e1mbar profundo es \u00fatil para proteger el vino bloqueando la destrucci\u00f3n de los rayos UV y adem\u00e1s ofrece un aspecto antiguo.<\/li>\n<li><strong>Asas ergon\u00f3micas dobles:<\/strong> Dos superficies con formas diferentes permiten distintos estilos de vertido y formas de mano.<\/li>\n<li><strong>Dise\u00f1o llamativo:<\/strong> La forma asim\u00e9trica del dise\u00f1o del mango es inmediatamente m\u00e1s atractiva a la vista y crear\u00e1 una imagen de marca m\u00e1s fuerte.<\/li>\n<\/ul>\n<h2 style=\"text-align: left;\">Especificaciones clave<\/h2>\n<table class=\"aligncenter\" style=\"border-collapse: collapse; width: 345.77pt;\" border=\"0\" width=\"461\" cellspacing=\"0\" cellpadding=\"0\">\n<tbody>\n<tr style=\"height: 13.50pt;\">\n<td style=\"height: 13.50pt; width: 98.25pt;\" width=\"131\" height=\"18\">Especificaci\u00f3n<\/td>\n<td style=\"width: 247.50pt;\" width=\"330\">Detalles<\/td>\n<\/tr>\n<tr style=\"height: 13.50pt;\">\n<td style=\"height: 13.50pt;\" height=\"18\">Capacidad<\/td>\n<td>750 ml<\/td>\n<\/tr>\n<tr style=\"height: 13.50pt;\">\n<td style=\"height: 13.50pt;\" height=\"18\">Dimensiones<\/td>\n<td>80\u00d7304 mm<\/td>\n<\/tr>\n<tr style=\"height: 13.50pt;\">\n<td style=\"height: 13.50pt;\" height=\"18\">Material<\/td>\n<td>Vidrio \u00e1mbar profundo<\/td>\n<\/tr>\n<tr style=\"height: 13.50pt;\">\n<td style=\"height: 13.50pt;\" height=\"18\">Alcance de personalizaci\u00f3n<\/td>\n<td>Color, tama\u00f1o, tapas, acabado<\/td>\n<\/tr>\n<tr style=\"height: 13.50pt;\">\n<td style=\"height: 13.50pt;\" height=\"18\">Prop\u00f3sito del producto<\/td>\n<td>Botellas de vino premium, botellas de regalo de lujo<\/td>\n<\/tr>\n<tr style=\"height: 13.50pt;\">\n<td style=\"height: 13.50pt;\" height=\"18\">Industrias adecuadas<\/td>\n<td>Bodegas, Vi\u00f1edos, Restaurantes de Alta Gama<\/td>\n<\/tr>\n<\/tbody>\n<\/table>\n<h2>Historia de \u00e9xito: Colecci\u00f3n de regalos de alta gama, bodega francesa<\/h2>\n<p>Una bodega francesa eligi\u00f3 nuestras botellas de vino de 750 ml, de dise\u00f1o ergon\u00f3mico, con acabado esmerilado y logotipo dorado serigrafiado. El distintivo dise\u00f1o del asa impuls\u00f3 un aumento del 40 % en las ventas de sets de regalo, as\u00ed como un 75 % en las publicaciones del nuevo dise\u00f1o en redes sociales. La bodega qued\u00f3 tan satisfecha con las ventas que encarg\u00f3 500\u00a0000 botellas adicionales para satisfacer las necesidades de regalos durante las tres pr\u00f3ximas fiestas.<\/p>\n<h2>Las opciones de personalizaci\u00f3n de botellas de vino \u00fanicas<\/h2>\n<ul>\n<li>Elecci\u00f3n de color: Puede ser \u00e1mbar claro, verde o vidrio s\u00edlex con diversos requisitos de bloqueo de luz.<\/li>\n<li>Relieve: Relieve cualquier logotipo, patr\u00f3n varietal o textura en el \u00e1rea del mango.<\/li>\n<li>Textura de manija personalizada: cambie el patr\u00f3n de m\u00faltiples ranuras para crear patrones con forma de ondas o diamantes u otras formas personalizadas.<\/li>\n<\/ul>","protected":false},"excerpt":{"rendered":"<p>Nuestras botellas de vino de 750 ml cuentan con un vidrio \u00e1mbar intenso que protege de la luz. Estas exclusivas botellas ofrecen un agarre ergon\u00f3mico y empotrado para una sujeci\u00f3n segura. Muestras gratuitas.<\/p>","protected":false},"featured_media":5650,"template":"","meta":{"postBodyCss":"","postBodyMargin":[],"postBodyPadding":[],"postBodyBackground":{"backgroundType":"classic","gradient":""}},"product_brand":[],"product_cat":[15,16,84],"product_tag":[],"class_list":{"0":"post-5648","1":"product","2":"type-product","3":"status-publish","4":"has-post-thumbnail","6":"product_cat-glass-containers","7":"product_cat-glass-bottles","8":"product_cat-wine-bottles","10":"first","11":"instock","12":"shipping-taxable","13":"product-type-simple"},"jetpack_sharing_enabled":true,"_links":{"self":[{"href":"https:\/\/minghanggroup.com\/es\/wp-json\/wp\/v2\/product\/5648","targetHints":{"allow":["GET"]}}],"collection":[{"href":"https:\/\/minghanggroup.com\/es\/wp-json\/wp\/v2\/product"}],"about":[{"href":"https:\/\/minghanggroup.com\/es\/wp-json\/wp\/v2\/types\/product"}],"wp:featuredmedia":[{"embeddable":true,"href":"https:\/\/minghanggroup.com\/es\/wp-json\/wp\/v2\/media\/5650"}],"wp:attachment":[{"href":"https:\/\/minghanggroup.com\/es\/wp-json\/wp\/v2\/media?parent=5648"}],"wp:term":[{"taxonomy":"product_brand","embeddable":true,"href":"https:\/\/minghanggroup.com\/es\/wp-json\/wp\/v2\/product_brand?post=5648"},{"taxonomy":"product_cat","embeddable":true,"href":"https:\/\/minghanggroup.com\/es\/wp-json\/wp\/v2\/product_cat?post=5648"},{"taxonomy":"product_tag","embeddable":true,"href":"https:\/\/minghanggroup.com\/es\/wp-json\/wp\/v2\/product_tag?post=5648"}],"curies":[{"name":"wp","href":"https:\/\/api.w.org\/{rel}","templated":true}]}}