{"id":5641,"date":"2026-02-22T10:19:05","date_gmt":"2026-02-22T02:19:05","guid":{"rendered":"https:\/\/minghanggroup.com\/?post_type=product&#038;p=5641"},"modified":"2026-02-09T11:57:43","modified_gmt":"2026-02-09T03:57:43","slug":"clear-1-liter-wine-bottles-with-slim-neck-wholesale","status":"publish","type":"product","link":"https:\/\/minghanggroup.com\/es\/producto\/clear-1-liter-wine-bottles-with-slim-neck-wholesale\/","title":{"rendered":"Botellas de vino transparentes de 1 litro con cuello delgado al por mayor"},"content":{"rendered":"<p>Es una botella de vino de 1 litro producida con el vidrio de grado alimenticio m\u00e1s transparente que proporciona un alto grado de claridad que la hace perfecta en t\u00e9rminos de embotellado, almacenamiento y exhibici\u00f3n de vinos.<\/p>\n<h2>Caracter\u00edsticas del producto<\/h2>\n<ul>\n<li><strong>Botella transparente:<\/strong> Esta botella est\u00e1 hecha de vidrio transparente de alta pureza, es decir, cristalino, por lo que se puede apreciar f\u00e1cilmente el color y la textura del vino.<\/li>\n<li><strong>Dise\u00f1o de cuello plano est\u00e1ndar:<\/strong> El dise\u00f1o de cuello de botella es el dise\u00f1o m\u00e1s eficiente, est\u00e1 pensado para usarse con corchos est\u00e1ndar y, por lo tanto, es el m\u00e1s adecuado para usar en vinos viejos.<\/li>\n<li><strong>Capacidad est\u00e1ndar de 1000 ml:<\/strong> La botella con capacidad est\u00e1ndar de 1000 ml satisface las necesidades de embotellado para consumo dom\u00e9stico, banquetes y uso comercial.<\/li>\n<\/ul>\n<h2 style=\"text-align: left;\">Especificaciones clave<\/h2>\n<table class=\"aligncenter\" style=\"border-collapse: collapse; width: 325.52pt;\" border=\"0\" width=\"434\" cellspacing=\"0\" cellpadding=\"0\">\n<tbody>\n<tr style=\"height: 13.50pt;\">\n<td style=\"height: 13.50pt; width: 98.25pt;\" width=\"131\" height=\"18\">Especificaci\u00f3n<\/td>\n<td style=\"width: 227.25pt;\" width=\"303\">Detalles<\/td>\n<\/tr>\n<tr style=\"height: 13.50pt;\">\n<td style=\"height: 13.50pt;\" height=\"18\">Capacidad<\/td>\n<td>1000 ml (1 litro)<\/td>\n<\/tr>\n<tr style=\"height: 13.50pt;\">\n<td style=\"height: 13.50pt;\" height=\"18\">Dimensiones<\/td>\n<td>85\u00d7325 mm<\/td>\n<\/tr>\n<tr style=\"height: 13.50pt;\">\n<td style=\"height: 13.50pt;\" height=\"18\">Material<\/td>\n<td>Vidrio transparente<\/td>\n<\/tr>\n<tr style=\"height: 13.50pt;\">\n<td style=\"height: 13.50pt;\" height=\"18\">Forma de la botella<\/td>\n<td>Cilindro de lados rectos<\/td>\n<\/tr>\n<tr style=\"height: 13.50pt;\">\n<td style=\"height: 13.50pt;\" height=\"18\">Alcance de personalizaci\u00f3n<\/td>\n<td>Color, tama\u00f1o, forma, tapas<\/td>\n<\/tr>\n<tr style=\"height: 13.50pt;\">\n<td style=\"height: 13.50pt;\" height=\"18\">Prop\u00f3sito del producto<\/td>\n<td>Botella de vino transparente, botellas de vino vac\u00edas<\/td>\n<\/tr>\n<tr style=\"height: 13.50pt;\">\n<td style=\"height: 13.50pt;\" height=\"18\">Industrias adecuadas<\/td>\n<td>Bodegas, cervecer\u00edas, destiler\u00edas<\/td>\n<\/tr>\n<\/tbody>\n<\/table>\n<h2>Historia de \u00e9xito: Vino blanco de la bodega Pacific Northwest<\/h2>\n<p>Una de las bodegas boutique del estado de Washington decidi\u00f3 usar nuestra botella de vino de 1 litro, grabada a mano con el nombre de la variedad de uva. Los resultados fueron sorprendentes: la transparencia de la botella se convirti\u00f3 en un factor clave para la venta, como se mencion\u00f3 en el 60 % de las rese\u00f1as positivas; las ventas de vino blanco aumentaron un 15 %; la confusi\u00f3n de los clientes sobre el color del vino se redujo un 20 %. Tras este \u00e9xito, solicitaron un nuevo stock de 150\u00a0000 botellas.<\/p>\n<h2>Opiniones sobre la creaci\u00f3n de botellas de vino transparente<\/h2>\n<ul>\n<li>Color y tono del vidrio: Vienen en transparente o ultra transparente (bajo contenido de hierro), o en cualquier color personalizado como azul claro o verde.<\/li>\n<li>Acabado esmerilado o mate: se puede usar con acabado totalmente esmerilado o mate seg\u00fan el deseo de parecer suave y moderno.<\/li>\n<li>Diferencia de capacidad Capacidad est\u00e1ndar de hasta 750 ml, gran capacidad de hasta 150 ml.<\/li>\n<\/ul>","protected":false},"excerpt":{"rendered":"<p>Botella de vino de 1 litro, directamente de f\u00e1brica, en vidrio transparente de primera calidad. Esta botella transparente es ideal para vino blanco, sake, c\u00f3cteles listos para beber y para exhibiciones modernas y de dise\u00f1o.<\/p>","protected":false},"featured_media":5644,"template":"","meta":{"postBodyCss":"","postBodyMargin":[],"postBodyPadding":[],"postBodyBackground":{"backgroundType":"classic","gradient":""}},"product_brand":[],"product_cat":[15,16,84],"product_tag":[],"class_list":{"0":"post-5641","1":"product","2":"type-product","3":"status-publish","4":"has-post-thumbnail","6":"product_cat-glass-containers","7":"product_cat-glass-bottles","8":"product_cat-wine-bottles","10":"first","11":"instock","12":"shipping-taxable","13":"product-type-simple"},"jetpack_sharing_enabled":true,"_links":{"self":[{"href":"https:\/\/minghanggroup.com\/es\/wp-json\/wp\/v2\/product\/5641","targetHints":{"allow":["GET"]}}],"collection":[{"href":"https:\/\/minghanggroup.com\/es\/wp-json\/wp\/v2\/product"}],"about":[{"href":"https:\/\/minghanggroup.com\/es\/wp-json\/wp\/v2\/types\/product"}],"wp:featuredmedia":[{"embeddable":true,"href":"https:\/\/minghanggroup.com\/es\/wp-json\/wp\/v2\/media\/5644"}],"wp:attachment":[{"href":"https:\/\/minghanggroup.com\/es\/wp-json\/wp\/v2\/media?parent=5641"}],"wp:term":[{"taxonomy":"product_brand","embeddable":true,"href":"https:\/\/minghanggroup.com\/es\/wp-json\/wp\/v2\/product_brand?post=5641"},{"taxonomy":"product_cat","embeddable":true,"href":"https:\/\/minghanggroup.com\/es\/wp-json\/wp\/v2\/product_cat?post=5641"},{"taxonomy":"product_tag","embeddable":true,"href":"https:\/\/minghanggroup.com\/es\/wp-json\/wp\/v2\/product_tag?post=5641"}],"curies":[{"name":"wp","href":"https:\/\/api.w.org\/{rel}","templated":true}]}}