{"id":5636,"date":"2026-02-09T08:53:27","date_gmt":"2026-02-09T00:53:27","guid":{"rendered":"https:\/\/minghanggroup.com\/?post_type=product&#038;p=5636"},"modified":"2026-02-09T10:52:39","modified_gmt":"2026-02-09T02:52:39","slug":"1-5-liter-amber-large-wine-bottles-wholesale","status":"publish","type":"product","link":"https:\/\/minghanggroup.com\/es\/producto\/1-5-liter-amber-large-wine-bottles-wholesale\/","title":{"rendered":"Botellas de vino grandes de color \u00e1mbar de 1,5 litros al por mayor"},"content":{"rendered":"<p>Esta pr\u00e1ctica y elegante botella de vino grande de un litro y medio est\u00e1 hecha de vidrio \u00e1mbar intenso y su dise\u00f1o le da un cuerpo amplio y redondo, con un cuello fino y elegante que evoca el encanto cl\u00e1sico de los envases de vino de alta calidad.<\/p>\n<h2>Caracter\u00edsticas del producto<\/h2>\n<ul>\n<li><strong>Vidrio \u00e1mbar profundo:<\/strong> El vidrio de alta calidad tiene alta protecci\u00f3n UV y choque t\u00e9rmico.<\/li>\n<li><strong>Muros duraderos:<\/strong> La botella est\u00e1 hecha de vidrio engrosado, lo que forma una construcci\u00f3n fuerte y resistente a la tensi\u00f3n, que es adecuada para almacenar y transportar.<\/li>\n<li><strong>Enorme capacidad de 1500 ml:<\/strong> El formato de gran capacidad de 1500 ml es una bebida exclusiva que resulta \u00fatil para el almacenamiento de vino en el hogar, en bodegas de gran formato y en el servicio de banquetes.<\/li>\n<\/ul>\n<h2 style=\"text-align: left;\">Especificaciones clave<\/h2>\n<table class=\"aligncenter\" style=\"border-collapse: collapse; width: 381.02pt;\" border=\"0\" width=\"508\" cellspacing=\"0\" cellpadding=\"0\">\n<tbody>\n<tr style=\"height: 13.50pt;\">\n<td style=\"height: 13.50pt; width: 118.50pt;\" width=\"158\" height=\"18\">Atributo<\/td>\n<td style=\"width: 262.50pt;\" width=\"350\">Detalles<\/td>\n<\/tr>\n<tr style=\"height: 13.50pt;\">\n<td style=\"height: 13.50pt;\" height=\"18\">Capacidad<\/td>\n<td>1500 ml (1,5 litros)<\/td>\n<\/tr>\n<tr style=\"height: 13.50pt;\">\n<td style=\"height: 13.50pt;\" height=\"18\">Material<\/td>\n<td>Vidrio de color \u00e1mbar profundo<\/td>\n<\/tr>\n<tr style=\"height: 13.50pt;\">\n<td style=\"height: 13.50pt;\" height=\"18\">Forma de la botella<\/td>\n<td>Cuerpo ancho cl\u00e1sico, cuello alto y recto.<\/td>\n<\/tr>\n<tr style=\"height: 13.50pt;\">\n<td style=\"height: 13.50pt;\" height=\"18\">Gama de personalizaci\u00f3n<\/td>\n<td>Tama\u00f1o, color, acabado, dise\u00f1o del cuello.<\/td>\n<\/tr>\n<tr style=\"height: 13.50pt;\">\n<td style=\"height: 13.50pt;\" height=\"18\">Artesan\u00eda<\/td>\n<td>Paredes gruesas, acabado liso, base reforzada.<\/td>\n<\/tr>\n<tr style=\"height: 13.50pt;\">\n<td style=\"height: 13.50pt;\" height=\"18\">Uso principal<\/td>\n<td>Botellas de vino grandes, botellas de vino tinto.<\/td>\n<\/tr>\n<tr style=\"height: 13.50pt;\">\n<td style=\"height: 13.50pt;\" height=\"18\">Industrias objetivo<\/td>\n<td>Bodegas, hosteler\u00eda, coleccionistas<\/td>\n<\/tr>\n<\/tbody>\n<\/table>\n<h2>Historia de \u00e9xito: Edici\u00f3n Aniversario de la Bodega Napa Valley<\/h2>\n<p>Una de las bodegas del Valle de Napa seleccion\u00f3 nuestra botella de vino de gran capacidad (1,5 litros) y la estamp\u00f3 con una insignia profunda y una etiqueta dorada serigrafiada. Este vino de gran capacidad se convirti\u00f3 inmediatamente en un objeto de colecci\u00f3n tras su lanzamiento y se agot\u00f3 en tan solo 48 horas. La oxidaci\u00f3n tambi\u00e9n se minimiza en un 25% gracias a su botella de vidrio color \u00e1mbar. La industria vitivin\u00edcola qued\u00f3 encantada con la botella y posteriormente encarg\u00f3 250.000 unidades adicionales para sus vinos de reserva en las siguientes cinco cosechas, en envases de gran capacidad.<\/p>\n<h2>Opciones de personalizaci\u00f3n<\/h2>\n<ul>\n<li>Selecci\u00f3n de color: Pueden ser de color \u00e1mbar o verde m\u00e1s oscuro para aumentar la protecci\u00f3n contra la luz.<\/li>\n<li>Dise\u00f1o de cuello: personalizable para determinadas longitudes de corcho o sistemas de sellado especiales.<\/li>\n<li>Relieve: Estampa tu logotipo, el nombre de la denominaci\u00f3n o algunos detalles en el hombro o en el fondo de la botella.<\/li>\n<\/ul>","protected":false},"excerpt":{"rendered":"<p>Botella de vino \u00e1mbar grande de 1,5 litros. Vidrio grueso de grado alimenticio, con acabado de corcho liso, ideal para vino, vino de frutas y espumosos. Directo de f\u00e1brica.<\/p>","protected":false},"featured_media":5640,"template":"","meta":{"postBodyCss":"","postBodyMargin":[],"postBodyPadding":[],"postBodyBackground":{"backgroundType":"classic","gradient":""}},"product_brand":[],"product_cat":[15,16,84],"product_tag":[],"class_list":{"0":"post-5636","1":"product","2":"type-product","3":"status-publish","4":"has-post-thumbnail","6":"product_cat-glass-containers","7":"product_cat-glass-bottles","8":"product_cat-wine-bottles","10":"first","11":"instock","12":"shipping-taxable","13":"product-type-simple"},"jetpack_sharing_enabled":true,"_links":{"self":[{"href":"https:\/\/minghanggroup.com\/es\/wp-json\/wp\/v2\/product\/5636","targetHints":{"allow":["GET"]}}],"collection":[{"href":"https:\/\/minghanggroup.com\/es\/wp-json\/wp\/v2\/product"}],"about":[{"href":"https:\/\/minghanggroup.com\/es\/wp-json\/wp\/v2\/types\/product"}],"wp:featuredmedia":[{"embeddable":true,"href":"https:\/\/minghanggroup.com\/es\/wp-json\/wp\/v2\/media\/5640"}],"wp:attachment":[{"href":"https:\/\/minghanggroup.com\/es\/wp-json\/wp\/v2\/media?parent=5636"}],"wp:term":[{"taxonomy":"product_brand","embeddable":true,"href":"https:\/\/minghanggroup.com\/es\/wp-json\/wp\/v2\/product_brand?post=5636"},{"taxonomy":"product_cat","embeddable":true,"href":"https:\/\/minghanggroup.com\/es\/wp-json\/wp\/v2\/product_cat?post=5636"},{"taxonomy":"product_tag","embeddable":true,"href":"https:\/\/minghanggroup.com\/es\/wp-json\/wp\/v2\/product_tag?post=5636"}],"curies":[{"name":"wp","href":"https:\/\/api.w.org\/{rel}","templated":true}]}}