{"id":5630,"date":"2026-02-06T16:17:18","date_gmt":"2026-02-06T08:17:18","guid":{"rendered":"https:\/\/minghanggroup.com\/?post_type=product&#038;p=5630"},"modified":"2026-04-14T09:29:24","modified_gmt":"2026-04-14T01:29:24","slug":"frosted-750ml-volume-wine-bottle-for-packaging-bulk","status":"publish","type":"product","link":"https:\/\/minghanggroup.com\/es\/producto\/frosted-750ml-volume-wine-bottle-for-packaging-bulk\/","title":{"rendered":"Botella de vino esmerilada de 750 ml para envasado a granel"},"content":{"rendered":"<p>Quiere que su marca se sienta palpable. Nuestras botellas de vino de gran volumen ofrecen precisamente eso: textura mate suave, sin reflejos ni huellas dactilares. Elaboradas con la cl\u00e1sica silueta burdeos, cada botella de 750 ml est\u00e1 disponible en vidrio transparente esmerilado o verde oliva. Comb\u00ednelas con corchos de vino naturales para un acabado cl\u00e1sico y encantador, o con tapones sint\u00e9ticos para una elaboraci\u00f3n de vino impecable. Como su socio de confianza para pedidos de botellas de vino de gran volumen, le facilitamos la adaptaci\u00f3n, ya sea que est\u00e9 embotellando vinos tintos, claretes, borgo\u00f1as o planeando ediciones de espumosos. Esto no es packaging. Es narraci\u00f3n sensorial.<\/p>\n<h2>Caracter\u00edsticas del producto<\/h2>\n<ul>\n<li><strong>Tacto de lujo mate:<\/strong> La superficie suave y esmerilada no solo brinda una sensaci\u00f3n lujosa en la mano, sino que tambi\u00e9n evita las manchas, lo que la hace ideal para estantes minoristas o juegos de regalo donde las botellas de vino vac\u00edas se convierten en art\u00edculos preciados.<\/li>\n<li><strong>Historia de dos colores:<\/strong> Las botellas transparentes esmeriladas permiten que el color de tu vino sea el centro de atenci\u00f3n; el verde oliva ofrece una ligera protecci\u00f3n UV. \u00bfTe encanta el verde champ\u00e1n? Tambi\u00e9n podemos hacerlo para ti.<\/li>\n<li><strong>Base de despeje estable:<\/strong> La parte inferior reforzada con sangr\u00eda est\u00e1 dise\u00f1ada para brindar una postura muy estable tanto durante el env\u00edo, la exhibici\u00f3n y cuando las botellas de vino vac\u00edas se convierten en dispensadores de aceite o floreros.<\/li>\n<\/ul>\n<h2>Especificaciones clave<\/h2>\n<table style=\"border-collapse: collapse; width: 80%; margin-left: auto; margin-right: auto;\" border=\"0\" width=\"144\" cellspacing=\"0\" cellpadding=\"0\">\n<tbody>\n<tr style=\"height: 13.50pt;\">\n<td style=\"height: 13.5pt; width: 54pt; text-align: center;\" width=\"72\" height=\"18\">Caracter\u00edstica<\/td>\n<td style=\"width: 54pt; text-align: center;\" width=\"72\">Detalle<\/td>\n<\/tr>\n<tr style=\"height: 13.50pt;\">\n<td style=\"height: 13.5pt; text-align: center;\" height=\"18\">Capacidad<\/td>\n<td style=\"text-align: center;\">750 ml<\/td>\n<\/tr>\n<tr style=\"height: 13.50pt;\">\n<td style=\"height: 13.5pt; text-align: center;\" height=\"18\">Dimensiones<\/td>\n<td style=\"text-align: center;\">8,4 \u00d7 29,2 cm<\/td>\n<\/tr>\n<tr style=\"height: 13.50pt;\">\n<td style=\"height: 13.5pt; text-align: center;\" height=\"18\">Finalizar<\/td>\n<td style=\"text-align: center;\">Mate esmerilado<\/td>\n<\/tr>\n<tr style=\"height: 13.50pt;\">\n<td style=\"height: 13.5pt; text-align: center;\" height=\"18\">Bandera<\/td>\n<td style=\"text-align: center;\">Pedernal transparente esmerilado, verde oliva esmerilado<\/td>\n<\/tr>\n<tr style=\"height: 13.50pt;\">\n<td style=\"height: 13.5pt; text-align: center;\" height=\"18\">Cuello<\/td>\n<td style=\"text-align: center;\">1,8 cent\u00edmetros<\/td>\n<\/tr>\n<tr style=\"height: 13.50pt;\">\n<td style=\"height: 13.5pt; text-align: center;\" height=\"18\">Cierre<\/td>\n<td style=\"text-align: center;\">Corchos de vino naturales, tap\u00f3n sint\u00e9tico<\/td>\n<\/tr>\n<tr style=\"height: 13.50pt;\">\n<td style=\"height: 13.5pt; text-align: center;\" height=\"18\">Ideal para<\/td>\n<td style=\"text-align: center;\">Vinos Tintos, Clarete, Borgo\u00f1a, Vino Casero, Vino Espumoso*, Botellas de Licor<\/td>\n<\/tr>\n<\/tbody>\n<\/table>\n<h2>Caso de \u00e9xito<\/h2>\n<p>Una marca europea de vinos de lujo decidi\u00f3 utilizar nuestra botella de vino esmerilado de 750 ml como envase principal para el lanzamiento de su serie \u00fanica. Le dimos a la botella un acabado suave y esmerilado y modificamos ligeramente sus dimensiones para adaptarlas al estilo del vino, d\u00e1ndole as\u00ed una apariencia de mayor clase y refinamiento. Adem\u00e1s, implementamos un dise\u00f1o frontal con fondo reforzado para garantizar un mejor agarre y mayor seguridad durante el transporte. La botella incluye un cierre est\u00e1ndar, por lo que es totalmente compatible con su l\u00ednea de embotellado actual y los costos de modificaci\u00f3n son m\u00ednimos.<\/p>\n<p>Durante el primer trimestre de ventas tras el lanzamiento del nuevo envase, las ventas de la serie en los puntos de distribuci\u00f3n aumentaron aproximadamente un 32 % interanual. La encuesta a clientes mostr\u00f3 una notable mejora en la visibilidad en los lineales y la prima de la marca. Tres meses despu\u00e9s, el cliente realiz\u00f3 un segundo pedido, lo que dio como resultado una colaboraci\u00f3n duradera y estable.<\/p>\n<h2>Sus opciones de personalizaci\u00f3n<\/h2>\n<ol>\n<li><strong>Color de vidrio personalizado:<\/strong> Adem\u00e1s del verde transparente u oscuro est\u00e1ndar, tambi\u00e9n ofrecemos opciones de colores de baja saturaci\u00f3n, como gris ahumado claro y gris champ\u00e1n, que combinan mejor con vinos de alta gama o de estilo natural.<\/li>\n<li><strong>Logotipos de marca en relieve o bajo relieve:<\/strong> Se puede colocar un logotipo o una fecha en relieve oculto en el hombro o en el medio de la botella para contar as\u00ed la historia de la marca sin necesidad de utilizar etiquetas adicionales.<\/li>\n<li><strong>Tratamientos especiales de textura de superficie:<\/strong> Adem\u00e1s del acabado esmerilado est\u00e1ndar, podemos ofrecer texturas con aspecto de arena fina, seda o micropart\u00edculas, que pueden aumentar notablemente el nivel de experiencia t\u00e1ctil del cliente al sostener la botella.<\/li>\n<\/ol>","protected":false},"excerpt":{"rendered":"<p>Botella de vino de 750 ml con elegante acabado esmerilado. Suministro directo de f\u00e1brica y env\u00edo r\u00e1pido para marcas de vino. Muestras gratuitas.<\/p>","protected":false},"featured_media":5634,"template":"","meta":{"postBodyCss":"","postBodyMargin":[],"postBodyPadding":[],"postBodyBackground":{"backgroundType":"classic","gradient":""}},"product_brand":[],"product_cat":[15,16,84],"product_tag":[109],"class_list":{"0":"post-5630","1":"product","2":"type-product","3":"status-publish","4":"has-post-thumbnail","6":"product_cat-glass-containers","7":"product_cat-glass-bottles","8":"product_cat-wine-bottles","9":"product_tag-glass-champagne-bottles","11":"first","12":"instock","13":"shipping-taxable","14":"product-type-simple"},"jetpack_sharing_enabled":true,"_links":{"self":[{"href":"https:\/\/minghanggroup.com\/es\/wp-json\/wp\/v2\/product\/5630","targetHints":{"allow":["GET"]}}],"collection":[{"href":"https:\/\/minghanggroup.com\/es\/wp-json\/wp\/v2\/product"}],"about":[{"href":"https:\/\/minghanggroup.com\/es\/wp-json\/wp\/v2\/types\/product"}],"wp:featuredmedia":[{"embeddable":true,"href":"https:\/\/minghanggroup.com\/es\/wp-json\/wp\/v2\/media\/5634"}],"wp:attachment":[{"href":"https:\/\/minghanggroup.com\/es\/wp-json\/wp\/v2\/media?parent=5630"}],"wp:term":[{"taxonomy":"product_brand","embeddable":true,"href":"https:\/\/minghanggroup.com\/es\/wp-json\/wp\/v2\/product_brand?post=5630"},{"taxonomy":"product_cat","embeddable":true,"href":"https:\/\/minghanggroup.com\/es\/wp-json\/wp\/v2\/product_cat?post=5630"},{"taxonomy":"product_tag","embeddable":true,"href":"https:\/\/minghanggroup.com\/es\/wp-json\/wp\/v2\/product_tag?post=5630"}],"curies":[{"name":"wp","href":"https:\/\/api.w.org\/{rel}","templated":true}]}}