{"id":5625,"date":"2026-02-06T15:09:31","date_gmt":"2026-02-06T07:09:31","guid":{"rendered":"https:\/\/minghanggroup.com\/?post_type=product&#038;p=5625"},"modified":"2026-04-14T09:29:41","modified_gmt":"2026-04-14T01:29:41","slug":"bordeaux-shape-wine-bottle-750-ml-for-bulk","status":"publish","type":"product","link":"https:\/\/minghanggroup.com\/es\/producto\/bordeaux-shape-wine-bottle-750-ml-for-bulk\/","title":{"rendered":"Botella de vino Burdeos de 750 ml a granel"},"content":{"rendered":"<p>Pones pasi\u00f3n en cada lote; ahora dale un hogar que la haga destacar. Nuestra botella de vino de 750 ml brilla en cristal flint transparente para realzar el brillo rub\u00ed de tu clarete o en un verde oliva protector (un elegante pariente del verde burdeos) para el borgo\u00f1a de envejecimiento. Esta botella de vino burdeos con forma atemporal se adapta perfectamente a los estantes, se cierra herm\u00e9ticamente con corchos o tapones sint\u00e9ticos y convierte las botellas de vino vac\u00edas en preciados recuerdos. Como tu proveedor de referencia para botellas de vino, creamos botellas de vidrio que rinden tanto como t\u00fa, ya sea que embotelles vinos tintos, vinos caseros o planees ediciones de espumosos.<\/p>\n<h2>Caracter\u00edsticas del producto<\/h2>\n<ul>\n<li><strong>Aut\u00e9ntica silueta de Burdeos:<\/strong> Las suaves pendientes de los hombros con un cuello delgado le dan la forma cl\u00e1sica de la botella de vino que los clientes reconocer\u00e1n de inmediato: bonita a la vista en los estantes del supermercado y agradable de sostener en la mano.<\/li>\n<li><strong>Claridad o Protecci\u00f3n:<\/strong> Elige vidrio transparente si quieres resaltar el color intenso o elige verde oliva (el estilo perfecto para botellas de vino verdes) para protegerte de los rayos UV. \u00bfTe encanta el verde champ\u00e1n? Nosotros tambi\u00e9n lo tenemos en nuestra gama.<\/li>\n<li><strong>Dise\u00f1o de base de batea estable:<\/strong> El fondo profundo reforzado garantiza una estabilidad firme no solo durante el env\u00edo y la exposici\u00f3n, sino tambi\u00e9n si desea reutilizar las botellas de vino vac\u00edas como dispensadores de aceite de oliva.<\/li>\n<\/ul>\n<h2>Especificaciones clave<\/h2>\n<table style=\"border-collapse: collapse; width: 80%; margin-left: auto; margin-right: auto;\" border=\"0\" width=\"144\" cellspacing=\"0\" cellpadding=\"0\">\n<tbody>\n<tr style=\"height: 13.50pt;\">\n<td style=\"height: 13.5pt; width: 54pt; text-align: center;\" width=\"72\" height=\"18\">Caracter\u00edstica<\/td>\n<td style=\"width: 54pt; text-align: center;\" width=\"72\">Detalle<\/td>\n<\/tr>\n<tr style=\"height: 13.50pt;\">\n<td style=\"height: 13.5pt; text-align: center;\" height=\"18\">Capacidad<\/td>\n<td style=\"text-align: center;\">750 ml<\/td>\n<\/tr>\n<tr style=\"height: 13.50pt;\">\n<td style=\"height: 13.5pt; text-align: center;\" height=\"18\">Dimensiones<\/td>\n<td style=\"text-align: center;\">8,4 \u00d7 29,2 cm<\/td>\n<\/tr>\n<tr style=\"height: 13.50pt;\">\n<td style=\"height: 13.5pt; text-align: center;\" height=\"18\">Acabado del m\u00e1stil<\/td>\n<td style=\"text-align: center;\">1,8 cent\u00edmetros<\/td>\n<\/tr>\n<tr style=\"height: 13.50pt;\">\n<td style=\"height: 13.5pt; text-align: center;\" height=\"18\">Bandera<\/td>\n<td style=\"text-align: center;\">Vidrio Flint transparente, verde oliva o personalizado<\/td>\n<\/tr>\n<tr style=\"height: 13.50pt;\">\n<td style=\"height: 13.5pt; text-align: center;\" height=\"18\">Opciones de cierre<\/td>\n<td style=\"text-align: center;\">Corchos de vino naturales, tap\u00f3n sint\u00e9tico<\/td>\n<\/tr>\n<\/tbody>\n<\/table>\n<h2>Caso de \u00e9xito<\/h2>\n<p>Una bodega boutique europea seleccion\u00f3 nuestra botella de vino estilo Burdeos de 750 ml para el lanzamiento de su l\u00ednea principal de vinos tintos. Para reflejar su imagen de lujo, le ofrecimos al cliente la mejor personalizaci\u00f3n posible: el color de la botella se realiz\u00f3 con una f\u00f3rmula especial de verde oliva intenso para maximizar la protecci\u00f3n contra la luz, se coloc\u00f3 un emblema de la bodega en relieve en el hombro y se profundiz\u00f3 la base para mejorar la textura general y la estabilidad de manejo. Tambi\u00e9n proporcionamos un tap\u00f3n a medida que se ajustaba a la paleta de colores de la etiqueta del vino.<\/p>\n<p>Tras su lanzamiento, el nuevo envase gener\u00f3 un aumento dr\u00e1stico en la presencia en los lineales de las tiendas, y las ventas de la serie crecieron aproximadamente un 38 % durante el primer trimestre. Dada la favorable acogida del mercado, la bodega realiz\u00f3 un segundo pedido de gran volumen en seis meses y renombr\u00f3 este tipo de botella como su soluci\u00f3n de envasado est\u00e1ndar a largo plazo, consolidando as\u00ed a\u00fan m\u00e1s su imagen de marca e incrementando las ventas a trav\u00e9s de sus canales de distribuci\u00f3n.<\/p>\n<h2>Sus opciones de personalizaci\u00f3n<\/h2>\n<ol>\n<li><strong>Opciones de acabado de la superficie de la botella:<\/strong> Seleccione entre varios glaseados, un pulido fino o un acabado sedoso de la botella para que resulte m\u00e1s lujosa al sostenerla y exhibirla.<\/li>\n<li><strong>Dise\u00f1o detallado en relieve y bajo relieve:<\/strong>Ayude a utilizar el logotipo de la bodega, las a\u00f1adas del vino o s\u00edmbolos exclusivos en el hombro o en el fondo de la botella para aumentar el reconocimiento de la marca.<\/li>\n<li><strong>Compatibilidad de cuello de botella y cierre personalizables:<\/strong> Cambie el di\u00e1metro del cuello de los tapones de corcho natural, sint\u00e9ticos o de rosca para cumplir con las regulaciones y preferencias de los consumidores en las \u00e1reas de mercado a las que se dirige.<\/li>\n<\/ol>","protected":false},"excerpt":{"rendered":"<p>Botella de vino de alta calidad de 750 ml para bodegas y marcas. Botellas de vino directamente de f\u00e1brica, personalizaci\u00f3n al por mayor y entrega r\u00e1pida.<\/p>","protected":false},"featured_media":5629,"template":"","meta":{"postBodyCss":"","postBodyMargin":[],"postBodyPadding":[],"postBodyBackground":{"backgroundType":"classic","gradient":""}},"product_brand":[],"product_cat":[15,16,84],"product_tag":[109],"class_list":{"0":"post-5625","1":"product","2":"type-product","3":"status-publish","4":"has-post-thumbnail","6":"product_cat-glass-containers","7":"product_cat-glass-bottles","8":"product_cat-wine-bottles","9":"product_tag-glass-champagne-bottles","11":"first","12":"instock","13":"shipping-taxable","14":"product-type-simple"},"jetpack_sharing_enabled":true,"_links":{"self":[{"href":"https:\/\/minghanggroup.com\/es\/wp-json\/wp\/v2\/product\/5625","targetHints":{"allow":["GET"]}}],"collection":[{"href":"https:\/\/minghanggroup.com\/es\/wp-json\/wp\/v2\/product"}],"about":[{"href":"https:\/\/minghanggroup.com\/es\/wp-json\/wp\/v2\/types\/product"}],"wp:featuredmedia":[{"embeddable":true,"href":"https:\/\/minghanggroup.com\/es\/wp-json\/wp\/v2\/media\/5629"}],"wp:attachment":[{"href":"https:\/\/minghanggroup.com\/es\/wp-json\/wp\/v2\/media?parent=5625"}],"wp:term":[{"taxonomy":"product_brand","embeddable":true,"href":"https:\/\/minghanggroup.com\/es\/wp-json\/wp\/v2\/product_brand?post=5625"},{"taxonomy":"product_cat","embeddable":true,"href":"https:\/\/minghanggroup.com\/es\/wp-json\/wp\/v2\/product_cat?post=5625"},{"taxonomy":"product_tag","embeddable":true,"href":"https:\/\/minghanggroup.com\/es\/wp-json\/wp\/v2\/product_tag?post=5625"}],"curies":[{"name":"wp","href":"https:\/\/api.w.org\/{rel}","templated":true}]}}