{"id":5620,"date":"2026-02-19T13:43:05","date_gmt":"2026-02-19T05:43:05","guid":{"rendered":"https:\/\/minghanggroup.com\/?post_type=product&#038;p=5620"},"modified":"2026-02-06T16:36:27","modified_gmt":"2026-02-06T08:36:27","slug":"olive-green-miniature-wine-bottles-wholesale","status":"publish","type":"product","link":"https:\/\/minghanggroup.com\/es\/producto\/olive-green-miniature-wine-bottles-wholesale\/","title":{"rendered":"Botellas de vino miniatura verde oliva de 180 ml al por mayor"},"content":{"rendered":"<p>Estas minibotellas de vino est\u00e1n hechas de vidrio verde oliva de alta calidad, resistente a los rayos UV. Su cuerpo recto y amplio se curva hacia un cuello roscado, ideal para usar en sets de degustaci\u00f3n, como recuerdo de boda o para servir individualmente.<\/p>\n<h2>Caracter\u00edsticas del producto<\/h2>\n<ul>\n<li><strong>Protecci\u00f3n UV:<\/strong> El vidrio verde oliva protege contra la luz da\u00f1ina, por lo que su vino siempre ser\u00e1 de alta calidad y durar\u00e1 mucho tiempo.<\/li>\n<li><strong>Dise\u00f1o de cilindro recto y vientre ancho:<\/strong> Esta mini botella de vino recta y de vientre ancho ser\u00e1 pr\u00e1ctica para almacenarlos, y tambi\u00e9n es atractiva para los sets de degustaci\u00f3n y empaques de regalo.<\/li>\n<li><strong>De m\u00faltiples fines:<\/strong> Es lo suficientemente peque\u00f1o para usarse en catas de vino, como regalo de marca y como paquete de recarga.<\/li>\n<\/ul>\n<h2 style=\"text-align: left;\">Especificaciones clave<\/h2>\n<table class=\"aligncenter\" style=\"border-collapse: collapse; width: 345.77pt;\" border=\"0\" width=\"461\" cellspacing=\"0\" cellpadding=\"0\">\n<tbody>\n<tr style=\"height: 13.50pt;\">\n<td style=\"height: 13.50pt; width: 115.50pt;\" width=\"154\" height=\"18\">Especificaci\u00f3n<\/td>\n<td style=\"width: 230.25pt;\" width=\"307\">Detalles<\/td>\n<\/tr>\n<tr style=\"height: 13.50pt;\">\n<td style=\"height: 13.50pt;\" height=\"18\">Capacidad<\/td>\n<td>180 ml<\/td>\n<\/tr>\n<tr style=\"height: 13.50pt;\">\n<td style=\"height: 13.50pt;\" height=\"18\">Dimensiones<\/td>\n<td>52\u00d7168 mm<\/td>\n<\/tr>\n<tr style=\"height: 13.50pt;\">\n<td style=\"height: 13.50pt;\" height=\"18\">Material<\/td>\n<td>Vidrio verde oliva de alta calidad<\/td>\n<\/tr>\n<tr style=\"height: 13.50pt;\">\n<td style=\"height: 13.50pt;\" height=\"18\">Alcance de personalizaci\u00f3n<\/td>\n<td>Tama\u00f1o, color, forma, tapas<\/td>\n<\/tr>\n<tr style=\"height: 13.50pt;\">\n<td style=\"height: 13.50pt;\" height=\"18\">Prop\u00f3sito del producto<\/td>\n<td>Botellas de vino en miniatura, botellas de muestra<\/td>\n<\/tr>\n<tr style=\"height: 13.50pt;\">\n<td style=\"height: 13.50pt;\" height=\"18\">Industrias adecuadas<\/td>\n<td>Bodegas, Vi\u00f1edos, Hoteles<\/td>\n<\/tr>\n<\/tbody>\n<\/table>\n<h2>Caso de \u00e9xito: Proyecto de colaboraci\u00f3n entre aerol\u00edneas y hoteles de una bodega italiana<\/h2>\n<p>Una de las bodegas italianas estaba interesada en distribuir sus vinos de calidad a aerol\u00edneas y hoteles. Eligieron una minibotella de vino de 180 ml con tap\u00f3n de rosca dorado personalizado. El vidrio verde oliva, con protecci\u00f3n UV, garantiza que el vino se mantenga fresco hasta 24 meses. El formato de 180 ml es ideal para servir a solteros, lo que se traduce en un crecimiento del 60 % en las ventas a trav\u00e9s de estos canales. Esta alianza integral fue muy satisfactoria para la bodega, por lo que realiz\u00f3 otro pedido de 3 millones de botellas para entregar a sus socios internacionales con un contrato de tres a\u00f1os.<\/p>\n<h2>Personalizaci\u00f3n de botellas de vino en miniatura<\/h2>\n<ul>\n<li>Tonos verdes inventados: el verde oliva puede adoptar un tono m\u00e1s claro, que se parece m\u00e1s al verde salvia, o un tono m\u00e1s oscuro, que raya con el verde bosque negro.<\/li>\n<li>Marcado de volumen en relieve: Destaca una peque\u00f1a marca en relieve de 180 ml en el hombro de la botella.<\/li>\n<li>Grabado l\u00e1ser: grabe un c\u00f3digo de lote peque\u00f1o, el logotipo de la marca o un patr\u00f3n peque\u00f1o en la parte inferior de la botella.<\/li>\n<\/ul>","protected":false},"excerpt":{"rendered":"<p>Personaliza tu minibotella de vino con tu logotipo o color para paquetes de degustaci\u00f3n o regalos. Ofrecemos servicios OEM profesionales para botellas de vino miniatura. Muestra gratis.<\/p>","protected":false},"featured_media":5621,"template":"","meta":{"postBodyCss":"","postBodyMargin":[],"postBodyPadding":[],"postBodyBackground":{"backgroundType":"classic","gradient":""}},"product_brand":[],"product_cat":[15,16,84],"product_tag":[],"class_list":{"0":"post-5620","1":"product","2":"type-product","3":"status-publish","4":"has-post-thumbnail","6":"product_cat-glass-containers","7":"product_cat-glass-bottles","8":"product_cat-wine-bottles","10":"first","11":"instock","12":"shipping-taxable","13":"product-type-simple"},"jetpack_sharing_enabled":true,"_links":{"self":[{"href":"https:\/\/minghanggroup.com\/es\/wp-json\/wp\/v2\/product\/5620","targetHints":{"allow":["GET"]}}],"collection":[{"href":"https:\/\/minghanggroup.com\/es\/wp-json\/wp\/v2\/product"}],"about":[{"href":"https:\/\/minghanggroup.com\/es\/wp-json\/wp\/v2\/types\/product"}],"wp:featuredmedia":[{"embeddable":true,"href":"https:\/\/minghanggroup.com\/es\/wp-json\/wp\/v2\/media\/5621"}],"wp:attachment":[{"href":"https:\/\/minghanggroup.com\/es\/wp-json\/wp\/v2\/media?parent=5620"}],"wp:term":[{"taxonomy":"product_brand","embeddable":true,"href":"https:\/\/minghanggroup.com\/es\/wp-json\/wp\/v2\/product_brand?post=5620"},{"taxonomy":"product_cat","embeddable":true,"href":"https:\/\/minghanggroup.com\/es\/wp-json\/wp\/v2\/product_cat?post=5620"},{"taxonomy":"product_tag","embeddable":true,"href":"https:\/\/minghanggroup.com\/es\/wp-json\/wp\/v2\/product_tag?post=5620"}],"curies":[{"name":"wp","href":"https:\/\/api.w.org\/{rel}","templated":true}]}}