{"id":5615,"date":"2026-02-06T10:42:20","date_gmt":"2026-02-06T02:42:20","guid":{"rendered":"https:\/\/minghanggroup.com\/?post_type=product&#038;p=5615"},"modified":"2026-02-06T16:32:24","modified_gmt":"2026-02-06T08:32:24","slug":"small-red-wine-bottles-for-favors-wholesale","status":"publish","type":"product","link":"https:\/\/minghanggroup.com\/es\/producto\/small-red-wine-bottles-for-favors-wholesale\/","title":{"rendered":"Botellas peque\u00f1as de vino tinto de 190 ml para regalos al por mayor"},"content":{"rendered":"<p>Es una botella de vino tinto de l\u00edneas suaves y elegantes que se estrechan con elegancia hasta un cuello roscado. Su color \u00e1mbar oscuro e intenso es una virtud apreciada por su excelente protecci\u00f3n contra los rayos UV, conocida por su eficaz conservaci\u00f3n del vino.<\/p>\n<h2>Caracter\u00edsticas del producto<\/h2>\n<ul>\n<li><strong>Material de protecci\u00f3n contra la luz \u00e1mbar intenso:<\/strong> El vidrio de color \u00e1mbar profundo es muy eficaz para bloquear los rayos UV y garantizar as\u00ed que el vino no se oxide y, por lo tanto, no pierda su sabor.<\/li>\n<li><strong>Dise\u00f1o de botella curva:<\/strong> La botella tiene una superficie c\u00f3ncava que es un signo de sofisticaci\u00f3n y elegancia y demuestra una alta calidad.<\/li>\n<li><strong>Enhebrado:<\/strong> Se sabe que el cuello roscado se ajusta perfectamente alrededor de la tapa de sellado de metal, que tiene un sello a prueba de fugas y el cuello roscado asegura que el vino sea herm\u00e9tico y dure en el estante.<\/li>\n<\/ul>\n<h2 style=\"text-align: left;\">Especificaciones clave<\/h2>\n<table class=\"aligncenter\" style=\"border-collapse: collapse; width: 494.27pt;\" border=\"0\" width=\"659\" cellspacing=\"0\" cellpadding=\"0\">\n<tbody>\n<tr style=\"height: 13.50pt;\">\n<td style=\"height: 13.50pt; width: 115.50pt;\" width=\"154\" height=\"18\">Especificaci\u00f3n<\/td>\n<td style=\"width: 378.75pt;\" width=\"505\">Detalles<\/td>\n<\/tr>\n<tr style=\"height: 13.50pt;\">\n<td style=\"height: 13.50pt;\" height=\"18\">Capacidad<\/td>\n<td>190 ml<\/td>\n<\/tr>\n<tr style=\"height: 13.50pt;\">\n<td style=\"height: 13.50pt;\" height=\"18\">Dimensiones<\/td>\n<td>55\u00d7172 mm<\/td>\n<\/tr>\n<tr style=\"height: 13.50pt;\">\n<td style=\"height: 13.50pt;\" height=\"18\">Material<\/td>\n<td>Vidrio \u00e1mbar profundo de alta calidad<\/td>\n<\/tr>\n<tr style=\"height: 13.50pt;\">\n<td style=\"height: 13.50pt;\" height=\"18\">Forma de la botella<\/td>\n<td>Cintura curva con base redondeada, cuello delgado y abertura roscada<\/td>\n<\/tr>\n<tr style=\"height: 13.50pt;\">\n<td style=\"height: 13.50pt;\" height=\"18\">Alcance de personalizaci\u00f3n<\/td>\n<td>Color, tama\u00f1o, tapas, acabado<\/td>\n<\/tr>\n<tr style=\"height: 13.50pt;\">\n<td style=\"height: 13.50pt;\" height=\"18\">Prop\u00f3sito del producto<\/td>\n<td>Botellas de vino premium como recuerdo, botellas de vino peque\u00f1as como recuerdo<\/td>\n<\/tr>\n<tr style=\"height: 13.50pt;\">\n<td style=\"height: 13.50pt;\" height=\"18\">Industrias adecuadas<\/td>\n<td>Bodegas, organizadores de eventos, proveedores de bodas<\/td>\n<\/tr>\n<\/tbody>\n<\/table>\n<h2>Historia de \u00e9xito: Paquete de regalos de boda en una de las bodegas de Texas Hillside<\/h2>\n<p>Una bodega de Texas dise\u00f1\u00f3 un costoso paquete de recuerdos de boda. Recogieron nuestras peque\u00f1as botellas de vino tinto y las serigrafiaron con las iniciales de la pareja. Estas botellas de vidrio con protecci\u00f3n UV pueden conservar el vino hasta 18 meses. La elegante botella de 190 ml fue todo un \u00e9xito y el 90 % de las parejas la eligieron en lugar de la minibotella tradicional. El proyecto fue un \u00e9xito y, como resultado, la bodega realiz\u00f3 otro pedido de 750\u00a0000 botellas para bodas y eventos corporativos en dos a\u00f1os.<\/p>\n<h2>Personalizaci\u00f3n de botellas de vino tinto<\/h2>\n<ul>\n<li>Tono \u00e1mbar personalizado: para cambiar el color \u00e1mbar miel marr\u00f3n claro a un marr\u00f3n oscuro y casi opaco.<\/li>\n<li>Acabado esmerilado o acabado mate: un acabado esmerilado es suave y lujoso a la vista y es el difusor de luz ideal.<\/li>\n<li>Dise\u00f1o de base de botella personalizado: tenga un dise\u00f1o especial en relieve o una firma en la base de la botella.<\/li>\n<\/ul>","protected":false},"excerpt":{"rendered":"<p>Botella de vino tinto premium de 190 ml en vidrio \u00e1mbar oscuro con protecci\u00f3n UV y un aspecto refinado. Ideal para peque\u00f1os regalos. Muestras gratuitas a petici\u00f3n.<\/p>","protected":false},"featured_media":5618,"template":"","meta":{"postBodyCss":"","postBodyMargin":[],"postBodyPadding":[],"postBodyBackground":{"backgroundType":"classic","gradient":""}},"product_brand":[],"product_cat":[15,16,84],"product_tag":[],"class_list":{"0":"post-5615","1":"product","2":"type-product","3":"status-publish","4":"has-post-thumbnail","6":"product_cat-glass-containers","7":"product_cat-glass-bottles","8":"product_cat-wine-bottles","10":"first","11":"instock","12":"shipping-taxable","13":"product-type-simple"},"jetpack_sharing_enabled":true,"_links":{"self":[{"href":"https:\/\/minghanggroup.com\/es\/wp-json\/wp\/v2\/product\/5615","targetHints":{"allow":["GET"]}}],"collection":[{"href":"https:\/\/minghanggroup.com\/es\/wp-json\/wp\/v2\/product"}],"about":[{"href":"https:\/\/minghanggroup.com\/es\/wp-json\/wp\/v2\/types\/product"}],"wp:featuredmedia":[{"embeddable":true,"href":"https:\/\/minghanggroup.com\/es\/wp-json\/wp\/v2\/media\/5618"}],"wp:attachment":[{"href":"https:\/\/minghanggroup.com\/es\/wp-json\/wp\/v2\/media?parent=5615"}],"wp:term":[{"taxonomy":"product_brand","embeddable":true,"href":"https:\/\/minghanggroup.com\/es\/wp-json\/wp\/v2\/product_brand?post=5615"},{"taxonomy":"product_cat","embeddable":true,"href":"https:\/\/minghanggroup.com\/es\/wp-json\/wp\/v2\/product_cat?post=5615"},{"taxonomy":"product_tag","embeddable":true,"href":"https:\/\/minghanggroup.com\/es\/wp-json\/wp\/v2\/product_tag?post=5615"}],"curies":[{"name":"wp","href":"https:\/\/api.w.org\/{rel}","templated":true}]}}