{"id":5609,"date":"2026-02-06T08:54:57","date_gmt":"2026-02-06T00:54:57","guid":{"rendered":"https:\/\/minghanggroup.com\/?post_type=product&#038;p=5609"},"modified":"2026-02-06T16:35:48","modified_gmt":"2026-02-06T08:35:48","slug":"small-olive-green-wine-bottles-wholesale","status":"publish","type":"product","link":"https:\/\/minghanggroup.com\/es\/producto\/small-olive-green-wine-bottles-wholesale\/","title":{"rendered":"Botellas peque\u00f1as de vino verde oliva de 250 ml al por mayor"},"content":{"rendered":"<p>Es una botella de vino compacta de 210 ml, fabricada en vidrio \u00e1mbar intenso de alta calidad y resistente a los rayos UV. Sus bordes lisos y rectos y su intenso tono \u00e1mbar ofrecen una excelente protecci\u00f3n contra la luz, preservando as\u00ed los delicados sabores y aromas del vino.<\/p>\n<h2>Caracter\u00edsticas del producto<\/h2>\n<ul>\n<li><strong>Protecci\u00f3n UV:<\/strong> Uvas UV La protecci\u00f3n de las uvas contra los da\u00f1inos rayos UV, mantiene la calidad del vino y prolonga su vida \u00fatil.<\/li>\n<li><strong>Conveniencia roscada:<\/strong>Dise\u00f1ado para llenarse f\u00e1cilmente y adaptarse a cualquiera de las tapas o corchos para proporcionar un sellado muy herm\u00e9tico.<\/li>\n<li><strong>Porci\u00f3n de vaso individual:<\/strong> Capacidad de 250ml, ideal para degustar, servir en sets o simplemente para disfrutar uno mismo.<\/li>\n<\/ul>\n<h2 style=\"text-align: left;\">Especificaciones clave<\/h2>\n<table class=\"aligncenter\" style=\"border-collapse: collapse; width: 409.52pt;\" border=\"0\" width=\"546\" cellspacing=\"0\" cellpadding=\"0\">\n<tbody>\n<tr style=\"height: 13.50pt;\">\n<td style=\"height: 13.50pt; width: 115.50pt;\" width=\"154\" height=\"18\">Atributo<\/td>\n<td style=\"width: 294.00pt;\" width=\"392\">Detalles<\/td>\n<\/tr>\n<tr style=\"height: 13.50pt;\">\n<td style=\"height: 13.50pt;\" height=\"18\">Capacidad<\/td>\n<td>250 ml<\/td>\n<\/tr>\n<tr style=\"height: 13.50pt;\">\n<td style=\"height: 13.50pt;\" height=\"18\">Material<\/td>\n<td>Vidrio verde oliva<\/td>\n<\/tr>\n<tr style=\"height: 13.50pt;\">\n<td style=\"height: 13.50pt;\" height=\"18\">Gama de personalizaci\u00f3n<\/td>\n<td>Tama\u00f1o, color, tapas, forma<\/td>\n<\/tr>\n<tr style=\"height: 13.50pt;\">\n<td style=\"height: 13.50pt;\" height=\"18\">Uso principal<\/td>\n<td>Botellas peque\u00f1as de vino tinto, muestras de botellas de vino<\/td>\n<\/tr>\n<tr style=\"height: 13.50pt;\">\n<td style=\"height: 13.50pt;\" height=\"18\">Industrias objetivo<\/td>\n<td>Bodegas, Sector Hosteler\u00eda (Hoteles\/Restaurantes)<\/td>\n<\/tr>\n<\/tbody>\n<\/table>\n<h2>Caso de \u00e9xito: Estudio de caso de un set de regalo de una bodega italiana<\/h2>\n<p>Nuestras botellas de vino verde fueron seleccionadas por una bodega familiar de la Toscana, donde se serigrafiaron su logotipo. Los resultados fueron impresionantes: la botella tradicional tuvo gran aceptaci\u00f3n entre los clientes; las ventas de productos embotellados m\u00e1s peque\u00f1os se incrementaron a la mitad; el vidrio verde ayud\u00f3 a reducir los da\u00f1os de la luz en un 22 %; 250 ml era el tama\u00f1o perfecto para disfrutar de una sola cata. Tras estos \u00e9xitos, encargaron otro lote de botellas, totalizando 180\u00a0000.<\/p>\n<h2>Sugerencias de personalizaci\u00f3n de botellas peque\u00f1as de vino tinto<\/h2>\n<ul>\n<li>Tono verde personalizado: despersonalice el verde oliva a un verde salvia m\u00e1s claro o a un tono m\u00e1s oscuro de verde bosque pr\u00e1cticamente negro.<\/li>\n<li>Relieve: Haga que su logotipo, el nombre de su denominaci\u00f3n o la informaci\u00f3n de su a\u00f1ada se graben en relieve en el hombro o en el fondo de la botella.<\/li>\n<li>Ajuste de forma: Dise\u00f1ar un hombro m\u00e1s definido para tipos particulares de vino.<\/li>\n<\/ul>","protected":false},"excerpt":{"rendered":"<p>Botellas de vino verde oliva de 250 ml con hombro redondeado y cuello de rosca. Perfectas para botellas peque\u00f1as de vino tinto, vino de frutas y sets de cata. Muestras gratuitas.<\/p>","protected":false},"featured_media":5614,"template":"","meta":{"postBodyCss":"","postBodyMargin":[],"postBodyPadding":[],"postBodyBackground":{"backgroundType":"classic","gradient":""}},"product_brand":[],"product_cat":[15,16,84],"product_tag":[],"class_list":{"0":"post-5609","1":"product","2":"type-product","3":"status-publish","4":"has-post-thumbnail","6":"product_cat-glass-containers","7":"product_cat-glass-bottles","8":"product_cat-wine-bottles","10":"first","11":"instock","12":"shipping-taxable","13":"product-type-simple"},"jetpack_sharing_enabled":true,"_links":{"self":[{"href":"https:\/\/minghanggroup.com\/es\/wp-json\/wp\/v2\/product\/5609","targetHints":{"allow":["GET"]}}],"collection":[{"href":"https:\/\/minghanggroup.com\/es\/wp-json\/wp\/v2\/product"}],"about":[{"href":"https:\/\/minghanggroup.com\/es\/wp-json\/wp\/v2\/types\/product"}],"wp:featuredmedia":[{"embeddable":true,"href":"https:\/\/minghanggroup.com\/es\/wp-json\/wp\/v2\/media\/5614"}],"wp:attachment":[{"href":"https:\/\/minghanggroup.com\/es\/wp-json\/wp\/v2\/media?parent=5609"}],"wp:term":[{"taxonomy":"product_brand","embeddable":true,"href":"https:\/\/minghanggroup.com\/es\/wp-json\/wp\/v2\/product_brand?post=5609"},{"taxonomy":"product_cat","embeddable":true,"href":"https:\/\/minghanggroup.com\/es\/wp-json\/wp\/v2\/product_cat?post=5609"},{"taxonomy":"product_tag","embeddable":true,"href":"https:\/\/minghanggroup.com\/es\/wp-json\/wp\/v2\/product_tag?post=5609"}],"curies":[{"name":"wp","href":"https:\/\/api.w.org\/{rel}","templated":true}]}}