{"id":5598,"date":"2026-02-16T16:20:54","date_gmt":"2026-02-16T08:20:54","guid":{"rendered":"https:\/\/minghanggroup.com\/?post_type=product&#038;p=5598"},"modified":"2026-02-06T16:39:19","modified_gmt":"2026-02-06T08:39:19","slug":"amber-glass-mini-wine-bottles-with-screw-neck-bulk","status":"publish","type":"product","link":"https:\/\/minghanggroup.com\/es\/producto\/amber-glass-mini-wine-bottles-with-screw-neck-bulk\/","title":{"rendered":"Mini botellas de vino de vidrio \u00e1mbar de 100 ml con cuello de rosca a granel"},"content":{"rendered":"<p>Estas minibotellas de vino est\u00e1n fabricadas con vidrio \u00e1mbar intenso de la mejor calidad, resistente a los rayos UV, que protege eficazmente de los rayos UV. La pastilla es corta y cil\u00edndrica, con un cuello roscado que permite un sellado perfecto con tapones met\u00e1licos convencionales.<\/p>\n<h2>Caracter\u00edsticas del producto<\/h2>\n<ul>\n<li><strong>Vidrio de color \u00e1mbar intenso con protecci\u00f3n UV:<\/strong> El opulento tono \u00e1mbar ofrece una mejor protecci\u00f3n contra la luz y esto es esencial para preservar la calidad del vino de lotes peque\u00f1os.<\/li>\n<li><strong>Cuello roscado:<\/strong> Este cuello est\u00e1 equipado con una tapa de sellado roscada que permite que la tapa de sellado se ajuste firmemente en el cuello y permita transportar y almacenar el cuello f\u00e1cilmente.<\/li>\n<li><strong>Dise\u00f1o de mini cilindro recto:<\/strong> El dise\u00f1o mini de cilindro recto es ideal en tama\u00f1os de 100 ml, adecuado en el caso de degustaciones, regalos o muestras de porciones individuales.<\/li>\n<\/ul>\n<h2 style=\"text-align: left;\">Especificaciones clave<\/h2>\n<table class=\"aligncenter\" style=\"border-collapse: collapse; width: 372.02pt;\" border=\"0\" width=\"496\" cellspacing=\"0\" cellpadding=\"0\">\n<tbody>\n<tr style=\"height: 13.50pt;\">\n<td style=\"height: 13.50pt; width: 115.50pt;\" width=\"154\" height=\"18\">Atributo<\/td>\n<td style=\"width: 256.50pt;\" width=\"342\">Detalles<\/td>\n<\/tr>\n<tr style=\"height: 13.50pt;\">\n<td style=\"height: 13.50pt;\" height=\"18\">Capacidad<\/td>\n<td>100 ml<\/td>\n<\/tr>\n<tr style=\"height: 13.50pt;\">\n<td style=\"height: 13.50pt;\" height=\"18\">Material<\/td>\n<td>Vidrio \u00e1mbar profundo<\/td>\n<\/tr>\n<tr style=\"height: 13.50pt;\">\n<td style=\"height: 13.50pt;\" height=\"18\">Forma de la botella<\/td>\n<td>Cilindro compacto con cuerpo de pared recta<\/td>\n<\/tr>\n<tr style=\"height: 13.50pt;\">\n<td style=\"height: 13.50pt;\" height=\"18\">Gama de personalizaci\u00f3n<\/td>\n<td>Tama\u00f1o, color, logotipo, forma<\/td>\n<\/tr>\n<tr style=\"height: 13.50pt;\">\n<td style=\"height: 13.50pt;\" height=\"18\">Uso principal<\/td>\n<td>Mini botellas de vino a granel, muestrarios de vino<\/td>\n<\/tr>\n<tr style=\"height: 13.50pt;\">\n<td style=\"height: 13.50pt;\" height=\"18\">Industrias objetivo<\/td>\n<td>Bodegas, Distribuidores de Vino<\/td>\n<\/tr>\n<\/tbody>\n<\/table>\n<h2>Historia de \u00e9xito<\/h2>\n<p>Una bodega de Sonoma quer\u00eda mejorar la experiencia de visita a su sala de catas y ofrecer muestras para llevar. Eligieron nuestras minibotellas de vino de 100 ml, serigrafiadas a medida con el logotipo de la bodega y con tap\u00f3n de rosca dorado. El tama\u00f1o de 100 ml es ideal, ya que permite una degustaci\u00f3n de 56 ml (2 oz) y, con el tiempo, gener\u00f3 un crecimiento del 78 % en las ventas de muestras, mientras que el peque\u00f1o y atractivo envase contribuy\u00f3 a un aumento del 55 % en las publicaciones en redes sociales. Esta soluci\u00f3n fue todo un \u00e9xito y la bodega posteriormente encarg\u00f3 2 millones de botellas m\u00e1s para satisfacer la demanda de las salas de catas y eventos durante los dos a\u00f1os siguientes.<\/p>\n<h2>Soluciones de personalizaci\u00f3n a granel de mini botellas de vino<\/h2>\n<ul>\n<li>Colores: se puede utilizar vidrio de color \u00e1mbar claro o verde seg\u00fan las necesidades de protecci\u00f3n contra la luz.<\/li>\n<li>Marcado de volumen: Etiquetas laterales de la botella elevadas en el costado de la botella con &#039;100 ml&#039; o 3,4 oz.<\/li>\n<li>Serigraf\u00eda: logotipos de marca, dise\u00f1os vintage y sencillos se pueden imprimir directamente con alta calidad.<\/li>\n<li>Dise\u00f1o de cuello: Se pueden dise\u00f1ar roscas personalizadas para adaptarse a cualquier tipo de tapa, tap\u00f3n de rosca o corcho personalizado.<\/li>\n<\/ul>","protected":false},"excerpt":{"rendered":"<p>Minibotellas de vino de vidrio \u00e1mbar intenso, con cuerpo corto y recto y cuello de rosca. Ideales para muestras y paquetes de prueba. Minibotellas de vino a granel, de f\u00e1brica.<\/p>","protected":false},"featured_media":5602,"template":"","meta":{"postBodyCss":"","postBodyMargin":[],"postBodyPadding":[],"postBodyBackground":{"backgroundType":"classic","gradient":""}},"product_brand":[],"product_cat":[15,16,84],"product_tag":[],"class_list":{"0":"post-5598","1":"product","2":"type-product","3":"status-publish","4":"has-post-thumbnail","6":"product_cat-glass-containers","7":"product_cat-glass-bottles","8":"product_cat-wine-bottles","10":"first","11":"instock","12":"shipping-taxable","13":"product-type-simple"},"jetpack_sharing_enabled":true,"_links":{"self":[{"href":"https:\/\/minghanggroup.com\/es\/wp-json\/wp\/v2\/product\/5598","targetHints":{"allow":["GET"]}}],"collection":[{"href":"https:\/\/minghanggroup.com\/es\/wp-json\/wp\/v2\/product"}],"about":[{"href":"https:\/\/minghanggroup.com\/es\/wp-json\/wp\/v2\/types\/product"}],"wp:featuredmedia":[{"embeddable":true,"href":"https:\/\/minghanggroup.com\/es\/wp-json\/wp\/v2\/media\/5602"}],"wp:attachment":[{"href":"https:\/\/minghanggroup.com\/es\/wp-json\/wp\/v2\/media?parent=5598"}],"wp:term":[{"taxonomy":"product_brand","embeddable":true,"href":"https:\/\/minghanggroup.com\/es\/wp-json\/wp\/v2\/product_brand?post=5598"},{"taxonomy":"product_cat","embeddable":true,"href":"https:\/\/minghanggroup.com\/es\/wp-json\/wp\/v2\/product_cat?post=5598"},{"taxonomy":"product_tag","embeddable":true,"href":"https:\/\/minghanggroup.com\/es\/wp-json\/wp\/v2\/product_tag?post=5598"}],"curies":[{"name":"wp","href":"https:\/\/api.w.org\/{rel}","templated":true}]}}