{"id":5593,"date":"2026-02-05T16:28:23","date_gmt":"2026-02-05T08:28:23","guid":{"rendered":"https:\/\/minghanggroup.com\/?post_type=product&#038;p=5593"},"modified":"2026-02-05T16:29:37","modified_gmt":"2026-02-05T08:29:37","slug":"customized-clear-wine-bottles-for-brands-bulk","status":"publish","type":"product","link":"https:\/\/minghanggroup.com\/es\/producto\/customized-clear-wine-bottles-for-brands-bulk\/","title":{"rendered":"Botellas de vino transparentes personalizadas de 750 ml para marcas al por mayor"},"content":{"rendered":"<p>Pones todo tu coraz\u00f3n en cada cosecha; ahora deja que el mundo lo vea. Nuestras botellas de vino transparentes de 750 ml muestran la verdadera esencia de tu vino: el brillo rub\u00ed del clarete, el \u00e1mbar intenso del borgo\u00f1a, incluso el toque dorado del vino casero. Sin filtros. Confianza absoluta. Como tu socio vidriero, creamos botellas de vino verdaderamente personalizadas que se adaptan a tu historia, no a un modelo. Ya sea que embotelles vinos tintos, espumosos o licores artesanales, este es tu lienzo.<\/p>\n<h2>Caracter\u00edsticas del producto<\/h2>\n<ul>\n<li><strong>Colores verdaderos, simplemente mostrados:<\/strong> La botella de vidrio esmerilado de alta claridad es como una ventana que permite a los clientes ver con certeza y confiar en el verdadero color de su vino incluso antes de tomar su primer sorbo.<\/li>\n<li><strong>Dise\u00f1o de base c\u00f3ncava estable:<\/strong> La base c\u00f3ncava reforzada de la botella garantiza su estabilidad en estanter\u00edas, cajas de vino o como jarr\u00f3n despu\u00e9s de vaciarse. Una excelente combinaci\u00f3n de tradici\u00f3n y confianza.<\/li>\n<li><strong>Forma de botella redondeada:<\/strong> La forma perfectamente redondeada de la botella est\u00e1 de moda y puede ser una buena opci\u00f3n para una amplia variedad de vinos.<\/li>\n<\/ul>\n<h2>Especificaciones clave<\/h2>\n<table style=\"border-collapse: collapse; width: 80%; margin-left: auto; margin-right: auto;\" border=\"0\" width=\"144\" cellspacing=\"0\" cellpadding=\"0\">\n<tbody>\n<tr style=\"height: 13.50pt;\">\n<td style=\"height: 13.5pt; width: 54pt; text-align: center;\" width=\"72\" height=\"18\">Caracter\u00edstica<\/td>\n<td style=\"width: 54pt; text-align: center;\" width=\"72\">Detalle<\/td>\n<\/tr>\n<tr style=\"height: 13.50pt;\">\n<td style=\"height: 13.5pt; text-align: center;\" height=\"18\">Capacidad<\/td>\n<td style=\"text-align: center;\">750 ml<\/td>\n<\/tr>\n<tr style=\"height: 13.50pt;\">\n<td style=\"height: 13.5pt; text-align: center;\" height=\"18\">Dimensiones<\/td>\n<td style=\"text-align: center;\">9,5 \u00d7 30,0 cm<\/td>\n<\/tr>\n<tr style=\"height: 13.50pt;\">\n<td style=\"height: 13.5pt; text-align: center;\" height=\"18\">Acabado del m\u00e1stil<\/td>\n<td style=\"text-align: center;\">1,8 cent\u00edmetros<\/td>\n<\/tr>\n<tr style=\"height: 13.50pt;\">\n<td style=\"height: 13.5pt; text-align: center;\" height=\"18\">Color<\/td>\n<td style=\"text-align: center;\">Claro o personalizado<\/td>\n<\/tr>\n<\/tbody>\n<\/table>\n<h2>Caso de \u00e9xito<\/h2>\n<p>Una de las boutiques de vinos con un mercado minorista de gama media-alta opt\u00f3 por nuestras botellas de vino transparentes de 750 ml. El cliente seleccion\u00f3 una pieza alta y transparente de vidrio flint para realzar el color del vino; la profundidad del sonido de la botella y la longitud del cuello tambi\u00e9n eran buenas, y se ajustaron para que la pieza luciera lujosa en el estante. Tambi\u00e9n se incluy\u00f3 un logotipo de la marca bellamente grabado en el hombro de la botella, lo que mejor\u00f3 su reconocimiento.<\/p>\n<p>Tras la introducci\u00f3n de las nuevas botellas, las ventas de la bodega se dispararon un 32 por ciento en los dos primeros trimestres y la tasa de reabastecimiento se situ\u00f3 en el 45 por ciento, lo que demuestra que las botellas dise\u00f1adas y fabricadas a medida no solo mejoran la imagen de marca sino que tambi\u00e9n resultan en un importante crecimiento empresarial.<\/p>\n<h2>Tus opciones de personalizaci\u00f3n<\/h2>\n<ol>\n<li><strong>Formulaci\u00f3n de vidrio de alta claridad:<\/strong> Se debe variar la composici\u00f3n del vidrio de s\u00edlex para aumentar el brillo y la claridad cristalina, lo que permitir\u00e1 que el color natural del vino sea el protagonista en la estanter\u00eda.<\/li>\n<li><strong>Elementos de una marca integrada:<\/strong> Es posible que tenga una peque\u00f1a cantidad de relieve en el hombro o en la parte inferior de la botella para representar un logotipo, iniciales o un a\u00f1o de fabricaci\u00f3n, lo que no cambiar\u00eda el dise\u00f1o de la etiqueta.<\/li>\n<li><strong>Opciones de textura de superficie:<\/strong> Tienen acabados parcialmente esmerilados o satinados que crear\u00e1n un buen contraste pero que no interferir\u00e1n con el \u00e1rea de exhibici\u00f3n del vino.<\/li>\n<\/ol>","protected":false},"excerpt":{"rendered":"<p>Botellas de vino transparentes, directamente de f\u00e1brica, con soluciones personalizadas para cada marca. Aceptamos pedidos al por mayor, entrega r\u00e1pida y ofrecemos muestras gratuitas.<\/p>","protected":false},"featured_media":5606,"template":"","meta":{"postBodyCss":"","postBodyMargin":[],"postBodyPadding":[],"postBodyBackground":{"backgroundType":"classic","gradient":""}},"product_brand":[],"product_cat":[15,16,84],"product_tag":[],"class_list":{"0":"post-5593","1":"product","2":"type-product","3":"status-publish","4":"has-post-thumbnail","6":"product_cat-glass-containers","7":"product_cat-glass-bottles","8":"product_cat-wine-bottles","10":"first","11":"instock","12":"shipping-taxable","13":"product-type-simple"},"jetpack_sharing_enabled":true,"_links":{"self":[{"href":"https:\/\/minghanggroup.com\/es\/wp-json\/wp\/v2\/product\/5593","targetHints":{"allow":["GET"]}}],"collection":[{"href":"https:\/\/minghanggroup.com\/es\/wp-json\/wp\/v2\/product"}],"about":[{"href":"https:\/\/minghanggroup.com\/es\/wp-json\/wp\/v2\/types\/product"}],"wp:featuredmedia":[{"embeddable":true,"href":"https:\/\/minghanggroup.com\/es\/wp-json\/wp\/v2\/media\/5606"}],"wp:attachment":[{"href":"https:\/\/minghanggroup.com\/es\/wp-json\/wp\/v2\/media?parent=5593"}],"wp:term":[{"taxonomy":"product_brand","embeddable":true,"href":"https:\/\/minghanggroup.com\/es\/wp-json\/wp\/v2\/product_brand?post=5593"},{"taxonomy":"product_cat","embeddable":true,"href":"https:\/\/minghanggroup.com\/es\/wp-json\/wp\/v2\/product_cat?post=5593"},{"taxonomy":"product_tag","embeddable":true,"href":"https:\/\/minghanggroup.com\/es\/wp-json\/wp\/v2\/product_tag?post=5593"}],"curies":[{"name":"wp","href":"https:\/\/api.w.org\/{rel}","templated":true}]}}