{"id":5588,"date":"2026-02-05T15:08:23","date_gmt":"2026-02-05T07:08:23","guid":{"rendered":"https:\/\/minghanggroup.com\/?post_type=product&#038;p=5588"},"modified":"2026-02-06T16:40:19","modified_gmt":"2026-02-06T08:40:19","slug":"amber-small-wine-bottles-wholesale","status":"publish","type":"product","link":"https:\/\/minghanggroup.com\/es\/producto\/amber-small-wine-bottles-wholesale\/","title":{"rendered":"Botellas de vino peque\u00f1as de color \u00e1mbar de 210 ml al por mayor"},"content":{"rendered":"<p>Es una botella de vino compacta de 210 ml, fabricada en vidrio \u00e1mbar intenso de alta calidad y resistente a los rayos UV. Sus bordes lisos y rectos y su intenso tono \u00e1mbar ofrecen una excelente protecci\u00f3n contra la luz, preservando as\u00ed los delicados sabores y aromas del vino.<\/p>\n<h2>Caracter\u00edsticas del producto<\/h2>\n<ul>\n<li><strong>Mejor protecci\u00f3n contra la luz:<\/strong> El tono \u00e1mbar profundo tiene una mejor protecci\u00f3n contra la luz, lo cual es esencial en la conservaci\u00f3n de vinos dulces y delicados.<\/li>\n<li><strong>Perfil cl\u00e1sico y delgado:<\/strong> El perfil delgado en forma de botella es ligero, sofisticado y elegante, y se adapta mejor a vinos de lotes peque\u00f1os y de alto valor.<\/li>\n<li><strong>Capacidad de 210ml:<\/strong> Este es un tama\u00f1o ideal para una degustaci\u00f3n generosa, vinos de postre o una muestra de regalo de alta calidad.<\/li>\n<\/ul>\n<h2 style=\"text-align: left;\">Especificaciones clave<\/h2>\n<table class=\"aligncenter\" style=\"border-collapse: collapse; width: 398.27pt;\" border=\"0\" width=\"531\" cellspacing=\"0\" cellpadding=\"0\">\n<tbody>\n<tr style=\"height: 13.50pt;\">\n<td style=\"height: 13.50pt; width: 115.50pt;\" width=\"154\" height=\"18\">Atributo<\/td>\n<td style=\"width: 282.75pt;\" width=\"377\">Detalles<\/td>\n<\/tr>\n<tr style=\"height: 13.50pt;\">\n<td style=\"height: 13.50pt;\" height=\"18\">Capacidad<\/td>\n<td>210 ml<\/td>\n<\/tr>\n<tr style=\"height: 13.50pt;\">\n<td style=\"height: 13.50pt;\" height=\"18\">Material<\/td>\n<td>Vidrio \u00e1mbar profundo<\/td>\n<\/tr>\n<tr style=\"height: 13.50pt;\">\n<td style=\"height: 13.50pt;\" height=\"18\">Forma de la botella<\/td>\n<td>Cilindro de cuerpo recto con cuello ligeramente c\u00f3nico<\/td>\n<\/tr>\n<tr style=\"height: 13.50pt;\">\n<td style=\"height: 13.50pt;\" height=\"18\">Gama de personalizaci\u00f3n<\/td>\n<td>Tama\u00f1o, color, acabado, logotipo<\/td>\n<\/tr>\n<tr style=\"height: 13.50pt;\">\n<td style=\"height: 13.50pt;\" height=\"18\">Uso principal<\/td>\n<td>Botellas de vino de hielo, botellas de vino peque\u00f1as<\/td>\n<\/tr>\n<tr style=\"height: 13.50pt;\">\n<td style=\"height: 13.50pt;\" height=\"18\">Industrias objetivo<\/td>\n<td>Bodegas, productores de bebidas especiales<\/td>\n<\/tr>\n<\/tbody>\n<\/table>\n<h2>Historia de \u00e9xito<\/h2>\n<p>Nuestra botella de vino peque\u00f1a, alta y de color \u00e1mbar, fue seleccionada por una famosa bodega canadiense, que la adapt\u00f3 para tener un acabado esmerilado y el logotipo serigrafiado en oro en la base. El resultado fue impresionante: su capacidad de 210 ml la convirti\u00f3 en un producto estrella de sus sets de regalo navide\u00f1os y sus ventas aumentaron un 60 %. El vidrio con protecci\u00f3n UV conserva intactos los sabores delicados del vino durante 24 meses. La bodega qued\u00f3 muy satisfecha con la botella y encarg\u00f3 otro lote de 150\u00a0000 botellas.<\/p>\n<h2>Recomendaciones de personalizaci\u00f3n de botellas de vino al por mayor<\/h2>\n<ul>\n<li>Elecci\u00f3n de color: Hay varias opciones de color \u00e1mbar para satisfacer necesidades particulares de protecci\u00f3n contra la luz.<\/li>\n<li>Ajuste de forma: Tener una forma c\u00f3nica m\u00e1s fuerte en la botella para tener una apariencia distintiva.<\/li>\n<li>Dise\u00f1o inferior: Para aumentar la estabilidad, la parte inferior debe estar ligeramente hundida para dar una percepci\u00f3n de alta calidad del producto.<\/li>\n<\/ul>","protected":false},"excerpt":{"rendered":"<p>Botellas de vino al por mayor, fabricadas en \u00e1mbar oscuro, peque\u00f1as botellas con protecci\u00f3n UV. Ofrecemos servicios OEM para personalizar el logotipo, el acabado, el peso de la botella y el embalaje.<\/p>","protected":false},"featured_media":5595,"template":"","meta":{"postBodyCss":"","postBodyMargin":[],"postBodyPadding":[],"postBodyBackground":{"backgroundType":"classic","gradient":""}},"product_brand":[],"product_cat":[15,16,84],"product_tag":[],"class_list":{"0":"post-5588","1":"product","2":"type-product","3":"status-publish","4":"has-post-thumbnail","6":"product_cat-glass-containers","7":"product_cat-glass-bottles","8":"product_cat-wine-bottles","10":"first","11":"instock","12":"shipping-taxable","13":"product-type-simple"},"jetpack_sharing_enabled":true,"_links":{"self":[{"href":"https:\/\/minghanggroup.com\/es\/wp-json\/wp\/v2\/product\/5588","targetHints":{"allow":["GET"]}}],"collection":[{"href":"https:\/\/minghanggroup.com\/es\/wp-json\/wp\/v2\/product"}],"about":[{"href":"https:\/\/minghanggroup.com\/es\/wp-json\/wp\/v2\/types\/product"}],"wp:featuredmedia":[{"embeddable":true,"href":"https:\/\/minghanggroup.com\/es\/wp-json\/wp\/v2\/media\/5595"}],"wp:attachment":[{"href":"https:\/\/minghanggroup.com\/es\/wp-json\/wp\/v2\/media?parent=5588"}],"wp:term":[{"taxonomy":"product_brand","embeddable":true,"href":"https:\/\/minghanggroup.com\/es\/wp-json\/wp\/v2\/product_brand?post=5588"},{"taxonomy":"product_cat","embeddable":true,"href":"https:\/\/minghanggroup.com\/es\/wp-json\/wp\/v2\/product_cat?post=5588"},{"taxonomy":"product_tag","embeddable":true,"href":"https:\/\/minghanggroup.com\/es\/wp-json\/wp\/v2\/product_tag?post=5588"}],"curies":[{"name":"wp","href":"https:\/\/api.w.org\/{rel}","templated":true}]}}