{"id":5583,"date":"2026-02-05T15:09:41","date_gmt":"2026-02-05T07:09:41","guid":{"rendered":"https:\/\/minghanggroup.com\/?post_type=product&#038;p=5583"},"modified":"2026-02-05T16:59:18","modified_gmt":"2026-02-05T08:59:18","slug":"clear-glass-bottles-for-wine-wine-bottle-suppliers","status":"publish","type":"product","link":"https:\/\/minghanggroup.com\/es\/producto\/clear-glass-bottles-for-wine-wine-bottle-suppliers\/","title":{"rendered":"Botellas de vidrio transparente de 750 ml para vino | Proveedores de botellas de vino"},"content":{"rendered":"<p>Quiere que el alma de su vino brille, y nuestras botellas de vidrio transparente lo hacen posible. Contemple el brillo rub\u00ed de su clarete, el \u00e1mbar intenso de un borgo\u00f1a e incluso el toque dorado de un vino casero. Como sus proveedores dedicados de botellas de vino, creamos botellas de vidrio vers\u00e1tiles que honran la tradici\u00f3n y se adaptan a su flujo de trabajo. Ya sea que embotella vinos tintos, espumosos o licores artesanales, este es su lienzo.<\/p>\n<h2>Caracter\u00edsticas del producto<\/h2>\n<ul>\n<li><strong>Exhibici\u00f3n de colores verdaderos:<\/strong> El uso de vidrio transparente puro permite al cliente ver todos los colores, lo que le permite confiar exactamente en lo que ve antes del primer sorbo.<\/li>\n<li><strong>Silueta cl\u00e1sica de Burdeos:<\/strong> Da forma a una botella de vino atemporal con hombros suaves y cuello esbelto. Se adapta f\u00e1cilmente a los botelleros est\u00e1ndar. Se siente lujoso al sostenerlo.<\/li>\n<li><strong>Libertad de cierre, a tu manera:<\/strong> Opte por corchos de vino naturales si le encanta el tradicional pop, mano, giro de aluminio + junta de silicona para una botella sellada y a prueba de fugas, tapones sint\u00e9ticos o tapas largas elegantes.<\/li>\n<\/ul>\n<h2>Especificaciones clave<\/h2>\n<table style=\"border-collapse: collapse; width: 80%; margin-left: auto; margin-right: auto;\" border=\"0\" width=\"144\" cellspacing=\"0\" cellpadding=\"0\">\n<tbody>\n<tr style=\"height: 13.50pt;\">\n<td style=\"height: 13.5pt; width: 54pt; text-align: center;\" width=\"72\" height=\"18\">Caracter\u00edstica<\/td>\n<td style=\"width: 54pt; text-align: center;\" width=\"72\">Detalle<\/td>\n<\/tr>\n<tr style=\"height: 13.50pt;\">\n<td style=\"height: 13.5pt; text-align: center;\" height=\"18\">Capacidad<\/td>\n<td style=\"text-align: center;\">750 ml<\/td>\n<\/tr>\n<tr style=\"height: 13.50pt;\">\n<td style=\"height: 13.5pt; text-align: center;\" height=\"18\">Dimensiones (cm)<\/td>\n<td style=\"text-align: center;\">8,0 \u00d7 29,6<\/td>\n<\/tr>\n<tr style=\"height: 13.50pt;\">\n<td style=\"height: 13.5pt; text-align: center;\" height=\"18\">Acabado del m\u00e1stil (cm)<\/td>\n<td style=\"text-align: center;\" align=\"right\">1.8<\/td>\n<\/tr>\n<tr style=\"height: 13.50pt;\">\n<td style=\"height: 13.5pt; text-align: center;\" height=\"18\">Color<\/td>\n<td style=\"text-align: center;\">Vidrio de s\u00edlex transparente<\/td>\n<\/tr>\n<tr style=\"height: 13.50pt;\">\n<td style=\"height: 13.5pt; text-align: center;\" height=\"18\">Opciones de cierre<\/td>\n<td style=\"text-align: center;\">Corchos de vino naturales, tap\u00f3n sint\u00e9tico, aluminio trenzado a mano + junta de silicona, tapa larga<\/td>\n<\/tr>\n<\/tbody>\n<\/table>\n<h2>Caso de \u00e9xito<\/h2>\n<p>Una bodega boutique europea utiliz\u00f3 nuestra botella de vino tinto de 750 ml como principal soluci\u00f3n de envasado para su vino tinto seco de edici\u00f3n especial. La botella cuenta con diversas caracter\u00edsticas, como un cristal blanco de alta transparencia que realza el atractivo color del vino, un fondo arqueado profundo para un mejor manejo y mayor estabilidad al presentarlo, y un dise\u00f1o de hombro ajustado de forma \u00fanica para una silueta a\u00fan m\u00e1s refinada. Para el acabado de la superficie, el cliente opt\u00f3 por un arenado parcial combinado con la serigraf\u00eda, los emblemas de la bodega impresos y un sellado personalizado con la paleta de colores de la etiqueta principal.<\/p>\n<p>Durante el primer trimestre de ventas tras su lanzamiento, las ventas de esta serie de vinos tintos crecieron aproximadamente un 38 % interanual en los principales canales de distribuci\u00f3n. Gracias a la buena acogida del mercado y al suministro fiable del cliente, este realiz\u00f3 dos pedidos adicionales ese mismo a\u00f1o, lo que elev\u00f3 la cantidad total de recompra a aproximadamente un 60 % superior al pedido inicial.<\/p>\n<h2>Sus rutas de personalizaci\u00f3n<\/h2>\n<ol>\n<li><strong>Patr\u00f3n antideslizante:<\/strong> Para un mejor agarre y evitar que la botella se resbale, las partes del cuerpo pueden presentar texturas finas o micro relieves. Esta caracter\u00edstica es especialmente adecuada para cenas y catas.<\/li>\n<li><strong>Botella personalizada, codificaci\u00f3n inferior:<\/strong> Permite a\u00f1adir n\u00fameros de molde, n\u00fameros de lote o c\u00f3digos de trazabilidad interna al fondo de las botellas, lo que ayudar\u00e1 a la cadena de suministro y la gesti\u00f3n de calidad de las bodegas.<\/li>\n<li><strong>Acabados superficiales mejorados:<\/strong> Los logotipos de marca o identificadores de serie se pueden resaltar a trav\u00e9s de opciones personalizables, como serigraf\u00eda, aplicaci\u00f3n de calcoman\u00edas, glaseado, pulverizaci\u00f3n o acabado brillante selectivo.<\/li>\n<\/ol>","protected":false},"excerpt":{"rendered":"<p>Botellas de vidrio premium para vino de proveedores confiables. Directamente de f\u00e1brica, con entrega r\u00e1pida, ideales para bodegas y marcas.<\/p>","protected":false},"featured_media":5592,"template":"","meta":{"postBodyCss":"","postBodyMargin":[],"postBodyPadding":[],"postBodyBackground":{"backgroundType":"classic","gradient":""}},"product_brand":[],"product_cat":[15,16,84],"product_tag":[],"class_list":{"0":"post-5583","1":"product","2":"type-product","3":"status-publish","4":"has-post-thumbnail","6":"product_cat-glass-containers","7":"product_cat-glass-bottles","8":"product_cat-wine-bottles","10":"first","11":"instock","12":"shipping-taxable","13":"product-type-simple"},"jetpack_sharing_enabled":true,"_links":{"self":[{"href":"https:\/\/minghanggroup.com\/es\/wp-json\/wp\/v2\/product\/5583","targetHints":{"allow":["GET"]}}],"collection":[{"href":"https:\/\/minghanggroup.com\/es\/wp-json\/wp\/v2\/product"}],"about":[{"href":"https:\/\/minghanggroup.com\/es\/wp-json\/wp\/v2\/types\/product"}],"wp:featuredmedia":[{"embeddable":true,"href":"https:\/\/minghanggroup.com\/es\/wp-json\/wp\/v2\/media\/5592"}],"wp:attachment":[{"href":"https:\/\/minghanggroup.com\/es\/wp-json\/wp\/v2\/media?parent=5583"}],"wp:term":[{"taxonomy":"product_brand","embeddable":true,"href":"https:\/\/minghanggroup.com\/es\/wp-json\/wp\/v2\/product_brand?post=5583"},{"taxonomy":"product_cat","embeddable":true,"href":"https:\/\/minghanggroup.com\/es\/wp-json\/wp\/v2\/product_cat?post=5583"},{"taxonomy":"product_tag","embeddable":true,"href":"https:\/\/minghanggroup.com\/es\/wp-json\/wp\/v2\/product_tag?post=5583"}],"curies":[{"name":"wp","href":"https:\/\/api.w.org\/{rel}","templated":true}]}}