{"id":5582,"date":"2026-02-20T14:10:54","date_gmt":"2026-02-20T06:10:54","guid":{"rendered":"https:\/\/minghanggroup.com\/?post_type=product&#038;p=5582"},"modified":"2026-02-05T15:24:31","modified_gmt":"2026-02-05T07:24:31","slug":"500ml-wine-bottles-in-olive-green-bulk","status":"publish","type":"product","link":"https:\/\/minghanggroup.com\/es\/producto\/500ml-wine-bottles-in-olive-green-bulk\/","title":{"rendered":"Botellas de vino de 500 ml en color verde oliva a granel"},"content":{"rendered":"<p>Nuestras botellas de vino de 500 ml est\u00e1n fabricadas con vidrio verde oliva de alta calidad, resistente a los rayos UV. Su amplio cuerpo se estrecha suavemente hasta el estrecho cuello roscado, y su intenso color verde protege eficazmente los delicados sabores del vino.<\/p>\n<h2>Caracter\u00edsticas del producto<\/h2>\n<ul>\n<li><strong>Protecci\u00f3n de la luz:<\/strong> El vidrio verde oliva es muy eficaz para protegerse de los da\u00f1inos rayos UV y su vino envejecer\u00e1 impecablemente.<\/li>\n<li><strong>Dise\u00f1o roscado:<\/strong> El cuello roscado se adapta a todo tipo de tapones, desde corchos hasta tapones de rosca.<\/li>\n<li><strong>Cuerpo cl\u00e1sico de vientre ancho:<\/strong> Se trata de un cuerpo redondeado y ancho compatible con la imagen visual de las botellas de vino cl\u00e1sicas y que permite que el volumen sea grande y permita una f\u00e1cil sedimentaci\u00f3n.<\/li>\n<\/ul>\n<h2 style=\"text-align: left;\">Especificaciones clave<\/h2>\n<table class=\"aligncenter\" style=\"border-collapse: collapse; width: 387.02pt;\" border=\"0\" width=\"516\" cellspacing=\"0\" cellpadding=\"0\">\n<tbody>\n<tr style=\"height: 13.50pt;\">\n<td style=\"height: 13.50pt; width: 115.50pt;\" width=\"154\" height=\"18\">Especificaci\u00f3n<\/td>\n<td style=\"width: 271.50pt;\" width=\"362\">Detalles<\/td>\n<\/tr>\n<tr style=\"height: 13.50pt;\">\n<td style=\"height: 13.50pt;\" height=\"18\">Capacidad<\/td>\n<td>500 ml<\/td>\n<\/tr>\n<tr style=\"height: 13.50pt;\">\n<td style=\"height: 13.50pt;\" height=\"18\">Dimensiones<\/td>\n<td>72\u00d7228 mm<\/td>\n<\/tr>\n<tr style=\"height: 13.50pt;\">\n<td style=\"height: 13.50pt;\" height=\"18\">Material<\/td>\n<td>Vidrio verde oliva de alta calidad<\/td>\n<\/tr>\n<tr style=\"height: 13.50pt;\">\n<td style=\"height: 13.50pt;\" height=\"18\">Alcance de personalizaci\u00f3n<\/td>\n<td>Color, tama\u00f1o, acabado, forma<\/td>\n<\/tr>\n<tr style=\"height: 13.50pt;\">\n<td style=\"height: 13.50pt;\" height=\"18\">Caracter\u00edstica de la artesan\u00eda<\/td>\n<td>Conformado de vidrio de precisi\u00f3n<\/td>\n<\/tr>\n<tr style=\"height: 13.50pt;\">\n<td style=\"height: 13.50pt;\" height=\"18\">Prop\u00f3sito del producto<\/td>\n<td>Botellas de vino a granel, botellas de vino especiales<\/td>\n<\/tr>\n<tr style=\"height: 13.50pt;\">\n<td style=\"height: 13.50pt;\" height=\"18\">Industrias adecuadas<\/td>\n<td>Bodegas, Vi\u00f1edos, Productores de Alimentos Especializados<\/td>\n<\/tr>\n<\/tbody>\n<\/table>\n<h2>Historia de \u00e9xito: El \u00e9xito de una bodega en el noroeste del Pac\u00edfico<\/h2>\n<p>Nuestras botellas de vino de 500 ml fueron seleccionadas por una bodega boutique del Pac\u00edfico Noroeste que grab\u00f3 los hombros de forma personalizada. Los resultados fueron impresionantes: el vidrio resistente a los rayos UV se volvi\u00f3 esencial, ya que pudo conservar los delicados aromas del vino hasta 18 meses, y la satisfacci\u00f3n del cliente aument\u00f3 un 30 %. Gracias a este \u00e9xito, encargaron un mill\u00f3n de botellas m\u00e1s.<\/p>\n<h2>Personalizaci\u00f3n de botellas de vino a granel<\/h2>\n<ul>\n<li>Color: Se ofrece vidrio verde oscuro o \u00e1mbar para agregar m\u00e1s protecci\u00f3n contra la luz.<\/li>\n<li>Dise\u00f1o del cuello de la botella: Se puede realizar una rosca a medida para alojar un corcho o un tap\u00f3n de rosca.<\/li>\n<li>Dise\u00f1o de vi\u00f1edo en relieve: un dise\u00f1o en relieve de vides, hojas o her\u00e1ldica se graba en el hombro de la botella.<\/li>\n<\/ul>","protected":false},"excerpt":{"rendered":"<p>Botellas de vino a granel de 500 ml en color verde oliva oscuro con protecci\u00f3n UV. Personalizaci\u00f3n OEM para acabado, logotipo y embalaje.<\/p>","protected":false},"featured_media":5585,"template":"","meta":{"postBodyCss":"","postBodyMargin":[],"postBodyPadding":[],"postBodyBackground":{"backgroundType":"classic","gradient":""}},"product_brand":[],"product_cat":[15,16,84],"product_tag":[],"class_list":{"0":"post-5582","1":"product","2":"type-product","3":"status-publish","4":"has-post-thumbnail","6":"product_cat-glass-containers","7":"product_cat-glass-bottles","8":"product_cat-wine-bottles","10":"first","11":"instock","12":"shipping-taxable","13":"product-type-simple"},"jetpack_sharing_enabled":true,"_links":{"self":[{"href":"https:\/\/minghanggroup.com\/es\/wp-json\/wp\/v2\/product\/5582","targetHints":{"allow":["GET"]}}],"collection":[{"href":"https:\/\/minghanggroup.com\/es\/wp-json\/wp\/v2\/product"}],"about":[{"href":"https:\/\/minghanggroup.com\/es\/wp-json\/wp\/v2\/types\/product"}],"wp:featuredmedia":[{"embeddable":true,"href":"https:\/\/minghanggroup.com\/es\/wp-json\/wp\/v2\/media\/5585"}],"wp:attachment":[{"href":"https:\/\/minghanggroup.com\/es\/wp-json\/wp\/v2\/media?parent=5582"}],"wp:term":[{"taxonomy":"product_brand","embeddable":true,"href":"https:\/\/minghanggroup.com\/es\/wp-json\/wp\/v2\/product_brand?post=5582"},{"taxonomy":"product_cat","embeddable":true,"href":"https:\/\/minghanggroup.com\/es\/wp-json\/wp\/v2\/product_cat?post=5582"},{"taxonomy":"product_tag","embeddable":true,"href":"https:\/\/minghanggroup.com\/es\/wp-json\/wp\/v2\/product_tag?post=5582"}],"curies":[{"name":"wp","href":"https:\/\/api.w.org\/{rel}","templated":true}]}}