{"id":5577,"date":"2026-02-05T13:53:42","date_gmt":"2026-02-05T05:53:42","guid":{"rendered":"https:\/\/minghanggroup.com\/?post_type=product&#038;p=5577"},"modified":"2026-04-14T09:30:40","modified_gmt":"2026-04-14T01:30:40","slug":"clear-glass-customize-wine-bottles-bulk","status":"publish","type":"product","link":"https:\/\/minghanggroup.com\/es\/producto\/clear-glass-customize-wine-bottles-bulk\/","title":{"rendered":"Botellas de vino de vidrio transparente de 750 ml personalizadas al por mayor"},"content":{"rendered":"<p>Nuestra botella de vidrio flint transparente de 750 ml muestra la esencia de su vino: una historia visual pura. Como su socio directo en botellas de vidrio, facilitamos el pedido de botellas de vino al por mayor y personalizamos los detalles para que reflejen la esencia de su marca. Esto no es un empaque. Es su arte l\u00edquido, enmarcado.<\/p>\n<h2>Caracter\u00edsticas del producto<\/h2>\n<ul>\n<li><strong>Pantalla de claridad cristalina:<\/strong> Con agua, vidrio transparente, cada color se muestra perfectamente, los clientes pueden confiar f\u00e1cilmente en las cualidades visuales de sus vinos tintos o espumosos embotellados.<\/li>\n<li><strong>Sello de precisi\u00f3n roscado:<\/strong> Cuello de rosca de 18 mm con tapas de seguridad que sellan herm\u00e9ticamente la frescura del producto. Es una soluci\u00f3n ideal para l\u00edneas totalmente automatizadas o para la producci\u00f3n de vino en lotes peque\u00f1os.<\/li>\n<li><strong>Punt reforzado, parte inferior:<\/strong> La base ligeramente c\u00f3ncava de la botella le proporciona una base s\u00f3lida incluso en el estante, en una caja de vino o cuando se trata simplemente de un jarr\u00f3n de vino vac\u00edo reutilizado. Una fusi\u00f3n de tradici\u00f3n y fe.<\/li>\n<\/ul>\n<h2>Especificaciones clave<\/h2>\n<table style=\"border-collapse: collapse; width: 80%; margin-left: auto; margin-right: auto;\" border=\"0\" width=\"144\" cellspacing=\"0\" cellpadding=\"0\">\n<tbody>\n<tr style=\"height: 13.50pt;\">\n<td style=\"height: 13.5pt; width: 54pt; text-align: center;\" width=\"72\" height=\"18\">Caracter\u00edstica<\/td>\n<td style=\"width: 54pt; text-align: center;\" width=\"72\">Detalle<\/td>\n<\/tr>\n<tr style=\"height: 13.50pt;\">\n<td style=\"height: 13.5pt; text-align: center;\" height=\"18\">Capacidad<\/td>\n<td style=\"text-align: center;\">750 ml<\/td>\n<\/tr>\n<tr style=\"height: 13.50pt;\">\n<td style=\"height: 13.5pt; text-align: center;\" height=\"18\">Dimensiones (cm)<\/td>\n<td style=\"text-align: center;\">8,1 \u00d7 29,5<\/td>\n<\/tr>\n<tr style=\"height: 13.50pt;\">\n<td style=\"height: 13.5pt; text-align: center;\" height=\"18\">Acabado del m\u00e1stil (cm)<\/td>\n<td style=\"text-align: center;\" align=\"right\">1.8<\/td>\n<\/tr>\n<tr style=\"height: 13.50pt;\">\n<td style=\"height: 13.5pt; text-align: center;\" height=\"18\">Color<\/td>\n<td style=\"text-align: center;\">Vidrio de s\u00edlex transparente<\/td>\n<\/tr>\n<tr style=\"height: 13.50pt;\">\n<td style=\"height: 13.5pt; text-align: center;\" height=\"18\">Cierre<\/td>\n<td style=\"text-align: center;\">Tap\u00f3n de rosca de aluminio (opciones de acabado de corcho disponibles)<\/td>\n<\/tr>\n<\/tbody>\n<\/table>\n<h2>Caso de \u00e9xito<\/h2>\n<p>Una bodega boutique europea eligi\u00f3 nuestra botella de vino tinto como su principal soluci\u00f3n de envasado. Optaron por una amplia personalizaci\u00f3n: el cuerpo de la botella est\u00e1 hecho de vidrio blanco de alta transparencia para realzar visualmente el color del vino, la base presenta una hendidura arqueada m\u00e1s profunda para un mejor agarre y estabilidad de exposici\u00f3n, y el hombro de la botella se ajust\u00f3 a una proporci\u00f3n espec\u00edfica para darle a la forma general un aspecto m\u00e1s estilizado. En cuanto al tratamiento de la superficie, el cliente opt\u00f3 por un arenado parcial junto con la serigraf\u00eda del emblema de la bodega, y tambi\u00e9n sell\u00f3 la soluci\u00f3n de forma coherente con la paleta de colores de la etiqueta del vino.<\/p>\n<p>Las ventas de esta serie de vinos tintos aumentaron aproximadamente un 38 % interanual en los principales canales de distribuci\u00f3n durante el primer trimestre tras el lanzamiento del producto. Impulsado por la respuesta del mercado y el buen rendimiento del suministro, el cliente realiz\u00f3 dos compras m\u00e1s ese mismo a\u00f1o.<\/p>\n<h2>Sus opciones de personalizaci\u00f3n<\/h2>\n<ol>\n<li><strong>Mejoras en el acabado de superficies:<\/strong> Nuestras mejoras de acabado de superficies se pueden integrar con t\u00e9cnicas de chorro de arena, serigraf\u00eda, estampado en caliente o etiquetas en relieve para grabar el nombre de la bodega y la informaci\u00f3n de la a\u00f1ada en la propia botella.<\/li>\n<li><strong>Estructura de base de botella personalizable:<\/strong> El dise\u00f1o de base c\u00f3ncava m\u00e1s profunda o ensanchada no solo mejora la sensaci\u00f3n de lujo y la estabilidad de la pantalla, sino que tambi\u00e9n hace que sea m\u00e1s f\u00e1cil de sostener.<\/li>\n<li><strong>Sistema de cierre a juego:<\/strong> Especificaciones de tap\u00f3n de rosca o tap\u00f3n de corcho personalizables seg\u00fan el posicionamiento en el mercado, y se pueden combinar con colores exclusivos o tapas con dise\u00f1os personalizados.<\/li>\n<\/ol>","protected":false},"excerpt":{"rendered":"<p>Botellas de vino personalizadas de alta calidad para marcas y bodegas. Suministro a granel con env\u00edo directo a f\u00e1brica, ideal para embotellado a gran escala.<\/p>","protected":false},"featured_media":5581,"template":"","meta":{"postBodyCss":"","postBodyMargin":[],"postBodyPadding":[],"postBodyBackground":{"backgroundType":"classic","gradient":""}},"product_brand":[],"product_cat":[15,16,84],"product_tag":[109],"class_list":{"0":"post-5577","1":"product","2":"type-product","3":"status-publish","4":"has-post-thumbnail","6":"product_cat-glass-containers","7":"product_cat-glass-bottles","8":"product_cat-wine-bottles","9":"product_tag-glass-champagne-bottles","11":"first","12":"instock","13":"shipping-taxable","14":"product-type-simple"},"jetpack_sharing_enabled":true,"_links":{"self":[{"href":"https:\/\/minghanggroup.com\/es\/wp-json\/wp\/v2\/product\/5577","targetHints":{"allow":["GET"]}}],"collection":[{"href":"https:\/\/minghanggroup.com\/es\/wp-json\/wp\/v2\/product"}],"about":[{"href":"https:\/\/minghanggroup.com\/es\/wp-json\/wp\/v2\/types\/product"}],"wp:featuredmedia":[{"embeddable":true,"href":"https:\/\/minghanggroup.com\/es\/wp-json\/wp\/v2\/media\/5581"}],"wp:attachment":[{"href":"https:\/\/minghanggroup.com\/es\/wp-json\/wp\/v2\/media?parent=5577"}],"wp:term":[{"taxonomy":"product_brand","embeddable":true,"href":"https:\/\/minghanggroup.com\/es\/wp-json\/wp\/v2\/product_brand?post=5577"},{"taxonomy":"product_cat","embeddable":true,"href":"https:\/\/minghanggroup.com\/es\/wp-json\/wp\/v2\/product_cat?post=5577"},{"taxonomy":"product_tag","embeddable":true,"href":"https:\/\/minghanggroup.com\/es\/wp-json\/wp\/v2\/product_tag?post=5577"}],"curies":[{"name":"wp","href":"https:\/\/api.w.org\/{rel}","templated":true}]}}