{"id":5559,"date":"2026-02-05T08:57:37","date_gmt":"2026-02-05T00:57:37","guid":{"rendered":"https:\/\/minghanggroup.com\/?post_type=product&#038;p=5559"},"modified":"2026-03-02T13:35:44","modified_gmt":"2026-03-02T05:35:44","slug":"cylindrical-empty-soda-stream-glass-bottles-bulk","status":"publish","type":"product","link":"https:\/\/minghanggroup.com\/es\/producto\/cylindrical-empty-soda-stream-glass-bottles-bulk\/","title":{"rendered":"Botellas de vidrio vac\u00edas cil\u00edndricas para refrescos (350 ml, 500 ml y 750 ml)"},"content":{"rendered":"<p>Estas botellas de vidrio para soda tienen una elegante forma cil\u00edndrica lisa, con cuerpo recto, cuello liso y tap\u00f3n roscado. Vienen en tres pr\u00e1cticos tama\u00f1os.<\/p>\n<h2>Caracter\u00edsticas del producto<\/h2>\n<ul>\n<li><strong>Dise\u00f1o simple de cilindro recto:<\/strong> La forma vertical, recta e igual de la botella es f\u00e1cil de limpiar, etiquetar y almacenar, y adem\u00e1s aprovecha al m\u00e1ximo el espacio.<\/li>\n<li><strong>Tapa roscada segura:<\/strong> La tapa que viene con \u00e9l ofrece un sello herm\u00e9tico y herm\u00e9tico para garantizar que la carbonataci\u00f3n no se escape pero mantiene el contenido fresco.<\/li>\n<li><strong>Consumo de varios tama\u00f1os:<\/strong> Vienen en tama\u00f1os de 350 ml, 500 ml y 750 ml para adaptarse a sus diversas necesidades de bebidas.<\/li>\n<\/ul>\n<h2 style=\"text-align: left;\">Especificaciones clave<\/h2>\n<table class=\"aligncenter\" style=\"border-collapse: collapse; width: 471.02pt;\" border=\"0\" width=\"628\" cellspacing=\"0\" cellpadding=\"0\">\n<tbody>\n<tr style=\"height: 13.50pt;\">\n<td style=\"height: 13.50pt; width: 115.50pt;\" width=\"154\" height=\"18\">Atributo<\/td>\n<td style=\"width: 355.50pt;\" width=\"474\">Detalles<\/td>\n<\/tr>\n<tr style=\"height: 13.50pt;\">\n<td style=\"height: 13.50pt;\" height=\"18\">Capacidad<\/td>\n<td>350 ml, 500 ml, 750 ml<\/td>\n<\/tr>\n<tr style=\"height: 13.50pt;\">\n<td style=\"height: 13.50pt;\" height=\"18\">Material<\/td>\n<td>Vidrio duradero de alta claridad<\/td>\n<\/tr>\n<tr style=\"height: 13.50pt;\">\n<td style=\"height: 13.50pt;\" height=\"18\">Forma de la botella<\/td>\n<td>Cil\u00edndrico con silueta de paredes rectas<\/td>\n<\/tr>\n<tr style=\"height: 13.50pt;\">\n<td style=\"height: 13.50pt;\" height=\"18\">Gama de personalizaci\u00f3n<\/td>\n<td>Tama\u00f1o, tapas, color, acabado<\/td>\n<\/tr>\n<tr style=\"height: 13.50pt;\">\n<td style=\"height: 13.50pt;\" height=\"18\">Uso principal<\/td>\n<td>Botellas de bebidas carbonatadas, botellas de refresco de vidrio vac\u00edas<\/td>\n<\/tr>\n<tr style=\"height: 13.50pt;\">\n<td style=\"height: 13.50pt;\" height=\"18\">Industrias objetivo<\/td>\n<td>Proveedores mayoristas de bebidas, fabricantes de bebidas especiales<\/td>\n<\/tr>\n<\/tbody>\n<\/table>\n<h2>Historia de \u00e9xito: Mi historia de \u00e9xito de una marca de bebidas artesanales del Medio Oeste<\/h2>\n<p>Nuestras botellas de refresco de vidrio vac\u00edas, con una tapa negra personalizada, fueron seleccionadas por una empresa de bebidas artesanales del Medio Oeste que acababa de lanzar una nueva l\u00ednea de refrescos artesanales. El resultado fue impresionante: el atractivo envase aument\u00f3 las veces que se compartieron en redes sociales en un 45 %; la carbonataci\u00f3n tuvo una vida \u00fatil un 18 % mayor que la de las versiones de pl\u00e1stico; y la satisfacci\u00f3n del cliente mejor\u00f3 un 30 %. Con base en estos hallazgos, realizaron un pedido adicional de 350\u00a0000 botellas.<\/p>\n<h2>Personalizaci\u00f3n de botellas de vidrio para bebidas<\/h2>\n<ul>\n<li>Tapas personalizadas: proporcione tapas de colores personalizados o tapas a prueba de manipulaciones para aumentar la seguridad del producto.<\/li>\n<li>Serigraf\u00eda: Implica la impresi\u00f3n directa de dise\u00f1os de calidad, logotipos o unidades de medida.<\/li>\n<li>Diferencias de color: Vidrio verde suave o \u00e1mbar, que se puede utilizar en bebidas efervescentes sensibles a la luz.<\/li>\n<\/ul>","protected":false},"excerpt":{"rendered":"<p>Botellas de vidrio para soda stream dise\u00f1adas como botellas de vidrio vac\u00edas para soda con formas cil\u00edndricas limpias y tapas, que admiten opciones OEM para marca, tapas y tama\u00f1os.<\/p>","protected":false},"featured_media":5560,"template":"","meta":{"postBodyCss":"","postBodyMargin":[],"postBodyPadding":[],"postBodyBackground":{"backgroundType":"classic","gradient":""}},"product_brand":[],"product_cat":[15,16,83],"product_tag":[91],"class_list":{"0":"post-5559","1":"product","2":"type-product","3":"status-publish","4":"has-post-thumbnail","6":"product_cat-glass-containers","7":"product_cat-glass-bottles","8":"product_cat-glass-beverage-bottles","9":"product_tag-glass-soda-bottles","11":"first","12":"instock","13":"shipping-taxable","14":"product-type-simple"},"jetpack_sharing_enabled":true,"_links":{"self":[{"href":"https:\/\/minghanggroup.com\/es\/wp-json\/wp\/v2\/product\/5559","targetHints":{"allow":["GET"]}}],"collection":[{"href":"https:\/\/minghanggroup.com\/es\/wp-json\/wp\/v2\/product"}],"about":[{"href":"https:\/\/minghanggroup.com\/es\/wp-json\/wp\/v2\/types\/product"}],"wp:featuredmedia":[{"embeddable":true,"href":"https:\/\/minghanggroup.com\/es\/wp-json\/wp\/v2\/media\/5560"}],"wp:attachment":[{"href":"https:\/\/minghanggroup.com\/es\/wp-json\/wp\/v2\/media?parent=5559"}],"wp:term":[{"taxonomy":"product_brand","embeddable":true,"href":"https:\/\/minghanggroup.com\/es\/wp-json\/wp\/v2\/product_brand?post=5559"},{"taxonomy":"product_cat","embeddable":true,"href":"https:\/\/minghanggroup.com\/es\/wp-json\/wp\/v2\/product_cat?post=5559"},{"taxonomy":"product_tag","embeddable":true,"href":"https:\/\/minghanggroup.com\/es\/wp-json\/wp\/v2\/product_tag?post=5559"}],"curies":[{"name":"wp","href":"https:\/\/api.w.org\/{rel}","templated":true}]}}