{"id":5553,"date":"2026-02-13T15:34:38","date_gmt":"2026-02-13T07:34:38","guid":{"rendered":"https:\/\/minghanggroup.com\/?post_type=product&#038;p=5553"},"modified":"2026-02-04T15:35:12","modified_gmt":"2026-02-04T07:35:12","slug":"custom-small-wine-bottles-bulk","status":"publish","type":"product","link":"https:\/\/minghanggroup.com\/es\/producto\/custom-small-wine-bottles-bulk\/","title":{"rendered":"Botellas de vino peque\u00f1as personalizadas de 375 ml a granel"},"content":{"rendered":"<p>Necesita recipientes flexibles para catas, peque\u00f1os regalos o sets de muestra, y nuestras botellas de vino de 375 ml son justo eso. Hechas de vidrio \u00e1mbar intenso con la cl\u00e1sica forma de botella de vino burdeos, estas peque\u00f1as botellas no solo protegen su vino tinto, sino que tambi\u00e9n atraen visualmente a sus clientes. En glass bottle partner somos su socio de confianza para botellas de vidrio: simplificamos el proceso de pedido de botellas de vino peque\u00f1as al por mayor, haci\u00e9ndolo sostenible y perfecto para su marca. Si envasa un clarete, un borgo\u00f1a o incluso su propio vino, aqu\u00ed es donde la utilidad y el estilo se unen.<\/p>\n<h2>Caracter\u00edsticas del producto<\/h2>\n<ul>\n<li><strong>Dise\u00f1o compacto y port\u00e1til:<\/strong> El dise\u00f1o de la botella de peque\u00f1a capacidad es muy conveniente para usar como porci\u00f3n individual, para viajar o para distribuir en un evento; es un buen compromiso entre funcionalidad y atractivo.<\/li>\n<li><strong>Aplicaci\u00f3n vers\u00e1til:<\/strong> El producto se puede utilizar para envasar vino, licores, vino de hielo, vinos de muestra y vinos de regalo, satisfaciendo as\u00ed las necesidades de los sectores minoristas, promocionales y de regalos personalizados.<\/li>\n<li><strong>Permite diferentes t\u00e9cnicas de decoraci\u00f3n:<\/strong> La botella se puede decorar mediante un gran n\u00famero de t\u00e9cnicas como serigraf\u00eda, estampaci\u00f3n en caliente, pulverizaci\u00f3n, etiquetado y relieve, lo que supone una gran herramienta para una presentaci\u00f3n de marca diferenciada.<\/li>\n<\/ul>\n<h2>Especificaciones clave<\/h2>\n<table style=\"border-collapse: collapse; width: 80%; margin-left: auto; margin-right: auto;\" border=\"0\" width=\"144\" cellspacing=\"0\" cellpadding=\"0\">\n<tbody>\n<tr style=\"height: 13.50pt;\">\n<td style=\"height: 13.5pt; width: 54pt; text-align: center;\" width=\"72\" height=\"18\">Caracter\u00edstica<\/td>\n<td style=\"width: 54pt; text-align: center;\" width=\"72\">Detalle<\/td>\n<\/tr>\n<tr style=\"height: 13.50pt;\">\n<td style=\"height: 13.5pt; text-align: center;\" height=\"18\">Capacidad<\/td>\n<td style=\"text-align: center;\">375 ml<\/td>\n<\/tr>\n<tr style=\"height: 13.50pt;\">\n<td style=\"height: 13.5pt; text-align: center;\" height=\"18\">Dimensiones (cm)<\/td>\n<td style=\"text-align: center;\">7,3 \u00d7 24,5<\/td>\n<\/tr>\n<tr style=\"height: 13.50pt;\">\n<td style=\"height: 13.5pt; text-align: center;\" height=\"18\">Acabado del m\u00e1stil (cm)<\/td>\n<td style=\"text-align: center;\" align=\"right\">1.8<\/td>\n<\/tr>\n<tr style=\"height: 13.50pt;\">\n<td style=\"height: 13.5pt; text-align: center;\" height=\"18\">Color<\/td>\n<td style=\"text-align: center;\">\u00c1mbar profundo<\/td>\n<\/tr>\n<tr style=\"height: 13.50pt;\">\n<td style=\"height: 13.5pt; text-align: center;\" height=\"18\">Opciones de cierre<\/td>\n<td style=\"text-align: center;\">Corchos de vino naturales, tap\u00f3n sint\u00e9tico, aluminio trenzado a mano + junta de silicona, tapa larga<\/td>\n<\/tr>\n<tr style=\"height: 13.50pt;\">\n<td style=\"height: 13.5pt; text-align: center;\" height=\"18\">Mejor para<\/td>\n<td style=\"text-align: center;\">Vinos tintos, claretes, borgo\u00f1as, vinos caseros, botellas de licor, sets de cata<\/td>\n<\/tr>\n<\/tbody>\n<\/table>\n<h2>Caso de \u00e9xito<\/h2>\n<p>Una peque\u00f1a bodega especializada de la Toscana, Italia, nos contact\u00f3 para el suministro de botellas de vino de 375 ml de capacidad. Para reflejar su identidad de marca, el cliente decor\u00f3 las botellas con el logotipo de la bodega en relieve e incorpor\u00f3 c\u00f3digos grabados a l\u00e1ser en la base para la trazabilidad del lote.<\/p>\n<p>Adem\u00e1s, equipamos las botellas con tapones de rosca de aluminio con muesca superior que cumpl\u00edan con las especificaciones del cliente, quien tambi\u00e9n recibi\u00f3 varias opciones de tratamiento de superficie. Finalmente, se opt\u00f3 por un acabado esmerilado con una ventana parcialmente transparente para darle al producto mayor presencia en el lineal.<\/p>\n<p>Tras el lanzamiento del producto, la l\u00ednea de productos de peque\u00f1a capacidad del cliente experiment\u00f3 un aumento interanual del 42% en las ventas durante el primer trimestre. Gracias a la buena acogida del mercado, el cliente emiti\u00f3 un nuevo pedido menos de seis meses despu\u00e9s del pedido inicial, lo que increment\u00f3 el volumen total de compra en un 65%.<\/p>\n<h2>Sus rutas de personalizaci\u00f3n<\/h2>\n<ol>\n<li><strong>Dise\u00f1o de botella en relieve\/bajo relieve:<\/strong> La botella puede grabarse en relieve o bajorrelieve con el logotipo de la bodega, el a\u00f1o de cosecha o dise\u00f1os exclusivos para promover la marca y darle un aspecto lujoso. Este producto es perfecto para sets de regalo o ediciones limitadas.<\/li>\n<li><strong>Diversas opciones de cuello de botella y cierre:<\/strong> La botella puede sellarse con corcho o tap\u00f3n de rosca, seg\u00fan la ubicaci\u00f3n del producto. Entre otras caracter\u00edsticas personalizables, se incluyen el color del tap\u00f3n de aluminio, logotipos estampados en caliente en la parte superior y medidas antifalsificaci\u00f3n.<\/li>\n<li><strong>Etiquetas personalizadas y serigraf\u00eda:<\/strong> El producto puede marcarse con alcohol, etiquetas resistentes al agua, etiquetas estampadas en caliente o la etiqueta del vino puede serigrafiarse directamente. Gracias a las posibilidades de los efectos de impresi\u00f3n multicapa, las marcas no solo mejoran su imagen, sino que tambi\u00e9n ahorran en costos de etiquetado.<\/li>\n<\/ol>","protected":false},"excerpt":{"rendered":"<p>Botellas de vino peque\u00f1as a granel de suministro directo de f\u00e1brica. Las botellas de vino de 375 ml se ofrecen personalizaci\u00f3n a granel, env\u00edo r\u00e1pido y muestras gratuitas para los compradores.<\/p>","protected":false},"featured_media":5557,"template":"","meta":{"postBodyCss":"","postBodyMargin":[],"postBodyPadding":[],"postBodyBackground":{"backgroundType":"classic","gradient":""}},"product_brand":[],"product_cat":[15,16,84],"product_tag":[],"class_list":{"0":"post-5553","1":"product","2":"type-product","3":"status-publish","4":"has-post-thumbnail","6":"product_cat-glass-containers","7":"product_cat-glass-bottles","8":"product_cat-wine-bottles","10":"first","11":"instock","12":"shipping-taxable","13":"product-type-simple"},"jetpack_sharing_enabled":true,"_links":{"self":[{"href":"https:\/\/minghanggroup.com\/es\/wp-json\/wp\/v2\/product\/5553","targetHints":{"allow":["GET"]}}],"collection":[{"href":"https:\/\/minghanggroup.com\/es\/wp-json\/wp\/v2\/product"}],"about":[{"href":"https:\/\/minghanggroup.com\/es\/wp-json\/wp\/v2\/types\/product"}],"wp:featuredmedia":[{"embeddable":true,"href":"https:\/\/minghanggroup.com\/es\/wp-json\/wp\/v2\/media\/5557"}],"wp:attachment":[{"href":"https:\/\/minghanggroup.com\/es\/wp-json\/wp\/v2\/media?parent=5553"}],"wp:term":[{"taxonomy":"product_brand","embeddable":true,"href":"https:\/\/minghanggroup.com\/es\/wp-json\/wp\/v2\/product_brand?post=5553"},{"taxonomy":"product_cat","embeddable":true,"href":"https:\/\/minghanggroup.com\/es\/wp-json\/wp\/v2\/product_cat?post=5553"},{"taxonomy":"product_tag","embeddable":true,"href":"https:\/\/minghanggroup.com\/es\/wp-json\/wp\/v2\/product_tag?post=5553"}],"curies":[{"name":"wp","href":"https:\/\/api.w.org\/{rel}","templated":true}]}}