{"id":5546,"date":"2026-02-04T13:07:02","date_gmt":"2026-02-04T05:07:02","guid":{"rendered":"https:\/\/minghanggroup.com\/?post_type=product&#038;p=5546"},"modified":"2026-03-02T13:42:49","modified_gmt":"2026-03-02T05:42:49","slug":"clear-glass-bottles-for-juice-with-slim-neck-bulk","status":"publish","type":"product","link":"https:\/\/minghanggroup.com\/es\/producto\/clear-glass-bottles-for-juice-with-slim-neck-bulk\/","title":{"rendered":"Botellas de vidrio transparente de 340 ml para jugo con cuello delgado a granel"},"content":{"rendered":"<p>Las botellas de vidrio para jugo se envasan en botellas de vidrio c\u00f3nicas, bellamente curvadas con un fondo ancho y un cuello estrecho, y una tapa de metal roscada para cerrar la botella.<\/p>\n<h2>Caracter\u00edsticas del producto<\/h2>\n<ul>\n<li><strong>Elegante dise\u00f1o c\u00f3nico:<\/strong> El dise\u00f1o c\u00f3nico es especial con una excelente ergonom\u00eda y una visualizaci\u00f3n \u00fanica.<\/li>\n<li><strong>Asiento estable:<\/strong> La tapa de rosca de metal ofrece un desprendimiento de aire haciendo que las bebidas sean socialmente m\u00e1s frescas y evitando derrames.<\/li>\n<li><strong>Usabilidad general:<\/strong> Se puede utilizar en agua, jugos, bebidas gaseosas y otras bebidas de alta calidad.<\/li>\n<\/ul>\n<h2 style=\"text-align: left;\">Especificaciones clave<\/h2>\n<table class=\"aligncenter\" style=\"border-collapse: collapse; width: 447.77pt;\" border=\"0\" width=\"597\" cellspacing=\"0\" cellpadding=\"0\">\n<tbody>\n<tr style=\"height: 13.50pt;\">\n<td style=\"height: 13.50pt; width: 115.50pt;\" width=\"154\" height=\"18\">Atributo<\/td>\n<td style=\"width: 332.25pt;\" width=\"443\">Detalles<\/td>\n<\/tr>\n<tr style=\"height: 13.50pt;\">\n<td style=\"height: 13.50pt;\" height=\"18\">Capacidad<\/td>\n<td>340 ml<\/td>\n<\/tr>\n<tr style=\"height: 13.50pt;\">\n<td style=\"height: 13.50pt;\" height=\"18\">Dimensiones<\/td>\n<td>55 mm \u00d7 220 mm<\/td>\n<\/tr>\n<tr style=\"height: 13.50pt;\">\n<td style=\"height: 13.50pt;\" height=\"18\">Material<\/td>\n<td>Vidrio transparente<\/td>\n<\/tr>\n<tr style=\"height: 13.50pt;\">\n<td style=\"height: 13.50pt;\" height=\"18\">Forma de la botella<\/td>\n<td>C\u00f3nico, de base ancha a cuello delgado<\/td>\n<\/tr>\n<tr style=\"height: 13.50pt;\">\n<td style=\"height: 13.50pt;\" height=\"18\">Gama de personalizaci\u00f3n<\/td>\n<td>Variaciones de tama\u00f1o y forma, acabado de la tapa, relieve y tintado.<\/td>\n<\/tr>\n<tr style=\"height: 13.50pt;\">\n<td style=\"height: 13.50pt;\" height=\"18\">Artesan\u00eda<\/td>\n<td>Acabado suave, roscado preciso, espesor de pared uniforme.<\/td>\n<\/tr>\n<tr style=\"height: 13.50pt;\">\n<td style=\"height: 13.50pt;\" height=\"18\">Uso principal<\/td>\n<td>botellas de vidrio para bebidas, botellas de agua<\/td>\n<\/tr>\n<tr style=\"height: 13.50pt;\">\n<td style=\"height: 13.50pt;\" height=\"18\">Industrias objetivo<\/td>\n<td>Bebidas al por mayor, marcas premium<\/td>\n<\/tr>\n<\/tbody>\n<\/table>\n<h2>Caso de \u00e9xito: Reordenamiento de marca en Norteam\u00e9rica<\/h2>\n<p>Una de las marcas de bebidas norteamericanas eligi\u00f3 nuestras botellas c\u00f3nicas de vidrio para jugo y tapas personalizadas de metal cepillado. Los resultados fueron impresionantes: las ventas minoristas aumentaron un 12 %, la satisfacci\u00f3n del cliente mejor\u00f3 un 25 % y el n\u00famero de consultas de clientes mayoristas realizadas por las boutiques aument\u00f3 un 10 %, todo gracias al dise\u00f1o premium de las botellas. Gracias a esto, solicitaron 250\u00a0000 botellas adicionales en el segundo trimestre.<\/p>\n<h2>Personalizaci\u00f3n de botellas de vidrio para bebidas<\/h2>\n<ul>\n<li>Cambiar la forma del cono: Dise\u00f1e una curva m\u00e1s llamativa o m\u00e1s suave para adaptarse a la imagen de su marca.<\/li>\n<li>Acabados de tapa personalizados: seleccione acabado en cromo pulido, lat\u00f3n cepillado o metal de color.<\/li>\n<li>Agregar relieve: coloque su logotipo o gr\u00e1fico en el vidrio para tener una apariencia de alta gama sin etiquetas.<\/li>\n<\/ul>","protected":false},"excerpt":{"rendered":"<p>Botellas de vidrio para jugo dise\u00f1adas como una botella de bebida de vidrio, con forma c\u00f3nica y tapa de rosca de metal, ideal para agua, refresco, jugo de suministro de f\u00e1brica.<\/p>","protected":false},"featured_media":5545,"template":"","meta":{"postBodyCss":"","postBodyMargin":[],"postBodyPadding":[],"postBodyBackground":{"backgroundType":"classic","gradient":""}},"product_brand":[],"product_cat":[15,16,83],"product_tag":[93],"class_list":{"0":"post-5546","1":"product","2":"type-product","3":"status-publish","4":"has-post-thumbnail","6":"product_cat-glass-containers","7":"product_cat-glass-bottles","8":"product_cat-glass-beverage-bottles","9":"product_tag-glass-gatorade-bottles","11":"first","12":"instock","13":"shipping-taxable","14":"product-type-simple"},"jetpack_sharing_enabled":true,"_links":{"self":[{"href":"https:\/\/minghanggroup.com\/es\/wp-json\/wp\/v2\/product\/5546","targetHints":{"allow":["GET"]}}],"collection":[{"href":"https:\/\/minghanggroup.com\/es\/wp-json\/wp\/v2\/product"}],"about":[{"href":"https:\/\/minghanggroup.com\/es\/wp-json\/wp\/v2\/types\/product"}],"wp:featuredmedia":[{"embeddable":true,"href":"https:\/\/minghanggroup.com\/es\/wp-json\/wp\/v2\/media\/5545"}],"wp:attachment":[{"href":"https:\/\/minghanggroup.com\/es\/wp-json\/wp\/v2\/media?parent=5546"}],"wp:term":[{"taxonomy":"product_brand","embeddable":true,"href":"https:\/\/minghanggroup.com\/es\/wp-json\/wp\/v2\/product_brand?post=5546"},{"taxonomy":"product_cat","embeddable":true,"href":"https:\/\/minghanggroup.com\/es\/wp-json\/wp\/v2\/product_cat?post=5546"},{"taxonomy":"product_tag","embeddable":true,"href":"https:\/\/minghanggroup.com\/es\/wp-json\/wp\/v2\/product_tag?post=5546"}],"curies":[{"name":"wp","href":"https:\/\/api.w.org\/{rel}","templated":true}]}}