{"id":5542,"date":"2026-02-18T11:50:31","date_gmt":"2026-02-18T03:50:31","guid":{"rendered":"https:\/\/minghanggroup.com\/?post_type=product&#038;p=5542"},"modified":"2026-02-04T14:33:26","modified_gmt":"2026-02-04T06:33:26","slug":"16-oz-clear-glass-bottles-for-juices-with-lids-bulk","status":"publish","type":"product","link":"https:\/\/minghanggroup.com\/es\/producto\/16-oz-clear-glass-bottles-for-juices-with-lids-bulk\/","title":{"rendered":"Botellas de vidrio transparente de 16 oz para jugos con tapas a granel"},"content":{"rendered":"<p>Estas botellas de vidrio para jugos, con un dise\u00f1o cil\u00edndrico delgado y recto, son f\u00e1ciles de sostener y almacenar. Sus tapas de rosca proporcionan un sellado herm\u00e9tico.<\/p>\n<h2>Caracter\u00edsticas del producto<\/h2>\n<ul>\n<li><strong>Dise\u00f1o delgado, recto y cil\u00edndrico:<\/strong> El dise\u00f1o cil\u00edndrico es verticalmente delgado y garantiza que se aproveche la m\u00e1xima cantidad de espacio y el cilindro es apilable y puede adaptarse a la mayor\u00eda de los portavasos y bolsas de mano.<\/li>\n<li><strong>Material transparente y liso:<\/strong> El material de vidrio es perfecto y transparente para permitirle ver la bebida en su interior.<\/li>\n<li><strong>Tapa de rosca segura:<\/strong> El tap\u00f3n de rosca incluido le da un ajuste perfecto y un toque de clase.<\/li>\n<\/ul>\n<h2 style=\"text-align: left;\">Especificaciones clave<\/h2>\n<table class=\"aligncenter\" style=\"border-collapse: collapse; width: 408.77pt;\" border=\"0\" width=\"545\" cellspacing=\"0\" cellpadding=\"0\">\n<tbody>\n<tr style=\"height: 13.50pt;\">\n<td style=\"height: 13.50pt; width: 115.50pt;\" width=\"154\" height=\"18\">Atributo<\/td>\n<td style=\"width: 293.25pt;\" width=\"391\">Detalles<\/td>\n<\/tr>\n<tr style=\"height: 13.50pt;\">\n<td style=\"height: 13.50pt;\" height=\"18\">Capacidad<\/td>\n<td>500 ml (16 onzas)<\/td>\n<\/tr>\n<tr style=\"height: 13.50pt;\">\n<td style=\"height: 13.50pt;\" height=\"18\">Dimensiones<\/td>\n<td>65 mm de di\u00e1metro \u00d7 150 mm de altura<\/td>\n<\/tr>\n<tr style=\"height: 13.50pt;\">\n<td style=\"height: 13.50pt;\" height=\"18\">Material<\/td>\n<td>Vidrio de borosilicato alto<\/td>\n<\/tr>\n<tr style=\"height: 13.50pt;\">\n<td style=\"height: 13.50pt;\" height=\"18\">Forma de la botella<\/td>\n<td>De paredes rectas, estilo lata<\/td>\n<\/tr>\n<tr style=\"height: 13.50pt;\">\n<td style=\"height: 13.50pt;\" height=\"18\">Gama de personalizaci\u00f3n<\/td>\n<td>Forma, tama\u00f1o, color, acabado, tipo de tapa, accesorios<\/td>\n<\/tr>\n<tr style=\"height: 13.50pt;\">\n<td style=\"height: 13.50pt;\" height=\"18\">Artesan\u00eda<\/td>\n<td>Vidrio liso y sin costuras con base reforzada<\/td>\n<\/tr>\n<tr style=\"height: 13.50pt;\">\n<td style=\"height: 13.50pt;\" height=\"18\">Uso principal<\/td>\n<td>Botellas de vidrio para jugo, botellas para bebidas heladas<\/td>\n<\/tr>\n<tr style=\"height: 13.50pt;\">\n<td style=\"height: 13.50pt;\" height=\"18\">Industrias objetivo<\/td>\n<td>Venta al por mayor de bebidas, bebidas especiales<\/td>\n<\/tr>\n<\/tbody>\n<\/table>\n<h2>Historia de \u00e9xito: una cadena de jugos y batidos de Florida<\/h2>\n<p>Las botellas de vidrio de 16 oz fueron elegidas por una importante tienda nacional de alimentos saludables y personalizadas con un acabado esmerilado e informaci\u00f3n nutricional serigrafiada. Su aspecto impecable las hizo destacar en los estantes, lo que impuls\u00f3 las ventas en un asombroso 57 %. El tama\u00f1o de 500 ml fue el favorito de los clientes y la satisfacci\u00f3n del cliente aument\u00f3 un 25 %. El \u00e9xito fue tal que solicitaron otro env\u00edo de 3 millones de botellas para asegurar el suministro de estas botellas a sus tiendas en los pr\u00f3ximos dos a\u00f1os. Botellas de vidrio personalizadas para jugos.<\/p>\n<h2>Botellas de vidrio para personalizaci\u00f3n de jugos<\/h2>\n<ul>\n<li>Coordinaci\u00f3n de colores: Sostenga bebidas sensibles a la luz en vasos de color \u00e1mbar suave o verde.<\/li>\n<li>Dise\u00f1os de gorras personalizados: pueden ser de varios colores (negro, verde, transparente) o pueden tener el sello de su marca.<\/li>\n<li>Serigraf\u00eda: Impresi\u00f3n directa de gr\u00e1ficos de alta calidad, informaci\u00f3n nutricional o gr\u00e1ficos de cobertura total.<\/li>\n<\/ul>","protected":false},"excerpt":{"rendered":"<p>Botellas de vidrio para jugos, transparentes, de 16 oz y con tapa herm\u00e9tica. Estas botellas ofrecen un perfil vertical delgado. Muestras gratis.<\/p>","protected":false},"featured_media":5552,"template":"","meta":{"postBodyCss":"","postBodyMargin":[],"postBodyPadding":[],"postBodyBackground":{"backgroundType":"classic","gradient":""}},"product_brand":[],"product_cat":[15,16,83],"product_tag":[],"class_list":{"0":"post-5542","1":"product","2":"type-product","3":"status-publish","4":"has-post-thumbnail","6":"product_cat-glass-containers","7":"product_cat-glass-bottles","8":"product_cat-glass-beverage-bottles","10":"first","11":"instock","12":"shipping-taxable","13":"product-type-simple"},"jetpack_sharing_enabled":true,"_links":{"self":[{"href":"https:\/\/minghanggroup.com\/es\/wp-json\/wp\/v2\/product\/5542","targetHints":{"allow":["GET"]}}],"collection":[{"href":"https:\/\/minghanggroup.com\/es\/wp-json\/wp\/v2\/product"}],"about":[{"href":"https:\/\/minghanggroup.com\/es\/wp-json\/wp\/v2\/types\/product"}],"wp:featuredmedia":[{"embeddable":true,"href":"https:\/\/minghanggroup.com\/es\/wp-json\/wp\/v2\/media\/5552"}],"wp:attachment":[{"href":"https:\/\/minghanggroup.com\/es\/wp-json\/wp\/v2\/media?parent=5542"}],"wp:term":[{"taxonomy":"product_brand","embeddable":true,"href":"https:\/\/minghanggroup.com\/es\/wp-json\/wp\/v2\/product_brand?post=5542"},{"taxonomy":"product_cat","embeddable":true,"href":"https:\/\/minghanggroup.com\/es\/wp-json\/wp\/v2\/product_cat?post=5542"},{"taxonomy":"product_tag","embeddable":true,"href":"https:\/\/minghanggroup.com\/es\/wp-json\/wp\/v2\/product_tag?post=5542"}],"curies":[{"name":"wp","href":"https:\/\/api.w.org\/{rel}","templated":true}]}}