{"id":5531,"date":"2026-02-14T10:11:35","date_gmt":"2026-02-14T02:11:35","guid":{"rendered":"https:\/\/minghanggroup.com\/?post_type=product&#038;p=5531"},"modified":"2026-03-02T13:36:10","modified_gmt":"2026-03-02T05:36:10","slug":"frosted-reusable-glass-juice-bottles-for-packaging-bulk","status":"publish","type":"product","link":"https:\/\/minghanggroup.com\/es\/producto\/frosted-reusable-glass-juice-bottles-for-packaging-bulk\/","title":{"rendered":"Botellas de jugo reutilizables de vidrio esmerilado de 9 oz, 12 oz y 16 oz para envasado a granel"},"content":{"rendered":"<p>Nuestras botellas de vidrio reutilizables para jugo son de vidrio transl\u00facido esmerilado de alta gama. Su cuerpo suave y completo se abomba hasta formar un cuello delgado que facilita el vertido, mientras que su resistente tapa de rosca met\u00e1lica conserva la frescura y evita derrames.<\/p>\n<h2>Caracter\u00edsticas del producto<\/h2>\n<ul>\n<li><strong>Textura escarchada:<\/strong> El acabado mate suaviza la cantidad de reflejos y huellas dactilares y agrega lujo a la exhibici\u00f3n de su producto.<\/li>\n<li><strong>Sellado superior:<\/strong> El tap\u00f3n de rosca hecho de metal es muy herm\u00e9tico y su contenido queda sellado para protegerlo contra fugas.<\/li>\n<li><strong>Varios tama\u00f1os:<\/strong> Se proporcionan tama\u00f1os de 9 oz, 12 oz y 16 oz para satisfacer sus diversos requisitos de bebidas.<\/li>\n<\/ul>\n<h2 style=\"text-align: left;\">Especificaciones clave<\/h2>\n<table class=\"aligncenter\" style=\"border-collapse: collapse; width: 447.77pt;\" border=\"0\" width=\"597\" cellspacing=\"0\" cellpadding=\"0\">\n<tbody>\n<tr style=\"height: 13.50pt;\">\n<td style=\"height: 13.50pt; width: 115.50pt;\" width=\"154\" height=\"18\">Atributo<\/td>\n<td style=\"width: 332.25pt;\" width=\"443\">Detalles<\/td>\n<\/tr>\n<tr style=\"height: 13.50pt;\">\n<td style=\"height: 13.50pt;\" height=\"18\">Capacidad<\/td>\n<td>270 ml (9 oz), 350 ml (12 oz), 500 ml (16 oz)<\/td>\n<\/tr>\n<tr style=\"height: 13.50pt;\">\n<td style=\"height: 13.50pt;\" height=\"18\">Dimensiones<\/td>\n<td>65\u00d7136 mm, 70\u00d7147 mm, 78\u00d7163 mm<\/td>\n<\/tr>\n<tr style=\"height: 13.50pt;\">\n<td style=\"height: 13.50pt;\" height=\"18\">Material<\/td>\n<td>Vidrio esmerilado<\/td>\n<\/tr>\n<tr style=\"height: 13.50pt;\">\n<td style=\"height: 13.50pt;\" height=\"18\">Forma de la botella<\/td>\n<td>Cuerpo ancho, contorno redondeado<\/td>\n<\/tr>\n<tr style=\"height: 13.50pt;\">\n<td style=\"height: 13.50pt;\" height=\"18\">Gama de personalizaci\u00f3n<\/td>\n<td>Tama\u00f1o, acabado, color de la tapa, relieve, tintado.<\/td>\n<\/tr>\n<tr style=\"height: 13.50pt;\">\n<td style=\"height: 13.50pt;\" height=\"18\">Artesan\u00eda<\/td>\n<td>Espesor de pared uniforme, roscado suave.<\/td>\n<\/tr>\n<tr style=\"height: 13.50pt;\">\n<td style=\"height: 13.50pt;\" height=\"18\">Uso principal<\/td>\n<td>Botellas de jugo de vidrio reutilizables, botellas de bebidas especiales<\/td>\n<\/tr>\n<tr style=\"height: 13.50pt;\">\n<td style=\"height: 13.50pt;\" height=\"18\">Industrias objetivo<\/td>\n<td>Venta al por mayor de bebidas, venta minorista especializada<\/td>\n<\/tr>\n<\/tbody>\n<\/table>\n<h2>Historia de \u00e9xito: Historia de \u00e9xito de una marca europea de bebidas<\/h2>\n<p>Una empresa europea de bebidas decidi\u00f3 usar nuestra botella de vidrio esmerilado de 355 ml con tap\u00f3n dorado para su nuevo jugo org\u00e1nico reci\u00e9n exprimido. Los resultados fueron impresionantes: seg\u00fan las encuestas realizadas a los clientes, el atractivo en los estantes aument\u00f3 un 35 % y el elegante empaque hizo lo mismo, con un 80 % de compartici\u00f3n en redes sociales. Quedaron completamente satisfechos con el resultado y solicitaron otras 300\u00a0000 botellas.<\/p>\n<h2>Personalizaci\u00f3n de botellas de jugo de vidrio reutilizables<\/h2>\n<ul>\n<li>Forma personalizada: Adapte el concepto de cuerpo ancho a Boston redondo o cuadrado para tener un mejor uso del espacio en los estantes.<\/li>\n<li>Tapa: Seleccione varios acabados met\u00e1licos o materiales m\u00e1s ecol\u00f3gicos como el bamb\u00fa.<\/li>\n<li>Coloraci\u00f3n: A las gafas de las personas sensibles a la luz se les deben a\u00f1adir tonos claros como el \u00e1mbar o el verde.<\/li>\n<\/ul>","protected":false},"excerpt":{"rendered":"<p>Botellas de jugo de vidrio esmerilado reutilizables dise\u00f1adas como una botella de vidrio duradera para jugo, adecuadas para la marca, empaque de bebidas personalizado a trav\u00e9s del servicio OEM.<\/p>","protected":false},"featured_media":5538,"template":"","meta":{"postBodyCss":"","postBodyMargin":[],"postBodyPadding":[],"postBodyBackground":{"backgroundType":"classic","gradient":""}},"product_brand":[],"product_cat":[15,16,83],"product_tag":[92],"class_list":{"0":"post-5531","1":"product","2":"type-product","3":"status-publish","4":"has-post-thumbnail","6":"product_cat-glass-containers","7":"product_cat-glass-bottles","8":"product_cat-glass-beverage-bottles","9":"product_tag-glass-liquor-bottles","11":"first","12":"instock","13":"shipping-taxable","14":"product-type-simple"},"jetpack_sharing_enabled":true,"_links":{"self":[{"href":"https:\/\/minghanggroup.com\/es\/wp-json\/wp\/v2\/product\/5531","targetHints":{"allow":["GET"]}}],"collection":[{"href":"https:\/\/minghanggroup.com\/es\/wp-json\/wp\/v2\/product"}],"about":[{"href":"https:\/\/minghanggroup.com\/es\/wp-json\/wp\/v2\/types\/product"}],"wp:featuredmedia":[{"embeddable":true,"href":"https:\/\/minghanggroup.com\/es\/wp-json\/wp\/v2\/media\/5538"}],"wp:attachment":[{"href":"https:\/\/minghanggroup.com\/es\/wp-json\/wp\/v2\/media?parent=5531"}],"wp:term":[{"taxonomy":"product_brand","embeddable":true,"href":"https:\/\/minghanggroup.com\/es\/wp-json\/wp\/v2\/product_brand?post=5531"},{"taxonomy":"product_cat","embeddable":true,"href":"https:\/\/minghanggroup.com\/es\/wp-json\/wp\/v2\/product_cat?post=5531"},{"taxonomy":"product_tag","embeddable":true,"href":"https:\/\/minghanggroup.com\/es\/wp-json\/wp\/v2\/product_tag?post=5531"}],"curies":[{"name":"wp","href":"https:\/\/api.w.org\/{rel}","templated":true}]}}