{"id":5530,"date":"2026-02-04T11:22:31","date_gmt":"2026-02-04T03:22:31","guid":{"rendered":"https:\/\/minghanggroup.com\/?post_type=product&#038;p=5530"},"modified":"2026-02-04T11:22:33","modified_gmt":"2026-02-04T03:22:33","slug":"750ml-wine-bottles-with-screw-top-wholesale","status":"publish","type":"product","link":"https:\/\/minghanggroup.com\/es\/producto\/750ml-wine-bottles-with-screw-top-wholesale\/","title":{"rendered":"Botellas de vino de 750 ml con tap\u00f3n de rosca al por mayor"},"content":{"rendered":"<p>Necesita una botella de vino de 750 ml que se adapte a su flujo de trabajo, no que lo contradiga. Nuestra botella verde oliva con rosca combina la silueta de confianza de una botella de vino burdeos con un sellado inteligente y moderno. El vidrio verde intenso protege sus vinos tintos de la luz, mientras que la rosca de precisi\u00f3n garantiza un cierre herm\u00e9tico en todo momento. Como su proveedor directo de botellas de vidrio, facilitamos la obtenci\u00f3n de lotes de botellas de vino vac\u00edas, de forma sostenible y listas para su comercializaci\u00f3n. No se trata solo de empaquetado. Es su ventaja discreta.<\/p>\n<h2>Caracter\u00edsticas del producto<\/h2>\n<ul>\n<li><strong>Botella bloqueadora de luz verde oliva: <\/strong>El vidrio de color verde oliva intenso reduce considerablemente la penetraci\u00f3n de los rayos UV, lo que protege mejor los preciados vinos de Burdeos y Borgo\u00f1a que el vidrio transparente. Disfrutar del vino de la bodega en la mesa ser\u00e1 una experiencia sin preocupaciones.<\/li>\n<li><strong>Sello roscado de precisi\u00f3n:<\/strong> El cuello roscado de 18 mm de la botella se ajusta perfectamente a la tapa de aluminio a prueba de manipulaciones, lo que proporciona un sello seguro y a prueba de fugas.<\/li>\n<li><strong>Dise\u00f1o de base c\u00f3ncava estable:<\/strong> La base ligeramente c\u00f3ncava ayuda a que la botella se mantenga estable y segura en las vitrinas de vino, as\u00ed como en los estantes, para que no se tambalee.<\/li>\n<\/ul>\n<h2>Especificaciones clave<\/h2>\n<table style=\"border-collapse: collapse; width: 80%; margin-left: auto; margin-right: auto;\" border=\"0\" width=\"144\" cellspacing=\"0\" cellpadding=\"0\">\n<tbody>\n<tr style=\"height: 13.50pt;\">\n<td style=\"height: 13.5pt; width: 54pt; text-align: center;\" width=\"72\" height=\"18\">Caracter\u00edstica<\/td>\n<td style=\"width: 54pt; text-align: center;\" width=\"72\">Detalle<\/td>\n<\/tr>\n<tr style=\"height: 13.50pt;\">\n<td style=\"height: 13.5pt; text-align: center;\" height=\"18\">Capacidad (ml)<\/td>\n<td style=\"text-align: center;\" align=\"right\">750<\/td>\n<\/tr>\n<tr style=\"height: 13.50pt;\">\n<td style=\"height: 13.5pt; text-align: center;\" height=\"18\">Dimensiones (cm)<\/td>\n<td style=\"text-align: center;\">7,6 \u00d7 33<\/td>\n<\/tr>\n<tr style=\"height: 13.50pt;\">\n<td style=\"height: 13.5pt; text-align: center;\" height=\"18\">Acabado del m\u00e1stil (cm)<\/td>\n<td style=\"text-align: center;\" align=\"right\">1.8<\/td>\n<\/tr>\n<tr style=\"height: 13.50pt;\">\n<td style=\"height: 13.5pt; text-align: center;\" height=\"18\">Color<\/td>\n<td style=\"text-align: center;\">Verde oliva<\/td>\n<\/tr>\n<tr style=\"height: 13.50pt;\">\n<td style=\"height: 13.5pt; text-align: center;\" height=\"18\">Tipo de cuello<\/td>\n<td style=\"text-align: center;\">Cuello roscado<\/td>\n<\/tr>\n<\/tbody>\n<\/table>\n<h2>Caso de \u00e9xito<\/h2>\n<p>Una bodega europea de reciente creaci\u00f3n, al lanzar su gama de vinos de gama media y alta, eligi\u00f3 nuestras botellas de vino con tap\u00f3n de rosca de 750 ml. Eligieron vidrio verde oliva oscuro para protegerlas de la luz, y las botellas tambi\u00e9n contaban con zonas para serigraf\u00eda y relieve, permitiendo as\u00ed que las marcas y las a\u00f1adas fueran visibles durante mucho tiempo. Adem\u00e1s, el dise\u00f1o de alta precisi\u00f3n del tap\u00f3n de rosca, combinado con el tap\u00f3n de aluminio antioxidante personalizado, redujo considerablemente el n\u00famero de fallos de apertura de las botellas y las quejas por fugas.<\/p>\n<p>La primera temporada de ventas despu\u00e9s del lanzamiento de la serie mostr\u00f3 que los pedidos del canal aumentaron aproximadamente un 35% a\u00f1o tras a\u00f1o, y las tasas de recompra en el canal de catering tambi\u00e9n mejoraron enormemente; el cliente realiz\u00f3 dos pedidos repetidos en seis meses.<\/p>\n<h2>Sus rutas de personalizaci\u00f3n<\/h2>\n<ol>\n<li><strong>Personalizaci\u00f3n del color de la botella:<\/strong> Adem\u00e1s de la elecci\u00f3n de verde oliva oscuro, verde oscuro o \u00e1mbar, tambi\u00e9n puede optar por un vidrio oscuro y coloreado personalizado para aumentar la protecci\u00f3n contra la luz y diferenciar diferentes series de vinos.<\/li>\n<li><strong>Opciones de tapa de rosca y cierre:<\/strong> Admite diferentes tama\u00f1os de tapones de rosca y es compatible con tapones de aluminio, antioxidaci\u00f3n o de alta barrera. Tambi\u00e9n puede personalizar los colores y las texturas de los tapones.<\/li>\n<li><strong>Procesamiento del cuerpo de la botella:<\/strong> El uso de serigraf\u00eda, estampado en caliente, esmerilado parcial o un logotipo en relieve puede permitir que la informaci\u00f3n de la marca sea parte visual de la botella de vidrio.<\/li>\n<\/ol>","protected":false},"excerpt":{"rendered":"<p>Botella de vino de 750 ml en color verde oliva y burdeos. Cuello roscado para un cierre seguro. Compre botellas de vino vac\u00edas al por mayor. Muestras gratis y env\u00edo r\u00e1pido.<\/p>","protected":false},"featured_media":5535,"template":"","meta":{"postBodyCss":"","postBodyMargin":[],"postBodyPadding":[],"postBodyBackground":{"backgroundType":"classic","gradient":""}},"product_brand":[],"product_cat":[15,16,84],"product_tag":[],"class_list":{"0":"post-5530","1":"product","2":"type-product","3":"status-publish","4":"has-post-thumbnail","6":"product_cat-glass-containers","7":"product_cat-glass-bottles","8":"product_cat-wine-bottles","10":"first","11":"instock","12":"shipping-taxable","13":"product-type-simple"},"jetpack_sharing_enabled":true,"_links":{"self":[{"href":"https:\/\/minghanggroup.com\/es\/wp-json\/wp\/v2\/product\/5530","targetHints":{"allow":["GET"]}}],"collection":[{"href":"https:\/\/minghanggroup.com\/es\/wp-json\/wp\/v2\/product"}],"about":[{"href":"https:\/\/minghanggroup.com\/es\/wp-json\/wp\/v2\/types\/product"}],"wp:featuredmedia":[{"embeddable":true,"href":"https:\/\/minghanggroup.com\/es\/wp-json\/wp\/v2\/media\/5535"}],"wp:attachment":[{"href":"https:\/\/minghanggroup.com\/es\/wp-json\/wp\/v2\/media?parent=5530"}],"wp:term":[{"taxonomy":"product_brand","embeddable":true,"href":"https:\/\/minghanggroup.com\/es\/wp-json\/wp\/v2\/product_brand?post=5530"},{"taxonomy":"product_cat","embeddable":true,"href":"https:\/\/minghanggroup.com\/es\/wp-json\/wp\/v2\/product_cat?post=5530"},{"taxonomy":"product_tag","embeddable":true,"href":"https:\/\/minghanggroup.com\/es\/wp-json\/wp\/v2\/product_tag?post=5530"}],"curies":[{"name":"wp","href":"https:\/\/api.w.org\/{rel}","templated":true}]}}