{"id":5518,"date":"2026-02-04T10:38:17","date_gmt":"2026-02-04T02:38:17","guid":{"rendered":"https:\/\/minghanggroup.com\/?post_type=product&#038;p=5518"},"modified":"2026-02-04T10:38:19","modified_gmt":"2026-02-04T02:38:19","slug":"amber-custom-wine-bottles-for-brand-bulk","status":"publish","type":"product","link":"https:\/\/minghanggroup.com\/es\/producto\/amber-custom-wine-bottles-for-brand-bulk\/","title":{"rendered":"Botellas de vino personalizadas de 750 ml para marcas al por mayor"},"content":{"rendered":"<p>Elaboras vino con alma; ahora dale un recipiente que honra cada gota. Nuestra botella de vino personalizada ofrece la elegancia atemporal de un vino de Burdeos en un formato confiable de 750 ml. El vidrio \u00e1mbar intenso protege tus vinos tintos, mientras que la forma cl\u00e1sica de la botella de vino transmite una esencia de herencia en cualquier estante. Como tu socio directo en botellas de vidrio, convertimos las botellas de vino grandes en un legado de marca, perfecto para claretes, borgo\u00f1as, vino casero o tu pr\u00f3ximo cap\u00edtulo en la vinicultura.<\/p>\n<h2>Caracter\u00edsticas del producto<\/h2>\n<ul>\n<li><strong>Botella de color oscuro:<\/strong> Est\u00e1 fabricado en vidrio oscuro, lo que le confiere un alto nivel de protecci\u00f3n contra la luz para ayudar a retardar la oxidaci\u00f3n del vino y as\u00ed, mejorar la estabilidad del vino durante su almacenamiento.<\/li>\n<li><strong>Dise\u00f1o de botella:<\/strong> Surgi\u00f3 del molde como una botella cl\u00e1sica, delgada con una curva natural en los hombros que est\u00e1 en l\u00ednea con el packaging convencional de vino tinto y puede ser la base para diferentes tipos de posicionamiento de marca.<\/li>\n<li><strong>Dise\u00f1o plano y superior:<\/strong> La botella tiene un tama\u00f1o de cuello est\u00e1ndar, lo que la hace adecuada para corchos naturales, tapones sint\u00e9ticos y tapas de rosca, por lo que la elecci\u00f3n de llenado y sellado es amplia.<\/li>\n<\/ul>\n<h2>Especificaciones clave<\/h2>\n<table style=\"border-collapse: collapse; width: 80%; margin-left: auto; margin-right: auto;\" border=\"0\" width=\"144\" cellspacing=\"0\" cellpadding=\"0\">\n<tbody>\n<tr style=\"height: 13.50pt;\">\n<td style=\"height: 13.5pt; width: 54pt; text-align: center;\" width=\"72\" height=\"18\">Caracter\u00edstica<\/td>\n<td style=\"width: 54pt; text-align: center;\" width=\"72\">Detalle<\/td>\n<\/tr>\n<tr style=\"height: 13.50pt;\">\n<td style=\"height: 13.5pt; text-align: center;\" height=\"18\">Capacidad (ml)<\/td>\n<td style=\"text-align: center;\" align=\"right\">750<\/td>\n<\/tr>\n<tr style=\"height: 13.50pt;\">\n<td style=\"height: 13.5pt; text-align: center;\" height=\"18\">Dimensiones (cm)<\/td>\n<td style=\"text-align: center;\">7,7 \u00d7 33<\/td>\n<\/tr>\n<tr style=\"height: 13.50pt;\">\n<td style=\"height: 13.5pt; text-align: center;\" height=\"18\">Acabado del m\u00e1stil (cm)<\/td>\n<td style=\"text-align: center;\" align=\"right\">1.8<\/td>\n<\/tr>\n<tr style=\"height: 13.50pt;\">\n<td style=\"height: 13.5pt; text-align: center;\" height=\"18\">Color<\/td>\n<td style=\"text-align: center;\">\u00c1mbar profundo, verde, transparente<\/td>\n<\/tr>\n<tr style=\"height: 13.50pt;\">\n<td style=\"height: 13.5pt; text-align: center;\" height=\"18\">Opciones de cierre<\/td>\n<td style=\"text-align: center;\">Corchos de vino naturales, aluminio trenzado a mano, tapa de madera, tapa larga<\/td>\n<\/tr>\n<tr style=\"height: 13.50pt;\">\n<td style=\"height: 13.5pt; text-align: center;\" height=\"18\">Mejor para<\/td>\n<td style=\"text-align: center;\">Vinos tintos, claretes, borgo\u00f1as, vinos caseros, botellas de licor<\/td>\n<\/tr>\n<\/tbody>\n<\/table>\n<h2>Caso de \u00e9xito<\/h2>\n<p>Una marca de vinos europea boutique ha elegido nuestra botella de vino marr\u00f3n oscuro de 750 ml como el envase a largo plazo para su nueva l\u00ednea de vinos tintos. Para alinearse con el posicionamiento de su marca, se realizaron algunas personalizaciones en el dise\u00f1o est\u00e1ndar de la botella: se engros\u00f3 la base y se grab\u00f3 con el a\u00f1o de cosecha de la marca; se dej\u00f3 una zona serigrafiada en el hombro para que el logotipo de la bodega se viera sutilmente, y la botella se adapt\u00f3 a un tap\u00f3n de corcho natural.<\/p>\n<p>En los tres primeros meses tras el lanzamiento del nuevo envase, las ventas de esta serie en tiendas locales de alta gama crecieron aproximadamente un 32 % interanual. Gracias a la buena acogida del mercado, el cliente ha realizado dos pedidos repetidos en seis meses.<\/p>\n<h2>Sus rutas de personalizaci\u00f3n<\/h2>\n<ol>\n<li><strong>Personalizaci\u00f3n del acabado de superficies:<\/strong> El acabado de la superficie es personalizable admitiendo serigraf\u00eda, estampaci\u00f3n en caliente, esmerilado, as\u00ed como logotipos grabados en relieve o bajo relieve de manera localizada para aumentar el reconocimiento de la marca y el atractivo t\u00e1ctil del producto.<\/li>\n<li><strong>Opciones de cuello de botella y cierre:<\/strong> La botella se puede combinar con tapones de corcho, ya sean naturales o sint\u00e9ticos, o con un tap\u00f3n de rosca, y las dimensiones del cuello de la botella se pueden ajustar para satisfacer los requisitos del mercado de exportaci\u00f3n.<\/li>\n<li><strong>Extensiones funcionales y detalladas:<\/strong> Se pueden hacer c\u00f3digos de a\u00f1o o marcas anti-falsificaci\u00f3n en la base de la botella, o se puede dejar un \u00e1rea de posici\u00f3n de etiqueta para facilitar el etiquetado de lotes y la gesti\u00f3n de trazabilidad.<\/li>\n<\/ol>","protected":false},"excerpt":{"rendered":"<p>Botella de vino personalizada de vidrio \u00e1mbar intenso. Botellas grandes de 750 ml para vinos tintos. Forma burdeos con corchos. Personalizaci\u00f3n al por mayor y muestras gratuitas.<\/p>","protected":false},"featured_media":5528,"template":"","meta":{"postBodyCss":"","postBodyMargin":[],"postBodyPadding":[],"postBodyBackground":{"backgroundType":"classic","gradient":""}},"product_brand":[],"product_cat":[15,16,84],"product_tag":[],"class_list":{"0":"post-5518","1":"product","2":"type-product","3":"status-publish","4":"has-post-thumbnail","6":"product_cat-glass-containers","7":"product_cat-glass-bottles","8":"product_cat-wine-bottles","10":"first","11":"instock","12":"shipping-taxable","13":"product-type-simple"},"jetpack_sharing_enabled":true,"_links":{"self":[{"href":"https:\/\/minghanggroup.com\/es\/wp-json\/wp\/v2\/product\/5518","targetHints":{"allow":["GET"]}}],"collection":[{"href":"https:\/\/minghanggroup.com\/es\/wp-json\/wp\/v2\/product"}],"about":[{"href":"https:\/\/minghanggroup.com\/es\/wp-json\/wp\/v2\/types\/product"}],"wp:featuredmedia":[{"embeddable":true,"href":"https:\/\/minghanggroup.com\/es\/wp-json\/wp\/v2\/media\/5528"}],"wp:attachment":[{"href":"https:\/\/minghanggroup.com\/es\/wp-json\/wp\/v2\/media?parent=5518"}],"wp:term":[{"taxonomy":"product_brand","embeddable":true,"href":"https:\/\/minghanggroup.com\/es\/wp-json\/wp\/v2\/product_brand?post=5518"},{"taxonomy":"product_cat","embeddable":true,"href":"https:\/\/minghanggroup.com\/es\/wp-json\/wp\/v2\/product_cat?post=5518"},{"taxonomy":"product_tag","embeddable":true,"href":"https:\/\/minghanggroup.com\/es\/wp-json\/wp\/v2\/product_tag?post=5518"}],"curies":[{"name":"wp","href":"https:\/\/api.w.org\/{rel}","templated":true}]}}