{"id":5516,"date":"2026-02-03T16:18:25","date_gmt":"2026-02-03T08:18:25","guid":{"rendered":"https:\/\/minghanggroup.com\/?post_type=product&#038;p=5516"},"modified":"2026-04-14T09:42:22","modified_gmt":"2026-04-14T01:42:22","slug":"16-oz-juice-glass-bottles-with-wooden-lids-bulk","status":"publish","type":"product","link":"https:\/\/minghanggroup.com\/es\/producto\/16-oz-juice-glass-bottles-with-wooden-lids-bulk\/","title":{"rendered":"Botellas de vidrio para jugo de 16 oz con tapas de madera al por mayor"},"content":{"rendered":"<p>Nuestras botellas de vidrio para jugo de 16 oz que parecen latas de aluminio son de vidrio apto para uso alimentario, transparente, con una tapa de bamb\u00fa natural y un soporte de pajita de acero inoxidable que se ajusta f\u00e1cilmente para cerrar la botella con frescura y evitar derrames.<\/p>\n<h2>Caracter\u00edsticas del producto<\/h2>\n<ul>\n<li><strong>Dise\u00f1o de cilindro recto estilo lata:<\/strong> El dise\u00f1o de la lata vertical es \u00fanico y conveniente ya que se adapta bien a diferentes portavasos que se pueden apilar f\u00e1cilmente.<\/li>\n<li><strong>Vidrio transparente:<\/strong> El vidrio transparente te permitir\u00e1 ver exactamente lo que est\u00e1s bebiendo y resaltar su imagen fresca y atractiva.<\/li>\n<li><strong>Tapa de madera sellada + pajita de metal:<\/strong> Esta es una tapa de madera con un orificio para beber incorporado con una pajita de metal flexible incorporada, que es conveniente para llevar y tomar su bebida en cualquier lugar y en cualquier momento, evitando derrames.<\/li>\n<\/ul>\n<h2 style=\"text-align: left;\">Especificaciones clave<\/h2>\n<table class=\"aligncenter\" style=\"border-collapse: collapse; width: 408.77pt;\" border=\"0\" width=\"545\" cellspacing=\"0\" cellpadding=\"0\">\n<tbody>\n<tr style=\"height: 13.50pt;\">\n<td style=\"height: 13.50pt; width: 115.50pt;\" width=\"154\" height=\"18\">Atributo<\/td>\n<td style=\"width: 293.25pt;\" width=\"391\">Detalles<\/td>\n<\/tr>\n<tr style=\"height: 13.50pt;\">\n<td style=\"height: 13.50pt;\" height=\"18\">Capacidad<\/td>\n<td>500 ml (16 onzas)<\/td>\n<\/tr>\n<tr style=\"height: 13.50pt;\">\n<td style=\"height: 13.50pt;\" height=\"18\">Dimensiones<\/td>\n<td>65 mm de di\u00e1metro \u00d7 150 mm de altura<\/td>\n<\/tr>\n<tr style=\"height: 13.50pt;\">\n<td style=\"height: 13.50pt;\" height=\"18\">Material<\/td>\n<td>Vidrio de borosilicato alto<\/td>\n<\/tr>\n<tr style=\"height: 13.50pt;\">\n<td style=\"height: 13.50pt;\" height=\"18\">Forma de la botella<\/td>\n<td>De paredes rectas, estilo lata<\/td>\n<\/tr>\n<tr style=\"height: 13.50pt;\">\n<td style=\"height: 13.50pt;\" height=\"18\">Gama de personalizaci\u00f3n<\/td>\n<td>Forma, tama\u00f1o, color, acabado, tipo de tapa, accesorios<\/td>\n<\/tr>\n<tr style=\"height: 13.50pt;\">\n<td style=\"height: 13.50pt;\" height=\"18\">Artesan\u00eda<\/td>\n<td>Vidrio liso y sin costuras con base reforzada<\/td>\n<\/tr>\n<tr style=\"height: 13.50pt;\">\n<td style=\"height: 13.50pt;\" height=\"18\">Uso principal<\/td>\n<td>Botellas de vidrio para jugo, botellas para bebidas heladas<\/td>\n<\/tr>\n<tr style=\"height: 13.50pt;\">\n<td style=\"height: 13.50pt;\" height=\"18\">Industrias objetivo<\/td>\n<td>Venta al por mayor de bebidas, bebidas especiales<\/td>\n<\/tr>\n<\/tbody>\n<\/table>\n<h2>Historia de \u00e9xito: una cadena de jugos y batidos de Florida<\/h2>\n<p>Una de las cadenas de jugos y batidos de Florida seleccion\u00f3 nuestras botellas de vidrio de 16 oz y diferenci\u00f3 el color de la tapa de madera. Toda la gama de productos (botella, tapa y pajita) fue un \u00e9xito, y el 80 % de los clientes la prefiri\u00f3 a los vasos desechables. La capacidad de 500 ml es la adecuada para su capacidad habitual de bebida. El vidrio es muy duradero y se rellena en un 95 %. La iniciativa fue todo un \u00e9xito y posteriormente solicitaron otras 500\u00a0000 botellas para abastecer la demanda de sus 25 tiendas durante todo el a\u00f1o.<\/p>\n<h2>Personalizaci\u00f3n de botellas de vidrio para jugo<\/h2>\n<ul>\n<li>Color del vidrio: viene en color transparente, ahumado, \u00e1mbar o personalizado, es decir, verde claro o azul.<\/li>\n<li>Grabado l\u00e1ser: Se puede utilizar un l\u00e1ser con el fin de grabar un c\u00f3digo, un logotipo o un dise\u00f1o ornamental en la superficie del vidrio.<\/li>\n<li>Dise\u00f1os personalizados de tapas y pajitas: Las tapas y pajitas se pueden fabricar en diferentes estilos (bamb\u00fa, nogal) y los colores de las pajitas tambi\u00e9n pueden ser diferentes (dorado, negro).<\/li>\n<\/ul>","protected":false},"excerpt":{"rendered":"<p>Estas botellas de vidrio para jugo de 16 oz tienen un dise\u00f1o transparente tipo frasco con tapa de madera y popote. Aptas para jugos, caf\u00e9 y bebidas fr\u00edas, directamente de f\u00e1brica.<\/p>","protected":false},"featured_media":5521,"template":"","meta":{"postBodyCss":"","postBodyMargin":[],"postBodyPadding":[],"postBodyBackground":{"backgroundType":"classic","gradient":""}},"product_brand":[],"product_cat":[15,83,16],"product_tag":[95,91],"class_list":{"0":"post-5516","1":"product","2":"type-product","3":"status-publish","4":"has-post-thumbnail","6":"product_cat-glass-containers","7":"product_cat-glass-beverage-bottles","8":"product_cat-glass-bottles","9":"product_tag-coffee-tumblers","10":"product_tag-glass-soda-bottles","12":"first","13":"instock","14":"shipping-taxable","15":"product-type-simple"},"jetpack_sharing_enabled":true,"_links":{"self":[{"href":"https:\/\/minghanggroup.com\/es\/wp-json\/wp\/v2\/product\/5516","targetHints":{"allow":["GET"]}}],"collection":[{"href":"https:\/\/minghanggroup.com\/es\/wp-json\/wp\/v2\/product"}],"about":[{"href":"https:\/\/minghanggroup.com\/es\/wp-json\/wp\/v2\/types\/product"}],"wp:featuredmedia":[{"embeddable":true,"href":"https:\/\/minghanggroup.com\/es\/wp-json\/wp\/v2\/media\/5521"}],"wp:attachment":[{"href":"https:\/\/minghanggroup.com\/es\/wp-json\/wp\/v2\/media?parent=5516"}],"wp:term":[{"taxonomy":"product_brand","embeddable":true,"href":"https:\/\/minghanggroup.com\/es\/wp-json\/wp\/v2\/product_brand?post=5516"},{"taxonomy":"product_cat","embeddable":true,"href":"https:\/\/minghanggroup.com\/es\/wp-json\/wp\/v2\/product_cat?post=5516"},{"taxonomy":"product_tag","embeddable":true,"href":"https:\/\/minghanggroup.com\/es\/wp-json\/wp\/v2\/product_tag?post=5516"}],"curies":[{"name":"wp","href":"https:\/\/api.w.org\/{rel}","templated":true}]}}