{"id":5502,"date":"2026-02-03T13:51:21","date_gmt":"2026-02-03T05:51:21","guid":{"rendered":"https:\/\/minghanggroup.com\/?post_type=product&#038;p=5502"},"modified":"2026-04-22T15:49:14","modified_gmt":"2026-04-22T07:49:14","slug":"empty-flat-glass-soda-bottles-with-lids-bulk","status":"publish","type":"product","link":"https:\/\/minghanggroup.com\/es\/producto\/empty-flat-glass-soda-bottles-with-lids-bulk\/","title":{"rendered":"Botellas de vidrio planas vac\u00edas de 250 ml con tapa para refrescos (venta al por mayor)"},"content":{"rendered":"<p>Esta es una botella de vidrio para soda stream, de forma curva, en forma rectangular con una tapa de metal roscada, que es un excelente sello que tiene una forma de bloquear las burbujas.<\/p>\n<h2>Caracter\u00edsticas del producto<\/h2>\n<ul>\n<li><strong>Botella de estilo retro, plana y con forma redondeada:<\/strong> La botella tiene una parte superior plana y redondeada que facilita su transporte y almacenamiento, adem\u00e1s de todos sus elementos de dise\u00f1o retro.<\/li>\n<li><strong>Vidrio de alta transparencia apto para uso alimentario:<\/strong> El producto est\u00e1 fabricado con vidrio apto para uso alimentario y libre de plomo, lo que proporciona una alta transparencia y un manejo seguro, ya que se puede limpiar f\u00e1cilmente sin dejar ning\u00fan rastro de residuos.<\/li>\n<li><strong>Tap\u00f3n de rosca met\u00e1lico para sellado:<\/strong> El producto utiliza un tap\u00f3n de rosca met\u00e1lico que proporciona un sellado eficaz para evitar fugas y derrames.<\/li>\n<\/ul>\n<h2 style=\"text-align: left;\">Especificaciones clave<\/h2>\n<table class=\"aligncenter\" style=\"border-collapse: collapse; width: 491.27pt;\" border=\"0\" width=\"655\" cellspacing=\"0\" cellpadding=\"0\">\n<tbody>\n<tr style=\"height: 13.50pt;\">\n<td style=\"height: 13.50pt; width: 122.25pt;\" width=\"163\" height=\"18\">Especificaci\u00f3n<\/td>\n<td style=\"width: 369.00pt;\" width=\"492\">Detalles<\/td>\n<\/tr>\n<tr style=\"height: 13.50pt;\">\n<td style=\"height: 13.50pt;\" height=\"18\">Capacidad<\/td>\n<td>250 ml<\/td>\n<\/tr>\n<tr style=\"height: 13.50pt;\">\n<td style=\"height: 13.50pt;\" height=\"18\">Dimensiones<\/td>\n<td>83\u00d7145 mm<\/td>\n<\/tr>\n<tr style=\"height: 13.50pt;\">\n<td style=\"height: 13.50pt;\" height=\"18\">Material<\/td>\n<td>Vidrio transparente, tapa de metal<\/td>\n<\/tr>\n<tr style=\"height: 13.50pt;\">\n<td style=\"height: 13.50pt;\" height=\"18\">Forma de la botella<\/td>\n<td>Perfil rectangular plano y curvo<\/td>\n<\/tr>\n<tr style=\"height: 13.50pt;\">\n<td style=\"height: 13.50pt;\" height=\"18\">Alcance de personalizaci\u00f3n<\/td>\n<td>Color, tama\u00f1o, tapas, forma<\/td>\n<\/tr>\n<tr style=\"height: 13.50pt;\">\n<td style=\"height: 13.50pt;\" height=\"18\">Artesan\u00eda<\/td>\n<td>Conformado de vidrio de precisi\u00f3n para formas curvas y planas, corte de roscas<\/td>\n<\/tr>\n<tr style=\"height: 13.50pt;\">\n<td style=\"height: 13.50pt;\" height=\"18\">Prop\u00f3sito del producto<\/td>\n<td>Botellas de vidrio para refrescos, botellas de agua con gas<\/td>\n<\/tr>\n<tr style=\"height: 13.50pt;\">\n<td style=\"height: 13.50pt;\" height=\"18\">Industrias adecuadas<\/td>\n<td>Marcas de bebidas, minoristas de alimentos saludables<\/td>\n<\/tr>\n<\/tbody>\n<\/table>\n<h2>Historia de \u00e9xito: Un pedido personalizado de una empresa de caf\u00e9 fr\u00edo de Brooklyn.<\/h2>\n<p>Una empresa de caf\u00e9 fr\u00edo de Brooklyn, Nueva York, seleccion\u00f3 nuestra botella de vidrio SodaStream de 355 ml y la personaliz\u00f3 con una tapa negra mate y un dise\u00f1o serigrafiado. El producto personalizado obtuvo resultados excepcionales: el dise\u00f1o delgado y plano de la botella aument\u00f3 el espacio que ocupaba en el refrigerador en un 40 %, su ligereza redujo los costos de env\u00edo por botella en un 15 % y su apariencia \u00fanica increment\u00f3 las menciones en redes sociales en un 250 %. Tras el \u00e9xito de su primer pedido, la empresa encarg\u00f3 520 000 botellas adicionales para respaldar el pr\u00f3ximo lanzamiento de sus productos de caf\u00e9 fr\u00edo enlatados con nitr\u00f3geno.<\/p>\n<h2>Individualizaci\u00f3n de botellas de vidrio para refrescos<\/h2>\n<ul>\n<li>Ajuste de la forma de la botella: modifique la forma de la botella, ya sea curva o rectangular, o modif\u00edquela para que se ajuste a tareas de envasado espec\u00edficas.<\/li>\n<li>Serigraf\u00eda: Aplique indirectamente gr\u00e1ficos de alta calidad, logotipos o dise\u00f1os de cobertura total en una pantalla.<\/li>\n<li>Dise\u00f1os de gorras personalizados: vienen en colores (negro, dorado, plateado) o con sellos de marca.<\/li>\n<\/ul>","protected":false},"excerpt":{"rendered":"<p>Botella de vidrio resistente para refrescos, con cuerpo transparente, tapa met\u00e1lica y cierre herm\u00e9tico. Ideal para grandes cantidades. Env\u00edo r\u00e1pido a todo el mundo.<\/p>","protected":false},"featured_media":5510,"template":"","meta":{"postBodyCss":"","postBodyMargin":[],"postBodyPadding":[],"postBodyBackground":{"backgroundType":"classic","gradient":""}},"product_brand":[],"product_cat":[83,16,15],"product_tag":[92],"class_list":{"0":"post-5502","1":"product","2":"type-product","3":"status-publish","4":"has-post-thumbnail","6":"product_cat-glass-beverage-bottles","7":"product_cat-glass-bottles","8":"product_cat-glass-containers","9":"product_tag-glass-liquor-bottles","11":"first","12":"instock","13":"shipping-taxable","14":"product-type-simple"},"jetpack_sharing_enabled":true,"_links":{"self":[{"href":"https:\/\/minghanggroup.com\/es\/wp-json\/wp\/v2\/product\/5502","targetHints":{"allow":["GET"]}}],"collection":[{"href":"https:\/\/minghanggroup.com\/es\/wp-json\/wp\/v2\/product"}],"about":[{"href":"https:\/\/minghanggroup.com\/es\/wp-json\/wp\/v2\/types\/product"}],"wp:featuredmedia":[{"embeddable":true,"href":"https:\/\/minghanggroup.com\/es\/wp-json\/wp\/v2\/media\/5510"}],"wp:attachment":[{"href":"https:\/\/minghanggroup.com\/es\/wp-json\/wp\/v2\/media?parent=5502"}],"wp:term":[{"taxonomy":"product_brand","embeddable":true,"href":"https:\/\/minghanggroup.com\/es\/wp-json\/wp\/v2\/product_brand?post=5502"},{"taxonomy":"product_cat","embeddable":true,"href":"https:\/\/minghanggroup.com\/es\/wp-json\/wp\/v2\/product_cat?post=5502"},{"taxonomy":"product_tag","embeddable":true,"href":"https:\/\/minghanggroup.com\/es\/wp-json\/wp\/v2\/product_tag?post=5502"}],"curies":[{"name":"wp","href":"https:\/\/api.w.org\/{rel}","templated":true}]}}