{"id":5495,"date":"2026-02-03T11:56:50","date_gmt":"2026-02-03T03:56:50","guid":{"rendered":"https:\/\/minghanggroup.com\/?post_type=product&#038;p=5495"},"modified":"2026-03-02T13:34:21","modified_gmt":"2026-03-02T05:34:21","slug":"flat-square-juice-glass-bottles-for-juicing-bulk","status":"publish","type":"product","link":"https:\/\/minghanggroup.com\/es\/producto\/flat-square-juice-glass-bottles-for-juicing-bulk\/","title":{"rendered":"Botellas de vidrio cuadradas planas de 200 ml y 280 ml para jugos a granel"},"content":{"rendered":"<p>Estos planos y rectangulares\u00a0<span class=\"text-[#00CEC8]\">cuboides,<\/span> Las botellas de vidrio moldeadas para hacer jugos son\u00a0<span class=\"text-[#00CEC8]\">ofrecido<\/span>\u00a0en dos tama\u00f1os y puede ser\u00a0<span class=\"text-[#00CEC8]\">equipado<\/span>\u00a0con tapones de rosca met\u00e1licos o corchos,\u00a0<span class=\"text-[#00CEC8]\">Combinando as\u00ed la funcionalidad<\/span>\u00a0y\u00a0<span class=\"text-[#00CEC8]\">moda.<\/span><\/p>\n<h2>Caracter\u00edsticas del producto<\/h2>\n<ul>\n<li><strong>Plano Rectangular:<\/strong> Son planos y rectangulares y no ocupan mucho espacio a la hora de guardarlos, por lo que se pueden llevar en bolsas de compra o exhibir en los estantes.<\/li>\n<li><strong>Material transparente y suave:<\/strong> El vidrio transparente permite ver bastante bien el color y la textura del l\u00edquido en el interior, y tambi\u00e9n es f\u00e1cil colocar etiquetas o imprimir logotipos de marcas.<\/li>\n<li><strong>Dos tama\u00f1os pr\u00e1cticos:<\/strong> Viene en tapas de 200 ml y 280 ml que son pr\u00e1cticas para contener jugo u otras bebidas.<\/li>\n<\/ul>\n<h2 style=\"text-align: left;\">Especificaciones clave<\/h2>\n<table class=\"aligncenter\" style=\"border-collapse: collapse; width: 458.27pt;\" border=\"0\" width=\"611\" cellspacing=\"0\" cellpadding=\"0\">\n<tbody>\n<tr style=\"height: 13.50pt;\">\n<td style=\"height: 13.50pt; width: 122.25pt;\" width=\"163\" height=\"18\">Especificaci\u00f3n<\/td>\n<td style=\"width: 336.00pt;\" width=\"448\">Detalles<\/td>\n<\/tr>\n<tr style=\"height: 13.50pt;\">\n<td style=\"height: 13.50pt;\" height=\"18\">Capacidad<\/td>\n<td>200 ml \/ 280 ml<\/td>\n<\/tr>\n<tr style=\"height: 13.50pt;\">\n<td style=\"height: 13.50pt;\" height=\"18\">Dimensiones<\/td>\n<td>72\u00d750\u00d7116 mm \/ 80\u00d750\u00d7145 mm<\/td>\n<\/tr>\n<tr style=\"height: 13.50pt;\">\n<td style=\"height: 13.50pt;\" height=\"18\">Material<\/td>\n<td>Tapa de vidrio transparente, metal o madera<\/td>\n<\/tr>\n<tr style=\"height: 13.50pt;\">\n<td style=\"height: 13.50pt;\" height=\"18\">Forma de la botella<\/td>\n<td>Perfil cuadrado, ligeramente aplanado<\/td>\n<\/tr>\n<tr style=\"height: 13.50pt;\">\n<td style=\"height: 13.50pt;\" height=\"18\">Alcance de personalizaci\u00f3n<\/td>\n<td>Color, forma, tama\u00f1o, tapas<\/td>\n<\/tr>\n<tr style=\"height: 13.50pt;\">\n<td style=\"height: 13.50pt;\" height=\"18\">Artesan\u00eda<\/td>\n<td>Conformado de vidrio de precisi\u00f3n para corte de roscas y formas cuadradas<\/td>\n<\/tr>\n<tr style=\"height: 13.50pt;\">\n<td style=\"height: 13.50pt;\" height=\"18\">Prop\u00f3sito del producto<\/td>\n<td>Botellas de vidrio para jugos y agua infusionada<\/td>\n<\/tr>\n<tr style=\"height: 13.50pt;\">\n<td style=\"height: 13.50pt;\" height=\"18\">Industrias adecuadas<\/td>\n<td>Marcas de jugos, proveedores de alimentos gourmet<\/td>\n<\/tr>\n<\/tbody>\n<\/table>\n<h2>Historia de \u00e9xito<\/h2>\n<p>Nuestras botellas de vidrio rectangulares y planas de 280 ml con tap\u00f3n de rosca met\u00e1lico fueron seleccionadas para un bar de jugos en Londres. El etiquetado fue r\u00e1pido y sencillo gracias a su dise\u00f1o plano y tuvo un \u00e9xito del 100 %. Su dise\u00f1o reutilizable y moderno fue muy popular entre los clientes, y el 60 % volvi\u00f3 a comprar el producto gracias a su aspecto impecable. El bar de jugos fue todo un \u00e9xito y posteriormente pidieron m\u00e1s botellas, totalizando 250\u00a0000, y ampliaron el proyecto a tres nuevos establecimientos.<\/p>\n<h2>Botellas de vidrio para jugos, para personalizar.<\/h2>\n<ul>\n<li>Logotipo\/Capacidad impreso: Aplique una peque\u00f1a capacidad o logotipo en relieve en el lado plano de la botella.<\/li>\n<li>Dise\u00f1os de corcho personalizados: Pueden estar compuestos de otros materiales (bamb\u00fa, roble) o ser de marca.<\/li>\n<li>Mango texturizado: una textura ligeramente elevada se encuentra en el lado m\u00e1s delgado de la botella para que sea m\u00e1s f\u00e1cil de sostener.<\/li>\n<\/ul>","protected":false},"excerpt":{"rendered":"<p>Botella cuadrada de vidrio para jugo con perfil plano, con tapas de metal o madera. Muestras gratuitas disponibles para facilitar las pruebas del producto.<\/p>","protected":false},"featured_media":5498,"template":"","meta":{"postBodyCss":"","postBodyMargin":[],"postBodyPadding":[],"postBodyBackground":{"backgroundType":"classic","gradient":""}},"product_brand":[],"product_cat":[15,83,16],"product_tag":[92],"class_list":{"0":"post-5495","1":"product","2":"type-product","3":"status-publish","4":"has-post-thumbnail","6":"product_cat-glass-containers","7":"product_cat-glass-beverage-bottles","8":"product_cat-glass-bottles","9":"product_tag-glass-liquor-bottles","11":"first","12":"instock","13":"shipping-taxable","14":"product-type-simple"},"jetpack_sharing_enabled":true,"_links":{"self":[{"href":"https:\/\/minghanggroup.com\/es\/wp-json\/wp\/v2\/product\/5495","targetHints":{"allow":["GET"]}}],"collection":[{"href":"https:\/\/minghanggroup.com\/es\/wp-json\/wp\/v2\/product"}],"about":[{"href":"https:\/\/minghanggroup.com\/es\/wp-json\/wp\/v2\/types\/product"}],"wp:featuredmedia":[{"embeddable":true,"href":"https:\/\/minghanggroup.com\/es\/wp-json\/wp\/v2\/media\/5498"}],"wp:attachment":[{"href":"https:\/\/minghanggroup.com\/es\/wp-json\/wp\/v2\/media?parent=5495"}],"wp:term":[{"taxonomy":"product_brand","embeddable":true,"href":"https:\/\/minghanggroup.com\/es\/wp-json\/wp\/v2\/product_brand?post=5495"},{"taxonomy":"product_cat","embeddable":true,"href":"https:\/\/minghanggroup.com\/es\/wp-json\/wp\/v2\/product_cat?post=5495"},{"taxonomy":"product_tag","embeddable":true,"href":"https:\/\/minghanggroup.com\/es\/wp-json\/wp\/v2\/product_tag?post=5495"}],"curies":[{"name":"wp","href":"https:\/\/api.w.org\/{rel}","templated":true}]}}