{"id":5490,"date":"2026-02-03T11:47:26","date_gmt":"2026-02-03T03:47:26","guid":{"rendered":"https:\/\/minghanggroup.com\/?post_type=product&#038;p=5490"},"modified":"2026-02-03T11:47:30","modified_gmt":"2026-02-03T03:47:30","slug":"empty-red-wine-bottles-for-sale-wholesale","status":"publish","type":"product","link":"https:\/\/minghanggroup.com\/es\/producto\/empty-red-wine-bottles-for-sale-wholesale\/","title":{"rendered":"Botellas de vino tinto vac\u00edas de 500 ml a la venta al por mayor"},"content":{"rendered":"<p>Pones pasi\u00f3n en cada cosecha; ahora dale un envase que honra tu arte y conecta con tus clientes. Nuestras botellas de vino tinto verde oliva de 500 ml combinan la elegancia atemporal de un vino burdeos con protecci\u00f3n UV inteligente. Hombros suaves, cuello esbelto y esa inclinaci\u00f3n caracter\u00edstica: un atractivo absoluto en el estante. Como tu socio directo en botellas de vidrio, hacemos que las botellas de vino vac\u00edas que vendes parezcan hechas a medida, no a inventario. Ya sea que embotelles clarete, borgo\u00f1a o vino casero, aqu\u00ed es donde la tradici\u00f3n se une a tu historia.<\/p>\n<h2>Caracter\u00edsticas del producto<\/h2>\n<ul>\n<li><strong>Dise\u00f1o de botella:<\/strong> El dise\u00f1o de la botella delgada y larga mejora la presentaci\u00f3n en los estantes y demuestra el dise\u00f1o limpio y de alta gama del vino.<\/li>\n<li><strong>Superficie de la botella:<\/strong> Esta es una botella simple, sin decoraciones, lo que hace que sea f\u00e1cil etiquetarla, serigrafiarla o personalizarla de otras maneras.<\/li>\n<li><strong>Tap\u00f3n de rosca:<\/strong> El cuello regular y el tap\u00f3n de rosca son compatibles con los tapones de corcho o de rosca est\u00e1ndar que garantizan un excelente sellado.<\/li>\n<\/ul>\n<h2>Especificaciones clave<\/h2>\n<table style=\"border-collapse: collapse; width: 80%; margin-left: auto; margin-right: auto;\" border=\"0\" width=\"144\" cellspacing=\"0\" cellpadding=\"0\">\n<tbody>\n<tr style=\"height: 13.50pt;\">\n<td style=\"height: 13.5pt; width: 54pt; text-align: center;\" width=\"72\" height=\"18\">Caracter\u00edstica<\/td>\n<td style=\"width: 54pt; text-align: center;\" width=\"72\">Detalle<\/td>\n<\/tr>\n<tr style=\"height: 13.50pt;\">\n<td style=\"height: 13.5pt; text-align: center;\" height=\"18\">Capacidad (ml)<\/td>\n<td style=\"text-align: center;\" align=\"right\">500<\/td>\n<\/tr>\n<tr style=\"height: 13.50pt;\">\n<td style=\"height: 13.5pt; text-align: center;\" height=\"18\">Dimensiones (cm)<\/td>\n<td style=\"text-align: center;\">6,7 \u00d7 30<\/td>\n<\/tr>\n<tr style=\"height: 13.50pt;\">\n<td style=\"height: 13.5pt; text-align: center;\" height=\"18\">Acabado del m\u00e1stil (cm)<\/td>\n<td style=\"text-align: center;\" align=\"right\">1.8<\/td>\n<\/tr>\n<tr style=\"height: 13.50pt;\">\n<td style=\"height: 13.5pt; text-align: center;\" height=\"18\">Color<\/td>\n<td style=\"text-align: center;\">Verde oliva (tambi\u00e9n: verde burdeos, verde pedernal transparente, verde champ\u00e1n)<\/td>\n<\/tr>\n<tr style=\"height: 13.50pt;\">\n<td style=\"height: 13.5pt; text-align: center;\" height=\"18\">Opciones de cierre<\/td>\n<td style=\"text-align: center;\">Tap\u00f3n de rosca<\/td>\n<\/tr>\n<\/tbody>\n<\/table>\n<h2>Caso de \u00e9xito<\/h2>\n<p>Una peque\u00f1a bodega boutique, cuya producci\u00f3n principal se centra en vinos tintos de lotes peque\u00f1os, opt\u00f3 por nuestras botellas de vino de vidrio verde oliva de 500 ml (ovidiano) para el lanzamiento de su nueva cosecha. Personalizaron las botellas, destacando la muesca inferior, alargando un poco m\u00e1s el cuello y estampando el logotipo de la marca en el hombro para mayor visibilidad. El color del vidrio se aclar\u00f3 para maximizar la protecci\u00f3n contra la luz y se utiliz\u00f3 un dise\u00f1o serigrafiado minimalista en lugar de las etiquetas de papel convencionales, creando as\u00ed una apariencia m\u00e1s sofisticada y limpia.<\/p>\n<p>La bodega increment\u00f3 sus ventas en retail en un 35 por ciento luego del lanzamiento del producto y obtuvo una respuesta favorable en la distribuci\u00f3n del producto, lo que los impuls\u00f3 a hacer de la botella personalizada su l\u00ednea principal de producto y a realizar pedidos frecuentes de las clases de producci\u00f3n posteriores.<\/p>\n<h2>Rutas de personalizaci\u00f3n inteligentes<\/h2>\n<ol>\n<li><strong>Colores de vidrio personalizados:<\/strong> Seleccione el color de las copas para mejorar el nivel de protecci\u00f3n de la luz y combinar con el estilo y la marca del vino, es decir, el color de las copas puede ser verde oliva, verde antiguo, \u00e1mbar o pedernal oscuro.<\/li>\n<li><strong>Serigraf\u00eda:<\/strong> Agregue menos texto, letreros de vi\u00f1edos o detalles del lote directamente al vidrio para eliminar cualquier etiqueta.<\/li>\n<li><strong>Acabados Acabados:<\/strong> Elija entre acabados lisos, mate o esmerilados para distinguir entre ediciones limitadas o colecciones de reserva.<\/li>\n<\/ol>","protected":false},"excerpt":{"rendered":"<p>Botellas de vino tinto de alta calidad con forma cl\u00e1sica y vidrio grueso. Suministro directo de f\u00e1brica, muestras gratuitas y venta de botellas de vino vac\u00edas para marcas internacionales.<\/p>","protected":false},"featured_media":5494,"template":"","meta":{"postBodyCss":"","postBodyMargin":[],"postBodyPadding":[],"postBodyBackground":{"backgroundType":"classic","gradient":""}},"product_brand":[],"product_cat":[15,16,84],"product_tag":[],"class_list":{"0":"post-5490","1":"product","2":"type-product","3":"status-publish","4":"has-post-thumbnail","6":"product_cat-glass-containers","7":"product_cat-glass-bottles","8":"product_cat-wine-bottles","10":"first","11":"instock","12":"shipping-taxable","13":"product-type-simple"},"jetpack_sharing_enabled":true,"_links":{"self":[{"href":"https:\/\/minghanggroup.com\/es\/wp-json\/wp\/v2\/product\/5490","targetHints":{"allow":["GET"]}}],"collection":[{"href":"https:\/\/minghanggroup.com\/es\/wp-json\/wp\/v2\/product"}],"about":[{"href":"https:\/\/minghanggroup.com\/es\/wp-json\/wp\/v2\/types\/product"}],"wp:featuredmedia":[{"embeddable":true,"href":"https:\/\/minghanggroup.com\/es\/wp-json\/wp\/v2\/media\/5494"}],"wp:attachment":[{"href":"https:\/\/minghanggroup.com\/es\/wp-json\/wp\/v2\/media?parent=5490"}],"wp:term":[{"taxonomy":"product_brand","embeddable":true,"href":"https:\/\/minghanggroup.com\/es\/wp-json\/wp\/v2\/product_brand?post=5490"},{"taxonomy":"product_cat","embeddable":true,"href":"https:\/\/minghanggroup.com\/es\/wp-json\/wp\/v2\/product_cat?post=5490"},{"taxonomy":"product_tag","embeddable":true,"href":"https:\/\/minghanggroup.com\/es\/wp-json\/wp\/v2\/product_tag?post=5490"}],"curies":[{"name":"wp","href":"https:\/\/api.w.org\/{rel}","templated":true}]}}