{"id":5481,"date":"2026-02-12T10:09:29","date_gmt":"2026-02-12T02:09:29","guid":{"rendered":"https:\/\/minghanggroup.com\/?post_type=product&#038;p=5481"},"modified":"2026-02-03T16:41:40","modified_gmt":"2026-02-03T08:41:40","slug":"dark-glass-customized-wine-bottles-for-sale-bulk","status":"publish","type":"product","link":"https:\/\/minghanggroup.com\/es\/producto\/dark-glass-customized-wine-bottles-for-sale-bulk\/","title":{"rendered":"Botellas de vino personalizadas de vidrio oscuro de 500 ml a la venta al por mayor"},"content":{"rendered":"<p>Elaboras vino con coraz\u00f3n: ahora dale un envase que hable por s\u00ed solo antes de servirlo. Nuestras botellas de vino verde oliva de 500 ml a la venta rinden homenaje a la elegancia cl\u00e1sica del vino burdeos, adapt\u00e1ndose a la perfecci\u00f3n a los estilos de vida modernos. Ya sea que embotelles clarete, borgo\u00f1a o vino casero, estas botellas de vidrio protegen el sabor y realzan tu historia. Como tu socio directo en botellas de vidrio, hacemos que las botellas de vino a la venta se sientan personales, con un prop\u00f3sito y listas para tu etiqueta.<\/p>\n<h2>Caracter\u00edsticas del producto<\/h2>\n<ul>\n<li><strong>Aut\u00e9ntica silueta de Burdeos:<\/strong> Una botella con hombros suavemente inclinados y un cuello delgado tiene esa forma cl\u00e1sica de una botella de vino que los clientes siempre asocian con la confianza.<\/li>\n<li><strong>Guardi\u00e1n Verde Oliva:<\/strong> Se sabe que un vidrio de color oliva intenso puede bloquear los rayos UV en mayor medida que una botella transparente y, por lo tanto, ayuda a mantener las delicadas notas de un vino tinto bien conservadas desde el momento en que est\u00e1 en una bodega hasta que llega al estante.<\/li>\n<li><strong>Base de despeje estable:<\/strong> La parte inferior de la botella de vino est\u00e1 ligeramente hundida para que pueda colocarse firmemente incluso en una caja de madera, una caja de regalo o en una mesa de comedor sin temor a que se caiga.<\/li>\n<\/ul>\n<h2>Especificaciones clave<\/h2>\n<table style=\"border-collapse: collapse; width: 80%; margin-left: auto; margin-right: auto;\" border=\"0\" width=\"144\" cellspacing=\"0\" cellpadding=\"0\">\n<tbody>\n<tr style=\"height: 13.50pt;\">\n<td style=\"height: 13.5pt; width: 54pt; text-align: center;\" width=\"72\" height=\"18\">Caracter\u00edstica<\/td>\n<td style=\"width: 54pt; text-align: center;\" width=\"72\">Detalle<\/td>\n<\/tr>\n<tr style=\"height: 13.50pt;\">\n<td style=\"height: 13.5pt; text-align: center;\" height=\"18\">Capacidad (ml)<\/td>\n<td style=\"text-align: center;\" align=\"right\">500<\/td>\n<\/tr>\n<tr style=\"height: 13.50pt;\">\n<td style=\"height: 13.5pt; text-align: center;\" height=\"18\">Dimensiones (cm)<\/td>\n<td style=\"text-align: center;\">7,1 \u00d7 26,7<\/td>\n<\/tr>\n<tr style=\"height: 13.50pt;\">\n<td style=\"height: 13.5pt; text-align: center;\" height=\"18\">Acabado del m\u00e1stil (cm)<\/td>\n<td style=\"text-align: center;\" align=\"right\">1.8<\/td>\n<\/tr>\n<tr style=\"height: 13.50pt;\">\n<td style=\"height: 13.5pt; text-align: center;\" height=\"18\">Color<\/td>\n<td style=\"text-align: center;\">Verde oliva<\/td>\n<\/tr>\n<tr style=\"height: 13.50pt;\">\n<td style=\"height: 13.5pt; text-align: center;\" height=\"18\">Cierre<\/td>\n<td style=\"text-align: center;\">Tap\u00f3n de rosca (corchos de vino naturales bajo pedido)<\/td>\n<\/tr>\n<tr style=\"height: 13.50pt;\">\n<td style=\"height: 13.5pt; text-align: center;\" height=\"18\">Mejor para<\/td>\n<td style=\"text-align: center;\">Vinos Tintos, Claretes, Vino Casero, Botellas de Licor<\/td>\n<\/tr>\n<\/tbody>\n<\/table>\n<h2>Caso de \u00e9xito<\/h2>\n<p>Una peque\u00f1a bodega, dedicada principalmente a la producci\u00f3n artesanal de tintos en lotes peque\u00f1os, necesitaba una botella que transmitiera al instante la historia del arte y la alta calidad del producto en el lineal. Para su nueva cosecha, eligieron nuestras botellas de vino de vidrio oscuro de 500 ml, fabricadas con un intenso color oliva para una mejor protecci\u00f3n UV, un logotipo grabado en el hombro y gr\u00e1ficos serigrafiados muy ligeros en lugar de las tradicionales etiquetas de papel. El fondo m\u00e1s grueso y el elegante cuello hicieron que la experiencia de servir el vino fuera m\u00e1s placentera y, al mismo tiempo, reforzaron la imagen de calidad de la marca.<\/p>\n<p>Los comentarios de los clientes despu\u00e9s del lanzamiento del producto destacaron el hecho de que el atractivo en las estanter\u00edas y el valor percibido mejoraron significativamente y esto condujo a un aumento del 35% en los pedidos repetidos.<\/p>\n<h2>Sus opciones de personalizaci\u00f3n<\/h2>\n<ol>\n<li><strong>Marca en relieve o bajo relieve:<\/strong> Considere colocar un logotipo elevado o empotrado en el hombro o en la parte inferior de la botella para crear una presencia de marca duradera, sin etiquetas y sin complicaciones.<\/li>\n<li><strong>Serigraf\u00eda, detalles impresos:<\/strong> Coloque algunas palabras, pictogramas o patrones geom\u00e9tricos directamente en la superficie de la botella como un sustituto elegante y moderno de las etiquetas de papel.<\/li>\n<li><strong>Variaciones de m\u00e1stil y acabado:<\/strong> Ajuste el cuello de la botella para tap\u00f3n de rosca o cierres sint\u00e9ticos para que correspondan a diferentes estilos y mercados de vino.<\/li>\n<\/ol>","protected":false},"excerpt":{"rendered":"<p>Botellas de vino de vidrio oscuro premium a la venta con forma elegante y base estable. Botellas de vino personalizadas directamente de f\u00e1brica con muestras gratuitas disponibles.<\/p>","protected":false},"featured_media":5485,"template":"","meta":{"postBodyCss":"","postBodyMargin":[],"postBodyPadding":[],"postBodyBackground":{"backgroundType":"classic","gradient":""}},"product_brand":[],"product_cat":[15,16,84],"product_tag":[],"class_list":{"0":"post-5481","1":"product","2":"type-product","3":"status-publish","4":"has-post-thumbnail","6":"product_cat-glass-containers","7":"product_cat-glass-bottles","8":"product_cat-wine-bottles","10":"first","11":"instock","12":"shipping-taxable","13":"product-type-simple"},"jetpack_sharing_enabled":true,"_links":{"self":[{"href":"https:\/\/minghanggroup.com\/es\/wp-json\/wp\/v2\/product\/5481","targetHints":{"allow":["GET"]}}],"collection":[{"href":"https:\/\/minghanggroup.com\/es\/wp-json\/wp\/v2\/product"}],"about":[{"href":"https:\/\/minghanggroup.com\/es\/wp-json\/wp\/v2\/types\/product"}],"wp:featuredmedia":[{"embeddable":true,"href":"https:\/\/minghanggroup.com\/es\/wp-json\/wp\/v2\/media\/5485"}],"wp:attachment":[{"href":"https:\/\/minghanggroup.com\/es\/wp-json\/wp\/v2\/media?parent=5481"}],"wp:term":[{"taxonomy":"product_brand","embeddable":true,"href":"https:\/\/minghanggroup.com\/es\/wp-json\/wp\/v2\/product_brand?post=5481"},{"taxonomy":"product_cat","embeddable":true,"href":"https:\/\/minghanggroup.com\/es\/wp-json\/wp\/v2\/product_cat?post=5481"},{"taxonomy":"product_tag","embeddable":true,"href":"https:\/\/minghanggroup.com\/es\/wp-json\/wp\/v2\/product_tag?post=5481"}],"curies":[{"name":"wp","href":"https:\/\/api.w.org\/{rel}","templated":true}]}}