{"id":5480,"date":"2026-02-03T08:58:52","date_gmt":"2026-02-03T00:58:52","guid":{"rendered":"https:\/\/minghanggroup.com\/?post_type=product&#038;p=5480"},"modified":"2026-03-02T13:34:52","modified_gmt":"2026-03-02T05:34:52","slug":"clear-glass-beverage-bottles-with-metal-lids-wholesale","status":"publish","type":"product","link":"https:\/\/minghanggroup.com\/es\/producto\/clear-glass-beverage-bottles-with-metal-lids-wholesale\/","title":{"rendered":"Botellas de vidrio transparente para bebidas de 210 ml a 1000 ml con tapa met\u00e1lica, venta al por mayor"},"content":{"rendered":"<p>Estas botellas de vidrio para bebidas est\u00e1n hechas de vidrio transparente pero en forma vertical con un cuerpo de vidrio transparente y una tapa de metal con rosca fuerte y vienen en muchos tama\u00f1os convenientes.<\/p>\n<h2>Caracter\u00edsticas del producto<\/h2>\n<ul>\n<li><strong>Dise\u00f1o cl\u00e1sico y vertical:<\/strong> Este dise\u00f1o es f\u00e1cil de etiquetar, apilar y es limpio y moderno.<\/li>\n<li><strong>Tama\u00f1os multiusos:<\/strong> Hay varios tama\u00f1os pr\u00e1cticos que se pueden utilizar seg\u00fan los requisitos, como la dispensaci\u00f3n de porciones peque\u00f1as, el almacenamiento dom\u00e9stico y la exhibici\u00f3n comercial.<\/li>\n<li><strong>Tapa met\u00e1lica de rosca segura:<\/strong> La tapa de metal proporcionada asegura un ajuste perfecto manteniendo los productos frescos y evitando fugas.<\/li>\n<\/ul>\n<h2 style=\"text-align: left;\">Especificaciones clave<\/h2>\n<table class=\"aligncenter\" style=\"border-collapse: collapse; width: 401.27pt;\" border=\"0\" width=\"535\" cellspacing=\"0\" cellpadding=\"0\">\n<tbody>\n<tr style=\"height: 13.50pt;\">\n<td style=\"height: 13.50pt; width: 122.25pt;\" width=\"163\" height=\"18\">Especificaci\u00f3n<\/td>\n<td style=\"width: 279.00pt;\" width=\"372\">Detalles<\/td>\n<\/tr>\n<tr style=\"height: 13.50pt;\">\n<td style=\"height: 13.50pt;\" height=\"18\">Capacidad<\/td>\n<td>210 ml, 250 ml, 330 ml, 500 ml, 650 ml, 1000 ml<\/td>\n<\/tr>\n<tr style=\"height: 13.50pt;\">\n<td style=\"height: 13.50pt;\" height=\"18\">Material<\/td>\n<td>High Borosilicate Glass, Metal Lid<\/td>\n<\/tr>\n<tr style=\"height: 13.50pt;\">\n<td style=\"height: 13.50pt;\" height=\"18\">Forma de la botella<\/td>\n<td>Cilindro de lados rectos con abertura roscada<\/td>\n<\/tr>\n<tr style=\"height: 13.50pt;\">\n<td style=\"height: 13.50pt;\" height=\"18\">Alcance de personalizaci\u00f3n<\/td>\n<td>Color, tapas, tama\u00f1o, acabado<\/td>\n<\/tr>\n<tr style=\"height: 13.50pt;\">\n<td style=\"height: 13.50pt;\" height=\"18\">Artesan\u00eda<\/td>\n<td>Conformado de vidrio de precisi\u00f3n, corte de roscas<\/td>\n<\/tr>\n<tr style=\"height: 13.50pt;\">\n<td style=\"height: 13.50pt;\" height=\"18\">Prop\u00f3sito del producto<\/td>\n<td>Botellas de vidrio para bebidas al por mayor, botellas para jugos<\/td>\n<\/tr>\n<tr style=\"height: 13.50pt;\">\n<td style=\"height: 13.50pt;\" height=\"18\">Industrias adecuadas<\/td>\n<td>Marcas de bebidas, proveedores de alimentos gourmet, cafeter\u00edas<\/td>\n<\/tr>\n<\/tbody>\n<\/table>\n<h2>Historia de \u00e9xito<\/h2>\n<p>Nuestras botellas de vidrio para bebidas fueron elegidas por una empresa estadounidense de caf\u00e9 que modific\u00f3 la base y las etiquetas de su botella gris ahumado mediante serigraf\u00eda. Su dise\u00f1o elegante y transparente mejor\u00f3 sus estantes en 51 puntos gracias a un dise\u00f1o limpio que les permiti\u00f3 ahorrar un 30 % en etiquetado y aumentar la eficiencia de su almacenamiento. La empresa tuvo un \u00e9xito rotundo y posteriormente encarg\u00f3 un nuevo env\u00edo de 800\u00a0000 botellas a sus nuevos canales de distribuci\u00f3n nacionales.<\/p>\n<h2>Botellas de vidrio para bebidas, personalizaci\u00f3n al por mayor<\/h2>\n<ul>\n<li>Colores de vidrio: Tiene la opci\u00f3n de transparente, gris ahumado, \u00e1mbar o un tono personalizado para combinar con la est\u00e9tica de su marca.<\/li>\n<li>Acabados esmerilados o mate: El acabado completamente esmerilado o mate brinda una sensaci\u00f3n suave de alta gama.<\/li>\n<li>Serigraf\u00eda: Impresi\u00f3n directa de gr\u00e1ficos de calidad, detalles nutricionales o dise\u00f1o de botella completa.<\/li>\n<li>Dise\u00f1os de gorras personalizados: Las gorras personalizadas pueden ser de varios colores (negro, dorado, plateado) o pueden ser una gorra impresa con el nombre de su marca.<\/li>\n<\/ul>","protected":false},"excerpt":{"rendered":"<p>Botellas de vidrio para bebidas al por mayor en varios tama\u00f1os. Estas botellas transparentes de lados rectos cuentan con tapas met\u00e1licas para un almacenamiento herm\u00e9tico. Precios directos de f\u00e1brica.<\/p>","protected":false},"featured_media":5488,"template":"","meta":{"postBodyCss":"","postBodyMargin":[],"postBodyPadding":[],"postBodyBackground":{"backgroundType":"classic","gradient":""}},"product_brand":[],"product_cat":[15,83,16],"product_tag":[91],"class_list":{"0":"post-5480","1":"product","2":"type-product","3":"status-publish","4":"has-post-thumbnail","6":"product_cat-glass-containers","7":"product_cat-glass-beverage-bottles","8":"product_cat-glass-bottles","9":"product_tag-glass-soda-bottles","11":"first","12":"instock","13":"shipping-taxable","14":"product-type-simple"},"jetpack_sharing_enabled":true,"_links":{"self":[{"href":"https:\/\/minghanggroup.com\/es\/wp-json\/wp\/v2\/product\/5480","targetHints":{"allow":["GET"]}}],"collection":[{"href":"https:\/\/minghanggroup.com\/es\/wp-json\/wp\/v2\/product"}],"about":[{"href":"https:\/\/minghanggroup.com\/es\/wp-json\/wp\/v2\/types\/product"}],"wp:featuredmedia":[{"embeddable":true,"href":"https:\/\/minghanggroup.com\/es\/wp-json\/wp\/v2\/media\/5488"}],"wp:attachment":[{"href":"https:\/\/minghanggroup.com\/es\/wp-json\/wp\/v2\/media?parent=5480"}],"wp:term":[{"taxonomy":"product_brand","embeddable":true,"href":"https:\/\/minghanggroup.com\/es\/wp-json\/wp\/v2\/product_brand?post=5480"},{"taxonomy":"product_cat","embeddable":true,"href":"https:\/\/minghanggroup.com\/es\/wp-json\/wp\/v2\/product_cat?post=5480"},{"taxonomy":"product_tag","embeddable":true,"href":"https:\/\/minghanggroup.com\/es\/wp-json\/wp\/v2\/product_tag?post=5480"}],"curies":[{"name":"wp","href":"https:\/\/api.w.org\/{rel}","templated":true}]}}