{"id":5463,"date":"2026-02-02T15:32:04","date_gmt":"2026-02-02T07:32:04","guid":{"rendered":"https:\/\/minghanggroup.com\/?post_type=product&#038;p=5463"},"modified":"2026-04-14T09:42:46","modified_gmt":"2026-04-14T01:42:46","slug":"conical-clear-glass-soda-bottles-wholesale","status":"publish","type":"product","link":"https:\/\/minghanggroup.com\/es\/producto\/conical-clear-glass-soda-bottles-wholesale\/","title":{"rendered":"Botellas de refresco de vidrio transparente c\u00f3nico de 250 ml y 330 ml al por mayor"},"content":{"rendered":"<p>Estas botellas de vidrio para refrescos tienen forma c\u00f3nica y est\u00e1n hechas de vidrio liso, con un impresionante perfil c\u00f3nico. Son s\u00f3lidas y anchas en la base, que se estrecha hasta formar un cuello estrecho, y est\u00e1n equipadas con un resistente tap\u00f3n met\u00e1lico roscado que sella las burbujas y conserva la bebida.<\/p>\n<h2>Caracter\u00edsticas del producto<\/h2>\n<ul>\n<li><strong>Cuerpo c\u00f3nico:<\/strong> El dise\u00f1o c\u00f3nico es est\u00e9tico y funcional, con base ancha y cuello estrecho, lo que le otorgar\u00e1 al cuerpo su estabilidad en t\u00e9rminos de f\u00e1cil agarre y vertido.<\/li>\n<li><strong>Tapa roscada sellada:<\/strong> La tapa met\u00e1lica roscada proporciona un buen mecanismo de sellado del producto, lo que en consecuencia debe evitar fugas, adem\u00e1s de mejorar la vida \u00fatil de la bebida.<\/li>\n<li><strong>Dos tama\u00f1os pr\u00e1cticos:<\/strong> El producto viene en dos tama\u00f1os pr\u00e1cticos: 250 ml y 330 ml, que son buenos para usar en bebidas personales y para tomar porciones.<\/li>\n<\/ul>\n<h2 style=\"text-align: left;\">Especificaciones clave<\/h2>\n<table class=\"aligncenter\" style=\"border-collapse: collapse; width: 464.27pt;\" border=\"0\" width=\"619\" cellspacing=\"0\" cellpadding=\"0\">\n<tbody>\n<tr style=\"height: 13.50pt;\">\n<td style=\"height: 13.50pt; width: 121.50pt;\" width=\"162\" height=\"18\">Especificaci\u00f3n<\/td>\n<td style=\"width: 342.75pt;\" width=\"457\">Detalles<\/td>\n<\/tr>\n<tr style=\"height: 13.50pt;\">\n<td style=\"height: 13.50pt;\" height=\"18\">Capacidad<\/td>\n<td>250 ml \/ 330 ml<\/td>\n<\/tr>\n<tr style=\"height: 13.50pt;\">\n<td style=\"height: 13.50pt;\" height=\"18\">Dimensiones<\/td>\n<td>62\u00d7220\u00d728 mm \/ 70\u00d7240\u00d728 mm<\/td>\n<\/tr>\n<tr style=\"height: 13.50pt;\">\n<td style=\"height: 13.50pt;\" height=\"18\">Material<\/td>\n<td>Vidrio transparente, tapa de metal<\/td>\n<\/tr>\n<tr style=\"height: 13.50pt;\">\n<td style=\"height: 13.50pt;\" height=\"18\">Forma de la botella<\/td>\n<td>Cilindro c\u00f3nico<\/td>\n<\/tr>\n<tr style=\"height: 13.50pt;\">\n<td style=\"height: 13.50pt;\" height=\"18\">Alcance de personalizaci\u00f3n<\/td>\n<td>Color, tama\u00f1o, tapas, acabado<\/td>\n<\/tr>\n<tr style=\"height: 13.50pt;\">\n<td style=\"height: 13.50pt;\" height=\"18\">Artesan\u00eda<\/td>\n<td>Conformado de vidrio de precisi\u00f3n para formas c\u00f3nicas y corte de roscas<\/td>\n<\/tr>\n<tr style=\"height: 13.50pt;\">\n<td style=\"height: 13.50pt;\" height=\"18\">Prop\u00f3sito del producto<\/td>\n<td>Botellas de vidrio para refrescos, botellas de agua con gas<\/td>\n<\/tr>\n<tr style=\"height: 13.50pt;\">\n<td style=\"height: 13.50pt;\" height=\"18\">Industrias adecuadas<\/td>\n<td>Marcas de bebidas, cafeter\u00edas<\/td>\n<\/tr>\n<\/tbody>\n<\/table>\n<h2>Historia de \u00e9xito: Serie Signature de una empresa de refrescos artesanales de Nueva Inglaterra<\/h2>\n<p>Nuestra botella c\u00f3nica de vidrio para refresco de 330 ml fue elegida por una empresa de refrescos artesanales de Nueva Inglaterra y personalizada con un cuerpo esmerilado y una etiqueta serigrafiada de aspecto envejecido. La sofisticada estructura de la botella se convirti\u00f3 en un cl\u00e1sico, lo que se tradujo en un aumento del 60 % en las ventas en los lineales, en comparaci\u00f3n con la antigua estructura. La reutilizaci\u00f3n de las botellas es un factor clave, ya que el 70 % de los clientes opt\u00f3 por reutilizarlas. Esto ha sido muy satisfactorio para la empresa, que ha encargado m\u00e1s de 400\u00a0000 botellas para asegurar el servicio a su creciente red de distribuidores.<\/p>\n<h2>Personalizaci\u00f3n de botellas de vidrio de Soda Stream<\/h2>\n<ul>\n<li>Colores y tonos de vidrio: Viene en transparente o con gris ahumado, \u00e1mbar o color personalizado como azul claro o verde.<\/li>\n<li>Acabados esmerilados o mate: Viene con acabado totalmente esmerilado o mate para un tacto suave de alta calidad.<\/li>\n<li>Marcado de volumen en relieve: Tiene peque\u00f1as marcas en relieve en la parte inferior de la botella de volumen de 250 ml o 330 ml.<\/li>\n<li>Dise\u00f1o de gorra personalizado: puedes tener gorras de color (negro, dorado, plateado) o el logotipo de tu empresa.<\/li>\n<\/ul>","protected":false},"excerpt":{"rendered":"<p>Botellas de vidrio resistentes para refrescos con elegante forma c\u00f3nica y tapas seguras. Ofrecemos env\u00edo r\u00e1pido para pedidos de bebidas a granel.<\/p>","protected":false},"featured_media":5467,"template":"","meta":{"postBodyCss":"","postBodyMargin":[],"postBodyPadding":[],"postBodyBackground":{"backgroundType":"classic","gradient":""}},"product_brand":[],"product_cat":[15,83,16],"product_tag":[93,91],"class_list":{"0":"post-5463","1":"product","2":"type-product","3":"status-publish","4":"has-post-thumbnail","6":"product_cat-glass-containers","7":"product_cat-glass-beverage-bottles","8":"product_cat-glass-bottles","9":"product_tag-glass-gatorade-bottles","10":"product_tag-glass-soda-bottles","12":"first","13":"instock","14":"shipping-taxable","15":"product-type-simple"},"jetpack_sharing_enabled":true,"_links":{"self":[{"href":"https:\/\/minghanggroup.com\/es\/wp-json\/wp\/v2\/product\/5463","targetHints":{"allow":["GET"]}}],"collection":[{"href":"https:\/\/minghanggroup.com\/es\/wp-json\/wp\/v2\/product"}],"about":[{"href":"https:\/\/minghanggroup.com\/es\/wp-json\/wp\/v2\/types\/product"}],"wp:featuredmedia":[{"embeddable":true,"href":"https:\/\/minghanggroup.com\/es\/wp-json\/wp\/v2\/media\/5467"}],"wp:attachment":[{"href":"https:\/\/minghanggroup.com\/es\/wp-json\/wp\/v2\/media?parent=5463"}],"wp:term":[{"taxonomy":"product_brand","embeddable":true,"href":"https:\/\/minghanggroup.com\/es\/wp-json\/wp\/v2\/product_brand?post=5463"},{"taxonomy":"product_cat","embeddable":true,"href":"https:\/\/minghanggroup.com\/es\/wp-json\/wp\/v2\/product_cat?post=5463"},{"taxonomy":"product_tag","embeddable":true,"href":"https:\/\/minghanggroup.com\/es\/wp-json\/wp\/v2\/product_tag?post=5463"}],"curies":[{"name":"wp","href":"https:\/\/api.w.org\/{rel}","templated":true}]}}