{"id":5462,"date":"2026-02-03T13:49:04","date_gmt":"2026-02-03T05:49:04","guid":{"rendered":"https:\/\/minghanggroup.com\/?post_type=product&#038;p=5462"},"modified":"2026-04-14T09:31:24","modified_gmt":"2026-04-14T01:31:24","slug":"custom-small-wine-bottles-for-branding-bulk","status":"publish","type":"product","link":"https:\/\/minghanggroup.com\/es\/producto\/custom-small-wine-bottles-for-branding-bulk\/","title":{"rendered":"Botellas de vino peque\u00f1as personalizadas de 375 ml para marca al por mayor"},"content":{"rendered":"<p>Necesita botellas de vino peque\u00f1as que destaquen, no queden en el olvido. Nuestras botellas de vino de 375 ml representan la elegancia de las cl\u00e1sicas botellas de vino de Burdeos en una versi\u00f3n de media botella, ideal para muestras, catas o peque\u00f1os regalos. Fabricadas con vidrio verde oliva protector y con vers\u00e1tiles opciones de cierre, estas botellas de vino no solo protegen su vino casero, sino que tambi\u00e9n hacen que su marca sea memorable. Como su socio directo en botellas de vidrio, transformamos las botellas de vino vac\u00edas en momentos inolvidables.<\/p>\n<h2>Caracter\u00edsticas del producto<\/h2>\n<ul>\n<li><strong>Patrimonio de la mitad del tama\u00f1o:<\/strong> Botella de vino con forma aut\u00e9ntica, perfectamente dimensionada para 375 ml. Comparte tu clarete, borgo\u00f1a o espumoso sin compromiso: ideal para degustar o regalar.<\/li>\n<li><strong>Guardi\u00e1n de cristal de oliva:<\/strong> Su intenso tono oliva bloquea los rayos UV mejor que las botellas transparentes. Protege las delicadas notas de los vinos tintos durante el almacenamiento, el transporte o la vida \u00fatil.<\/li>\n<li><strong>Libertad de cierre:<\/strong> Corchos de vino naturales para un encanto tradicional o tapones de rosca de aluminio para una comodidad moderna. Tu botella de vino de 375 ml sella exactamente como la imaginas.<\/li>\n<li><strong>Base de despeje estable:<\/strong> Su base ligeramente c\u00f3ncava garantiza estabilidad en cajas, cajas de regalo o bandejas de degustaci\u00f3n. Sin tambaleo, solo confianza.<\/li>\n<\/ul>\n<h2>Especificaciones clave<\/h2>\n<table style=\"border-collapse: collapse; width: 80%; margin-left: auto; margin-right: auto;\" border=\"0\" width=\"144\" cellspacing=\"0\" cellpadding=\"0\">\n<tbody>\n<tr style=\"height: 13.50pt;\">\n<td style=\"height: 13.5pt; width: 54pt; text-align: center;\" width=\"72\" height=\"18\">Caracter\u00edstica<\/td>\n<td style=\"width: 54pt; text-align: center;\" width=\"72\">Detalle<\/td>\n<\/tr>\n<tr style=\"height: 13.50pt;\">\n<td style=\"height: 13.5pt; text-align: center;\" height=\"18\">Capacidad (ml)<\/td>\n<td style=\"text-align: center;\" align=\"right\">375<\/td>\n<\/tr>\n<tr style=\"height: 13.50pt;\">\n<td style=\"height: 13.5pt; text-align: center;\" height=\"18\">Dimensiones (cm)<\/td>\n<td style=\"text-align: center;\">6,5 \u00d7 24,2<\/td>\n<\/tr>\n<tr style=\"height: 13.50pt;\">\n<td style=\"height: 13.5pt; text-align: center;\" height=\"18\">Acabado del m\u00e1stil (cm)<\/td>\n<td style=\"text-align: center;\">1.8<\/td>\n<\/tr>\n<tr style=\"height: 13.50pt;\">\n<td style=\"height: 13.5pt; text-align: center;\" height=\"18\">Color<\/td>\n<td style=\"text-align: center;\">Verde oliva<\/td>\n<\/tr>\n<tr style=\"height: 13.50pt;\">\n<td style=\"height: 13.5pt; text-align: center;\" height=\"18\">Opciones de cierre<\/td>\n<td style=\"text-align: center;\">Corchos de vino naturales, tap\u00f3n de rosca de aluminio<\/td>\n<\/tr>\n<tr style=\"height: 13.50pt;\">\n<td style=\"height: 13.5pt; text-align: center;\" height=\"18\">Mejor para<\/td>\n<td style=\"text-align: center;\">Muestras de vino, sets de regalo, catas, botellas de licor<\/td>\n<\/tr>\n<\/tbody>\n<\/table>\n<h2>Caso de \u00e9xito<\/h2>\n<p>Las botellas de vino de 375 ml fueron descubiertas por una peque\u00f1a bodega de Portland. Adem\u00e1s, se esforzaron al m\u00e1ximo para individualizar cada componente: tapones de corcho grabados a l\u00e1ser con hermosos motivos de vides y la fecha de cosecha; etiquetas mate en los hombros con un ligero acabado en relieve; y una cinta plateada atada al cuello de cada botella.<\/p>\n<p>Solo vendi\u00f3 2850 unidades en cinco semanas, lo cual es incre\u00edble, un 78 % m\u00e1s r\u00e1pido que antes. Lo m\u00e1s sorprendente es que la bodega ha estado haciendo pedidos frecuentes de botellas vac\u00edas cada trimestre sin ninguna reserva.<\/p>\n<h2>Tus consejos de personalizaci\u00f3n<\/h2>\n<ol>\n<li><strong>Botellas de vidrio degradado:<\/strong> La superficie de la botella se colorea gradualmente hacia la parte superior como un verde oliva intenso hasta la parte inferior como un pedernal transparente, lo que proporciona al vino un toque de exposici\u00f3n, un brillo de rayos de sol, pero sobre todo el verde oliva proporcionar\u00e1 al vino la mejor protecci\u00f3n contra los rayos nocivos del sol.<\/li>\n<li><strong>Etiqueta de historia:<\/strong> Con el l\u00e1ser, puede grabar su logotipo o la historia de su marca en la botella e instant\u00e1neamente los consumidores relacionar\u00e1n la marca con el estilo y esto reflejar\u00e1 la alta calidad de la marca.<\/li>\n<li><strong>Combinaci\u00f3n de sistemas de cierre:<\/strong> Con el posicionamiento podr\u00e1s elegir entre corcho natural, tap\u00f3n sint\u00e9tico o tap\u00f3n de rosca, pudiendo personalizar el color del tap\u00f3n, el material utilizado y la textura de la superficie.<\/li>\n<\/ol>","protected":false},"excerpt":{"rendered":"<p>Botellas de vino peque\u00f1as de 375 ml, ideales para degustaci\u00f3n y sets de regalo. Suministro directo de f\u00e1brica con personalizaci\u00f3n al por mayor y entrega r\u00e1pida.<\/p>","protected":false},"featured_media":5477,"template":"","meta":{"postBodyCss":"","postBodyMargin":[],"postBodyPadding":[],"postBodyBackground":{"backgroundType":"classic","gradient":""}},"product_brand":[],"product_cat":[15,16,84],"product_tag":[109],"class_list":{"0":"post-5462","1":"product","2":"type-product","3":"status-publish","4":"has-post-thumbnail","6":"product_cat-glass-containers","7":"product_cat-glass-bottles","8":"product_cat-wine-bottles","9":"product_tag-glass-champagne-bottles","11":"first","12":"instock","13":"shipping-taxable","14":"product-type-simple"},"jetpack_sharing_enabled":true,"_links":{"self":[{"href":"https:\/\/minghanggroup.com\/es\/wp-json\/wp\/v2\/product\/5462","targetHints":{"allow":["GET"]}}],"collection":[{"href":"https:\/\/minghanggroup.com\/es\/wp-json\/wp\/v2\/product"}],"about":[{"href":"https:\/\/minghanggroup.com\/es\/wp-json\/wp\/v2\/types\/product"}],"wp:featuredmedia":[{"embeddable":true,"href":"https:\/\/minghanggroup.com\/es\/wp-json\/wp\/v2\/media\/5477"}],"wp:attachment":[{"href":"https:\/\/minghanggroup.com\/es\/wp-json\/wp\/v2\/media?parent=5462"}],"wp:term":[{"taxonomy":"product_brand","embeddable":true,"href":"https:\/\/minghanggroup.com\/es\/wp-json\/wp\/v2\/product_brand?post=5462"},{"taxonomy":"product_cat","embeddable":true,"href":"https:\/\/minghanggroup.com\/es\/wp-json\/wp\/v2\/product_cat?post=5462"},{"taxonomy":"product_tag","embeddable":true,"href":"https:\/\/minghanggroup.com\/es\/wp-json\/wp\/v2\/product_tag?post=5462"}],"curies":[{"name":"wp","href":"https:\/\/api.w.org\/{rel}","templated":true}]}}